{"id":56195,"date":"2024-09-15T23:38:24","date_gmt":"2024-09-15T21:38:24","guid":{"rendered":"https:\/\/tauroslovenia.eu\/izdelek\/tauro-pro-line-pure-nature-puder-fuer-hautpflege-der-haustiere-bei-kleineren-schnitten-und-kratzen\/"},"modified":"2024-10-25T15:19:04","modified_gmt":"2024-10-25T13:19:04","slug":"tauro-pro-line-pure-nature-puder-fuer-hautpflege-der-haustiere-bei-kleineren-schnitten-und-kratzen","status":"publish","type":"product","link":"http:\/\/tauroslovenia.eu\/de\/izdelek\/tauro-pro-line-pure-nature-puder-fuer-hautpflege-der-haustiere-bei-kleineren-schnitten-und-kratzen\/","title":{"rendered":"Tauro Pro Line Pure Nature Puder f\u00fcr Hautpflege der Haustiere bei kleineren Schnitten und Kratzen"},"content":{"rendered":"<p><span>Tauro Pro Line Pure Nature 100% Zeolith Klinoptilolit im Pulver ist ein Mehrzweckprodukt, das nicht nur effektiv kleinere Blutungen stoppen kann, sondern auch das Fell von den Wurzeln hebt und einen Bleicheffekt erzielt.<\/span><\/p>\n<p><strong>Geeignet zur Behandlung kleinerer Kratzer und Schnitte.<\/strong><\/p>\n<p>Zeolith eignet sich aufgrund seiner Mikropartikel besonders f\u00fcr das Streuen auf die Wundstelle, da es hilft, die Wunde zu trocknen, Blutungen zu stoppen und die Wundheilung zu unterst\u00fctzen.<\/p>\n<p><strong>Flauschiges und wei\u00dfes Fell<\/strong><\/p>\n<p>Neben dem Stoppen der Blutung k\u00f6nnen Sie den Puder auch als zus\u00e4tzliche Pflege f\u00fcr das Haar Ihres Haustieres verwenden, da er das Haar von der Wurzel aufhebt und einen Bleicheffekt bietet. Es ist besonders bequem w\u00e4hrend der Ausstellungen.<\/p>\n<p><strong>Tagespflege und Ausstellungen.<\/strong><\/p>\n<p>Praktisch f\u00fcr die Verwendung zu Hause und auf der Ausstellungen.<\/p>\n<p><strong>Eigenschaften:<\/strong><\/p>\n<ul>\n<li>Neto Gewicht 30 g.<\/li>\n<\/ul>\n<p><strong>GEBRAUCHSANWEISUNG:<\/strong><\/p>\n<ul>\n<li>Tragen Sie beim Bedarf etwas Puder auf die Haut oder kleinere Wunden auf.<\/li>\n<li>Verwenden Sie nicht mehr als 5 Mal pro Tag an und setzen Sie fort, bis die Wunde verheilt ist.<\/li>\n<li>Nicht auf offene Wunden anwenden.<\/li>\n<\/ul>\n<p>ACHTUNG: Vor Kindern sch\u00fctzen. F\u00fcr Haustiere. Bewahren Sie das Produkt in der Originalverpackung bei 5-35 \u00b0C auf.<\/p>\n<p>Hergestellt in der Europ\u00e4ischen Union.<\/p>\n","protected":false},"excerpt":{"rendered":"<p>Tauro Pro Line Pure Nature 100% Zeolith Klinoptilolit im Pulver ist ein Mehrzweckprodukt, das nicht nur effektiv kleinere Blutungen stoppen kann, sondern auch das Fell von den Wurzeln hebt und einen Bleicheffekt erzielt.<\/p>\n","protected":false},"featured_media":56197,"template":"","meta":{"_acf_changed":false},"pwb-brand":[264],"product_cat":[595],"product_tag":[],"class_list":{"0":"post-56195","1":"product","2":"type-product","3":"status-publish","4":"has-post-thumbnail","6":"pwb-brand-tauro","7":"product_cat-nagelpflege","9":"first","10":"instock","11":"taxable","12":"shipping-taxable","13":"purchasable","14":"product-type-simple"},"acf":[],"yoast_head":"<!-- This site is optimized with the Yoast SEO plugin v23.6 - https:\/\/yoast.com\/wordpress\/plugins\/seo\/ -->\n<title>Tauro Pro Line Pure Nature Puder f\u00fcr Hautpflege der Haustiere bei kleineren Schnitten und Kratzen | Tauro Slovenia<\/title>\n<meta name=\"robots\" content=\"index, follow, max-snippet:-1, max-image-preview:large, max-video-preview:-1\" \/>\n<link rel=\"canonical\" href=\"http:\/\/tauroslovenia.eu\/de\/izdelek\/tauro-pro-line-pure-nature-puder-fuer-hautpflege-der-haustiere-bei-kleineren-schnitten-und-kratzen\/\" \/>\n<meta property=\"og:locale\" content=\"de_DE\" \/>\n<meta property=\"og:type\" content=\"article\" \/>\n<meta property=\"og:title\" content=\"Tauro Pro Line Pure Nature Puder f\u00fcr Hautpflege der Haustiere bei kleineren Schnitten und Kratzen | Tauro Slovenia\" \/>\n<meta property=\"og:description\" content=\"Tauro Pro Line Pure Nature 100% Zeolith Klinoptilolit im Pulver ist ein Mehrzweckprodukt, das nicht nur effektiv kleinere Blutungen stoppen kann, sondern auch das Fell von den Wurzeln hebt und einen Bleicheffekt erzielt.\" \/>\n<meta property=\"og:url\" content=\"http:\/\/tauroslovenia.eu\/de\/izdelek\/tauro-pro-line-pure-nature-puder-fuer-hautpflege-der-haustiere-bei-kleineren-schnitten-und-kratzen\/\" \/>\n<meta property=\"og:site_name\" content=\"Tauro Slovenia\" \/>\n<meta property=\"article:publisher\" content=\"https:\/\/www.facebook.com\/tauroproline.slovenia\/\" \/>\n<meta property=\"article:modified_time\" content=\"2024-10-25T13:19:04+00:00\" \/>\n<meta property=\"og:image\" content=\"https:\/\/tauroslovenia.eu\/wp-content\/uploads\/2023\/07\/CAN451432-scaled.jpg\" \/>\n\t<meta property=\"og:image:width\" content=\"2560\" \/>\n\t<meta property=\"og:image:height\" content=\"2560\" \/>\n\t<meta property=\"og:image:type\" content=\"image\/jpeg\" \/>\n<meta name=\"twitter:card\" content=\"summary_large_image\" \/>\n<meta name=\"twitter:label1\" content=\"Gesch\u00e4tzte Lesezeit\" \/>\n\t<meta name=\"twitter:data1\" content=\"1\u00a0Minute\" \/>\n<script type=\"application\/ld+json\" class=\"yoast-schema-graph\">{\"@context\":\"https:\/\/schema.org\",\"@graph\":[{\"@type\":\"WebPage\",\"@id\":\"http:\/\/tauroslovenia.eu\/de\/izdelek\/tauro-pro-line-pure-nature-puder-fuer-hautpflege-der-haustiere-bei-kleineren-schnitten-und-kratzen\/\",\"url\":\"http:\/\/tauroslovenia.eu\/de\/izdelek\/tauro-pro-line-pure-nature-puder-fuer-hautpflege-der-haustiere-bei-kleineren-schnitten-und-kratzen\/\",\"name\":\"Tauro Pro Line Pure Nature Puder f\u00fcr Hautpflege der Haustiere bei kleineren Schnitten und Kratzen | Tauro Slovenia\",\"isPartOf\":{\"@id\":\"http:\/\/tauroslovenia.eu\/de\/#website\"},\"primaryImageOfPage\":{\"@id\":\"http:\/\/tauroslovenia.eu\/de\/izdelek\/tauro-pro-line-pure-nature-puder-fuer-hautpflege-der-haustiere-bei-kleineren-schnitten-und-kratzen\/#primaryimage\"},\"image\":{\"@id\":\"http:\/\/tauroslovenia.eu\/de\/izdelek\/tauro-pro-line-pure-nature-puder-fuer-hautpflege-der-haustiere-bei-kleineren-schnitten-und-kratzen\/#primaryimage\"},\"thumbnailUrl\":\"http:\/\/tauroslovenia.eu\/wp-content\/uploads\/2023\/07\/CAN451432-scaled.jpg\",\"datePublished\":\"2024-09-15T21:38:24+00:00\",\"dateModified\":\"2024-10-25T13:19:04+00:00\",\"breadcrumb\":{\"@id\":\"http:\/\/tauroslovenia.eu\/de\/izdelek\/tauro-pro-line-pure-nature-puder-fuer-hautpflege-der-haustiere-bei-kleineren-schnitten-und-kratzen\/#breadcrumb\"},\"inLanguage\":\"de\",\"potentialAction\":[{\"@type\":\"ReadAction\",\"target\":[\"http:\/\/tauroslovenia.eu\/de\/izdelek\/tauro-pro-line-pure-nature-puder-fuer-hautpflege-der-haustiere-bei-kleineren-schnitten-und-kratzen\/\"]}]},{\"@type\":\"ImageObject\",\"inLanguage\":\"de\",\"@id\":\"http:\/\/tauroslovenia.eu\/de\/izdelek\/tauro-pro-line-pure-nature-puder-fuer-hautpflege-der-haustiere-bei-kleineren-schnitten-und-kratzen\/#primaryimage\",\"url\":\"http:\/\/tauroslovenia.eu\/wp-content\/uploads\/2023\/07\/CAN451432-scaled.jpg\",\"contentUrl\":\"http:\/\/tauroslovenia.eu\/wp-content\/uploads\/2023\/07\/CAN451432-scaled.jpg\",\"width\":2560,\"height\":2560},{\"@type\":\"BreadcrumbList\",\"@id\":\"http:\/\/tauroslovenia.eu\/de\/izdelek\/tauro-pro-line-pure-nature-puder-fuer-hautpflege-der-haustiere-bei-kleineren-schnitten-und-kratzen\/#breadcrumb\",\"itemListElement\":[{\"@type\":\"ListItem\",\"position\":1,\"name\":\"Domov\",\"item\":\"http:\/\/tauroslovenia.eu\/de\/\"},{\"@type\":\"ListItem\",\"position\":2,\"name\":\"Trgovina\",\"item\":\"https:\/\/tauroslovenia.eu\/trgovina\/\"},{\"@type\":\"ListItem\",\"position\":3,\"name\":\"Tauro Pro Line Pure Nature Puder f\u00fcr Hautpflege der Haustiere bei kleineren Schnitten und Kratzen\"}]},{\"@type\":\"WebSite\",\"@id\":\"http:\/\/tauroslovenia.eu\/de\/#website\",\"url\":\"http:\/\/tauroslovenia.eu\/de\/\",\"name\":\"Tauro Slovenia\",\"description\":\"\",\"publisher\":{\"@id\":\"http:\/\/tauroslovenia.eu\/de\/#organization\"},\"potentialAction\":[{\"@type\":\"SearchAction\",\"target\":{\"@type\":\"EntryPoint\",\"urlTemplate\":\"http:\/\/tauroslovenia.eu\/de\/?s={search_term_string}\"},\"query-input\":{\"@type\":\"PropertyValueSpecification\",\"valueRequired\":true,\"valueName\":\"search_term_string\"}}],\"inLanguage\":\"de\"},{\"@type\":\"Organization\",\"@id\":\"http:\/\/tauroslovenia.eu\/de\/#organization\",\"name\":\"KA&L SOLUTIONS d.o.o.\",\"url\":\"http:\/\/tauroslovenia.eu\/de\/\",\"logo\":{\"@type\":\"ImageObject\",\"inLanguage\":\"de\",\"@id\":\"http:\/\/tauroslovenia.eu\/de\/#\/schema\/logo\/image\/\",\"url\":\"http:\/\/tauroslovenia.eu\/wp-content\/uploads\/2023\/07\/logo-tauroproline-email.png\",\"contentUrl\":\"http:\/\/tauroslovenia.eu\/wp-content\/uploads\/2023\/07\/logo-tauroproline-email.png\",\"width\":157,\"height\":101,\"caption\":\"KA&L SOLUTIONS d.o.o.\"},\"image\":{\"@id\":\"http:\/\/tauroslovenia.eu\/de\/#\/schema\/logo\/image\/\"},\"sameAs\":[\"https:\/\/www.facebook.com\/tauroproline.slovenia\/\",\"https:\/\/www.instagram.com\/tauroproline_slovenia\/\"]}]}<\/script>\n<!-- \/ Yoast SEO plugin. -->","yoast_head_json":{"title":"Tauro Pro Line Pure Nature Puder f\u00fcr Hautpflege der Haustiere bei kleineren Schnitten und Kratzen | Tauro Slovenia","robots":{"index":"index","follow":"follow","max-snippet":"max-snippet:-1","max-image-preview":"max-image-preview:large","max-video-preview":"max-video-preview:-1"},"canonical":"http:\/\/tauroslovenia.eu\/de\/izdelek\/tauro-pro-line-pure-nature-puder-fuer-hautpflege-der-haustiere-bei-kleineren-schnitten-und-kratzen\/","og_locale":"de_DE","og_type":"article","og_title":"Tauro Pro Line Pure Nature Puder f\u00fcr Hautpflege der Haustiere bei kleineren Schnitten und Kratzen | Tauro Slovenia","og_description":"Tauro Pro Line Pure Nature 100% Zeolith Klinoptilolit im Pulver ist ein Mehrzweckprodukt, das nicht nur effektiv kleinere Blutungen stoppen kann, sondern auch das Fell von den Wurzeln hebt und einen Bleicheffekt erzielt.","og_url":"http:\/\/tauroslovenia.eu\/de\/izdelek\/tauro-pro-line-pure-nature-puder-fuer-hautpflege-der-haustiere-bei-kleineren-schnitten-und-kratzen\/","og_site_name":"Tauro Slovenia","article_publisher":"https:\/\/www.facebook.com\/tauroproline.slovenia\/","article_modified_time":"2024-10-25T13:19:04+00:00","og_image":[{"width":2560,"height":2560,"url":"https:\/\/tauroslovenia.eu\/wp-content\/uploads\/2023\/07\/CAN451432-scaled.jpg","type":"image\/jpeg"}],"twitter_card":"summary_large_image","twitter_misc":{"Gesch\u00e4tzte Lesezeit":"1\u00a0Minute"},"schema":{"@context":"https:\/\/schema.org","@graph":[{"@type":"WebPage","@id":"http:\/\/tauroslovenia.eu\/de\/izdelek\/tauro-pro-line-pure-nature-puder-fuer-hautpflege-der-haustiere-bei-kleineren-schnitten-und-kratzen\/","url":"http:\/\/tauroslovenia.eu\/de\/izdelek\/tauro-pro-line-pure-nature-puder-fuer-hautpflege-der-haustiere-bei-kleineren-schnitten-und-kratzen\/","name":"Tauro Pro Line Pure Nature Puder f\u00fcr Hautpflege der Haustiere bei kleineren Schnitten und Kratzen | Tauro Slovenia","isPartOf":{"@id":"http:\/\/tauroslovenia.eu\/de\/#website"},"primaryImageOfPage":{"@id":"http:\/\/tauroslovenia.eu\/de\/izdelek\/tauro-pro-line-pure-nature-puder-fuer-hautpflege-der-haustiere-bei-kleineren-schnitten-und-kratzen\/#primaryimage"},"image":{"@id":"http:\/\/tauroslovenia.eu\/de\/izdelek\/tauro-pro-line-pure-nature-puder-fuer-hautpflege-der-haustiere-bei-kleineren-schnitten-und-kratzen\/#primaryimage"},"thumbnailUrl":"http:\/\/tauroslovenia.eu\/wp-content\/uploads\/2023\/07\/CAN451432-scaled.jpg","datePublished":"2024-09-15T21:38:24+00:00","dateModified":"2024-10-25T13:19:04+00:00","breadcrumb":{"@id":"http:\/\/tauroslovenia.eu\/de\/izdelek\/tauro-pro-line-pure-nature-puder-fuer-hautpflege-der-haustiere-bei-kleineren-schnitten-und-kratzen\/#breadcrumb"},"inLanguage":"de","potentialAction":[{"@type":"ReadAction","target":["http:\/\/tauroslovenia.eu\/de\/izdelek\/tauro-pro-line-pure-nature-puder-fuer-hautpflege-der-haustiere-bei-kleineren-schnitten-und-kratzen\/"]}]},{"@type":"ImageObject","inLanguage":"de","@id":"http:\/\/tauroslovenia.eu\/de\/izdelek\/tauro-pro-line-pure-nature-puder-fuer-hautpflege-der-haustiere-bei-kleineren-schnitten-und-kratzen\/#primaryimage","url":"http:\/\/tauroslovenia.eu\/wp-content\/uploads\/2023\/07\/CAN451432-scaled.jpg","contentUrl":"http:\/\/tauroslovenia.eu\/wp-content\/uploads\/2023\/07\/CAN451432-scaled.jpg","width":2560,"height":2560},{"@type":"BreadcrumbList","@id":"http:\/\/tauroslovenia.eu\/de\/izdelek\/tauro-pro-line-pure-nature-puder-fuer-hautpflege-der-haustiere-bei-kleineren-schnitten-und-kratzen\/#breadcrumb","itemListElement":[{"@type":"ListItem","position":1,"name":"Domov","item":"http:\/\/tauroslovenia.eu\/de\/"},{"@type":"ListItem","position":2,"name":"Trgovina","item":"https:\/\/tauroslovenia.eu\/trgovina\/"},{"@type":"ListItem","position":3,"name":"Tauro Pro Line Pure Nature Puder f\u00fcr Hautpflege der Haustiere bei kleineren Schnitten und Kratzen"}]},{"@type":"WebSite","@id":"http:\/\/tauroslovenia.eu\/de\/#website","url":"http:\/\/tauroslovenia.eu\/de\/","name":"Tauro Slovenia","description":"","publisher":{"@id":"http:\/\/tauroslovenia.eu\/de\/#organization"},"potentialAction":[{"@type":"SearchAction","target":{"@type":"EntryPoint","urlTemplate":"http:\/\/tauroslovenia.eu\/de\/?s={search_term_string}"},"query-input":{"@type":"PropertyValueSpecification","valueRequired":true,"valueName":"search_term_string"}}],"inLanguage":"de"},{"@type":"Organization","@id":"http:\/\/tauroslovenia.eu\/de\/#organization","name":"KA&L SOLUTIONS d.o.o.","url":"http:\/\/tauroslovenia.eu\/de\/","logo":{"@type":"ImageObject","inLanguage":"de","@id":"http:\/\/tauroslovenia.eu\/de\/#\/schema\/logo\/image\/","url":"http:\/\/tauroslovenia.eu\/wp-content\/uploads\/2023\/07\/logo-tauroproline-email.png","contentUrl":"http:\/\/tauroslovenia.eu\/wp-content\/uploads\/2023\/07\/logo-tauroproline-email.png","width":157,"height":101,"caption":"KA&L SOLUTIONS d.o.o."},"image":{"@id":"http:\/\/tauroslovenia.eu\/de\/#\/schema\/logo\/image\/"},"sameAs":["https:\/\/www.facebook.com\/tauroproline.slovenia\/","https:\/\/www.instagram.com\/tauroproline_slovenia\/"]}]}},"brands":[{"id":264,"name":"TAURO","slug":"tauro"}],"_links":{"self":[{"href":"http:\/\/tauroslovenia.eu\/de\/wp-json\/wp\/v2\/product\/56195"}],"collection":[{"href":"http:\/\/tauroslovenia.eu\/de\/wp-json\/wp\/v2\/product"}],"about":[{"href":"http:\/\/tauroslovenia.eu\/de\/wp-json\/wp\/v2\/types\/product"}],"wp:featuredmedia":[{"embeddable":true,"href":"http:\/\/tauroslovenia.eu\/de\/wp-json\/wp\/v2\/media\/56197"}],"wp:attachment":[{"href":"http:\/\/tauroslovenia.eu\/de\/wp-json\/wp\/v2\/media?parent=56195"}],"wp:term":[{"taxonomy":"pwb-brand","embeddable":true,"href":"http:\/\/tauroslovenia.eu\/de\/wp-json\/wp\/v2\/pwb-brand?post=56195"},{"taxonomy":"product_cat","embeddable":true,"href":"http:\/\/tauroslovenia.eu\/de\/wp-json\/wp\/v2\/product_cat?post=56195"},{"taxonomy":"product_tag","embeddable":true,"href":"http:\/\/tauroslovenia.eu\/de\/wp-json\/wp\/v2\/product_tag?post=56195"}],"curies":[{"name":"wp","href":"https:\/\/api.w.org\/{rel}","templated":true}]}}