{"id":56225,"date":"2024-09-15T23:38:24","date_gmt":"2024-09-15T21:38:24","guid":{"rendered":"https:\/\/tauroslovenia.eu\/izdelek\/plastikflasche-fuer-tiere\/"},"modified":"2024-10-25T14:48:50","modified_gmt":"2024-10-25T12:48:50","slug":"plastikflasche-fuer-tiere","status":"publish","type":"product","link":"http:\/\/tauroslovenia.eu\/de\/izdelek\/plastikflasche-fuer-tiere\/","title":{"rendered":"Plastikflasche f\u00fcr Tiere"},"content":{"rendered":"<p>Wasser ist lebenswichtig f\u00fcr alle Organismen. Ohne Futter kann ein Hund oder eine Katze einige Zeit \u00fcberleben, aber ein Haustier kann, wenn es nur 10 Prozent Wasser verliert, schwer krank werden und nach dem Verlust von 15 Prozent sogar sterben. Es ist sehr wichtig sicherzustellen, dass das Haustier st\u00e4ndig Trinkwasser hat. Dieser Flaschenhalsadapter kann an verschiedenen Plastikflaschen angebracht werden. Dies ist sehr praktisch, denn wenn ein solcher Wassertank installiert wird, kann er an einem K\u00e4fig, einem Zaun oder einer Transportbox befestigt werden.<\/p>\n<ul>\n<li>Aus Acrylnitril, Butadien, Styrol (ABS), Edelstahl, Polypropylen (PP), Gummi und Messing.<\/li>\n<li>Einfache Befestigung an jedem K\u00e4fig, Zaun mit Schlitzen von nicht mehr als 15 mm Breite und Transportboxen.<\/li>\n<li>Montage auf Hundeh\u00fctte m\u00f6glich (keine Schrauben im Lieferumfang enthalten).<\/li>\n<li>Verschiedene Arten von Plastikflaschen sind geeignet. Stecken Sie einfach den Flaschenhals in den Adapter und verschlie\u00dfen Sie ihn.<\/li>\n<li>Wenn das Tier w\u00e4chst, steigt der Wasserbedarf. Daher ist es notwendig, das Volumen des Tanks zu \u00e4ndern. Ersetzen Sie bei Bedarf einfach die Flasche durch eine gr\u00f6\u00dfere Plastikflasche.<\/li>\n<li>Es ist bequem, ihn auf Reisen mitzunehmen, da er nicht viel Platz einnimmt.<\/li>\n<li>Geeignet f\u00fcr Katzen und Hunde.<\/li>\n<li>Rosa oder blau.<\/li>\n<\/ul>\n","protected":false},"excerpt":{"rendered":"<p>Wasser ist lebenswichtig f\u00fcr alle Organismen. Ohne Futter kann ein Hund oder eine Katze einige Zeit \u00fcberleben, aber ein Haustier kann, wenn es nur 10 Prozent Wasser verliert, schwer krank werden und nach dem Verlust von 15 Prozent sogar sterben. Es ist sehr wichtig sicherzustellen, dass das Haustier st\u00e4ndig Trinkwasser hat. Dieser Flaschenhalsadapter kann an &hellip;<\/p>\n","protected":false},"featured_media":56227,"template":"","meta":{"_acf_changed":false},"pwb-brand":[284],"product_cat":[616],"product_tag":[],"class_list":{"0":"post-56225","1":"product","2":"type-product","3":"status-publish","4":"has-post-thumbnail","6":"pwb-brand-dyl","7":"product_cat-nahrungsmittel-und-wasserzubehoer","9":"first","10":"outofstock","11":"taxable","12":"shipping-taxable","13":"purchasable","14":"product-type-simple"},"acf":[],"yoast_head":"<!-- This site is optimized with the Yoast SEO plugin v23.6 - https:\/\/yoast.com\/wordpress\/plugins\/seo\/ -->\n<title>Plastikflasche f\u00fcr Tiere | Tauro Slovenia<\/title>\n<meta name=\"robots\" content=\"index, follow, max-snippet:-1, max-image-preview:large, max-video-preview:-1\" \/>\n<link rel=\"canonical\" href=\"http:\/\/tauroslovenia.eu\/de\/izdelek\/plastikflasche-fuer-tiere\/\" \/>\n<meta property=\"og:locale\" content=\"de_DE\" \/>\n<meta property=\"og:type\" content=\"article\" \/>\n<meta property=\"og:title\" content=\"Plastikflasche f\u00fcr Tiere | Tauro Slovenia\" \/>\n<meta property=\"og:description\" content=\"Wasser ist lebenswichtig f\u00fcr alle Organismen. Ohne Futter kann ein Hund oder eine Katze einige Zeit \u00fcberleben, aber ein Haustier kann, wenn es nur 10 Prozent Wasser verliert, schwer krank werden und nach dem Verlust von 15 Prozent sogar sterben. Es ist sehr wichtig sicherzustellen, dass das Haustier st\u00e4ndig Trinkwasser hat. Dieser Flaschenhalsadapter kann an &hellip;\" \/>\n<meta property=\"og:url\" content=\"http:\/\/tauroslovenia.eu\/de\/izdelek\/plastikflasche-fuer-tiere\/\" \/>\n<meta property=\"og:site_name\" content=\"Tauro Slovenia\" \/>\n<meta property=\"article:publisher\" content=\"https:\/\/www.facebook.com\/tauroproline.slovenia\/\" \/>\n<meta property=\"article:modified_time\" content=\"2024-10-25T12:48:50+00:00\" \/>\n<meta property=\"og:image\" content=\"http:\/\/tauroslovenia.eu\/wp-content\/uploads\/2023\/07\/DY-2N.jpg\" \/>\n\t<meta property=\"og:image:width\" content=\"1275\" \/>\n\t<meta property=\"og:image:height\" content=\"1976\" \/>\n\t<meta property=\"og:image:type\" content=\"image\/jpeg\" \/>\n<meta name=\"twitter:card\" content=\"summary_large_image\" \/>\n<meta name=\"twitter:label1\" content=\"Gesch\u00e4tzte Lesezeit\" \/>\n\t<meta name=\"twitter:data1\" content=\"1\u00a0Minute\" \/>\n<script type=\"application\/ld+json\" class=\"yoast-schema-graph\">{\"@context\":\"https:\/\/schema.org\",\"@graph\":[{\"@type\":\"WebPage\",\"@id\":\"http:\/\/tauroslovenia.eu\/de\/izdelek\/plastikflasche-fuer-tiere\/\",\"url\":\"http:\/\/tauroslovenia.eu\/de\/izdelek\/plastikflasche-fuer-tiere\/\",\"name\":\"Plastikflasche f\u00fcr Tiere | Tauro Slovenia\",\"isPartOf\":{\"@id\":\"http:\/\/tauroslovenia.eu\/de\/#website\"},\"primaryImageOfPage\":{\"@id\":\"http:\/\/tauroslovenia.eu\/de\/izdelek\/plastikflasche-fuer-tiere\/#primaryimage\"},\"image\":{\"@id\":\"http:\/\/tauroslovenia.eu\/de\/izdelek\/plastikflasche-fuer-tiere\/#primaryimage\"},\"thumbnailUrl\":\"http:\/\/tauroslovenia.eu\/wp-content\/uploads\/2023\/07\/DY-2N.jpg\",\"datePublished\":\"2024-09-15T21:38:24+00:00\",\"dateModified\":\"2024-10-25T12:48:50+00:00\",\"breadcrumb\":{\"@id\":\"http:\/\/tauroslovenia.eu\/de\/izdelek\/plastikflasche-fuer-tiere\/#breadcrumb\"},\"inLanguage\":\"de\",\"potentialAction\":[{\"@type\":\"ReadAction\",\"target\":[\"http:\/\/tauroslovenia.eu\/de\/izdelek\/plastikflasche-fuer-tiere\/\"]}]},{\"@type\":\"ImageObject\",\"inLanguage\":\"de\",\"@id\":\"http:\/\/tauroslovenia.eu\/de\/izdelek\/plastikflasche-fuer-tiere\/#primaryimage\",\"url\":\"http:\/\/tauroslovenia.eu\/wp-content\/uploads\/2023\/07\/DY-2N.jpg\",\"contentUrl\":\"http:\/\/tauroslovenia.eu\/wp-content\/uploads\/2023\/07\/DY-2N.jpg\",\"width\":1275,\"height\":1976},{\"@type\":\"BreadcrumbList\",\"@id\":\"http:\/\/tauroslovenia.eu\/de\/izdelek\/plastikflasche-fuer-tiere\/#breadcrumb\",\"itemListElement\":[{\"@type\":\"ListItem\",\"position\":1,\"name\":\"Domov\",\"item\":\"http:\/\/tauroslovenia.eu\/de\/\"},{\"@type\":\"ListItem\",\"position\":2,\"name\":\"Trgovina\",\"item\":\"http:\/\/tauroslovenia.eu\/trgovina\/\"},{\"@type\":\"ListItem\",\"position\":3,\"name\":\"Plastikflasche f\u00fcr Tiere\"}]},{\"@type\":\"WebSite\",\"@id\":\"http:\/\/tauroslovenia.eu\/de\/#website\",\"url\":\"http:\/\/tauroslovenia.eu\/de\/\",\"name\":\"Tauro Slovenia\",\"description\":\"\",\"publisher\":{\"@id\":\"http:\/\/tauroslovenia.eu\/de\/#organization\"},\"potentialAction\":[{\"@type\":\"SearchAction\",\"target\":{\"@type\":\"EntryPoint\",\"urlTemplate\":\"http:\/\/tauroslovenia.eu\/de\/?s={search_term_string}\"},\"query-input\":{\"@type\":\"PropertyValueSpecification\",\"valueRequired\":true,\"valueName\":\"search_term_string\"}}],\"inLanguage\":\"de\"},{\"@type\":\"Organization\",\"@id\":\"http:\/\/tauroslovenia.eu\/de\/#organization\",\"name\":\"KA&L SOLUTIONS d.o.o.\",\"url\":\"http:\/\/tauroslovenia.eu\/de\/\",\"logo\":{\"@type\":\"ImageObject\",\"inLanguage\":\"de\",\"@id\":\"http:\/\/tauroslovenia.eu\/de\/#\/schema\/logo\/image\/\",\"url\":\"http:\/\/tauroslovenia.eu\/wp-content\/uploads\/2023\/07\/logo-tauroproline-email.png\",\"contentUrl\":\"http:\/\/tauroslovenia.eu\/wp-content\/uploads\/2023\/07\/logo-tauroproline-email.png\",\"width\":157,\"height\":101,\"caption\":\"KA&L SOLUTIONS d.o.o.\"},\"image\":{\"@id\":\"http:\/\/tauroslovenia.eu\/de\/#\/schema\/logo\/image\/\"},\"sameAs\":[\"https:\/\/www.facebook.com\/tauroproline.slovenia\/\",\"https:\/\/www.instagram.com\/tauroproline_slovenia\/\"]}]}<\/script>\n<!-- \/ Yoast SEO plugin. -->","yoast_head_json":{"title":"Plastikflasche f\u00fcr Tiere | Tauro Slovenia","robots":{"index":"index","follow":"follow","max-snippet":"max-snippet:-1","max-image-preview":"max-image-preview:large","max-video-preview":"max-video-preview:-1"},"canonical":"http:\/\/tauroslovenia.eu\/de\/izdelek\/plastikflasche-fuer-tiere\/","og_locale":"de_DE","og_type":"article","og_title":"Plastikflasche f\u00fcr Tiere | Tauro Slovenia","og_description":"Wasser ist lebenswichtig f\u00fcr alle Organismen. Ohne Futter kann ein Hund oder eine Katze einige Zeit \u00fcberleben, aber ein Haustier kann, wenn es nur 10 Prozent Wasser verliert, schwer krank werden und nach dem Verlust von 15 Prozent sogar sterben. Es ist sehr wichtig sicherzustellen, dass das Haustier st\u00e4ndig Trinkwasser hat. Dieser Flaschenhalsadapter kann an &hellip;","og_url":"http:\/\/tauroslovenia.eu\/de\/izdelek\/plastikflasche-fuer-tiere\/","og_site_name":"Tauro Slovenia","article_publisher":"https:\/\/www.facebook.com\/tauroproline.slovenia\/","article_modified_time":"2024-10-25T12:48:50+00:00","og_image":[{"width":1275,"height":1976,"url":"http:\/\/tauroslovenia.eu\/wp-content\/uploads\/2023\/07\/DY-2N.jpg","type":"image\/jpeg"}],"twitter_card":"summary_large_image","twitter_misc":{"Gesch\u00e4tzte Lesezeit":"1\u00a0Minute"},"schema":{"@context":"https:\/\/schema.org","@graph":[{"@type":"WebPage","@id":"http:\/\/tauroslovenia.eu\/de\/izdelek\/plastikflasche-fuer-tiere\/","url":"http:\/\/tauroslovenia.eu\/de\/izdelek\/plastikflasche-fuer-tiere\/","name":"Plastikflasche f\u00fcr Tiere | Tauro Slovenia","isPartOf":{"@id":"http:\/\/tauroslovenia.eu\/de\/#website"},"primaryImageOfPage":{"@id":"http:\/\/tauroslovenia.eu\/de\/izdelek\/plastikflasche-fuer-tiere\/#primaryimage"},"image":{"@id":"http:\/\/tauroslovenia.eu\/de\/izdelek\/plastikflasche-fuer-tiere\/#primaryimage"},"thumbnailUrl":"http:\/\/tauroslovenia.eu\/wp-content\/uploads\/2023\/07\/DY-2N.jpg","datePublished":"2024-09-15T21:38:24+00:00","dateModified":"2024-10-25T12:48:50+00:00","breadcrumb":{"@id":"http:\/\/tauroslovenia.eu\/de\/izdelek\/plastikflasche-fuer-tiere\/#breadcrumb"},"inLanguage":"de","potentialAction":[{"@type":"ReadAction","target":["http:\/\/tauroslovenia.eu\/de\/izdelek\/plastikflasche-fuer-tiere\/"]}]},{"@type":"ImageObject","inLanguage":"de","@id":"http:\/\/tauroslovenia.eu\/de\/izdelek\/plastikflasche-fuer-tiere\/#primaryimage","url":"http:\/\/tauroslovenia.eu\/wp-content\/uploads\/2023\/07\/DY-2N.jpg","contentUrl":"http:\/\/tauroslovenia.eu\/wp-content\/uploads\/2023\/07\/DY-2N.jpg","width":1275,"height":1976},{"@type":"BreadcrumbList","@id":"http:\/\/tauroslovenia.eu\/de\/izdelek\/plastikflasche-fuer-tiere\/#breadcrumb","itemListElement":[{"@type":"ListItem","position":1,"name":"Domov","item":"http:\/\/tauroslovenia.eu\/de\/"},{"@type":"ListItem","position":2,"name":"Trgovina","item":"http:\/\/tauroslovenia.eu\/trgovina\/"},{"@type":"ListItem","position":3,"name":"Plastikflasche f\u00fcr Tiere"}]},{"@type":"WebSite","@id":"http:\/\/tauroslovenia.eu\/de\/#website","url":"http:\/\/tauroslovenia.eu\/de\/","name":"Tauro Slovenia","description":"","publisher":{"@id":"http:\/\/tauroslovenia.eu\/de\/#organization"},"potentialAction":[{"@type":"SearchAction","target":{"@type":"EntryPoint","urlTemplate":"http:\/\/tauroslovenia.eu\/de\/?s={search_term_string}"},"query-input":{"@type":"PropertyValueSpecification","valueRequired":true,"valueName":"search_term_string"}}],"inLanguage":"de"},{"@type":"Organization","@id":"http:\/\/tauroslovenia.eu\/de\/#organization","name":"KA&L SOLUTIONS d.o.o.","url":"http:\/\/tauroslovenia.eu\/de\/","logo":{"@type":"ImageObject","inLanguage":"de","@id":"http:\/\/tauroslovenia.eu\/de\/#\/schema\/logo\/image\/","url":"http:\/\/tauroslovenia.eu\/wp-content\/uploads\/2023\/07\/logo-tauroproline-email.png","contentUrl":"http:\/\/tauroslovenia.eu\/wp-content\/uploads\/2023\/07\/logo-tauroproline-email.png","width":157,"height":101,"caption":"KA&L SOLUTIONS d.o.o."},"image":{"@id":"http:\/\/tauroslovenia.eu\/de\/#\/schema\/logo\/image\/"},"sameAs":["https:\/\/www.facebook.com\/tauroproline.slovenia\/","https:\/\/www.instagram.com\/tauroproline_slovenia\/"]}]}},"brands":[{"id":284,"name":"DYL","slug":"dyl"}],"_links":{"self":[{"href":"http:\/\/tauroslovenia.eu\/de\/wp-json\/wp\/v2\/product\/56225"}],"collection":[{"href":"http:\/\/tauroslovenia.eu\/de\/wp-json\/wp\/v2\/product"}],"about":[{"href":"http:\/\/tauroslovenia.eu\/de\/wp-json\/wp\/v2\/types\/product"}],"wp:featuredmedia":[{"embeddable":true,"href":"http:\/\/tauroslovenia.eu\/de\/wp-json\/wp\/v2\/media\/56227"}],"wp:attachment":[{"href":"http:\/\/tauroslovenia.eu\/de\/wp-json\/wp\/v2\/media?parent=56225"}],"wp:term":[{"taxonomy":"pwb-brand","embeddable":true,"href":"http:\/\/tauroslovenia.eu\/de\/wp-json\/wp\/v2\/pwb-brand?post=56225"},{"taxonomy":"product_cat","embeddable":true,"href":"http:\/\/tauroslovenia.eu\/de\/wp-json\/wp\/v2\/product_cat?post=56225"},{"taxonomy":"product_tag","embeddable":true,"href":"http:\/\/tauroslovenia.eu\/de\/wp-json\/wp\/v2\/product_tag?post=56225"}],"curies":[{"name":"wp","href":"https:\/\/api.w.org\/{rel}","templated":true}]}}