{"id":56252,"date":"2024-09-15T23:38:24","date_gmt":"2024-09-15T21:38:24","guid":{"rendered":"https:\/\/tauroslovenia.eu\/izdelek\/tauro-pro-line-futtersteuerung-fuer-haustiere-wasserversorgung-und-schuessel\/"},"modified":"2024-10-25T15:08:25","modified_gmt":"2024-10-25T13:08:25","slug":"tauro-pro-line-futtersteuerung-fuer-haustiere-wasserversorgung-und-schuessel","status":"publish","type":"product","link":"http:\/\/tauroslovenia.eu\/de\/izdelek\/tauro-pro-line-futtersteuerung-fuer-haustiere-wasserversorgung-und-schuessel\/","title":{"rendered":"Tauro Pro Line Futtersteuerung f\u00fcr Haustiere, Wasserversorgung und Sch\u00fcssel"},"content":{"rendered":"<p>Tauro Pro Line Futtersch\u00fcssel erleichtert und sorgt f\u00fcr bequemere Pflege Ihres vierbeinigen Freundes.<\/p>\n<p><strong>Automatische Wasserversorgung<\/strong><\/p>\n<p>Gravitations-automatische Wasserversorgung, stabile Wasserstandskontrolle. Jedes Mal, wenn ein Haustier eine schwimmende Platte leckt, flie\u00dft nur die richtige Menge Wasser aus. ELSPET Futter- und Wasserbeh\u00e4lter verlangsamt die Trinkgeschwindigkeit des Haustieres mit schwimmendem Panel-Design.<\/p>\n<p><strong>saubere <\/strong><strong> Schnauze und trockenes Fell<\/strong><strong> um sie herum<\/strong><\/p>\n<p>Die speziell entwickelte Platte der Sch\u00fcssel hebt und senkt sich, wenn sich der Wasserstand in der Sch\u00fcssel \u00e4ndert. So k\u00f6nnen Sie sicher sein, dass Ihr Haustier das Wasser nur mit der Zunge ber\u00fchrt und sich nicht die Schnauze nass macht. Dies gilt insbesondere f\u00fcr hellh\u00e4utige Tiere, da die Feuchtigkeit zu braunen beginnt und ihr Fell um den Mund herum zu verdunkeln. <\/p>\n<p><strong>Zwei in einem. Diese Sch\u00fcssel hat zwei Schalen: eine f\u00fcr Futter und eine f\u00fcr Wasser, das aus der Plastikflasche gespeist wird.<\/strong><br \/> Dies hilft, Ordnung und \u00c4sthetik im F\u00fctterungsraum des Haustieres aufrechtzuerhalten.<\/p>\n<p><strong>Verbessertes Design Der speziell entwickelte Controller sch\u00fctzt den Boden Ihres Hauses vor Spritzwasser und Futterkrumen, und das Glasgeschirr l\u00e4sst sich leicht reinigen und desinfizieren.<\/strong><\/p>\n<p><strong>Pflegeleicht<\/strong><\/p>\n<p>Der Spender ist sehr pflegeleicht: Er kann mit herk\u00f6mmlichen Geschirrsp\u00fclmitteln in der Sp\u00fclmaschine gesp\u00fclt werden. Vergessen Sie auch nicht, den Trinkbecher vor dem ersten Gebrauch zu waschen.Der Spender ist sehr pflegeleicht: Er kann mit herk\u00f6mmlichen Geschirrsp\u00fclmitteln in der Sp\u00fclmaschine gesp\u00fclt werden. Vergessen Sie auch nicht, den Trinkbecher vor dem ersten Gebrauch zu waschen.<\/p>\n<p><strong>Das Set beinhaltet:<\/strong><\/p>\n<ul>\n<li>1x Doppelf\u00fctterung<\/li>\n<li>1 x abnehmbare Wasserflasche<\/li>\n<li>1 x abnehmbare Glasschale<\/li>\n<li>1 x graue Plastikfolie<\/li>\n<\/ul>\n<p><strong>Eigenschaften <\/strong>:<\/p>\n<ul>\n<li>Dimensionen: 38,2 x 21 x 17,8 cm.<\/li>\n<li>Zusammensetzung: ABS, PC, Glas.<\/li>\n<li>Farbe: wei\u00df.<\/li>\n<li>Volumen: 500 ml, das Wasser reicht f\u00fcr 2-3 Tage.<\/li>\n<\/ul>\n<p>Hergestellt in China.<\/p>\n","protected":false},"excerpt":{"rendered":"<p>Die Tierfuttersch\u00fcssel erleichtert und sorgt f\u00fcr bequemere  die Pflege Ihres vierbeinigen Freundes.<\/p>\n","protected":false},"featured_media":56254,"template":"","meta":{"_acf_changed":false},"pwb-brand":[264],"product_cat":[616],"product_tag":[],"class_list":{"0":"post-56252","1":"product","2":"type-product","3":"status-publish","4":"has-post-thumbnail","6":"pwb-brand-tauro","7":"product_cat-nahrungsmittel-und-wasserzubehoer","9":"first","10":"outofstock","11":"taxable","12":"shipping-taxable","13":"purchasable","14":"product-type-simple"},"acf":[],"yoast_head":"<!-- This site is optimized with the Yoast SEO plugin v23.6 - https:\/\/yoast.com\/wordpress\/plugins\/seo\/ -->\n<title>Tauro Pro Line Futtersteuerung f\u00fcr Haustiere, Wasserversorgung und Sch\u00fcssel | Tauro Slovenia<\/title>\n<meta name=\"robots\" content=\"index, follow, max-snippet:-1, max-image-preview:large, max-video-preview:-1\" \/>\n<link rel=\"canonical\" href=\"http:\/\/tauroslovenia.eu\/de\/izdelek\/tauro-pro-line-futtersteuerung-fuer-haustiere-wasserversorgung-und-schuessel\/\" \/>\n<meta property=\"og:locale\" content=\"de_DE\" \/>\n<meta property=\"og:type\" content=\"article\" \/>\n<meta property=\"og:title\" content=\"Tauro Pro Line Futtersteuerung f\u00fcr Haustiere, Wasserversorgung und Sch\u00fcssel | Tauro Slovenia\" \/>\n<meta property=\"og:description\" content=\"Die Tierfuttersch\u00fcssel erleichtert und sorgt f\u00fcr bequemere die Pflege Ihres vierbeinigen Freundes.\" \/>\n<meta property=\"og:url\" content=\"http:\/\/tauroslovenia.eu\/de\/izdelek\/tauro-pro-line-futtersteuerung-fuer-haustiere-wasserversorgung-und-schuessel\/\" \/>\n<meta property=\"og:site_name\" content=\"Tauro Slovenia\" \/>\n<meta property=\"article:publisher\" content=\"https:\/\/www.facebook.com\/tauroproline.slovenia\/\" \/>\n<meta property=\"article:modified_time\" content=\"2024-10-25T13:08:25+00:00\" \/>\n<meta property=\"og:image\" content=\"http:\/\/tauroslovenia.eu\/wp-content\/uploads\/2023\/07\/ELP63168.jpg\" \/>\n\t<meta property=\"og:image:width\" content=\"1080\" \/>\n\t<meta property=\"og:image:height\" content=\"1080\" \/>\n\t<meta property=\"og:image:type\" content=\"image\/jpeg\" \/>\n<meta name=\"twitter:card\" content=\"summary_large_image\" \/>\n<meta name=\"twitter:label1\" content=\"Gesch\u00e4tzte Lesezeit\" \/>\n\t<meta name=\"twitter:data1\" content=\"1\u00a0Minute\" \/>\n<script type=\"application\/ld+json\" class=\"yoast-schema-graph\">{\"@context\":\"https:\/\/schema.org\",\"@graph\":[{\"@type\":\"WebPage\",\"@id\":\"http:\/\/tauroslovenia.eu\/de\/izdelek\/tauro-pro-line-futtersteuerung-fuer-haustiere-wasserversorgung-und-schuessel\/\",\"url\":\"http:\/\/tauroslovenia.eu\/de\/izdelek\/tauro-pro-line-futtersteuerung-fuer-haustiere-wasserversorgung-und-schuessel\/\",\"name\":\"Tauro Pro Line Futtersteuerung f\u00fcr Haustiere, Wasserversorgung und Sch\u00fcssel | Tauro Slovenia\",\"isPartOf\":{\"@id\":\"http:\/\/tauroslovenia.eu\/de\/#website\"},\"primaryImageOfPage\":{\"@id\":\"http:\/\/tauroslovenia.eu\/de\/izdelek\/tauro-pro-line-futtersteuerung-fuer-haustiere-wasserversorgung-und-schuessel\/#primaryimage\"},\"image\":{\"@id\":\"http:\/\/tauroslovenia.eu\/de\/izdelek\/tauro-pro-line-futtersteuerung-fuer-haustiere-wasserversorgung-und-schuessel\/#primaryimage\"},\"thumbnailUrl\":\"http:\/\/tauroslovenia.eu\/wp-content\/uploads\/2023\/07\/ELP63168.jpg\",\"datePublished\":\"2024-09-15T21:38:24+00:00\",\"dateModified\":\"2024-10-25T13:08:25+00:00\",\"breadcrumb\":{\"@id\":\"http:\/\/tauroslovenia.eu\/de\/izdelek\/tauro-pro-line-futtersteuerung-fuer-haustiere-wasserversorgung-und-schuessel\/#breadcrumb\"},\"inLanguage\":\"de\",\"potentialAction\":[{\"@type\":\"ReadAction\",\"target\":[\"http:\/\/tauroslovenia.eu\/de\/izdelek\/tauro-pro-line-futtersteuerung-fuer-haustiere-wasserversorgung-und-schuessel\/\"]}]},{\"@type\":\"ImageObject\",\"inLanguage\":\"de\",\"@id\":\"http:\/\/tauroslovenia.eu\/de\/izdelek\/tauro-pro-line-futtersteuerung-fuer-haustiere-wasserversorgung-und-schuessel\/#primaryimage\",\"url\":\"http:\/\/tauroslovenia.eu\/wp-content\/uploads\/2023\/07\/ELP63168.jpg\",\"contentUrl\":\"http:\/\/tauroslovenia.eu\/wp-content\/uploads\/2023\/07\/ELP63168.jpg\",\"width\":1080,\"height\":1080},{\"@type\":\"BreadcrumbList\",\"@id\":\"http:\/\/tauroslovenia.eu\/de\/izdelek\/tauro-pro-line-futtersteuerung-fuer-haustiere-wasserversorgung-und-schuessel\/#breadcrumb\",\"itemListElement\":[{\"@type\":\"ListItem\",\"position\":1,\"name\":\"Domov\",\"item\":\"http:\/\/tauroslovenia.eu\/de\/\"},{\"@type\":\"ListItem\",\"position\":2,\"name\":\"Trgovina\",\"item\":\"http:\/\/tauroslovenia.eu\/trgovina\/\"},{\"@type\":\"ListItem\",\"position\":3,\"name\":\"Tauro Pro Line Futtersteuerung f\u00fcr Haustiere, Wasserversorgung und Sch\u00fcssel\"}]},{\"@type\":\"WebSite\",\"@id\":\"http:\/\/tauroslovenia.eu\/de\/#website\",\"url\":\"http:\/\/tauroslovenia.eu\/de\/\",\"name\":\"Tauro Slovenia\",\"description\":\"\",\"publisher\":{\"@id\":\"http:\/\/tauroslovenia.eu\/de\/#organization\"},\"potentialAction\":[{\"@type\":\"SearchAction\",\"target\":{\"@type\":\"EntryPoint\",\"urlTemplate\":\"http:\/\/tauroslovenia.eu\/de\/?s={search_term_string}\"},\"query-input\":{\"@type\":\"PropertyValueSpecification\",\"valueRequired\":true,\"valueName\":\"search_term_string\"}}],\"inLanguage\":\"de\"},{\"@type\":\"Organization\",\"@id\":\"http:\/\/tauroslovenia.eu\/de\/#organization\",\"name\":\"KA&L SOLUTIONS d.o.o.\",\"url\":\"http:\/\/tauroslovenia.eu\/de\/\",\"logo\":{\"@type\":\"ImageObject\",\"inLanguage\":\"de\",\"@id\":\"http:\/\/tauroslovenia.eu\/de\/#\/schema\/logo\/image\/\",\"url\":\"http:\/\/tauroslovenia.eu\/wp-content\/uploads\/2023\/07\/logo-tauroproline-email.png\",\"contentUrl\":\"http:\/\/tauroslovenia.eu\/wp-content\/uploads\/2023\/07\/logo-tauroproline-email.png\",\"width\":157,\"height\":101,\"caption\":\"KA&L SOLUTIONS d.o.o.\"},\"image\":{\"@id\":\"http:\/\/tauroslovenia.eu\/de\/#\/schema\/logo\/image\/\"},\"sameAs\":[\"https:\/\/www.facebook.com\/tauroproline.slovenia\/\",\"https:\/\/www.instagram.com\/tauroproline_slovenia\/\"]}]}<\/script>\n<!-- \/ Yoast SEO plugin. -->","yoast_head_json":{"title":"Tauro Pro Line Futtersteuerung f\u00fcr Haustiere, Wasserversorgung und Sch\u00fcssel | Tauro Slovenia","robots":{"index":"index","follow":"follow","max-snippet":"max-snippet:-1","max-image-preview":"max-image-preview:large","max-video-preview":"max-video-preview:-1"},"canonical":"http:\/\/tauroslovenia.eu\/de\/izdelek\/tauro-pro-line-futtersteuerung-fuer-haustiere-wasserversorgung-und-schuessel\/","og_locale":"de_DE","og_type":"article","og_title":"Tauro Pro Line Futtersteuerung f\u00fcr Haustiere, Wasserversorgung und Sch\u00fcssel | Tauro Slovenia","og_description":"Die Tierfuttersch\u00fcssel erleichtert und sorgt f\u00fcr bequemere die Pflege Ihres vierbeinigen Freundes.","og_url":"http:\/\/tauroslovenia.eu\/de\/izdelek\/tauro-pro-line-futtersteuerung-fuer-haustiere-wasserversorgung-und-schuessel\/","og_site_name":"Tauro Slovenia","article_publisher":"https:\/\/www.facebook.com\/tauroproline.slovenia\/","article_modified_time":"2024-10-25T13:08:25+00:00","og_image":[{"width":1080,"height":1080,"url":"http:\/\/tauroslovenia.eu\/wp-content\/uploads\/2023\/07\/ELP63168.jpg","type":"image\/jpeg"}],"twitter_card":"summary_large_image","twitter_misc":{"Gesch\u00e4tzte Lesezeit":"1\u00a0Minute"},"schema":{"@context":"https:\/\/schema.org","@graph":[{"@type":"WebPage","@id":"http:\/\/tauroslovenia.eu\/de\/izdelek\/tauro-pro-line-futtersteuerung-fuer-haustiere-wasserversorgung-und-schuessel\/","url":"http:\/\/tauroslovenia.eu\/de\/izdelek\/tauro-pro-line-futtersteuerung-fuer-haustiere-wasserversorgung-und-schuessel\/","name":"Tauro Pro Line Futtersteuerung f\u00fcr Haustiere, Wasserversorgung und Sch\u00fcssel | Tauro Slovenia","isPartOf":{"@id":"http:\/\/tauroslovenia.eu\/de\/#website"},"primaryImageOfPage":{"@id":"http:\/\/tauroslovenia.eu\/de\/izdelek\/tauro-pro-line-futtersteuerung-fuer-haustiere-wasserversorgung-und-schuessel\/#primaryimage"},"image":{"@id":"http:\/\/tauroslovenia.eu\/de\/izdelek\/tauro-pro-line-futtersteuerung-fuer-haustiere-wasserversorgung-und-schuessel\/#primaryimage"},"thumbnailUrl":"http:\/\/tauroslovenia.eu\/wp-content\/uploads\/2023\/07\/ELP63168.jpg","datePublished":"2024-09-15T21:38:24+00:00","dateModified":"2024-10-25T13:08:25+00:00","breadcrumb":{"@id":"http:\/\/tauroslovenia.eu\/de\/izdelek\/tauro-pro-line-futtersteuerung-fuer-haustiere-wasserversorgung-und-schuessel\/#breadcrumb"},"inLanguage":"de","potentialAction":[{"@type":"ReadAction","target":["http:\/\/tauroslovenia.eu\/de\/izdelek\/tauro-pro-line-futtersteuerung-fuer-haustiere-wasserversorgung-und-schuessel\/"]}]},{"@type":"ImageObject","inLanguage":"de","@id":"http:\/\/tauroslovenia.eu\/de\/izdelek\/tauro-pro-line-futtersteuerung-fuer-haustiere-wasserversorgung-und-schuessel\/#primaryimage","url":"http:\/\/tauroslovenia.eu\/wp-content\/uploads\/2023\/07\/ELP63168.jpg","contentUrl":"http:\/\/tauroslovenia.eu\/wp-content\/uploads\/2023\/07\/ELP63168.jpg","width":1080,"height":1080},{"@type":"BreadcrumbList","@id":"http:\/\/tauroslovenia.eu\/de\/izdelek\/tauro-pro-line-futtersteuerung-fuer-haustiere-wasserversorgung-und-schuessel\/#breadcrumb","itemListElement":[{"@type":"ListItem","position":1,"name":"Domov","item":"http:\/\/tauroslovenia.eu\/de\/"},{"@type":"ListItem","position":2,"name":"Trgovina","item":"http:\/\/tauroslovenia.eu\/trgovina\/"},{"@type":"ListItem","position":3,"name":"Tauro Pro Line Futtersteuerung f\u00fcr Haustiere, Wasserversorgung und Sch\u00fcssel"}]},{"@type":"WebSite","@id":"http:\/\/tauroslovenia.eu\/de\/#website","url":"http:\/\/tauroslovenia.eu\/de\/","name":"Tauro Slovenia","description":"","publisher":{"@id":"http:\/\/tauroslovenia.eu\/de\/#organization"},"potentialAction":[{"@type":"SearchAction","target":{"@type":"EntryPoint","urlTemplate":"http:\/\/tauroslovenia.eu\/de\/?s={search_term_string}"},"query-input":{"@type":"PropertyValueSpecification","valueRequired":true,"valueName":"search_term_string"}}],"inLanguage":"de"},{"@type":"Organization","@id":"http:\/\/tauroslovenia.eu\/de\/#organization","name":"KA&L SOLUTIONS d.o.o.","url":"http:\/\/tauroslovenia.eu\/de\/","logo":{"@type":"ImageObject","inLanguage":"de","@id":"http:\/\/tauroslovenia.eu\/de\/#\/schema\/logo\/image\/","url":"http:\/\/tauroslovenia.eu\/wp-content\/uploads\/2023\/07\/logo-tauroproline-email.png","contentUrl":"http:\/\/tauroslovenia.eu\/wp-content\/uploads\/2023\/07\/logo-tauroproline-email.png","width":157,"height":101,"caption":"KA&L SOLUTIONS d.o.o."},"image":{"@id":"http:\/\/tauroslovenia.eu\/de\/#\/schema\/logo\/image\/"},"sameAs":["https:\/\/www.facebook.com\/tauroproline.slovenia\/","https:\/\/www.instagram.com\/tauroproline_slovenia\/"]}]}},"brands":[{"id":264,"name":"TAURO","slug":"tauro"}],"_links":{"self":[{"href":"http:\/\/tauroslovenia.eu\/de\/wp-json\/wp\/v2\/product\/56252"}],"collection":[{"href":"http:\/\/tauroslovenia.eu\/de\/wp-json\/wp\/v2\/product"}],"about":[{"href":"http:\/\/tauroslovenia.eu\/de\/wp-json\/wp\/v2\/types\/product"}],"wp:featuredmedia":[{"embeddable":true,"href":"http:\/\/tauroslovenia.eu\/de\/wp-json\/wp\/v2\/media\/56254"}],"wp:attachment":[{"href":"http:\/\/tauroslovenia.eu\/de\/wp-json\/wp\/v2\/media?parent=56252"}],"wp:term":[{"taxonomy":"pwb-brand","embeddable":true,"href":"http:\/\/tauroslovenia.eu\/de\/wp-json\/wp\/v2\/pwb-brand?post=56252"},{"taxonomy":"product_cat","embeddable":true,"href":"http:\/\/tauroslovenia.eu\/de\/wp-json\/wp\/v2\/product_cat?post=56252"},{"taxonomy":"product_tag","embeddable":true,"href":"http:\/\/tauroslovenia.eu\/de\/wp-json\/wp\/v2\/product_tag?post=56252"}],"curies":[{"name":"wp","href":"https:\/\/api.w.org\/{rel}","templated":true}]}}