{"id":56492,"date":"2024-09-15T23:38:43","date_gmt":"2024-09-15T21:38:43","guid":{"rendered":"https:\/\/tauroslovenia.eu\/izdelek\/misoko-wiederverwendbare-windelunterlage-40-x-50-cm-mit-welpen-korallenfarbe-1-stk\/"},"modified":"2024-10-25T14:50:55","modified_gmt":"2024-10-25T12:50:55","slug":"misoko-wiederverwendbare-windelunterlage-40-x-50-cm-mit-welpen-korallenfarbe-1-stk","status":"publish","type":"product","link":"http:\/\/tauroslovenia.eu\/de\/izdelek\/misoko-wiederverwendbare-windelunterlage-40-x-50-cm-mit-welpen-korallenfarbe-1-stk\/","title":{"rendered":"Misoko wiederverwendbare Windelunterlage, 40 x 50 cm, mit Welpen, Korallenfarbe, 1 Stk."},"content":{"rendered":"<p>Die wiederverwendbare Unterlage Misoko, die f\u00fcr eine Vielzahl von Tieren entwickelt wurde, ist ideal, um Haustiere daran zu gew\u00f6hnen, ihre nat\u00fcrlichen Bed\u00fcrfnisse an der richtigen Stelle zu verrichten. Diese Unterlage absorbiert Fl\u00fcssigkeit gut, wodurch die Oberfl\u00e4che trocken bleibt und die Pfoten des Haustieres immer trocken bleiben.<\/p>\n<p>Die Unterlage ist wiederverwendbar. Sie ist ideal, um Haustiere daran zu gew\u00f6hnen, ihre nat\u00fcrlichen Bed\u00fcrfnisse an der richtigen Stelle zu verrichten. Geeignet f\u00fcr den Heimgebrauch, Ausstellungen und Tierheime.<\/p>\n<p><strong>Gute Fl\u00fcssigkeitsaufnahme &#8211; trockene Pfoten des Haustieres<\/strong><\/p>\n<p>Die Unterlage ist von hoher Qualit\u00e4t, absorbiert und h\u00e4lt Fl\u00fcssigkeit hervorragend. Sie nimmt bis zu 500 ml Fl\u00fcssigkeit auf und die Oberfl\u00e4che bleibt trocken, sodass die Pfoten des Haustieres nicht nass werden.<\/p>\n<p><strong>Langlebig und wirtschaftlich<\/strong><\/p>\n<p>Die wiederverwendbare Unterlage ist eine wirtschaftliche L\u00f6sung, da sie mehrfach verwendet werden kann. Sie ist zudem pflegeleicht &#8211; sie kann auch bei 90\u00b0C gewaschen werden. Sie kann \u00fcber 300 Mal gewaschen und bei niedrigen Temperaturen im Trockner getrocknet oder aufgeh\u00e4ngt werden.<\/p>\n<p><strong>Umweltfreundlich<\/strong><\/p>\n<p>Diese wiederverwendbaren Unterlagen sind nicht nur eine wirtschaftliche, sondern auch eine umweltfreundliche L\u00f6sung. Mit ihrer Verwendung sch\u00fctzen Sie die Umwelt und tragen zu einem nachhaltigeren Leben bei.<\/p>\n<p><strong>Vier Schichten f\u00fcr zuverl\u00e4ssigen Schutz<\/strong><\/p>\n<p>Die 4 Schichten sind so gestaltet, dass sie Feuchtigkeit besser aufnehmen. Au\u00dferdem ist die unterste Schicht der Unterlage rutschfest, strapazierf\u00e4hig, rei\u00dffest und absorbiert unangenehme Ger\u00fcche hervorragend.<\/p>\n<ul>\n<li>1. Schicht &#8211; 100 % Polyester.<\/li>\n<li>2. Schicht &#8211; 95 % Polyester, 5 % Viskose.<\/li>\n<li>3. Schicht &#8211; Polyurethan (PU) Laminierung.<\/li>\n<li>4. Schicht &#8211; 100 % Polyester.<\/li>\n<\/ul>\n<p><strong>F\u00fcr verschiedene Tiere konzipiert<\/strong><\/p>\n<p>Kann verwendet werden, um sowohl gr\u00f6\u00dfere als auch kleinere Haustiere daran zu gew\u00f6hnen, ihre nat\u00fcrlichen Bed\u00fcrfnisse an der richtigen Stelle zu verrichten.<\/p>\n<p><strong>Eigenschaften:<\/strong><\/p>\n<ul>\n<li>Verf\u00fcgbare Gr\u00f6\u00dfen: 40&#215;50 cm, 70&#215;80 cm, 80&#215;140 cm.<\/li>\n<li>Saugf\u00e4higkeit: <br \/>40&#215;50 cm &#8211; 190 ml;<br \/>70&#215;80 cm &#8211; 570 ml;<br \/>80&#215;140 cm &#8211; 1150 ml.<\/li>\n<li>Design \u2013 H\u00fcndchen.<\/li>\n<\/ul>\n<p><strong>Hergestellt in China<\/strong>.<\/p>\n","protected":false},"excerpt":{"rendered":"<p>Die wiederverwendbare Misoko Unterlage wurde f\u00fcr eine Vielzahl von Tieren entwickelt und ist praktisch, wenn Sie Ihrem Haustier beibringen m\u00f6chten, seinen Stuhlgang auf nat\u00fcrliche Weise an der richtigen Stelle zu verrichten. Diese Unterlage nimmt Fl\u00fcssigkeiten gut auf und macht die Oberfl\u00e4che trocken, sodass die Pfoten Ihres Haustieres immer trocken bleiben.<\/p>\n","protected":false},"featured_media":56494,"template":"","meta":{"_acf_changed":false},"pwb-brand":[311],"product_cat":[613],"product_tag":[],"class_list":{"0":"post-56492","1":"product","2":"type-product","3":"status-publish","4":"has-post-thumbnail","6":"pwb-brand-misoko","7":"product_cat-windeln-2","9":"first","10":"instock","11":"taxable","12":"shipping-taxable","13":"purchasable","14":"product-type-simple"},"acf":[],"yoast_head":"<!-- This site is optimized with the Yoast SEO plugin v23.6 - https:\/\/yoast.com\/wordpress\/plugins\/seo\/ -->\n<title>Misoko wiederverwendbare Windelunterlage, 40 x 50 cm, mit Welpen, Korallenfarbe, 1 Stk. | Tauro Slovenia<\/title>\n<meta name=\"robots\" content=\"index, follow, max-snippet:-1, max-image-preview:large, max-video-preview:-1\" \/>\n<link rel=\"canonical\" href=\"http:\/\/tauroslovenia.eu\/de\/izdelek\/misoko-wiederverwendbare-windelunterlage-40-x-50-cm-mit-welpen-korallenfarbe-1-stk\/\" \/>\n<meta property=\"og:locale\" content=\"de_DE\" \/>\n<meta property=\"og:type\" content=\"article\" \/>\n<meta property=\"og:title\" content=\"Misoko wiederverwendbare Windelunterlage, 40 x 50 cm, mit Welpen, Korallenfarbe, 1 Stk. | Tauro Slovenia\" \/>\n<meta property=\"og:description\" content=\"Die wiederverwendbare Misoko Unterlage wurde f\u00fcr eine Vielzahl von Tieren entwickelt und ist praktisch, wenn Sie Ihrem Haustier beibringen m\u00f6chten, seinen Stuhlgang auf nat\u00fcrliche Weise an der richtigen Stelle zu verrichten. Diese Unterlage nimmt Fl\u00fcssigkeiten gut auf und macht die Oberfl\u00e4che trocken, sodass die Pfoten Ihres Haustieres immer trocken bleiben.\" \/>\n<meta property=\"og:url\" content=\"http:\/\/tauroslovenia.eu\/de\/izdelek\/misoko-wiederverwendbare-windelunterlage-40-x-50-cm-mit-welpen-korallenfarbe-1-stk\/\" \/>\n<meta property=\"og:site_name\" content=\"Tauro Slovenia\" \/>\n<meta property=\"article:publisher\" content=\"https:\/\/www.facebook.com\/tauroproline.slovenia\/\" \/>\n<meta property=\"article:modified_time\" content=\"2024-10-25T12:50:55+00:00\" \/>\n<meta property=\"og:image\" content=\"http:\/\/tauroslovenia.eu\/wp-content\/uploads\/2023\/07\/HAINMSK63667.jpg\" \/>\n\t<meta property=\"og:image:width\" content=\"1500\" \/>\n\t<meta property=\"og:image:height\" content=\"1500\" \/>\n\t<meta property=\"og:image:type\" content=\"image\/jpeg\" \/>\n<meta name=\"twitter:card\" content=\"summary_large_image\" \/>\n<meta name=\"twitter:label1\" content=\"Gesch\u00e4tzte Lesezeit\" \/>\n\t<meta name=\"twitter:data1\" content=\"2\u00a0Minuten\" \/>\n<script type=\"application\/ld+json\" class=\"yoast-schema-graph\">{\"@context\":\"https:\/\/schema.org\",\"@graph\":[{\"@type\":\"WebPage\",\"@id\":\"http:\/\/tauroslovenia.eu\/de\/izdelek\/misoko-wiederverwendbare-windelunterlage-40-x-50-cm-mit-welpen-korallenfarbe-1-stk\/\",\"url\":\"http:\/\/tauroslovenia.eu\/de\/izdelek\/misoko-wiederverwendbare-windelunterlage-40-x-50-cm-mit-welpen-korallenfarbe-1-stk\/\",\"name\":\"Misoko wiederverwendbare Windelunterlage, 40 x 50 cm, mit Welpen, Korallenfarbe, 1 Stk. | Tauro Slovenia\",\"isPartOf\":{\"@id\":\"https:\/\/tauroslovenia.eu\/de\/#website\"},\"primaryImageOfPage\":{\"@id\":\"http:\/\/tauroslovenia.eu\/de\/izdelek\/misoko-wiederverwendbare-windelunterlage-40-x-50-cm-mit-welpen-korallenfarbe-1-stk\/#primaryimage\"},\"image\":{\"@id\":\"http:\/\/tauroslovenia.eu\/de\/izdelek\/misoko-wiederverwendbare-windelunterlage-40-x-50-cm-mit-welpen-korallenfarbe-1-stk\/#primaryimage\"},\"thumbnailUrl\":\"http:\/\/tauroslovenia.eu\/wp-content\/uploads\/2023\/07\/HAINMSK63667.jpg\",\"datePublished\":\"2024-09-15T21:38:43+00:00\",\"dateModified\":\"2024-10-25T12:50:55+00:00\",\"breadcrumb\":{\"@id\":\"http:\/\/tauroslovenia.eu\/de\/izdelek\/misoko-wiederverwendbare-windelunterlage-40-x-50-cm-mit-welpen-korallenfarbe-1-stk\/#breadcrumb\"},\"inLanguage\":\"de\",\"potentialAction\":[{\"@type\":\"ReadAction\",\"target\":[\"http:\/\/tauroslovenia.eu\/de\/izdelek\/misoko-wiederverwendbare-windelunterlage-40-x-50-cm-mit-welpen-korallenfarbe-1-stk\/\"]}]},{\"@type\":\"ImageObject\",\"inLanguage\":\"de\",\"@id\":\"http:\/\/tauroslovenia.eu\/de\/izdelek\/misoko-wiederverwendbare-windelunterlage-40-x-50-cm-mit-welpen-korallenfarbe-1-stk\/#primaryimage\",\"url\":\"http:\/\/tauroslovenia.eu\/wp-content\/uploads\/2023\/07\/HAINMSK63667.jpg\",\"contentUrl\":\"http:\/\/tauroslovenia.eu\/wp-content\/uploads\/2023\/07\/HAINMSK63667.jpg\",\"width\":1500,\"height\":1500},{\"@type\":\"BreadcrumbList\",\"@id\":\"http:\/\/tauroslovenia.eu\/de\/izdelek\/misoko-wiederverwendbare-windelunterlage-40-x-50-cm-mit-welpen-korallenfarbe-1-stk\/#breadcrumb\",\"itemListElement\":[{\"@type\":\"ListItem\",\"position\":1,\"name\":\"Domov\",\"item\":\"https:\/\/tauroslovenia.eu\/de\/\"},{\"@type\":\"ListItem\",\"position\":2,\"name\":\"Trgovina\",\"item\":\"https:\/\/tauroslovenia.eu\/trgovina\/\"},{\"@type\":\"ListItem\",\"position\":3,\"name\":\"Misoko wiederverwendbare Windelunterlage, 40 x 50 cm, mit Welpen, Korallenfarbe, 1 Stk.\"}]},{\"@type\":\"WebSite\",\"@id\":\"https:\/\/tauroslovenia.eu\/de\/#website\",\"url\":\"https:\/\/tauroslovenia.eu\/de\/\",\"name\":\"Tauro Slovenia\",\"description\":\"\",\"publisher\":{\"@id\":\"https:\/\/tauroslovenia.eu\/de\/#organization\"},\"potentialAction\":[{\"@type\":\"SearchAction\",\"target\":{\"@type\":\"EntryPoint\",\"urlTemplate\":\"https:\/\/tauroslovenia.eu\/de\/?s={search_term_string}\"},\"query-input\":{\"@type\":\"PropertyValueSpecification\",\"valueRequired\":true,\"valueName\":\"search_term_string\"}}],\"inLanguage\":\"de\"},{\"@type\":\"Organization\",\"@id\":\"https:\/\/tauroslovenia.eu\/de\/#organization\",\"name\":\"KA&L SOLUTIONS d.o.o.\",\"url\":\"https:\/\/tauroslovenia.eu\/de\/\",\"logo\":{\"@type\":\"ImageObject\",\"inLanguage\":\"de\",\"@id\":\"https:\/\/tauroslovenia.eu\/de\/#\/schema\/logo\/image\/\",\"url\":\"http:\/\/tauroslovenia.eu\/wp-content\/uploads\/2023\/07\/logo-tauroproline-email.png\",\"contentUrl\":\"http:\/\/tauroslovenia.eu\/wp-content\/uploads\/2023\/07\/logo-tauroproline-email.png\",\"width\":157,\"height\":101,\"caption\":\"KA&L SOLUTIONS d.o.o.\"},\"image\":{\"@id\":\"https:\/\/tauroslovenia.eu\/de\/#\/schema\/logo\/image\/\"},\"sameAs\":[\"https:\/\/www.facebook.com\/tauroproline.slovenia\/\",\"https:\/\/www.instagram.com\/tauroproline_slovenia\/\"]}]}<\/script>\n<!-- \/ Yoast SEO plugin. -->","yoast_head_json":{"title":"Misoko wiederverwendbare Windelunterlage, 40 x 50 cm, mit Welpen, Korallenfarbe, 1 Stk. | Tauro Slovenia","robots":{"index":"index","follow":"follow","max-snippet":"max-snippet:-1","max-image-preview":"max-image-preview:large","max-video-preview":"max-video-preview:-1"},"canonical":"http:\/\/tauroslovenia.eu\/de\/izdelek\/misoko-wiederverwendbare-windelunterlage-40-x-50-cm-mit-welpen-korallenfarbe-1-stk\/","og_locale":"de_DE","og_type":"article","og_title":"Misoko wiederverwendbare Windelunterlage, 40 x 50 cm, mit Welpen, Korallenfarbe, 1 Stk. | Tauro Slovenia","og_description":"Die wiederverwendbare Misoko Unterlage wurde f\u00fcr eine Vielzahl von Tieren entwickelt und ist praktisch, wenn Sie Ihrem Haustier beibringen m\u00f6chten, seinen Stuhlgang auf nat\u00fcrliche Weise an der richtigen Stelle zu verrichten. Diese Unterlage nimmt Fl\u00fcssigkeiten gut auf und macht die Oberfl\u00e4che trocken, sodass die Pfoten Ihres Haustieres immer trocken bleiben.","og_url":"http:\/\/tauroslovenia.eu\/de\/izdelek\/misoko-wiederverwendbare-windelunterlage-40-x-50-cm-mit-welpen-korallenfarbe-1-stk\/","og_site_name":"Tauro Slovenia","article_publisher":"https:\/\/www.facebook.com\/tauroproline.slovenia\/","article_modified_time":"2024-10-25T12:50:55+00:00","og_image":[{"width":1500,"height":1500,"url":"http:\/\/tauroslovenia.eu\/wp-content\/uploads\/2023\/07\/HAINMSK63667.jpg","type":"image\/jpeg"}],"twitter_card":"summary_large_image","twitter_misc":{"Gesch\u00e4tzte Lesezeit":"2\u00a0Minuten"},"schema":{"@context":"https:\/\/schema.org","@graph":[{"@type":"WebPage","@id":"http:\/\/tauroslovenia.eu\/de\/izdelek\/misoko-wiederverwendbare-windelunterlage-40-x-50-cm-mit-welpen-korallenfarbe-1-stk\/","url":"http:\/\/tauroslovenia.eu\/de\/izdelek\/misoko-wiederverwendbare-windelunterlage-40-x-50-cm-mit-welpen-korallenfarbe-1-stk\/","name":"Misoko wiederverwendbare Windelunterlage, 40 x 50 cm, mit Welpen, Korallenfarbe, 1 Stk. | Tauro Slovenia","isPartOf":{"@id":"https:\/\/tauroslovenia.eu\/de\/#website"},"primaryImageOfPage":{"@id":"http:\/\/tauroslovenia.eu\/de\/izdelek\/misoko-wiederverwendbare-windelunterlage-40-x-50-cm-mit-welpen-korallenfarbe-1-stk\/#primaryimage"},"image":{"@id":"http:\/\/tauroslovenia.eu\/de\/izdelek\/misoko-wiederverwendbare-windelunterlage-40-x-50-cm-mit-welpen-korallenfarbe-1-stk\/#primaryimage"},"thumbnailUrl":"http:\/\/tauroslovenia.eu\/wp-content\/uploads\/2023\/07\/HAINMSK63667.jpg","datePublished":"2024-09-15T21:38:43+00:00","dateModified":"2024-10-25T12:50:55+00:00","breadcrumb":{"@id":"http:\/\/tauroslovenia.eu\/de\/izdelek\/misoko-wiederverwendbare-windelunterlage-40-x-50-cm-mit-welpen-korallenfarbe-1-stk\/#breadcrumb"},"inLanguage":"de","potentialAction":[{"@type":"ReadAction","target":["http:\/\/tauroslovenia.eu\/de\/izdelek\/misoko-wiederverwendbare-windelunterlage-40-x-50-cm-mit-welpen-korallenfarbe-1-stk\/"]}]},{"@type":"ImageObject","inLanguage":"de","@id":"http:\/\/tauroslovenia.eu\/de\/izdelek\/misoko-wiederverwendbare-windelunterlage-40-x-50-cm-mit-welpen-korallenfarbe-1-stk\/#primaryimage","url":"http:\/\/tauroslovenia.eu\/wp-content\/uploads\/2023\/07\/HAINMSK63667.jpg","contentUrl":"http:\/\/tauroslovenia.eu\/wp-content\/uploads\/2023\/07\/HAINMSK63667.jpg","width":1500,"height":1500},{"@type":"BreadcrumbList","@id":"http:\/\/tauroslovenia.eu\/de\/izdelek\/misoko-wiederverwendbare-windelunterlage-40-x-50-cm-mit-welpen-korallenfarbe-1-stk\/#breadcrumb","itemListElement":[{"@type":"ListItem","position":1,"name":"Domov","item":"https:\/\/tauroslovenia.eu\/de\/"},{"@type":"ListItem","position":2,"name":"Trgovina","item":"https:\/\/tauroslovenia.eu\/trgovina\/"},{"@type":"ListItem","position":3,"name":"Misoko wiederverwendbare Windelunterlage, 40 x 50 cm, mit Welpen, Korallenfarbe, 1 Stk."}]},{"@type":"WebSite","@id":"https:\/\/tauroslovenia.eu\/de\/#website","url":"https:\/\/tauroslovenia.eu\/de\/","name":"Tauro Slovenia","description":"","publisher":{"@id":"https:\/\/tauroslovenia.eu\/de\/#organization"},"potentialAction":[{"@type":"SearchAction","target":{"@type":"EntryPoint","urlTemplate":"https:\/\/tauroslovenia.eu\/de\/?s={search_term_string}"},"query-input":{"@type":"PropertyValueSpecification","valueRequired":true,"valueName":"search_term_string"}}],"inLanguage":"de"},{"@type":"Organization","@id":"https:\/\/tauroslovenia.eu\/de\/#organization","name":"KA&L SOLUTIONS d.o.o.","url":"https:\/\/tauroslovenia.eu\/de\/","logo":{"@type":"ImageObject","inLanguage":"de","@id":"https:\/\/tauroslovenia.eu\/de\/#\/schema\/logo\/image\/","url":"http:\/\/tauroslovenia.eu\/wp-content\/uploads\/2023\/07\/logo-tauroproline-email.png","contentUrl":"http:\/\/tauroslovenia.eu\/wp-content\/uploads\/2023\/07\/logo-tauroproline-email.png","width":157,"height":101,"caption":"KA&L SOLUTIONS d.o.o."},"image":{"@id":"https:\/\/tauroslovenia.eu\/de\/#\/schema\/logo\/image\/"},"sameAs":["https:\/\/www.facebook.com\/tauroproline.slovenia\/","https:\/\/www.instagram.com\/tauroproline_slovenia\/"]}]}},"brands":[{"id":311,"name":"MISOKO","slug":"misoko"}],"_links":{"self":[{"href":"http:\/\/tauroslovenia.eu\/de\/wp-json\/wp\/v2\/product\/56492"}],"collection":[{"href":"http:\/\/tauroslovenia.eu\/de\/wp-json\/wp\/v2\/product"}],"about":[{"href":"http:\/\/tauroslovenia.eu\/de\/wp-json\/wp\/v2\/types\/product"}],"wp:featuredmedia":[{"embeddable":true,"href":"http:\/\/tauroslovenia.eu\/de\/wp-json\/wp\/v2\/media\/56494"}],"wp:attachment":[{"href":"http:\/\/tauroslovenia.eu\/de\/wp-json\/wp\/v2\/media?parent=56492"}],"wp:term":[{"taxonomy":"pwb-brand","embeddable":true,"href":"http:\/\/tauroslovenia.eu\/de\/wp-json\/wp\/v2\/pwb-brand?post=56492"},{"taxonomy":"product_cat","embeddable":true,"href":"http:\/\/tauroslovenia.eu\/de\/wp-json\/wp\/v2\/product_cat?post=56492"},{"taxonomy":"product_tag","embeddable":true,"href":"http:\/\/tauroslovenia.eu\/de\/wp-json\/wp\/v2\/product_tag?post=56492"}],"curies":[{"name":"wp","href":"https:\/\/api.w.org\/{rel}","templated":true}]}}