{"id":56596,"date":"2024-09-15T23:38:52","date_gmt":"2024-09-15T21:38:52","guid":{"rendered":"https:\/\/tauroslovenia.eu\/izdelek\/trocken-und-kuehlhandtuch-fuer-haustiere-64-x-43-cm-lila\/"},"modified":"2024-10-25T14:54:12","modified_gmt":"2024-10-25T12:54:12","slug":"trocken-und-kuehlhandtuch-fuer-haustiere-64-x-43-cm-lila","status":"publish","type":"product","link":"http:\/\/tauroslovenia.eu\/de\/izdelek\/trocken-und-kuehlhandtuch-fuer-haustiere-64-x-43-cm-lila\/","title":{"rendered":"Trocken- und K\u00fchlhandtuch f\u00fcr Haustiere, 64 x 43 cm, lila"},"content":{"rendered":"<p><span data-contrast=\"auto\">Weitere Informationen zum gesamten Angebot der Tauro Pro-Serie finden Sie <a href=\"https:\/\/www.kika.lt\/files\/uploaded\/TPL\/TPL_KATALOGAS_2021_PREVIEW_20220414.pdf\"><strong>HIER.<\/strong><\/a><\/span><\/p>\n<p>Dieses Handtuch ist f\u00fcr verschiedene Tierarten geeignet. Es ist eine hervorragende M\u00f6glichkeit, Ihren Haustier sauber zu halten. Das Handtuch ist auch ideal, wenn Sie Ihr Haustier abk\u00fchlen m\u00fcssen.<\/p>\n<p><strong>H\u00f6chste Qualit\u00e4t<\/strong><\/p>\n<p>Das Handtuch besteht aus \u00e4u\u00dferst hochwertigem Material, das Feuchtigkeit gut aufnimmt.<\/p>\n<p><strong>Vielseitig einsetzbar<\/strong><\/p>\n<p>Das Handtuch kann mehrere Funktionen erf\u00fcllen. Es trocknet das Fell und saugt Feuchtigkeit auf, wenn das Tier nass ist. Besonders n\u00fctzlich ist es an hei\u00dfen Sommertagen, da es hervorragend k\u00fchlt, wenn das Tier \u00fcberhitzt ist.<\/p>\n<p><strong>Einfach zu verwenden<\/strong><\/p>\n<p>Das Handtuch nimmt wenig Platz ein und ist daher sowohl zu Hause als auch unterwegs praktisch zu verwenden.<\/p>\n<p><strong>F\u00fcr verschiedene Haustiere<\/strong><\/p>\n<p>Das Handtuch eignet sich f\u00fcr verschiedene Tierarten.<\/p>\n<p><strong>Eigenschaften<\/strong>:<\/p>\n<p>Abmessungen: 66 x 43 cm.<br \/>Farbe: Gelb, Blau, Rosa, Lila, Gr\u00fcn.<\/p>\n<p><strong>Hergestellt in<\/strong> China.<\/p>\n","protected":false},"excerpt":{"rendered":"<p>Tauro Pro Line Handtuch zur K\u00fchlung und Feuchtigkeitsaufnahme.<\/p>\n","protected":false},"featured_media":56598,"template":"","meta":{"_acf_changed":false},"pwb-brand":[264],"product_cat":[594],"product_tag":[],"class_list":{"0":"post-56596","1":"product","2":"type-product","3":"status-publish","4":"has-post-thumbnail","6":"pwb-brand-tauro","7":"product_cat-handtuecher","9":"first","10":"instock","11":"taxable","12":"shipping-taxable","13":"purchasable","14":"product-type-simple"},"acf":[],"yoast_head":"<!-- This site is optimized with the Yoast SEO plugin v23.6 - https:\/\/yoast.com\/wordpress\/plugins\/seo\/ -->\n<title>Trocken- und K\u00fchlhandtuch f\u00fcr Haustiere, 64 x 43 cm, lila | Tauro Slovenia<\/title>\n<meta name=\"robots\" content=\"index, follow, max-snippet:-1, max-image-preview:large, max-video-preview:-1\" \/>\n<link rel=\"canonical\" href=\"http:\/\/tauroslovenia.eu\/de\/izdelek\/trocken-und-kuehlhandtuch-fuer-haustiere-64-x-43-cm-lila\/\" \/>\n<meta property=\"og:locale\" content=\"de_DE\" \/>\n<meta property=\"og:type\" content=\"article\" \/>\n<meta property=\"og:title\" content=\"Trocken- und K\u00fchlhandtuch f\u00fcr Haustiere, 64 x 43 cm, lila | Tauro Slovenia\" \/>\n<meta property=\"og:description\" content=\"Tauro Pro Line Handtuch zur K\u00fchlung und Feuchtigkeitsaufnahme.\" \/>\n<meta property=\"og:url\" content=\"http:\/\/tauroslovenia.eu\/de\/izdelek\/trocken-und-kuehlhandtuch-fuer-haustiere-64-x-43-cm-lila\/\" \/>\n<meta property=\"og:site_name\" content=\"Tauro Slovenia\" \/>\n<meta property=\"article:publisher\" content=\"https:\/\/www.facebook.com\/tauroproline.slovenia\/\" \/>\n<meta property=\"article:modified_time\" content=\"2024-10-25T12:54:12+00:00\" \/>\n<meta property=\"og:image\" content=\"http:\/\/tauroslovenia.eu\/wp-content\/uploads\/2023\/07\/JOY63236.jpg\" \/>\n\t<meta property=\"og:image:width\" content=\"887\" \/>\n\t<meta property=\"og:image:height\" content=\"887\" \/>\n\t<meta property=\"og:image:type\" content=\"image\/jpeg\" \/>\n<meta name=\"twitter:card\" content=\"summary_large_image\" \/>\n<meta name=\"twitter:label1\" content=\"Gesch\u00e4tzte Lesezeit\" \/>\n\t<meta name=\"twitter:data1\" content=\"1\u00a0Minute\" \/>\n<script type=\"application\/ld+json\" class=\"yoast-schema-graph\">{\"@context\":\"https:\/\/schema.org\",\"@graph\":[{\"@type\":\"WebPage\",\"@id\":\"http:\/\/tauroslovenia.eu\/de\/izdelek\/trocken-und-kuehlhandtuch-fuer-haustiere-64-x-43-cm-lila\/\",\"url\":\"http:\/\/tauroslovenia.eu\/de\/izdelek\/trocken-und-kuehlhandtuch-fuer-haustiere-64-x-43-cm-lila\/\",\"name\":\"Trocken- und K\u00fchlhandtuch f\u00fcr Haustiere, 64 x 43 cm, lila | Tauro Slovenia\",\"isPartOf\":{\"@id\":\"https:\/\/tauroslovenia.eu\/de\/#website\"},\"primaryImageOfPage\":{\"@id\":\"http:\/\/tauroslovenia.eu\/de\/izdelek\/trocken-und-kuehlhandtuch-fuer-haustiere-64-x-43-cm-lila\/#primaryimage\"},\"image\":{\"@id\":\"http:\/\/tauroslovenia.eu\/de\/izdelek\/trocken-und-kuehlhandtuch-fuer-haustiere-64-x-43-cm-lila\/#primaryimage\"},\"thumbnailUrl\":\"http:\/\/tauroslovenia.eu\/wp-content\/uploads\/2023\/07\/JOY63236.jpg\",\"datePublished\":\"2024-09-15T21:38:52+00:00\",\"dateModified\":\"2024-10-25T12:54:12+00:00\",\"breadcrumb\":{\"@id\":\"http:\/\/tauroslovenia.eu\/de\/izdelek\/trocken-und-kuehlhandtuch-fuer-haustiere-64-x-43-cm-lila\/#breadcrumb\"},\"inLanguage\":\"de\",\"potentialAction\":[{\"@type\":\"ReadAction\",\"target\":[\"http:\/\/tauroslovenia.eu\/de\/izdelek\/trocken-und-kuehlhandtuch-fuer-haustiere-64-x-43-cm-lila\/\"]}]},{\"@type\":\"ImageObject\",\"inLanguage\":\"de\",\"@id\":\"http:\/\/tauroslovenia.eu\/de\/izdelek\/trocken-und-kuehlhandtuch-fuer-haustiere-64-x-43-cm-lila\/#primaryimage\",\"url\":\"http:\/\/tauroslovenia.eu\/wp-content\/uploads\/2023\/07\/JOY63236.jpg\",\"contentUrl\":\"http:\/\/tauroslovenia.eu\/wp-content\/uploads\/2023\/07\/JOY63236.jpg\",\"width\":887,\"height\":887},{\"@type\":\"BreadcrumbList\",\"@id\":\"http:\/\/tauroslovenia.eu\/de\/izdelek\/trocken-und-kuehlhandtuch-fuer-haustiere-64-x-43-cm-lila\/#breadcrumb\",\"itemListElement\":[{\"@type\":\"ListItem\",\"position\":1,\"name\":\"Domov\",\"item\":\"https:\/\/tauroslovenia.eu\/de\/\"},{\"@type\":\"ListItem\",\"position\":2,\"name\":\"Trgovina\",\"item\":\"https:\/\/tauroslovenia.eu\/trgovina\/\"},{\"@type\":\"ListItem\",\"position\":3,\"name\":\"Trocken- und K\u00fchlhandtuch f\u00fcr Haustiere, 64 x 43 cm, lila\"}]},{\"@type\":\"WebSite\",\"@id\":\"https:\/\/tauroslovenia.eu\/de\/#website\",\"url\":\"https:\/\/tauroslovenia.eu\/de\/\",\"name\":\"Tauro Slovenia\",\"description\":\"\",\"publisher\":{\"@id\":\"https:\/\/tauroslovenia.eu\/de\/#organization\"},\"potentialAction\":[{\"@type\":\"SearchAction\",\"target\":{\"@type\":\"EntryPoint\",\"urlTemplate\":\"https:\/\/tauroslovenia.eu\/de\/?s={search_term_string}\"},\"query-input\":{\"@type\":\"PropertyValueSpecification\",\"valueRequired\":true,\"valueName\":\"search_term_string\"}}],\"inLanguage\":\"de\"},{\"@type\":\"Organization\",\"@id\":\"https:\/\/tauroslovenia.eu\/de\/#organization\",\"name\":\"KA&L SOLUTIONS d.o.o.\",\"url\":\"https:\/\/tauroslovenia.eu\/de\/\",\"logo\":{\"@type\":\"ImageObject\",\"inLanguage\":\"de\",\"@id\":\"https:\/\/tauroslovenia.eu\/de\/#\/schema\/logo\/image\/\",\"url\":\"http:\/\/tauroslovenia.eu\/wp-content\/uploads\/2023\/07\/logo-tauroproline-email.png\",\"contentUrl\":\"http:\/\/tauroslovenia.eu\/wp-content\/uploads\/2023\/07\/logo-tauroproline-email.png\",\"width\":157,\"height\":101,\"caption\":\"KA&L SOLUTIONS d.o.o.\"},\"image\":{\"@id\":\"https:\/\/tauroslovenia.eu\/de\/#\/schema\/logo\/image\/\"},\"sameAs\":[\"https:\/\/www.facebook.com\/tauroproline.slovenia\/\",\"https:\/\/www.instagram.com\/tauroproline_slovenia\/\"]}]}<\/script>\n<!-- \/ Yoast SEO plugin. -->","yoast_head_json":{"title":"Trocken- und K\u00fchlhandtuch f\u00fcr Haustiere, 64 x 43 cm, lila | Tauro Slovenia","robots":{"index":"index","follow":"follow","max-snippet":"max-snippet:-1","max-image-preview":"max-image-preview:large","max-video-preview":"max-video-preview:-1"},"canonical":"http:\/\/tauroslovenia.eu\/de\/izdelek\/trocken-und-kuehlhandtuch-fuer-haustiere-64-x-43-cm-lila\/","og_locale":"de_DE","og_type":"article","og_title":"Trocken- und K\u00fchlhandtuch f\u00fcr Haustiere, 64 x 43 cm, lila | Tauro Slovenia","og_description":"Tauro Pro Line Handtuch zur K\u00fchlung und Feuchtigkeitsaufnahme.","og_url":"http:\/\/tauroslovenia.eu\/de\/izdelek\/trocken-und-kuehlhandtuch-fuer-haustiere-64-x-43-cm-lila\/","og_site_name":"Tauro Slovenia","article_publisher":"https:\/\/www.facebook.com\/tauroproline.slovenia\/","article_modified_time":"2024-10-25T12:54:12+00:00","og_image":[{"width":887,"height":887,"url":"http:\/\/tauroslovenia.eu\/wp-content\/uploads\/2023\/07\/JOY63236.jpg","type":"image\/jpeg"}],"twitter_card":"summary_large_image","twitter_misc":{"Gesch\u00e4tzte Lesezeit":"1\u00a0Minute"},"schema":{"@context":"https:\/\/schema.org","@graph":[{"@type":"WebPage","@id":"http:\/\/tauroslovenia.eu\/de\/izdelek\/trocken-und-kuehlhandtuch-fuer-haustiere-64-x-43-cm-lila\/","url":"http:\/\/tauroslovenia.eu\/de\/izdelek\/trocken-und-kuehlhandtuch-fuer-haustiere-64-x-43-cm-lila\/","name":"Trocken- und K\u00fchlhandtuch f\u00fcr Haustiere, 64 x 43 cm, lila | Tauro Slovenia","isPartOf":{"@id":"https:\/\/tauroslovenia.eu\/de\/#website"},"primaryImageOfPage":{"@id":"http:\/\/tauroslovenia.eu\/de\/izdelek\/trocken-und-kuehlhandtuch-fuer-haustiere-64-x-43-cm-lila\/#primaryimage"},"image":{"@id":"http:\/\/tauroslovenia.eu\/de\/izdelek\/trocken-und-kuehlhandtuch-fuer-haustiere-64-x-43-cm-lila\/#primaryimage"},"thumbnailUrl":"http:\/\/tauroslovenia.eu\/wp-content\/uploads\/2023\/07\/JOY63236.jpg","datePublished":"2024-09-15T21:38:52+00:00","dateModified":"2024-10-25T12:54:12+00:00","breadcrumb":{"@id":"http:\/\/tauroslovenia.eu\/de\/izdelek\/trocken-und-kuehlhandtuch-fuer-haustiere-64-x-43-cm-lila\/#breadcrumb"},"inLanguage":"de","potentialAction":[{"@type":"ReadAction","target":["http:\/\/tauroslovenia.eu\/de\/izdelek\/trocken-und-kuehlhandtuch-fuer-haustiere-64-x-43-cm-lila\/"]}]},{"@type":"ImageObject","inLanguage":"de","@id":"http:\/\/tauroslovenia.eu\/de\/izdelek\/trocken-und-kuehlhandtuch-fuer-haustiere-64-x-43-cm-lila\/#primaryimage","url":"http:\/\/tauroslovenia.eu\/wp-content\/uploads\/2023\/07\/JOY63236.jpg","contentUrl":"http:\/\/tauroslovenia.eu\/wp-content\/uploads\/2023\/07\/JOY63236.jpg","width":887,"height":887},{"@type":"BreadcrumbList","@id":"http:\/\/tauroslovenia.eu\/de\/izdelek\/trocken-und-kuehlhandtuch-fuer-haustiere-64-x-43-cm-lila\/#breadcrumb","itemListElement":[{"@type":"ListItem","position":1,"name":"Domov","item":"https:\/\/tauroslovenia.eu\/de\/"},{"@type":"ListItem","position":2,"name":"Trgovina","item":"https:\/\/tauroslovenia.eu\/trgovina\/"},{"@type":"ListItem","position":3,"name":"Trocken- und K\u00fchlhandtuch f\u00fcr Haustiere, 64 x 43 cm, lila"}]},{"@type":"WebSite","@id":"https:\/\/tauroslovenia.eu\/de\/#website","url":"https:\/\/tauroslovenia.eu\/de\/","name":"Tauro Slovenia","description":"","publisher":{"@id":"https:\/\/tauroslovenia.eu\/de\/#organization"},"potentialAction":[{"@type":"SearchAction","target":{"@type":"EntryPoint","urlTemplate":"https:\/\/tauroslovenia.eu\/de\/?s={search_term_string}"},"query-input":{"@type":"PropertyValueSpecification","valueRequired":true,"valueName":"search_term_string"}}],"inLanguage":"de"},{"@type":"Organization","@id":"https:\/\/tauroslovenia.eu\/de\/#organization","name":"KA&L SOLUTIONS d.o.o.","url":"https:\/\/tauroslovenia.eu\/de\/","logo":{"@type":"ImageObject","inLanguage":"de","@id":"https:\/\/tauroslovenia.eu\/de\/#\/schema\/logo\/image\/","url":"http:\/\/tauroslovenia.eu\/wp-content\/uploads\/2023\/07\/logo-tauroproline-email.png","contentUrl":"http:\/\/tauroslovenia.eu\/wp-content\/uploads\/2023\/07\/logo-tauroproline-email.png","width":157,"height":101,"caption":"KA&L SOLUTIONS d.o.o."},"image":{"@id":"https:\/\/tauroslovenia.eu\/de\/#\/schema\/logo\/image\/"},"sameAs":["https:\/\/www.facebook.com\/tauroproline.slovenia\/","https:\/\/www.instagram.com\/tauroproline_slovenia\/"]}]}},"brands":[{"id":264,"name":"TAURO","slug":"tauro"}],"_links":{"self":[{"href":"http:\/\/tauroslovenia.eu\/de\/wp-json\/wp\/v2\/product\/56596"}],"collection":[{"href":"http:\/\/tauroslovenia.eu\/de\/wp-json\/wp\/v2\/product"}],"about":[{"href":"http:\/\/tauroslovenia.eu\/de\/wp-json\/wp\/v2\/types\/product"}],"wp:featuredmedia":[{"embeddable":true,"href":"http:\/\/tauroslovenia.eu\/de\/wp-json\/wp\/v2\/media\/56598"}],"wp:attachment":[{"href":"http:\/\/tauroslovenia.eu\/de\/wp-json\/wp\/v2\/media?parent=56596"}],"wp:term":[{"taxonomy":"pwb-brand","embeddable":true,"href":"http:\/\/tauroslovenia.eu\/de\/wp-json\/wp\/v2\/pwb-brand?post=56596"},{"taxonomy":"product_cat","embeddable":true,"href":"http:\/\/tauroslovenia.eu\/de\/wp-json\/wp\/v2\/product_cat?post=56596"},{"taxonomy":"product_tag","embeddable":true,"href":"http:\/\/tauroslovenia.eu\/de\/wp-json\/wp\/v2\/product_tag?post=56596"}],"curies":[{"name":"wp","href":"https:\/\/api.w.org\/{rel}","templated":true}]}}