{"id":56632,"date":"2024-09-15T23:38:57","date_gmt":"2024-09-15T21:38:57","guid":{"rendered":"https:\/\/tauroslovenia.eu\/izdelek\/natures-protection-puppy-lamb-dose-fuer-welpen\/"},"modified":"2024-10-25T15:03:07","modified_gmt":"2024-10-25T13:03:07","slug":"natures-protection-puppy-lamb-dose-fuer-welpen","status":"publish","type":"product","link":"http:\/\/tauroslovenia.eu\/de\/izdelek\/natures-protection-puppy-lamb-dose-fuer-welpen\/","title":{"rendered":"Nature&#8217;s Protection Puppy Lamb Dose f\u00fcr Welpen"},"content":{"rendered":"<p><strong>Nature&#8217;s Protection Hundefutter in Dosen ist ein Super-Premium-Nassfutter<\/strong>, das entwickelt wurde, um den unterschiedlichen Bed\u00fcrfnissen junger und erwachsener Hunde gerecht zu werden. Die Hauptproteinquelle im Dosenfutter ist hochwertiges, nat\u00fcrliches Fleisch, das f\u00fcr die menschliche Ern\u00e4hrung geeignet ist.<\/p>\n<p><strong>Nat\u00fcrlich<\/strong><\/p>\n<p>Enth\u00e4lt keine Konservierungsstoffe, Knochenmehl, Soja und Getreidemischungen, Aromen oder Geschmacksverst\u00e4rker, und es wird kein mechanisch entbeintes Fleisch verwendet. Das Dosenfutter ist wegen seines Geschmacks und Geruchs beliebt.<\/p>\n<p><strong>Hoher Fleischanteil<\/strong><\/p>\n<p>Die Hauptproteinquelle ist hochwertiges Lammfleisch. Das Futter hat einen besonders hohen Fleischanteil (67 %), w\u00e4hrend tierische Fette in moderaten Mengen f\u00fcr die Konservierung verwendet werden. Verfeinert mit Reis.<\/p>\n<p><strong>Geeignet f\u00fcr Hunde mit H\u00fchnerfleischallergie<\/strong><\/p>\n<p>Das Futter ist gut verdaulich und f\u00fcr Hunde geeignet, die gegen H\u00fchnerfleisch allergisch sind. Es enth\u00e4lt Mineralstoffe.<\/p>\n<p><strong>F\u00fcr junge Hunde<\/strong><\/p>\n<p>Das Futter ist ausgewogen f\u00fcr junge Hunde (bis 12 Monate alt).<\/p>\n<p><strong>Versiegelte Verpackung<\/strong><\/p>\n<p>Eine versiegelte, bequeme und leicht zu \u00f6ffnende Verpackung sch\u00fctzt vor dem Eindringen von Bakterien und Mikroben und bewahrt den nat\u00fcrlichen Geschmack und das Aroma. Praktisch sowohl f\u00fcr den Heimgebrauch als auch f\u00fcr unterwegs.<\/p>\n<p><strong>Eigenschaften:<\/strong><\/p>\n<p>Enth\u00e4lt 67 % Fleisch.<\/p>\n<p>Ausgewogen f\u00fcr junge Hunde (bis 12 Monate alt).<\/p>\n<p><strong>Hergestellt in der Europ\u00e4ischen Union.<\/strong><\/p>\n","protected":false},"excerpt":{"rendered":"<p>Nature&#8217;s Protection Puppy Lamb, Dosenfutter f\u00fcr junge Hunde mit Lammfleisch, serviert in Br\u00fche und angereichert mit Mineralien.<\/p>\n","protected":false},"featured_media":56634,"template":"","meta":{"_acf_changed":false},"pwb-brand":[268],"product_cat":[602],"product_tag":[],"class_list":{"0":"post-56632","1":"product","2":"type-product","3":"status-publish","4":"has-post-thumbnail","6":"pwb-brand-np-sp","7":"product_cat-dosenfutter","9":"first","10":"instock","11":"taxable","12":"shipping-taxable","13":"purchasable","14":"product-type-simple"},"acf":[],"yoast_head":"<!-- This site is optimized with the Yoast SEO plugin v23.6 - https:\/\/yoast.com\/wordpress\/plugins\/seo\/ -->\n<title>Nature&#039;s Protection Puppy Lamb Dose f\u00fcr Welpen | Tauro Slovenia<\/title>\n<meta name=\"robots\" content=\"index, follow, max-snippet:-1, max-image-preview:large, max-video-preview:-1\" \/>\n<link rel=\"canonical\" href=\"http:\/\/tauroslovenia.eu\/de\/izdelek\/natures-protection-puppy-lamb-dose-fuer-welpen\/\" \/>\n<meta property=\"og:locale\" content=\"de_DE\" \/>\n<meta property=\"og:type\" content=\"article\" \/>\n<meta property=\"og:title\" content=\"Nature&#039;s Protection Puppy Lamb Dose f\u00fcr Welpen | Tauro Slovenia\" \/>\n<meta property=\"og:description\" content=\"Nature&#039;s Protection Puppy Lamb, Dosenfutter f\u00fcr junge Hunde mit Lammfleisch, serviert in Br\u00fche und angereichert mit Mineralien.\" \/>\n<meta property=\"og:url\" content=\"http:\/\/tauroslovenia.eu\/de\/izdelek\/natures-protection-puppy-lamb-dose-fuer-welpen\/\" \/>\n<meta property=\"og:site_name\" content=\"Tauro Slovenia\" \/>\n<meta property=\"article:publisher\" content=\"https:\/\/www.facebook.com\/tauroproline.slovenia\/\" \/>\n<meta property=\"article:modified_time\" content=\"2024-10-25T13:03:07+00:00\" \/>\n<meta property=\"og:image\" content=\"http:\/\/tauroslovenia.eu\/wp-content\/uploads\/2023\/07\/kik24521.jpg\" \/>\n\t<meta property=\"og:image:width\" content=\"1036\" \/>\n\t<meta property=\"og:image:height\" content=\"1023\" \/>\n\t<meta property=\"og:image:type\" content=\"image\/jpeg\" \/>\n<meta name=\"twitter:card\" content=\"summary_large_image\" \/>\n<meta name=\"twitter:label1\" content=\"Gesch\u00e4tzte Lesezeit\" \/>\n\t<meta name=\"twitter:data1\" content=\"1\u00a0Minute\" \/>\n<script type=\"application\/ld+json\" class=\"yoast-schema-graph\">{\"@context\":\"https:\/\/schema.org\",\"@graph\":[{\"@type\":\"WebPage\",\"@id\":\"http:\/\/tauroslovenia.eu\/de\/izdelek\/natures-protection-puppy-lamb-dose-fuer-welpen\/\",\"url\":\"http:\/\/tauroslovenia.eu\/de\/izdelek\/natures-protection-puppy-lamb-dose-fuer-welpen\/\",\"name\":\"Nature's Protection Puppy Lamb Dose f\u00fcr Welpen | Tauro Slovenia\",\"isPartOf\":{\"@id\":\"https:\/\/tauroslovenia.eu\/de\/#website\"},\"primaryImageOfPage\":{\"@id\":\"http:\/\/tauroslovenia.eu\/de\/izdelek\/natures-protection-puppy-lamb-dose-fuer-welpen\/#primaryimage\"},\"image\":{\"@id\":\"http:\/\/tauroslovenia.eu\/de\/izdelek\/natures-protection-puppy-lamb-dose-fuer-welpen\/#primaryimage\"},\"thumbnailUrl\":\"http:\/\/tauroslovenia.eu\/wp-content\/uploads\/2023\/07\/kik24521.jpg\",\"datePublished\":\"2024-09-15T21:38:57+00:00\",\"dateModified\":\"2024-10-25T13:03:07+00:00\",\"breadcrumb\":{\"@id\":\"http:\/\/tauroslovenia.eu\/de\/izdelek\/natures-protection-puppy-lamb-dose-fuer-welpen\/#breadcrumb\"},\"inLanguage\":\"de\",\"potentialAction\":[{\"@type\":\"ReadAction\",\"target\":[\"http:\/\/tauroslovenia.eu\/de\/izdelek\/natures-protection-puppy-lamb-dose-fuer-welpen\/\"]}]},{\"@type\":\"ImageObject\",\"inLanguage\":\"de\",\"@id\":\"http:\/\/tauroslovenia.eu\/de\/izdelek\/natures-protection-puppy-lamb-dose-fuer-welpen\/#primaryimage\",\"url\":\"http:\/\/tauroslovenia.eu\/wp-content\/uploads\/2023\/07\/kik24521.jpg\",\"contentUrl\":\"http:\/\/tauroslovenia.eu\/wp-content\/uploads\/2023\/07\/kik24521.jpg\",\"width\":1036,\"height\":1023},{\"@type\":\"BreadcrumbList\",\"@id\":\"http:\/\/tauroslovenia.eu\/de\/izdelek\/natures-protection-puppy-lamb-dose-fuer-welpen\/#breadcrumb\",\"itemListElement\":[{\"@type\":\"ListItem\",\"position\":1,\"name\":\"Domov\",\"item\":\"https:\/\/tauroslovenia.eu\/de\/\"},{\"@type\":\"ListItem\",\"position\":2,\"name\":\"Trgovina\",\"item\":\"https:\/\/tauroslovenia.eu\/trgovina\/\"},{\"@type\":\"ListItem\",\"position\":3,\"name\":\"Nature&#8217;s Protection Puppy Lamb Dose f\u00fcr Welpen\"}]},{\"@type\":\"WebSite\",\"@id\":\"https:\/\/tauroslovenia.eu\/de\/#website\",\"url\":\"https:\/\/tauroslovenia.eu\/de\/\",\"name\":\"Tauro Slovenia\",\"description\":\"\",\"publisher\":{\"@id\":\"https:\/\/tauroslovenia.eu\/de\/#organization\"},\"potentialAction\":[{\"@type\":\"SearchAction\",\"target\":{\"@type\":\"EntryPoint\",\"urlTemplate\":\"https:\/\/tauroslovenia.eu\/de\/?s={search_term_string}\"},\"query-input\":{\"@type\":\"PropertyValueSpecification\",\"valueRequired\":true,\"valueName\":\"search_term_string\"}}],\"inLanguage\":\"de\"},{\"@type\":\"Organization\",\"@id\":\"https:\/\/tauroslovenia.eu\/de\/#organization\",\"name\":\"KA&L SOLUTIONS d.o.o.\",\"url\":\"https:\/\/tauroslovenia.eu\/de\/\",\"logo\":{\"@type\":\"ImageObject\",\"inLanguage\":\"de\",\"@id\":\"https:\/\/tauroslovenia.eu\/de\/#\/schema\/logo\/image\/\",\"url\":\"http:\/\/tauroslovenia.eu\/wp-content\/uploads\/2023\/07\/logo-tauroproline-email.png\",\"contentUrl\":\"http:\/\/tauroslovenia.eu\/wp-content\/uploads\/2023\/07\/logo-tauroproline-email.png\",\"width\":157,\"height\":101,\"caption\":\"KA&L SOLUTIONS d.o.o.\"},\"image\":{\"@id\":\"https:\/\/tauroslovenia.eu\/de\/#\/schema\/logo\/image\/\"},\"sameAs\":[\"https:\/\/www.facebook.com\/tauroproline.slovenia\/\",\"https:\/\/www.instagram.com\/tauroproline_slovenia\/\"]}]}<\/script>\n<!-- \/ Yoast SEO plugin. -->","yoast_head_json":{"title":"Nature's Protection Puppy Lamb Dose f\u00fcr Welpen | Tauro Slovenia","robots":{"index":"index","follow":"follow","max-snippet":"max-snippet:-1","max-image-preview":"max-image-preview:large","max-video-preview":"max-video-preview:-1"},"canonical":"http:\/\/tauroslovenia.eu\/de\/izdelek\/natures-protection-puppy-lamb-dose-fuer-welpen\/","og_locale":"de_DE","og_type":"article","og_title":"Nature's Protection Puppy Lamb Dose f\u00fcr Welpen | Tauro Slovenia","og_description":"Nature's Protection Puppy Lamb, Dosenfutter f\u00fcr junge Hunde mit Lammfleisch, serviert in Br\u00fche und angereichert mit Mineralien.","og_url":"http:\/\/tauroslovenia.eu\/de\/izdelek\/natures-protection-puppy-lamb-dose-fuer-welpen\/","og_site_name":"Tauro Slovenia","article_publisher":"https:\/\/www.facebook.com\/tauroproline.slovenia\/","article_modified_time":"2024-10-25T13:03:07+00:00","og_image":[{"width":1036,"height":1023,"url":"http:\/\/tauroslovenia.eu\/wp-content\/uploads\/2023\/07\/kik24521.jpg","type":"image\/jpeg"}],"twitter_card":"summary_large_image","twitter_misc":{"Gesch\u00e4tzte Lesezeit":"1\u00a0Minute"},"schema":{"@context":"https:\/\/schema.org","@graph":[{"@type":"WebPage","@id":"http:\/\/tauroslovenia.eu\/de\/izdelek\/natures-protection-puppy-lamb-dose-fuer-welpen\/","url":"http:\/\/tauroslovenia.eu\/de\/izdelek\/natures-protection-puppy-lamb-dose-fuer-welpen\/","name":"Nature's Protection Puppy Lamb Dose f\u00fcr Welpen | Tauro Slovenia","isPartOf":{"@id":"https:\/\/tauroslovenia.eu\/de\/#website"},"primaryImageOfPage":{"@id":"http:\/\/tauroslovenia.eu\/de\/izdelek\/natures-protection-puppy-lamb-dose-fuer-welpen\/#primaryimage"},"image":{"@id":"http:\/\/tauroslovenia.eu\/de\/izdelek\/natures-protection-puppy-lamb-dose-fuer-welpen\/#primaryimage"},"thumbnailUrl":"http:\/\/tauroslovenia.eu\/wp-content\/uploads\/2023\/07\/kik24521.jpg","datePublished":"2024-09-15T21:38:57+00:00","dateModified":"2024-10-25T13:03:07+00:00","breadcrumb":{"@id":"http:\/\/tauroslovenia.eu\/de\/izdelek\/natures-protection-puppy-lamb-dose-fuer-welpen\/#breadcrumb"},"inLanguage":"de","potentialAction":[{"@type":"ReadAction","target":["http:\/\/tauroslovenia.eu\/de\/izdelek\/natures-protection-puppy-lamb-dose-fuer-welpen\/"]}]},{"@type":"ImageObject","inLanguage":"de","@id":"http:\/\/tauroslovenia.eu\/de\/izdelek\/natures-protection-puppy-lamb-dose-fuer-welpen\/#primaryimage","url":"http:\/\/tauroslovenia.eu\/wp-content\/uploads\/2023\/07\/kik24521.jpg","contentUrl":"http:\/\/tauroslovenia.eu\/wp-content\/uploads\/2023\/07\/kik24521.jpg","width":1036,"height":1023},{"@type":"BreadcrumbList","@id":"http:\/\/tauroslovenia.eu\/de\/izdelek\/natures-protection-puppy-lamb-dose-fuer-welpen\/#breadcrumb","itemListElement":[{"@type":"ListItem","position":1,"name":"Domov","item":"https:\/\/tauroslovenia.eu\/de\/"},{"@type":"ListItem","position":2,"name":"Trgovina","item":"https:\/\/tauroslovenia.eu\/trgovina\/"},{"@type":"ListItem","position":3,"name":"Nature&#8217;s Protection Puppy Lamb Dose f\u00fcr Welpen"}]},{"@type":"WebSite","@id":"https:\/\/tauroslovenia.eu\/de\/#website","url":"https:\/\/tauroslovenia.eu\/de\/","name":"Tauro Slovenia","description":"","publisher":{"@id":"https:\/\/tauroslovenia.eu\/de\/#organization"},"potentialAction":[{"@type":"SearchAction","target":{"@type":"EntryPoint","urlTemplate":"https:\/\/tauroslovenia.eu\/de\/?s={search_term_string}"},"query-input":{"@type":"PropertyValueSpecification","valueRequired":true,"valueName":"search_term_string"}}],"inLanguage":"de"},{"@type":"Organization","@id":"https:\/\/tauroslovenia.eu\/de\/#organization","name":"KA&L SOLUTIONS d.o.o.","url":"https:\/\/tauroslovenia.eu\/de\/","logo":{"@type":"ImageObject","inLanguage":"de","@id":"https:\/\/tauroslovenia.eu\/de\/#\/schema\/logo\/image\/","url":"http:\/\/tauroslovenia.eu\/wp-content\/uploads\/2023\/07\/logo-tauroproline-email.png","contentUrl":"http:\/\/tauroslovenia.eu\/wp-content\/uploads\/2023\/07\/logo-tauroproline-email.png","width":157,"height":101,"caption":"KA&L SOLUTIONS d.o.o."},"image":{"@id":"https:\/\/tauroslovenia.eu\/de\/#\/schema\/logo\/image\/"},"sameAs":["https:\/\/www.facebook.com\/tauroproline.slovenia\/","https:\/\/www.instagram.com\/tauroproline_slovenia\/"]}]}},"brands":[{"id":268,"name":"NP SP","slug":"np-sp"}],"_links":{"self":[{"href":"http:\/\/tauroslovenia.eu\/de\/wp-json\/wp\/v2\/product\/56632"}],"collection":[{"href":"http:\/\/tauroslovenia.eu\/de\/wp-json\/wp\/v2\/product"}],"about":[{"href":"http:\/\/tauroslovenia.eu\/de\/wp-json\/wp\/v2\/types\/product"}],"wp:featuredmedia":[{"embeddable":true,"href":"http:\/\/tauroslovenia.eu\/de\/wp-json\/wp\/v2\/media\/56634"}],"wp:attachment":[{"href":"http:\/\/tauroslovenia.eu\/de\/wp-json\/wp\/v2\/media?parent=56632"}],"wp:term":[{"taxonomy":"pwb-brand","embeddable":true,"href":"http:\/\/tauroslovenia.eu\/de\/wp-json\/wp\/v2\/pwb-brand?post=56632"},{"taxonomy":"product_cat","embeddable":true,"href":"http:\/\/tauroslovenia.eu\/de\/wp-json\/wp\/v2\/product_cat?post=56632"},{"taxonomy":"product_tag","embeddable":true,"href":"http:\/\/tauroslovenia.eu\/de\/wp-json\/wp\/v2\/product_tag?post=56632"}],"curies":[{"name":"wp","href":"https:\/\/api.w.org\/{rel}","templated":true}]}}