{"id":56677,"date":"2024-09-15T23:39:01","date_gmt":"2024-09-15T21:39:01","guid":{"rendered":"https:\/\/tauroslovenia.eu\/izdelek\/natures-protection-adult-small-breed-veal-and-duck-hundefutter-in-dosen\/"},"modified":"2024-10-25T15:01:16","modified_gmt":"2024-10-25T13:01:16","slug":"natures-protection-adult-small-breed-veal-and-duck-hundefutter-in-dosen","status":"publish","type":"product","link":"http:\/\/tauroslovenia.eu\/de\/izdelek\/natures-protection-adult-small-breed-veal-and-duck-hundefutter-in-dosen\/","title":{"rendered":"Nature&#8217;s Protection Adult Small Breed Veal and Duck Hundefutter in Dosen"},"content":{"rendered":"<p><strong>Nature&#8217;s Protection ist Super Premium <\/strong>Feuchtfutter, das f\u00fcr die unterschiedlichen Bed\u00fcrfnisse junger und erwachsener Hunde entwickelt wurde. Die Hauptproteinquelle in der Konservenkost ist hochwertiges, nat\u00fcrliches Fleisch, das auch f\u00fcr die menschliche Ern\u00e4hrung verwendet wird. Jede Sorte von Nature&#8217;s Protection wird nach h\u00f6chsten Standards hergestellt und in einer wiederverschlie\u00dfbaren Verpackung angeboten. Diese Art von Konservenfutter ist sowohl f\u00fcr die Verwendung zu Hause, auf Reisen als auch auf Ausstellungen geeignet. Nature&#8217;s Protection k\u00fcmmert sich um Ihre Familienmitglieder!<\/p>\n<p><strong>Nat\u00fcrlich <\/strong><\/p>\n<p>Es enth\u00e4lt keine Konservierungsstoffe, Knochenmehle, Soja und Getreidebestandteile, keine Aromen und Geschmacksverst\u00e4rker, und es wird kein mechanisch abgetrenntes Fleisch verwendet. Das Konservenfutter ist aufgrund seines Geschmacks und Aromas beliebt.<\/p>\n<p><strong>Hoher Fleischanteil <\/strong><\/p>\n<p>Die Hauptproteinquelle ist hochwertiges Rindfleisch und Entenfleisch. Es hat einen besonders hohen Fleischanteil (70 %), jedoch werden tierische Fette in der Produktion des Konservenfutters nur sparsam verwendet.<\/p>\n<p><strong>Gut verdaulich <\/strong><\/p>\n<p>Das Futter ist gut verdaulich und enth\u00e4lt Mineralien.<\/p>\n<p><strong>Verschlossene Verpackung <\/strong><\/p>\n<p>Die verschlossene, komfortable und leicht zu \u00f6ffnende Verpackung sch\u00fctzt vor Eindringen von Bakterien und Mikroben und bewahrt den nat\u00fcrlichen Geschmack und das Aroma. Praktisch f\u00fcr den Einsatz zu Hause sowie auf Reisen.<\/p>\n<p><strong>Eigenschaften: <\/strong><\/p>\n<p>Enth\u00e4lt 70 % Fleisch.<\/p>\n<p>F\u00fcr erwachsene Hunde kleiner Rassen.<\/p>\n<p><strong>Hergestellt in der Europ\u00e4ischen Union. <\/strong><\/p>\n","protected":false},"excerpt":{"rendered":"<p>Nature&#8217;s Protection Adult Small Breed Veal &#038; Duck Dosenfutter f\u00fcr erwachsene Hunde kleiner Rassen mit Kalbfleisch und Ente, serviert in Br\u00fche und angereichert mit Mineralien.<\/p>\n","protected":false},"featured_media":56679,"template":"","meta":{"_acf_changed":false},"pwb-brand":[268],"product_cat":[602],"product_tag":[],"class_list":{"0":"post-56677","1":"product","2":"type-product","3":"status-publish","4":"has-post-thumbnail","6":"pwb-brand-np-sp","7":"product_cat-dosenfutter","9":"first","10":"outofstock","11":"taxable","12":"shipping-taxable","13":"purchasable","14":"product-type-simple"},"acf":[],"yoast_head":"<!-- This site is optimized with the Yoast SEO plugin v23.6 - https:\/\/yoast.com\/wordpress\/plugins\/seo\/ -->\n<title>Nature&#039;s Protection Adult Small Breed Veal and Duck Hundefutter in Dosen | Tauro Slovenia<\/title>\n<meta name=\"robots\" content=\"index, follow, max-snippet:-1, max-image-preview:large, max-video-preview:-1\" \/>\n<link rel=\"canonical\" href=\"http:\/\/tauroslovenia.eu\/de\/izdelek\/natures-protection-adult-small-breed-veal-and-duck-hundefutter-in-dosen\/\" \/>\n<meta property=\"og:locale\" content=\"de_DE\" \/>\n<meta property=\"og:type\" content=\"article\" \/>\n<meta property=\"og:title\" content=\"Nature&#039;s Protection Adult Small Breed Veal and Duck Hundefutter in Dosen | Tauro Slovenia\" \/>\n<meta property=\"og:description\" content=\"Nature&#039;s Protection Adult Small Breed Veal &amp; Duck Dosenfutter f\u00fcr erwachsene Hunde kleiner Rassen mit Kalbfleisch und Ente, serviert in Br\u00fche und angereichert mit Mineralien.\" \/>\n<meta property=\"og:url\" content=\"http:\/\/tauroslovenia.eu\/de\/izdelek\/natures-protection-adult-small-breed-veal-and-duck-hundefutter-in-dosen\/\" \/>\n<meta property=\"og:site_name\" content=\"Tauro Slovenia\" \/>\n<meta property=\"article:publisher\" content=\"https:\/\/www.facebook.com\/tauroproline.slovenia\/\" \/>\n<meta property=\"article:modified_time\" content=\"2024-10-25T13:01:16+00:00\" \/>\n<meta property=\"og:image\" content=\"http:\/\/tauroslovenia.eu\/wp-content\/uploads\/2023\/07\/kik45095.png\" \/>\n\t<meta property=\"og:image:width\" content=\"817\" \/>\n\t<meta property=\"og:image:height\" content=\"810\" \/>\n\t<meta property=\"og:image:type\" content=\"image\/png\" \/>\n<meta name=\"twitter:card\" content=\"summary_large_image\" \/>\n<meta name=\"twitter:label1\" content=\"Gesch\u00e4tzte Lesezeit\" \/>\n\t<meta name=\"twitter:data1\" content=\"1\u00a0Minute\" \/>\n<script type=\"application\/ld+json\" class=\"yoast-schema-graph\">{\"@context\":\"https:\/\/schema.org\",\"@graph\":[{\"@type\":\"WebPage\",\"@id\":\"http:\/\/tauroslovenia.eu\/de\/izdelek\/natures-protection-adult-small-breed-veal-and-duck-hundefutter-in-dosen\/\",\"url\":\"http:\/\/tauroslovenia.eu\/de\/izdelek\/natures-protection-adult-small-breed-veal-and-duck-hundefutter-in-dosen\/\",\"name\":\"Nature's Protection Adult Small Breed Veal and Duck Hundefutter in Dosen | Tauro Slovenia\",\"isPartOf\":{\"@id\":\"https:\/\/tauroslovenia.eu\/de\/#website\"},\"primaryImageOfPage\":{\"@id\":\"http:\/\/tauroslovenia.eu\/de\/izdelek\/natures-protection-adult-small-breed-veal-and-duck-hundefutter-in-dosen\/#primaryimage\"},\"image\":{\"@id\":\"http:\/\/tauroslovenia.eu\/de\/izdelek\/natures-protection-adult-small-breed-veal-and-duck-hundefutter-in-dosen\/#primaryimage\"},\"thumbnailUrl\":\"http:\/\/tauroslovenia.eu\/wp-content\/uploads\/2023\/07\/kik45095.png\",\"datePublished\":\"2024-09-15T21:39:01+00:00\",\"dateModified\":\"2024-10-25T13:01:16+00:00\",\"breadcrumb\":{\"@id\":\"http:\/\/tauroslovenia.eu\/de\/izdelek\/natures-protection-adult-small-breed-veal-and-duck-hundefutter-in-dosen\/#breadcrumb\"},\"inLanguage\":\"de\",\"potentialAction\":[{\"@type\":\"ReadAction\",\"target\":[\"http:\/\/tauroslovenia.eu\/de\/izdelek\/natures-protection-adult-small-breed-veal-and-duck-hundefutter-in-dosen\/\"]}]},{\"@type\":\"ImageObject\",\"inLanguage\":\"de\",\"@id\":\"http:\/\/tauroslovenia.eu\/de\/izdelek\/natures-protection-adult-small-breed-veal-and-duck-hundefutter-in-dosen\/#primaryimage\",\"url\":\"http:\/\/tauroslovenia.eu\/wp-content\/uploads\/2023\/07\/kik45095.png\",\"contentUrl\":\"http:\/\/tauroslovenia.eu\/wp-content\/uploads\/2023\/07\/kik45095.png\",\"width\":817,\"height\":810},{\"@type\":\"BreadcrumbList\",\"@id\":\"http:\/\/tauroslovenia.eu\/de\/izdelek\/natures-protection-adult-small-breed-veal-and-duck-hundefutter-in-dosen\/#breadcrumb\",\"itemListElement\":[{\"@type\":\"ListItem\",\"position\":1,\"name\":\"Domov\",\"item\":\"https:\/\/tauroslovenia.eu\/de\/\"},{\"@type\":\"ListItem\",\"position\":2,\"name\":\"Trgovina\",\"item\":\"https:\/\/tauroslovenia.eu\/trgovina\/\"},{\"@type\":\"ListItem\",\"position\":3,\"name\":\"Nature&#8217;s Protection Adult Small Breed Veal and Duck Hundefutter in Dosen\"}]},{\"@type\":\"WebSite\",\"@id\":\"https:\/\/tauroslovenia.eu\/de\/#website\",\"url\":\"https:\/\/tauroslovenia.eu\/de\/\",\"name\":\"Tauro Slovenia\",\"description\":\"\",\"publisher\":{\"@id\":\"https:\/\/tauroslovenia.eu\/de\/#organization\"},\"potentialAction\":[{\"@type\":\"SearchAction\",\"target\":{\"@type\":\"EntryPoint\",\"urlTemplate\":\"https:\/\/tauroslovenia.eu\/de\/?s={search_term_string}\"},\"query-input\":{\"@type\":\"PropertyValueSpecification\",\"valueRequired\":true,\"valueName\":\"search_term_string\"}}],\"inLanguage\":\"de\"},{\"@type\":\"Organization\",\"@id\":\"https:\/\/tauroslovenia.eu\/de\/#organization\",\"name\":\"KA&L SOLUTIONS d.o.o.\",\"url\":\"https:\/\/tauroslovenia.eu\/de\/\",\"logo\":{\"@type\":\"ImageObject\",\"inLanguage\":\"de\",\"@id\":\"https:\/\/tauroslovenia.eu\/de\/#\/schema\/logo\/image\/\",\"url\":\"http:\/\/tauroslovenia.eu\/wp-content\/uploads\/2023\/07\/logo-tauroproline-email.png\",\"contentUrl\":\"http:\/\/tauroslovenia.eu\/wp-content\/uploads\/2023\/07\/logo-tauroproline-email.png\",\"width\":157,\"height\":101,\"caption\":\"KA&L SOLUTIONS d.o.o.\"},\"image\":{\"@id\":\"https:\/\/tauroslovenia.eu\/de\/#\/schema\/logo\/image\/\"},\"sameAs\":[\"https:\/\/www.facebook.com\/tauroproline.slovenia\/\",\"https:\/\/www.instagram.com\/tauroproline_slovenia\/\"]}]}<\/script>\n<!-- \/ Yoast SEO plugin. -->","yoast_head_json":{"title":"Nature's Protection Adult Small Breed Veal and Duck Hundefutter in Dosen | Tauro Slovenia","robots":{"index":"index","follow":"follow","max-snippet":"max-snippet:-1","max-image-preview":"max-image-preview:large","max-video-preview":"max-video-preview:-1"},"canonical":"http:\/\/tauroslovenia.eu\/de\/izdelek\/natures-protection-adult-small-breed-veal-and-duck-hundefutter-in-dosen\/","og_locale":"de_DE","og_type":"article","og_title":"Nature's Protection Adult Small Breed Veal and Duck Hundefutter in Dosen | Tauro Slovenia","og_description":"Nature's Protection Adult Small Breed Veal & Duck Dosenfutter f\u00fcr erwachsene Hunde kleiner Rassen mit Kalbfleisch und Ente, serviert in Br\u00fche und angereichert mit Mineralien.","og_url":"http:\/\/tauroslovenia.eu\/de\/izdelek\/natures-protection-adult-small-breed-veal-and-duck-hundefutter-in-dosen\/","og_site_name":"Tauro Slovenia","article_publisher":"https:\/\/www.facebook.com\/tauroproline.slovenia\/","article_modified_time":"2024-10-25T13:01:16+00:00","og_image":[{"width":817,"height":810,"url":"http:\/\/tauroslovenia.eu\/wp-content\/uploads\/2023\/07\/kik45095.png","type":"image\/png"}],"twitter_card":"summary_large_image","twitter_misc":{"Gesch\u00e4tzte Lesezeit":"1\u00a0Minute"},"schema":{"@context":"https:\/\/schema.org","@graph":[{"@type":"WebPage","@id":"http:\/\/tauroslovenia.eu\/de\/izdelek\/natures-protection-adult-small-breed-veal-and-duck-hundefutter-in-dosen\/","url":"http:\/\/tauroslovenia.eu\/de\/izdelek\/natures-protection-adult-small-breed-veal-and-duck-hundefutter-in-dosen\/","name":"Nature's Protection Adult Small Breed Veal and Duck Hundefutter in Dosen | Tauro Slovenia","isPartOf":{"@id":"https:\/\/tauroslovenia.eu\/de\/#website"},"primaryImageOfPage":{"@id":"http:\/\/tauroslovenia.eu\/de\/izdelek\/natures-protection-adult-small-breed-veal-and-duck-hundefutter-in-dosen\/#primaryimage"},"image":{"@id":"http:\/\/tauroslovenia.eu\/de\/izdelek\/natures-protection-adult-small-breed-veal-and-duck-hundefutter-in-dosen\/#primaryimage"},"thumbnailUrl":"http:\/\/tauroslovenia.eu\/wp-content\/uploads\/2023\/07\/kik45095.png","datePublished":"2024-09-15T21:39:01+00:00","dateModified":"2024-10-25T13:01:16+00:00","breadcrumb":{"@id":"http:\/\/tauroslovenia.eu\/de\/izdelek\/natures-protection-adult-small-breed-veal-and-duck-hundefutter-in-dosen\/#breadcrumb"},"inLanguage":"de","potentialAction":[{"@type":"ReadAction","target":["http:\/\/tauroslovenia.eu\/de\/izdelek\/natures-protection-adult-small-breed-veal-and-duck-hundefutter-in-dosen\/"]}]},{"@type":"ImageObject","inLanguage":"de","@id":"http:\/\/tauroslovenia.eu\/de\/izdelek\/natures-protection-adult-small-breed-veal-and-duck-hundefutter-in-dosen\/#primaryimage","url":"http:\/\/tauroslovenia.eu\/wp-content\/uploads\/2023\/07\/kik45095.png","contentUrl":"http:\/\/tauroslovenia.eu\/wp-content\/uploads\/2023\/07\/kik45095.png","width":817,"height":810},{"@type":"BreadcrumbList","@id":"http:\/\/tauroslovenia.eu\/de\/izdelek\/natures-protection-adult-small-breed-veal-and-duck-hundefutter-in-dosen\/#breadcrumb","itemListElement":[{"@type":"ListItem","position":1,"name":"Domov","item":"https:\/\/tauroslovenia.eu\/de\/"},{"@type":"ListItem","position":2,"name":"Trgovina","item":"https:\/\/tauroslovenia.eu\/trgovina\/"},{"@type":"ListItem","position":3,"name":"Nature&#8217;s Protection Adult Small Breed Veal and Duck Hundefutter in Dosen"}]},{"@type":"WebSite","@id":"https:\/\/tauroslovenia.eu\/de\/#website","url":"https:\/\/tauroslovenia.eu\/de\/","name":"Tauro Slovenia","description":"","publisher":{"@id":"https:\/\/tauroslovenia.eu\/de\/#organization"},"potentialAction":[{"@type":"SearchAction","target":{"@type":"EntryPoint","urlTemplate":"https:\/\/tauroslovenia.eu\/de\/?s={search_term_string}"},"query-input":{"@type":"PropertyValueSpecification","valueRequired":true,"valueName":"search_term_string"}}],"inLanguage":"de"},{"@type":"Organization","@id":"https:\/\/tauroslovenia.eu\/de\/#organization","name":"KA&L SOLUTIONS d.o.o.","url":"https:\/\/tauroslovenia.eu\/de\/","logo":{"@type":"ImageObject","inLanguage":"de","@id":"https:\/\/tauroslovenia.eu\/de\/#\/schema\/logo\/image\/","url":"http:\/\/tauroslovenia.eu\/wp-content\/uploads\/2023\/07\/logo-tauroproline-email.png","contentUrl":"http:\/\/tauroslovenia.eu\/wp-content\/uploads\/2023\/07\/logo-tauroproline-email.png","width":157,"height":101,"caption":"KA&L SOLUTIONS d.o.o."},"image":{"@id":"https:\/\/tauroslovenia.eu\/de\/#\/schema\/logo\/image\/"},"sameAs":["https:\/\/www.facebook.com\/tauroproline.slovenia\/","https:\/\/www.instagram.com\/tauroproline_slovenia\/"]}]}},"brands":[{"id":268,"name":"NP SP","slug":"np-sp"}],"_links":{"self":[{"href":"http:\/\/tauroslovenia.eu\/de\/wp-json\/wp\/v2\/product\/56677"}],"collection":[{"href":"http:\/\/tauroslovenia.eu\/de\/wp-json\/wp\/v2\/product"}],"about":[{"href":"http:\/\/tauroslovenia.eu\/de\/wp-json\/wp\/v2\/types\/product"}],"wp:featuredmedia":[{"embeddable":true,"href":"http:\/\/tauroslovenia.eu\/de\/wp-json\/wp\/v2\/media\/56679"}],"wp:attachment":[{"href":"http:\/\/tauroslovenia.eu\/de\/wp-json\/wp\/v2\/media?parent=56677"}],"wp:term":[{"taxonomy":"pwb-brand","embeddable":true,"href":"http:\/\/tauroslovenia.eu\/de\/wp-json\/wp\/v2\/pwb-brand?post=56677"},{"taxonomy":"product_cat","embeddable":true,"href":"http:\/\/tauroslovenia.eu\/de\/wp-json\/wp\/v2\/product_cat?post=56677"},{"taxonomy":"product_tag","embeddable":true,"href":"http:\/\/tauroslovenia.eu\/de\/wp-json\/wp\/v2\/product_tag?post=56677"}],"curies":[{"name":"wp","href":"https:\/\/api.w.org\/{rel}","templated":true}]}}