{"id":56802,"date":"2024-09-15T23:39:10","date_gmt":"2024-09-15T21:39:10","guid":{"rendered":"https:\/\/tauroslovenia.eu\/izdelek\/natures-protection-superior-care-white-dogs-all-breeds-adult-salmon-and-tuna-suppe-fuer-hunde-mit-lachs-und-thunfisch\/"},"modified":"2024-10-25T15:01:53","modified_gmt":"2024-10-25T13:01:53","slug":"natures-protection-superior-care-white-dogs-all-breeds-adult-salmon-and-tuna-suppe-fuer-hunde-mit-lachs-und-thunfisch","status":"publish","type":"product","link":"http:\/\/tauroslovenia.eu\/de\/izdelek\/natures-protection-superior-care-white-dogs-all-breeds-adult-salmon-and-tuna-suppe-fuer-hunde-mit-lachs-und-thunfisch\/","title":{"rendered":"Nature&#8217;s Protection SUPERIOR CARE White Dogs All breeds Adult Salmon and Tuna, Suppe f\u00fcr Hunde mit Lachs und Thunfisch"},"content":{"rendered":"<p><strong>Ve\u010d informacij o juhah za hi\u0161ne ljubljen\u010dke <a href=\"https:\/\/www.kika.lt\/files\/uploaded\/EN_WELLNESS_SOUPS_E-SHOP_GENERAL_CARDS_2022.09.14.pdf\">tukaj<\/a>.<\/strong><\/p>\n<p>Nature&#8217;s Protection Superior Care je vrhunsko prehransko dopolnilo, juha z lososom in tuno, posebej oblikovano za odrasle pse z belo in svetlo dlako. Ta izdelek lahko pomaga ohranjati zdravo dlako in ko\u017eo va\u0161ega ljubljen\u010dka.<\/p>\n<p><strong>Z lahko prebavljivim mesom <\/strong><\/p>\n<p>Juha vsebuje lososa in tunino &#8211; pusto, lahko prebavljivo ribo.<\/p>\n<p><strong><span>Brez glutena<\/span><\/strong><\/p>\n<p><span>Dodatki so brez glutena, zato so idealni za ljubljen\u010dke z ob\u010dutljivim prebavnim sistemom, intoleranco na gluten ali alergijo.<\/span><\/p>\n<p><strong>Nadzor telesne te\u017ee <\/strong><\/p>\n<p>Nizkokalori\u010dno prehransko dopolnilo Dog Soup je \u0161e posebej primerno za pse, ki potrebujejo nadzor telesne te\u017ee.<\/p>\n<p><strong>Dopolnjen z Omega3 in Omega6 ma\u0161\u010dobnimi kislinami <\/strong><\/p>\n<p>Omega3 in Omega6 ma\u0161\u010dobne kisline v dodatku so koristne za ohranjanje zdrave ko\u017ee in sijo\u010de dlake va\u0161ega ljubljen\u010dka.<\/p>\n<p>To prehransko dopolnilo-juha je posebej oblikovano za odrasle pse z belo in svetlo dlako.<\/p>\n<p><strong>VARSTVO NARAVE Vrhunska nega <\/strong>Juhe so prvovrstne, naravne, zna\u010dilnih okusov in razli\u010dnih vrst dodatkov, ki so zasnovane tako, da zadovoljujejo potrebe najrazli\u010dnej\u0161ih hi\u0161nih ljubljen\u010dkov. Ti dodatki so brez umetnih barvil, antioksidantov in oja\u010devalcev okusa. Vsebuje samo naravne sestavine, ki blagodejno vplivajo na telo \u017eivali.<\/p>\n<p><strong>Narejeno <\/strong>v Evropski uniji.<\/p>\n","protected":false},"excerpt":{"rendered":"<p>NATURE&#8217;S PROTECTION Superior Care Suppen sind erstklassig, mit nat\u00fcrlich ausgepr\u00e4gten Aromen und verschiedenen Arten von Erg\u00e4nzungen, die entwickelt wurden, um die Bed\u00fcrfnisse einer Vielzahl von Haustieren zu erf\u00fcllen.<\/p>\n","protected":false},"featured_media":56804,"template":"","meta":{"_acf_changed":false},"pwb-brand":[294],"product_cat":[602],"product_tag":[],"class_list":{"0":"post-56802","1":"product","2":"type-product","3":"status-publish","4":"has-post-thumbnail","6":"pwb-brand-np-sc","7":"product_cat-dosenfutter","9":"first","10":"instock","11":"taxable","12":"shipping-taxable","13":"purchasable","14":"product-type-simple"},"acf":[],"yoast_head":"<!-- This site is optimized with the Yoast SEO plugin v23.6 - https:\/\/yoast.com\/wordpress\/plugins\/seo\/ -->\n<title>Nature&#039;s Protection SUPERIOR CARE White Dogs All breeds Adult Salmon and Tuna, Suppe f\u00fcr Hunde mit Lachs und Thunfisch | Tauro Slovenia<\/title>\n<meta name=\"robots\" content=\"index, follow, max-snippet:-1, max-image-preview:large, max-video-preview:-1\" \/>\n<link rel=\"canonical\" href=\"http:\/\/tauroslovenia.eu\/de\/izdelek\/natures-protection-superior-care-white-dogs-all-breeds-adult-salmon-and-tuna-suppe-fuer-hunde-mit-lachs-und-thunfisch\/\" \/>\n<meta property=\"og:locale\" content=\"de_DE\" \/>\n<meta property=\"og:type\" content=\"article\" \/>\n<meta property=\"og:title\" content=\"Nature&#039;s Protection SUPERIOR CARE White Dogs All breeds Adult Salmon and Tuna, Suppe f\u00fcr Hunde mit Lachs und Thunfisch | Tauro Slovenia\" \/>\n<meta property=\"og:description\" content=\"NATURE&#039;S PROTECTION Superior Care Suppen sind erstklassig, mit nat\u00fcrlich ausgepr\u00e4gten Aromen und verschiedenen Arten von Erg\u00e4nzungen, die entwickelt wurden, um die Bed\u00fcrfnisse einer Vielzahl von Haustieren zu erf\u00fcllen.\" \/>\n<meta property=\"og:url\" content=\"http:\/\/tauroslovenia.eu\/de\/izdelek\/natures-protection-superior-care-white-dogs-all-breeds-adult-salmon-and-tuna-suppe-fuer-hunde-mit-lachs-und-thunfisch\/\" \/>\n<meta property=\"og:site_name\" content=\"Tauro Slovenia\" \/>\n<meta property=\"article:publisher\" content=\"https:\/\/www.facebook.com\/tauroproline.slovenia\/\" \/>\n<meta property=\"article:modified_time\" content=\"2024-10-25T13:01:53+00:00\" \/>\n<meta property=\"og:image\" content=\"http:\/\/tauroslovenia.eu\/wp-content\/uploads\/2023\/07\/KIKNPSC63360-scaled.jpg\" \/>\n\t<meta property=\"og:image:width\" content=\"2560\" \/>\n\t<meta property=\"og:image:height\" content=\"2560\" \/>\n\t<meta property=\"og:image:type\" content=\"image\/jpeg\" \/>\n<meta name=\"twitter:card\" content=\"summary_large_image\" \/>\n<meta name=\"twitter:label1\" content=\"Gesch\u00e4tzte Lesezeit\" \/>\n\t<meta name=\"twitter:data1\" content=\"1\u00a0Minute\" \/>\n<script type=\"application\/ld+json\" class=\"yoast-schema-graph\">{\"@context\":\"https:\/\/schema.org\",\"@graph\":[{\"@type\":\"WebPage\",\"@id\":\"http:\/\/tauroslovenia.eu\/de\/izdelek\/natures-protection-superior-care-white-dogs-all-breeds-adult-salmon-and-tuna-suppe-fuer-hunde-mit-lachs-und-thunfisch\/\",\"url\":\"http:\/\/tauroslovenia.eu\/de\/izdelek\/natures-protection-superior-care-white-dogs-all-breeds-adult-salmon-and-tuna-suppe-fuer-hunde-mit-lachs-und-thunfisch\/\",\"name\":\"Nature's Protection SUPERIOR CARE White Dogs All breeds Adult Salmon and Tuna, Suppe f\u00fcr Hunde mit Lachs und Thunfisch | Tauro Slovenia\",\"isPartOf\":{\"@id\":\"https:\/\/tauroslovenia.eu\/de\/#website\"},\"primaryImageOfPage\":{\"@id\":\"http:\/\/tauroslovenia.eu\/de\/izdelek\/natures-protection-superior-care-white-dogs-all-breeds-adult-salmon-and-tuna-suppe-fuer-hunde-mit-lachs-und-thunfisch\/#primaryimage\"},\"image\":{\"@id\":\"http:\/\/tauroslovenia.eu\/de\/izdelek\/natures-protection-superior-care-white-dogs-all-breeds-adult-salmon-and-tuna-suppe-fuer-hunde-mit-lachs-und-thunfisch\/#primaryimage\"},\"thumbnailUrl\":\"http:\/\/tauroslovenia.eu\/wp-content\/uploads\/2023\/07\/KIKNPSC63360-scaled.jpg\",\"datePublished\":\"2024-09-15T21:39:10+00:00\",\"dateModified\":\"2024-10-25T13:01:53+00:00\",\"breadcrumb\":{\"@id\":\"http:\/\/tauroslovenia.eu\/de\/izdelek\/natures-protection-superior-care-white-dogs-all-breeds-adult-salmon-and-tuna-suppe-fuer-hunde-mit-lachs-und-thunfisch\/#breadcrumb\"},\"inLanguage\":\"de\",\"potentialAction\":[{\"@type\":\"ReadAction\",\"target\":[\"http:\/\/tauroslovenia.eu\/de\/izdelek\/natures-protection-superior-care-white-dogs-all-breeds-adult-salmon-and-tuna-suppe-fuer-hunde-mit-lachs-und-thunfisch\/\"]}]},{\"@type\":\"ImageObject\",\"inLanguage\":\"de\",\"@id\":\"http:\/\/tauroslovenia.eu\/de\/izdelek\/natures-protection-superior-care-white-dogs-all-breeds-adult-salmon-and-tuna-suppe-fuer-hunde-mit-lachs-und-thunfisch\/#primaryimage\",\"url\":\"http:\/\/tauroslovenia.eu\/wp-content\/uploads\/2023\/07\/KIKNPSC63360-scaled.jpg\",\"contentUrl\":\"http:\/\/tauroslovenia.eu\/wp-content\/uploads\/2023\/07\/KIKNPSC63360-scaled.jpg\",\"width\":2560,\"height\":2560},{\"@type\":\"BreadcrumbList\",\"@id\":\"http:\/\/tauroslovenia.eu\/de\/izdelek\/natures-protection-superior-care-white-dogs-all-breeds-adult-salmon-and-tuna-suppe-fuer-hunde-mit-lachs-und-thunfisch\/#breadcrumb\",\"itemListElement\":[{\"@type\":\"ListItem\",\"position\":1,\"name\":\"Domov\",\"item\":\"https:\/\/tauroslovenia.eu\/de\/\"},{\"@type\":\"ListItem\",\"position\":2,\"name\":\"Trgovina\",\"item\":\"https:\/\/tauroslovenia.eu\/trgovina\/\"},{\"@type\":\"ListItem\",\"position\":3,\"name\":\"Nature&#8217;s Protection SUPERIOR CARE White Dogs All breeds Adult Salmon and Tuna, Suppe f\u00fcr Hunde mit Lachs und Thunfisch\"}]},{\"@type\":\"WebSite\",\"@id\":\"https:\/\/tauroslovenia.eu\/de\/#website\",\"url\":\"https:\/\/tauroslovenia.eu\/de\/\",\"name\":\"Tauro Slovenia\",\"description\":\"\",\"publisher\":{\"@id\":\"https:\/\/tauroslovenia.eu\/de\/#organization\"},\"potentialAction\":[{\"@type\":\"SearchAction\",\"target\":{\"@type\":\"EntryPoint\",\"urlTemplate\":\"https:\/\/tauroslovenia.eu\/de\/?s={search_term_string}\"},\"query-input\":{\"@type\":\"PropertyValueSpecification\",\"valueRequired\":true,\"valueName\":\"search_term_string\"}}],\"inLanguage\":\"de\"},{\"@type\":\"Organization\",\"@id\":\"https:\/\/tauroslovenia.eu\/de\/#organization\",\"name\":\"KA&L SOLUTIONS d.o.o.\",\"url\":\"https:\/\/tauroslovenia.eu\/de\/\",\"logo\":{\"@type\":\"ImageObject\",\"inLanguage\":\"de\",\"@id\":\"https:\/\/tauroslovenia.eu\/de\/#\/schema\/logo\/image\/\",\"url\":\"http:\/\/tauroslovenia.eu\/wp-content\/uploads\/2023\/07\/logo-tauroproline-email.png\",\"contentUrl\":\"http:\/\/tauroslovenia.eu\/wp-content\/uploads\/2023\/07\/logo-tauroproline-email.png\",\"width\":157,\"height\":101,\"caption\":\"KA&L SOLUTIONS d.o.o.\"},\"image\":{\"@id\":\"https:\/\/tauroslovenia.eu\/de\/#\/schema\/logo\/image\/\"},\"sameAs\":[\"https:\/\/www.facebook.com\/tauroproline.slovenia\/\",\"https:\/\/www.instagram.com\/tauroproline_slovenia\/\"]}]}<\/script>\n<!-- \/ Yoast SEO plugin. -->","yoast_head_json":{"title":"Nature's Protection SUPERIOR CARE White Dogs All breeds Adult Salmon and Tuna, Suppe f\u00fcr Hunde mit Lachs und Thunfisch | Tauro Slovenia","robots":{"index":"index","follow":"follow","max-snippet":"max-snippet:-1","max-image-preview":"max-image-preview:large","max-video-preview":"max-video-preview:-1"},"canonical":"http:\/\/tauroslovenia.eu\/de\/izdelek\/natures-protection-superior-care-white-dogs-all-breeds-adult-salmon-and-tuna-suppe-fuer-hunde-mit-lachs-und-thunfisch\/","og_locale":"de_DE","og_type":"article","og_title":"Nature's Protection SUPERIOR CARE White Dogs All breeds Adult Salmon and Tuna, Suppe f\u00fcr Hunde mit Lachs und Thunfisch | Tauro Slovenia","og_description":"NATURE'S PROTECTION Superior Care Suppen sind erstklassig, mit nat\u00fcrlich ausgepr\u00e4gten Aromen und verschiedenen Arten von Erg\u00e4nzungen, die entwickelt wurden, um die Bed\u00fcrfnisse einer Vielzahl von Haustieren zu erf\u00fcllen.","og_url":"http:\/\/tauroslovenia.eu\/de\/izdelek\/natures-protection-superior-care-white-dogs-all-breeds-adult-salmon-and-tuna-suppe-fuer-hunde-mit-lachs-und-thunfisch\/","og_site_name":"Tauro Slovenia","article_publisher":"https:\/\/www.facebook.com\/tauroproline.slovenia\/","article_modified_time":"2024-10-25T13:01:53+00:00","og_image":[{"width":2560,"height":2560,"url":"http:\/\/tauroslovenia.eu\/wp-content\/uploads\/2023\/07\/KIKNPSC63360-scaled.jpg","type":"image\/jpeg"}],"twitter_card":"summary_large_image","twitter_misc":{"Gesch\u00e4tzte Lesezeit":"1\u00a0Minute"},"schema":{"@context":"https:\/\/schema.org","@graph":[{"@type":"WebPage","@id":"http:\/\/tauroslovenia.eu\/de\/izdelek\/natures-protection-superior-care-white-dogs-all-breeds-adult-salmon-and-tuna-suppe-fuer-hunde-mit-lachs-und-thunfisch\/","url":"http:\/\/tauroslovenia.eu\/de\/izdelek\/natures-protection-superior-care-white-dogs-all-breeds-adult-salmon-and-tuna-suppe-fuer-hunde-mit-lachs-und-thunfisch\/","name":"Nature's Protection SUPERIOR CARE White Dogs All breeds Adult Salmon and Tuna, Suppe f\u00fcr Hunde mit Lachs und Thunfisch | Tauro Slovenia","isPartOf":{"@id":"https:\/\/tauroslovenia.eu\/de\/#website"},"primaryImageOfPage":{"@id":"http:\/\/tauroslovenia.eu\/de\/izdelek\/natures-protection-superior-care-white-dogs-all-breeds-adult-salmon-and-tuna-suppe-fuer-hunde-mit-lachs-und-thunfisch\/#primaryimage"},"image":{"@id":"http:\/\/tauroslovenia.eu\/de\/izdelek\/natures-protection-superior-care-white-dogs-all-breeds-adult-salmon-and-tuna-suppe-fuer-hunde-mit-lachs-und-thunfisch\/#primaryimage"},"thumbnailUrl":"http:\/\/tauroslovenia.eu\/wp-content\/uploads\/2023\/07\/KIKNPSC63360-scaled.jpg","datePublished":"2024-09-15T21:39:10+00:00","dateModified":"2024-10-25T13:01:53+00:00","breadcrumb":{"@id":"http:\/\/tauroslovenia.eu\/de\/izdelek\/natures-protection-superior-care-white-dogs-all-breeds-adult-salmon-and-tuna-suppe-fuer-hunde-mit-lachs-und-thunfisch\/#breadcrumb"},"inLanguage":"de","potentialAction":[{"@type":"ReadAction","target":["http:\/\/tauroslovenia.eu\/de\/izdelek\/natures-protection-superior-care-white-dogs-all-breeds-adult-salmon-and-tuna-suppe-fuer-hunde-mit-lachs-und-thunfisch\/"]}]},{"@type":"ImageObject","inLanguage":"de","@id":"http:\/\/tauroslovenia.eu\/de\/izdelek\/natures-protection-superior-care-white-dogs-all-breeds-adult-salmon-and-tuna-suppe-fuer-hunde-mit-lachs-und-thunfisch\/#primaryimage","url":"http:\/\/tauroslovenia.eu\/wp-content\/uploads\/2023\/07\/KIKNPSC63360-scaled.jpg","contentUrl":"http:\/\/tauroslovenia.eu\/wp-content\/uploads\/2023\/07\/KIKNPSC63360-scaled.jpg","width":2560,"height":2560},{"@type":"BreadcrumbList","@id":"http:\/\/tauroslovenia.eu\/de\/izdelek\/natures-protection-superior-care-white-dogs-all-breeds-adult-salmon-and-tuna-suppe-fuer-hunde-mit-lachs-und-thunfisch\/#breadcrumb","itemListElement":[{"@type":"ListItem","position":1,"name":"Domov","item":"https:\/\/tauroslovenia.eu\/de\/"},{"@type":"ListItem","position":2,"name":"Trgovina","item":"https:\/\/tauroslovenia.eu\/trgovina\/"},{"@type":"ListItem","position":3,"name":"Nature&#8217;s Protection SUPERIOR CARE White Dogs All breeds Adult Salmon and Tuna, Suppe f\u00fcr Hunde mit Lachs und Thunfisch"}]},{"@type":"WebSite","@id":"https:\/\/tauroslovenia.eu\/de\/#website","url":"https:\/\/tauroslovenia.eu\/de\/","name":"Tauro Slovenia","description":"","publisher":{"@id":"https:\/\/tauroslovenia.eu\/de\/#organization"},"potentialAction":[{"@type":"SearchAction","target":{"@type":"EntryPoint","urlTemplate":"https:\/\/tauroslovenia.eu\/de\/?s={search_term_string}"},"query-input":{"@type":"PropertyValueSpecification","valueRequired":true,"valueName":"search_term_string"}}],"inLanguage":"de"},{"@type":"Organization","@id":"https:\/\/tauroslovenia.eu\/de\/#organization","name":"KA&L SOLUTIONS d.o.o.","url":"https:\/\/tauroslovenia.eu\/de\/","logo":{"@type":"ImageObject","inLanguage":"de","@id":"https:\/\/tauroslovenia.eu\/de\/#\/schema\/logo\/image\/","url":"http:\/\/tauroslovenia.eu\/wp-content\/uploads\/2023\/07\/logo-tauroproline-email.png","contentUrl":"http:\/\/tauroslovenia.eu\/wp-content\/uploads\/2023\/07\/logo-tauroproline-email.png","width":157,"height":101,"caption":"KA&L SOLUTIONS d.o.o."},"image":{"@id":"https:\/\/tauroslovenia.eu\/de\/#\/schema\/logo\/image\/"},"sameAs":["https:\/\/www.facebook.com\/tauroproline.slovenia\/","https:\/\/www.instagram.com\/tauroproline_slovenia\/"]}]}},"brands":[{"id":294,"name":"NP SC","slug":"np-sc"}],"_links":{"self":[{"href":"http:\/\/tauroslovenia.eu\/de\/wp-json\/wp\/v2\/product\/56802"}],"collection":[{"href":"http:\/\/tauroslovenia.eu\/de\/wp-json\/wp\/v2\/product"}],"about":[{"href":"http:\/\/tauroslovenia.eu\/de\/wp-json\/wp\/v2\/types\/product"}],"wp:featuredmedia":[{"embeddable":true,"href":"http:\/\/tauroslovenia.eu\/de\/wp-json\/wp\/v2\/media\/56804"}],"wp:attachment":[{"href":"http:\/\/tauroslovenia.eu\/de\/wp-json\/wp\/v2\/media?parent=56802"}],"wp:term":[{"taxonomy":"pwb-brand","embeddable":true,"href":"http:\/\/tauroslovenia.eu\/de\/wp-json\/wp\/v2\/pwb-brand?post=56802"},{"taxonomy":"product_cat","embeddable":true,"href":"http:\/\/tauroslovenia.eu\/de\/wp-json\/wp\/v2\/product_cat?post=56802"},{"taxonomy":"product_tag","embeddable":true,"href":"http:\/\/tauroslovenia.eu\/de\/wp-json\/wp\/v2\/product_tag?post=56802"}],"curies":[{"name":"wp","href":"https:\/\/api.w.org\/{rel}","templated":true}]}}