{"id":57054,"date":"2024-09-15T23:39:33","date_gmt":"2024-09-15T21:39:33","guid":{"rendered":"https:\/\/tauroslovenia.eu\/izdelek\/misoko-co-einweg-hundeunterlage-mit-holzkohle-lavendelduft-60-x-90-cm-10-stk\/"},"modified":"2024-10-25T15:13:10","modified_gmt":"2024-10-25T13:13:10","slug":"misoko-co-einweg-hundeunterlage-mit-holzkohle-lavendelduft-60-x-90-cm-10-stk","status":"publish","type":"product","link":"http:\/\/tauroslovenia.eu\/de\/izdelek\/misoko-co-einweg-hundeunterlage-mit-holzkohle-lavendelduft-60-x-90-cm-10-stk\/","title":{"rendered":"MISOKO &#038; CO Einweg-Hundeunterlage mit Holzkohle, Lavendelduft, 60 x 90 cm, 10 Stk."},"content":{"rendered":"<p>Die Misoko&#038;Co Unterlagen sollten in jedem Haushalt von Haustierbesitzern vorhanden sein. Hochwertige, \u00e4u\u00dferst saugf\u00e4hige 5-lagige Unterlagen sind n\u00fctzlich f\u00fcr das Training von Haustieren oder zum Schutz von B\u00f6den und M\u00f6beln vor &#8222;Missgeschicken&#8220;.<\/p>\n<p><strong>Vollst\u00e4ndige Feuchtigkeitsaufnahme &#8211; trockene Pfoten Ihres Haustieres<\/strong><\/p>\n<p>Diese Einweg-Pads absorbieren Feuchtigkeit schnell und effektiv, sodass die Pfoten Ihres Haustieres sauber und trocken bleiben.<\/p>\n<p><strong>Rutschfest<\/strong><\/p>\n<p>Die rutschfeste Unterseite der Pads sorgt f\u00fcr Stabilit\u00e4t und verhindert, dass sie durch das Haus rutschen, sodass sich das Tier sicher f\u00fchlt.<\/p>\n<p><strong>F\u00fcr eine breite Palette von Tieren geeignet<\/strong><\/p>\n<p>Ideal f\u00fcr das Training von gr\u00f6\u00dferen und kleineren Haustieren, um ihre Bed\u00fcrfnisse am richtigen Ort zu verrichten. Besonders geeignet f\u00fcr Welpen sowie \u00e4ltere und kranke Hunde, die Schwierigkeiten haben, den Urin lange zu halten.<\/p>\n<p><strong>5-lagiger Schutz: sch\u00fctzt B\u00f6den, M\u00f6bel und andere Oberfl\u00e4chen vor Flecken und h\u00e4lt Fl\u00fcssigkeit im Inneren.<\/strong><\/p>\n<ul>\n<li>Die erste Schicht besteht aus sehr d\u00fcnnem, aber schnell saugf\u00e4higem Material.<\/li>\n<li>Die zweite Schicht aus saugf\u00e4higem Papier, das Ger\u00fcche \u00fcbertr\u00e4gt und speziell darauf ausgelegt ist, Tiere anzulocken \u2013 so wird es einfacher, Ihrem Haustier positive Gewohnheiten beizubringen.<\/li>\n<li>Die dritte Schicht besteht aus einer Kombination von Molek\u00fclen und Baumwolle mit einer speziellen Formel, entwickelt in Japan und Amerika, die effektiv Fl\u00fcssigkeit absorbiert und das Auslaufen verhindert.<\/li>\n<li>Die vierte und f\u00fcnfte Schicht stellen sicher, dass die Fl\u00fcssigkeit im Pad bleibt und Ihre B\u00f6den oder M\u00f6bel gesch\u00fctzt sind.<\/li>\n<\/ul>\n<p><strong>Eigenschaften:<\/strong><\/p>\n<ul>\n<li>Zitronenduft.<\/li>\n<li>Ma\u00dfe: 60 x 90 cm.<\/li>\n<li>Verpackung &#8211; 10 St\u00fcck.<\/li>\n<\/ul>\n<p><strong>Hergestellt<\/strong> in China.<\/p>\n","protected":false},"excerpt":{"rendered":"<p>Hochwertige, hochsaugf\u00e4hige 5-lagige Unterlagen eignen sich hervorragend, um Haustieren gute Fertigkeiten beizubringen oder den Boden oder die M\u00f6bel vor \u201eFehlern\u201c zu sch\u00fctzen.<\/p>\n","protected":false},"featured_media":57056,"template":"","meta":{"_acf_changed":false},"pwb-brand":[311],"product_cat":[613],"product_tag":[],"class_list":{"0":"post-57054","1":"product","2":"type-product","3":"status-publish","4":"has-post-thumbnail","6":"pwb-brand-misoko","7":"product_cat-windeln-2","9":"first","10":"outofstock","11":"taxable","12":"shipping-taxable","13":"purchasable","14":"product-type-simple"},"acf":[],"yoast_head":"<!-- This site is optimized with the Yoast SEO plugin v23.6 - https:\/\/yoast.com\/wordpress\/plugins\/seo\/ -->\n<title>MISOKO &amp; CO Einweg-Hundeunterlage mit Holzkohle, Lavendelduft, 60 x 90 cm, 10 Stk. | Tauro Slovenia<\/title>\n<meta name=\"robots\" content=\"index, follow, max-snippet:-1, max-image-preview:large, max-video-preview:-1\" \/>\n<link rel=\"canonical\" href=\"http:\/\/tauroslovenia.eu\/de\/izdelek\/misoko-co-einweg-hundeunterlage-mit-holzkohle-lavendelduft-60-x-90-cm-10-stk\/\" \/>\n<meta property=\"og:locale\" content=\"de_DE\" \/>\n<meta property=\"og:type\" content=\"article\" \/>\n<meta property=\"og:title\" content=\"MISOKO &amp; CO Einweg-Hundeunterlage mit Holzkohle, Lavendelduft, 60 x 90 cm, 10 Stk. | Tauro Slovenia\" \/>\n<meta property=\"og:description\" content=\"Hochwertige, hochsaugf\u00e4hige 5-lagige Unterlagen eignen sich hervorragend, um Haustieren gute Fertigkeiten beizubringen oder den Boden oder die M\u00f6bel vor \u201eFehlern\u201c zu sch\u00fctzen.\" \/>\n<meta property=\"og:url\" content=\"http:\/\/tauroslovenia.eu\/de\/izdelek\/misoko-co-einweg-hundeunterlage-mit-holzkohle-lavendelduft-60-x-90-cm-10-stk\/\" \/>\n<meta property=\"og:site_name\" content=\"Tauro Slovenia\" \/>\n<meta property=\"article:publisher\" content=\"https:\/\/www.facebook.com\/tauroproline.slovenia\/\" \/>\n<meta property=\"article:modified_time\" content=\"2024-10-25T13:13:10+00:00\" \/>\n<meta property=\"og:image\" content=\"http:\/\/tauroslovenia.eu\/wp-content\/uploads\/2023\/07\/SHAMSK63057.jpg\" \/>\n\t<meta property=\"og:image:width\" content=\"1500\" \/>\n\t<meta property=\"og:image:height\" content=\"1500\" \/>\n\t<meta property=\"og:image:type\" content=\"image\/jpeg\" \/>\n<meta name=\"twitter:card\" content=\"summary_large_image\" \/>\n<meta name=\"twitter:label1\" content=\"Gesch\u00e4tzte Lesezeit\" \/>\n\t<meta name=\"twitter:data1\" content=\"1\u00a0Minute\" \/>\n<script type=\"application\/ld+json\" class=\"yoast-schema-graph\">{\"@context\":\"https:\/\/schema.org\",\"@graph\":[{\"@type\":\"WebPage\",\"@id\":\"http:\/\/tauroslovenia.eu\/de\/izdelek\/misoko-co-einweg-hundeunterlage-mit-holzkohle-lavendelduft-60-x-90-cm-10-stk\/\",\"url\":\"http:\/\/tauroslovenia.eu\/de\/izdelek\/misoko-co-einweg-hundeunterlage-mit-holzkohle-lavendelduft-60-x-90-cm-10-stk\/\",\"name\":\"MISOKO & CO Einweg-Hundeunterlage mit Holzkohle, Lavendelduft, 60 x 90 cm, 10 Stk. | Tauro Slovenia\",\"isPartOf\":{\"@id\":\"http:\/\/tauroslovenia.eu\/de\/#website\"},\"primaryImageOfPage\":{\"@id\":\"http:\/\/tauroslovenia.eu\/de\/izdelek\/misoko-co-einweg-hundeunterlage-mit-holzkohle-lavendelduft-60-x-90-cm-10-stk\/#primaryimage\"},\"image\":{\"@id\":\"http:\/\/tauroslovenia.eu\/de\/izdelek\/misoko-co-einweg-hundeunterlage-mit-holzkohle-lavendelduft-60-x-90-cm-10-stk\/#primaryimage\"},\"thumbnailUrl\":\"http:\/\/tauroslovenia.eu\/wp-content\/uploads\/2023\/07\/SHAMSK63057.jpg\",\"datePublished\":\"2024-09-15T21:39:33+00:00\",\"dateModified\":\"2024-10-25T13:13:10+00:00\",\"breadcrumb\":{\"@id\":\"http:\/\/tauroslovenia.eu\/de\/izdelek\/misoko-co-einweg-hundeunterlage-mit-holzkohle-lavendelduft-60-x-90-cm-10-stk\/#breadcrumb\"},\"inLanguage\":\"de\",\"potentialAction\":[{\"@type\":\"ReadAction\",\"target\":[\"http:\/\/tauroslovenia.eu\/de\/izdelek\/misoko-co-einweg-hundeunterlage-mit-holzkohle-lavendelduft-60-x-90-cm-10-stk\/\"]}]},{\"@type\":\"ImageObject\",\"inLanguage\":\"de\",\"@id\":\"http:\/\/tauroslovenia.eu\/de\/izdelek\/misoko-co-einweg-hundeunterlage-mit-holzkohle-lavendelduft-60-x-90-cm-10-stk\/#primaryimage\",\"url\":\"http:\/\/tauroslovenia.eu\/wp-content\/uploads\/2023\/07\/SHAMSK63057.jpg\",\"contentUrl\":\"http:\/\/tauroslovenia.eu\/wp-content\/uploads\/2023\/07\/SHAMSK63057.jpg\",\"width\":1500,\"height\":1500},{\"@type\":\"BreadcrumbList\",\"@id\":\"http:\/\/tauroslovenia.eu\/de\/izdelek\/misoko-co-einweg-hundeunterlage-mit-holzkohle-lavendelduft-60-x-90-cm-10-stk\/#breadcrumb\",\"itemListElement\":[{\"@type\":\"ListItem\",\"position\":1,\"name\":\"Domov\",\"item\":\"http:\/\/tauroslovenia.eu\/de\/\"},{\"@type\":\"ListItem\",\"position\":2,\"name\":\"Trgovina\",\"item\":\"http:\/\/tauroslovenia.eu\/trgovina\/\"},{\"@type\":\"ListItem\",\"position\":3,\"name\":\"MISOKO &#038; CO Einweg-Hundeunterlage mit Holzkohle, Lavendelduft, 60 x 90 cm, 10 Stk.\"}]},{\"@type\":\"WebSite\",\"@id\":\"http:\/\/tauroslovenia.eu\/de\/#website\",\"url\":\"http:\/\/tauroslovenia.eu\/de\/\",\"name\":\"Tauro Slovenia\",\"description\":\"\",\"publisher\":{\"@id\":\"http:\/\/tauroslovenia.eu\/de\/#organization\"},\"potentialAction\":[{\"@type\":\"SearchAction\",\"target\":{\"@type\":\"EntryPoint\",\"urlTemplate\":\"http:\/\/tauroslovenia.eu\/de\/?s={search_term_string}\"},\"query-input\":{\"@type\":\"PropertyValueSpecification\",\"valueRequired\":true,\"valueName\":\"search_term_string\"}}],\"inLanguage\":\"de\"},{\"@type\":\"Organization\",\"@id\":\"http:\/\/tauroslovenia.eu\/de\/#organization\",\"name\":\"KA&L SOLUTIONS d.o.o.\",\"url\":\"http:\/\/tauroslovenia.eu\/de\/\",\"logo\":{\"@type\":\"ImageObject\",\"inLanguage\":\"de\",\"@id\":\"http:\/\/tauroslovenia.eu\/de\/#\/schema\/logo\/image\/\",\"url\":\"http:\/\/tauroslovenia.eu\/wp-content\/uploads\/2023\/07\/logo-tauroproline-email.png\",\"contentUrl\":\"http:\/\/tauroslovenia.eu\/wp-content\/uploads\/2023\/07\/logo-tauroproline-email.png\",\"width\":157,\"height\":101,\"caption\":\"KA&L SOLUTIONS d.o.o.\"},\"image\":{\"@id\":\"http:\/\/tauroslovenia.eu\/de\/#\/schema\/logo\/image\/\"},\"sameAs\":[\"https:\/\/www.facebook.com\/tauroproline.slovenia\/\",\"https:\/\/www.instagram.com\/tauroproline_slovenia\/\"]}]}<\/script>\n<!-- \/ Yoast SEO plugin. -->","yoast_head_json":{"title":"MISOKO & CO Einweg-Hundeunterlage mit Holzkohle, Lavendelduft, 60 x 90 cm, 10 Stk. | Tauro Slovenia","robots":{"index":"index","follow":"follow","max-snippet":"max-snippet:-1","max-image-preview":"max-image-preview:large","max-video-preview":"max-video-preview:-1"},"canonical":"http:\/\/tauroslovenia.eu\/de\/izdelek\/misoko-co-einweg-hundeunterlage-mit-holzkohle-lavendelduft-60-x-90-cm-10-stk\/","og_locale":"de_DE","og_type":"article","og_title":"MISOKO & CO Einweg-Hundeunterlage mit Holzkohle, Lavendelduft, 60 x 90 cm, 10 Stk. | Tauro Slovenia","og_description":"Hochwertige, hochsaugf\u00e4hige 5-lagige Unterlagen eignen sich hervorragend, um Haustieren gute Fertigkeiten beizubringen oder den Boden oder die M\u00f6bel vor \u201eFehlern\u201c zu sch\u00fctzen.","og_url":"http:\/\/tauroslovenia.eu\/de\/izdelek\/misoko-co-einweg-hundeunterlage-mit-holzkohle-lavendelduft-60-x-90-cm-10-stk\/","og_site_name":"Tauro Slovenia","article_publisher":"https:\/\/www.facebook.com\/tauroproline.slovenia\/","article_modified_time":"2024-10-25T13:13:10+00:00","og_image":[{"width":1500,"height":1500,"url":"http:\/\/tauroslovenia.eu\/wp-content\/uploads\/2023\/07\/SHAMSK63057.jpg","type":"image\/jpeg"}],"twitter_card":"summary_large_image","twitter_misc":{"Gesch\u00e4tzte Lesezeit":"1\u00a0Minute"},"schema":{"@context":"https:\/\/schema.org","@graph":[{"@type":"WebPage","@id":"http:\/\/tauroslovenia.eu\/de\/izdelek\/misoko-co-einweg-hundeunterlage-mit-holzkohle-lavendelduft-60-x-90-cm-10-stk\/","url":"http:\/\/tauroslovenia.eu\/de\/izdelek\/misoko-co-einweg-hundeunterlage-mit-holzkohle-lavendelduft-60-x-90-cm-10-stk\/","name":"MISOKO & CO Einweg-Hundeunterlage mit Holzkohle, Lavendelduft, 60 x 90 cm, 10 Stk. | Tauro Slovenia","isPartOf":{"@id":"http:\/\/tauroslovenia.eu\/de\/#website"},"primaryImageOfPage":{"@id":"http:\/\/tauroslovenia.eu\/de\/izdelek\/misoko-co-einweg-hundeunterlage-mit-holzkohle-lavendelduft-60-x-90-cm-10-stk\/#primaryimage"},"image":{"@id":"http:\/\/tauroslovenia.eu\/de\/izdelek\/misoko-co-einweg-hundeunterlage-mit-holzkohle-lavendelduft-60-x-90-cm-10-stk\/#primaryimage"},"thumbnailUrl":"http:\/\/tauroslovenia.eu\/wp-content\/uploads\/2023\/07\/SHAMSK63057.jpg","datePublished":"2024-09-15T21:39:33+00:00","dateModified":"2024-10-25T13:13:10+00:00","breadcrumb":{"@id":"http:\/\/tauroslovenia.eu\/de\/izdelek\/misoko-co-einweg-hundeunterlage-mit-holzkohle-lavendelduft-60-x-90-cm-10-stk\/#breadcrumb"},"inLanguage":"de","potentialAction":[{"@type":"ReadAction","target":["http:\/\/tauroslovenia.eu\/de\/izdelek\/misoko-co-einweg-hundeunterlage-mit-holzkohle-lavendelduft-60-x-90-cm-10-stk\/"]}]},{"@type":"ImageObject","inLanguage":"de","@id":"http:\/\/tauroslovenia.eu\/de\/izdelek\/misoko-co-einweg-hundeunterlage-mit-holzkohle-lavendelduft-60-x-90-cm-10-stk\/#primaryimage","url":"http:\/\/tauroslovenia.eu\/wp-content\/uploads\/2023\/07\/SHAMSK63057.jpg","contentUrl":"http:\/\/tauroslovenia.eu\/wp-content\/uploads\/2023\/07\/SHAMSK63057.jpg","width":1500,"height":1500},{"@type":"BreadcrumbList","@id":"http:\/\/tauroslovenia.eu\/de\/izdelek\/misoko-co-einweg-hundeunterlage-mit-holzkohle-lavendelduft-60-x-90-cm-10-stk\/#breadcrumb","itemListElement":[{"@type":"ListItem","position":1,"name":"Domov","item":"http:\/\/tauroslovenia.eu\/de\/"},{"@type":"ListItem","position":2,"name":"Trgovina","item":"http:\/\/tauroslovenia.eu\/trgovina\/"},{"@type":"ListItem","position":3,"name":"MISOKO &#038; CO Einweg-Hundeunterlage mit Holzkohle, Lavendelduft, 60 x 90 cm, 10 Stk."}]},{"@type":"WebSite","@id":"http:\/\/tauroslovenia.eu\/de\/#website","url":"http:\/\/tauroslovenia.eu\/de\/","name":"Tauro Slovenia","description":"","publisher":{"@id":"http:\/\/tauroslovenia.eu\/de\/#organization"},"potentialAction":[{"@type":"SearchAction","target":{"@type":"EntryPoint","urlTemplate":"http:\/\/tauroslovenia.eu\/de\/?s={search_term_string}"},"query-input":{"@type":"PropertyValueSpecification","valueRequired":true,"valueName":"search_term_string"}}],"inLanguage":"de"},{"@type":"Organization","@id":"http:\/\/tauroslovenia.eu\/de\/#organization","name":"KA&L SOLUTIONS d.o.o.","url":"http:\/\/tauroslovenia.eu\/de\/","logo":{"@type":"ImageObject","inLanguage":"de","@id":"http:\/\/tauroslovenia.eu\/de\/#\/schema\/logo\/image\/","url":"http:\/\/tauroslovenia.eu\/wp-content\/uploads\/2023\/07\/logo-tauroproline-email.png","contentUrl":"http:\/\/tauroslovenia.eu\/wp-content\/uploads\/2023\/07\/logo-tauroproline-email.png","width":157,"height":101,"caption":"KA&L SOLUTIONS d.o.o."},"image":{"@id":"http:\/\/tauroslovenia.eu\/de\/#\/schema\/logo\/image\/"},"sameAs":["https:\/\/www.facebook.com\/tauroproline.slovenia\/","https:\/\/www.instagram.com\/tauroproline_slovenia\/"]}]}},"brands":[{"id":311,"name":"MISOKO","slug":"misoko"}],"_links":{"self":[{"href":"http:\/\/tauroslovenia.eu\/de\/wp-json\/wp\/v2\/product\/57054"}],"collection":[{"href":"http:\/\/tauroslovenia.eu\/de\/wp-json\/wp\/v2\/product"}],"about":[{"href":"http:\/\/tauroslovenia.eu\/de\/wp-json\/wp\/v2\/types\/product"}],"wp:featuredmedia":[{"embeddable":true,"href":"http:\/\/tauroslovenia.eu\/de\/wp-json\/wp\/v2\/media\/57056"}],"wp:attachment":[{"href":"http:\/\/tauroslovenia.eu\/de\/wp-json\/wp\/v2\/media?parent=57054"}],"wp:term":[{"taxonomy":"pwb-brand","embeddable":true,"href":"http:\/\/tauroslovenia.eu\/de\/wp-json\/wp\/v2\/pwb-brand?post=57054"},{"taxonomy":"product_cat","embeddable":true,"href":"http:\/\/tauroslovenia.eu\/de\/wp-json\/wp\/v2\/product_cat?post=57054"},{"taxonomy":"product_tag","embeddable":true,"href":"http:\/\/tauroslovenia.eu\/de\/wp-json\/wp\/v2\/product_tag?post=57054"}],"curies":[{"name":"wp","href":"https:\/\/api.w.org\/{rel}","templated":true}]}}