{"id":57113,"date":"2024-09-15T23:39:37","date_gmt":"2024-09-15T21:39:37","guid":{"rendered":"https:\/\/tauroslovenia.eu\/izdelek\/tauro-pro-line-ultra-light-schere-165-cm-65-gebogen-aluminium-edelstahl-440c-rote-farbe\/"},"modified":"2024-10-25T14:48:57","modified_gmt":"2024-10-25T12:48:57","slug":"tauro-pro-line-ultra-light-schere-165-cm-65-gebogen-aluminium-edelstahl-440c-rote-farbe","status":"publish","type":"product","link":"http:\/\/tauroslovenia.eu\/de\/izdelek\/tauro-pro-line-ultra-light-schere-165-cm-65-gebogen-aluminium-edelstahl-440c-rote-farbe\/","title":{"rendered":"Tauro Pro Line Ultra Light Schere, 16,5 cm (6,5), gebogen, Aluminium, Edelstahl 440c, rote Farbe"},"content":{"rendered":"<p><span>Weitere Informationen zu unserem gesamten Angebot finden Sie <\/span><em>&#8222;<\/em><span>Tauro Pro Line&#8220;, Geschichte und unsere Tipps <\/span><a href=\"https:\/\/www.kika.lt\/files\/uploaded\/TPL\/TPL_Scissors_catalogue_web.pdf\">HIER.<\/a><\/p>\n<p>Die Tauro Pro Line Aluminium Line ist die neue Generation von Scheren, die hochwertigsten rostfreien Stahl 440c und Aluminium verwenden. Dank dieser Fertigungstechnologie wird h\u00f6chste Qualit\u00e4t gew\u00e4hrleistet \u2013 die Scheren sind extrem leicht, ergonomisch und f\u00fcr langanhaltendes Arbeiten ausgelegt.<\/p>\n<p>Dank des speziellen Designs und der Aluminiumgriffe sind die Scheren \u00e4u\u00dferst einfach zu handhaben und damit ein unverzichtbares Werkzeug bei der Fellpflege.<\/p>\n<p><strong>Ergonomisches Design<\/strong><\/p>\n<p>Die gebogenen Scheren aus rostfreiem Stahl und ihr ergonomisches Design erm\u00f6glichen ein einfaches und sicheres Schneiden des Tiergesichts, um die Augen, Ohren und Pfoten.<br \/> Die Scheren sind perfekt f\u00fcr das Styling von Locken oder f\u00fcr lockige Bichons geeignet.<\/p>\n<p><strong>Einfache Handhabung &#8211; von Experten empfohlen!<\/strong><\/p>\n<p>Beim Schneiden von Tieren mit diesen Scheren sind die H\u00e4nde nicht belastet, erm\u00fcden nicht und die Bewegungen lassen sich leicht kontrollieren \u2013 aufgrund der au\u00dfergew\u00f6hnlich hohen Qualit\u00e4t und der sehr einfachen Handhabung sind die Scheren dieser Linie bei Friseuren besonders beliebt.<\/p>\n<p><strong>H\u00f6chste Qualit\u00e4t<\/strong><br \/> Scheren aus hochwertigem rostfreiem Stahl sind langlebig, extrem scharf und strapazierf\u00e4hig. Sie k\u00f6nnen sicher sein, dass diese Scheren Ihnen viele Jahre dienen werden.<\/p>\n<p><strong>Farbvielfalt<\/strong><\/p>\n<p>In der Aluminium-Linie finden Sie eine gro\u00dfe Auswahl an Farben, so dass Sie problemlos die gew\u00fcnschte Farbe ausw\u00e4hlen k\u00f6nnen.<\/p>\n<p>Wartungsleitfaden f\u00fcr Scheren. Einfache Einstellung mit Regler, pflegeleicht. Wichtig: Die Scheren sollten nach jedem Schneiden eines Hundes gereinigt werden. Gehen Sie verantwortungsvoll und vorsichtig damit um, sch\u00fctzen Sie die Scheren vor harten St\u00f6\u00dfen. Scheren, die bei St\u00f6\u00dfen besch\u00e4digt werden, sind m\u00f6glicherweise nicht mehr zum Schneiden geeignet. Bei richtiger Pflege m\u00fcssen Sie die Scheren viel seltener sch\u00e4rfen. Die Scheren sind f\u00fcr eine langfristige Nutzung ausgelegt. Es wird empfohlen, sie nur f\u00fcr das Schneiden von gewaschenen Hunden zu verwenden.<\/p>\n<p><strong>Eigenschaften:<\/strong><\/p>\n<ul>\n<li>F\u00fcr: Schneiden.<\/li>\n<li>Form: Gebogen.<\/li>\n<li>Gr\u00f6\u00dfe: 6 &#8222;\/ 15 cm.<\/li>\n<li>Material: Rostfreier Stahl 440c, Aluminium.<\/li>\n<\/ul>\n<p><strong>Hergestellt in<\/strong> China.<\/p>\n","protected":false},"excerpt":{"rendered":"<p>Die gebogene Schere Tauro Pro Line ist das hochwertigste Fellpflegeprodukt f\u00fcr den professionellen Einsatz in Friseursalons, Zuchst\u00e4tten und Tierpflegeschulen.<\/p>\n","protected":false},"featured_media":57115,"template":"","meta":{"_acf_changed":false},"pwb-brand":[264],"product_cat":[625],"product_tag":[],"class_list":{"0":"post-57113","1":"product","2":"type-product","3":"status-publish","4":"has-post-thumbnail","6":"pwb-brand-tauro","7":"product_cat-schere","9":"first","10":"outofstock","11":"taxable","12":"shipping-taxable","13":"purchasable","14":"product-type-simple"},"acf":[],"yoast_head":"<!-- This site is optimized with the Yoast SEO plugin v23.6 - https:\/\/yoast.com\/wordpress\/plugins\/seo\/ -->\n<title>Tauro Pro Line Ultra Light Schere, 16,5 cm (6,5), gebogen, Aluminium, Edelstahl 440c, rote Farbe | Tauro Slovenia<\/title>\n<meta name=\"robots\" content=\"index, follow, max-snippet:-1, max-image-preview:large, max-video-preview:-1\" \/>\n<link rel=\"canonical\" href=\"http:\/\/tauroslovenia.eu\/de\/izdelek\/tauro-pro-line-ultra-light-schere-165-cm-65-gebogen-aluminium-edelstahl-440c-rote-farbe\/\" \/>\n<meta property=\"og:locale\" content=\"de_DE\" \/>\n<meta property=\"og:type\" content=\"article\" \/>\n<meta property=\"og:title\" content=\"Tauro Pro Line Ultra Light Schere, 16,5 cm (6,5), gebogen, Aluminium, Edelstahl 440c, rote Farbe | Tauro Slovenia\" \/>\n<meta property=\"og:description\" content=\"Die gebogene Schere Tauro Pro Line ist das hochwertigste Fellpflegeprodukt f\u00fcr den professionellen Einsatz in Friseursalons, Zuchst\u00e4tten und Tierpflegeschulen.\" \/>\n<meta property=\"og:url\" content=\"http:\/\/tauroslovenia.eu\/de\/izdelek\/tauro-pro-line-ultra-light-schere-165-cm-65-gebogen-aluminium-edelstahl-440c-rote-farbe\/\" \/>\n<meta property=\"og:site_name\" content=\"Tauro Slovenia\" \/>\n<meta property=\"article:publisher\" content=\"https:\/\/www.facebook.com\/tauroproline.slovenia\/\" \/>\n<meta property=\"article:modified_time\" content=\"2024-10-25T12:48:57+00:00\" \/>\n<meta property=\"og:image\" content=\"http:\/\/tauroslovenia.eu\/wp-content\/uploads\/2023\/07\/TPL46883-scaled.jpg\" \/>\n\t<meta property=\"og:image:width\" content=\"2560\" \/>\n\t<meta property=\"og:image:height\" content=\"2560\" \/>\n\t<meta property=\"og:image:type\" content=\"image\/jpeg\" \/>\n<meta name=\"twitter:card\" content=\"summary_large_image\" \/>\n<meta name=\"twitter:label1\" content=\"Gesch\u00e4tzte Lesezeit\" \/>\n\t<meta name=\"twitter:data1\" content=\"2\u00a0Minuten\" \/>\n<script type=\"application\/ld+json\" class=\"yoast-schema-graph\">{\"@context\":\"https:\/\/schema.org\",\"@graph\":[{\"@type\":\"WebPage\",\"@id\":\"http:\/\/tauroslovenia.eu\/de\/izdelek\/tauro-pro-line-ultra-light-schere-165-cm-65-gebogen-aluminium-edelstahl-440c-rote-farbe\/\",\"url\":\"http:\/\/tauroslovenia.eu\/de\/izdelek\/tauro-pro-line-ultra-light-schere-165-cm-65-gebogen-aluminium-edelstahl-440c-rote-farbe\/\",\"name\":\"Tauro Pro Line Ultra Light Schere, 16,5 cm (6,5), gebogen, Aluminium, Edelstahl 440c, rote Farbe | Tauro Slovenia\",\"isPartOf\":{\"@id\":\"http:\/\/tauroslovenia.eu\/de\/#website\"},\"primaryImageOfPage\":{\"@id\":\"http:\/\/tauroslovenia.eu\/de\/izdelek\/tauro-pro-line-ultra-light-schere-165-cm-65-gebogen-aluminium-edelstahl-440c-rote-farbe\/#primaryimage\"},\"image\":{\"@id\":\"http:\/\/tauroslovenia.eu\/de\/izdelek\/tauro-pro-line-ultra-light-schere-165-cm-65-gebogen-aluminium-edelstahl-440c-rote-farbe\/#primaryimage\"},\"thumbnailUrl\":\"http:\/\/tauroslovenia.eu\/wp-content\/uploads\/2023\/07\/TPL46883-scaled.jpg\",\"datePublished\":\"2024-09-15T21:39:37+00:00\",\"dateModified\":\"2024-10-25T12:48:57+00:00\",\"breadcrumb\":{\"@id\":\"http:\/\/tauroslovenia.eu\/de\/izdelek\/tauro-pro-line-ultra-light-schere-165-cm-65-gebogen-aluminium-edelstahl-440c-rote-farbe\/#breadcrumb\"},\"inLanguage\":\"de\",\"potentialAction\":[{\"@type\":\"ReadAction\",\"target\":[\"http:\/\/tauroslovenia.eu\/de\/izdelek\/tauro-pro-line-ultra-light-schere-165-cm-65-gebogen-aluminium-edelstahl-440c-rote-farbe\/\"]}]},{\"@type\":\"ImageObject\",\"inLanguage\":\"de\",\"@id\":\"http:\/\/tauroslovenia.eu\/de\/izdelek\/tauro-pro-line-ultra-light-schere-165-cm-65-gebogen-aluminium-edelstahl-440c-rote-farbe\/#primaryimage\",\"url\":\"http:\/\/tauroslovenia.eu\/wp-content\/uploads\/2023\/07\/TPL46883-scaled.jpg\",\"contentUrl\":\"http:\/\/tauroslovenia.eu\/wp-content\/uploads\/2023\/07\/TPL46883-scaled.jpg\",\"width\":2560,\"height\":2560},{\"@type\":\"BreadcrumbList\",\"@id\":\"http:\/\/tauroslovenia.eu\/de\/izdelek\/tauro-pro-line-ultra-light-schere-165-cm-65-gebogen-aluminium-edelstahl-440c-rote-farbe\/#breadcrumb\",\"itemListElement\":[{\"@type\":\"ListItem\",\"position\":1,\"name\":\"Domov\",\"item\":\"http:\/\/tauroslovenia.eu\/de\/\"},{\"@type\":\"ListItem\",\"position\":2,\"name\":\"Trgovina\",\"item\":\"http:\/\/tauroslovenia.eu\/trgovina\/\"},{\"@type\":\"ListItem\",\"position\":3,\"name\":\"Tauro Pro Line Ultra Light Schere, 16,5 cm (6,5), gebogen, Aluminium, Edelstahl 440c, rote Farbe\"}]},{\"@type\":\"WebSite\",\"@id\":\"http:\/\/tauroslovenia.eu\/de\/#website\",\"url\":\"http:\/\/tauroslovenia.eu\/de\/\",\"name\":\"Tauro Slovenia\",\"description\":\"\",\"publisher\":{\"@id\":\"http:\/\/tauroslovenia.eu\/de\/#organization\"},\"potentialAction\":[{\"@type\":\"SearchAction\",\"target\":{\"@type\":\"EntryPoint\",\"urlTemplate\":\"http:\/\/tauroslovenia.eu\/de\/?s={search_term_string}\"},\"query-input\":{\"@type\":\"PropertyValueSpecification\",\"valueRequired\":true,\"valueName\":\"search_term_string\"}}],\"inLanguage\":\"de\"},{\"@type\":\"Organization\",\"@id\":\"http:\/\/tauroslovenia.eu\/de\/#organization\",\"name\":\"KA&L SOLUTIONS d.o.o.\",\"url\":\"http:\/\/tauroslovenia.eu\/de\/\",\"logo\":{\"@type\":\"ImageObject\",\"inLanguage\":\"de\",\"@id\":\"http:\/\/tauroslovenia.eu\/de\/#\/schema\/logo\/image\/\",\"url\":\"http:\/\/tauroslovenia.eu\/wp-content\/uploads\/2023\/07\/logo-tauroproline-email.png\",\"contentUrl\":\"http:\/\/tauroslovenia.eu\/wp-content\/uploads\/2023\/07\/logo-tauroproline-email.png\",\"width\":157,\"height\":101,\"caption\":\"KA&L SOLUTIONS d.o.o.\"},\"image\":{\"@id\":\"http:\/\/tauroslovenia.eu\/de\/#\/schema\/logo\/image\/\"},\"sameAs\":[\"https:\/\/www.facebook.com\/tauroproline.slovenia\/\",\"https:\/\/www.instagram.com\/tauroproline_slovenia\/\"]}]}<\/script>\n<!-- \/ Yoast SEO plugin. -->","yoast_head_json":{"title":"Tauro Pro Line Ultra Light Schere, 16,5 cm (6,5), gebogen, Aluminium, Edelstahl 440c, rote Farbe | Tauro Slovenia","robots":{"index":"index","follow":"follow","max-snippet":"max-snippet:-1","max-image-preview":"max-image-preview:large","max-video-preview":"max-video-preview:-1"},"canonical":"http:\/\/tauroslovenia.eu\/de\/izdelek\/tauro-pro-line-ultra-light-schere-165-cm-65-gebogen-aluminium-edelstahl-440c-rote-farbe\/","og_locale":"de_DE","og_type":"article","og_title":"Tauro Pro Line Ultra Light Schere, 16,5 cm (6,5), gebogen, Aluminium, Edelstahl 440c, rote Farbe | Tauro Slovenia","og_description":"Die gebogene Schere Tauro Pro Line ist das hochwertigste Fellpflegeprodukt f\u00fcr den professionellen Einsatz in Friseursalons, Zuchst\u00e4tten und Tierpflegeschulen.","og_url":"http:\/\/tauroslovenia.eu\/de\/izdelek\/tauro-pro-line-ultra-light-schere-165-cm-65-gebogen-aluminium-edelstahl-440c-rote-farbe\/","og_site_name":"Tauro Slovenia","article_publisher":"https:\/\/www.facebook.com\/tauroproline.slovenia\/","article_modified_time":"2024-10-25T12:48:57+00:00","og_image":[{"width":2560,"height":2560,"url":"http:\/\/tauroslovenia.eu\/wp-content\/uploads\/2023\/07\/TPL46883-scaled.jpg","type":"image\/jpeg"}],"twitter_card":"summary_large_image","twitter_misc":{"Gesch\u00e4tzte Lesezeit":"2\u00a0Minuten"},"schema":{"@context":"https:\/\/schema.org","@graph":[{"@type":"WebPage","@id":"http:\/\/tauroslovenia.eu\/de\/izdelek\/tauro-pro-line-ultra-light-schere-165-cm-65-gebogen-aluminium-edelstahl-440c-rote-farbe\/","url":"http:\/\/tauroslovenia.eu\/de\/izdelek\/tauro-pro-line-ultra-light-schere-165-cm-65-gebogen-aluminium-edelstahl-440c-rote-farbe\/","name":"Tauro Pro Line Ultra Light Schere, 16,5 cm (6,5), gebogen, Aluminium, Edelstahl 440c, rote Farbe | Tauro Slovenia","isPartOf":{"@id":"http:\/\/tauroslovenia.eu\/de\/#website"},"primaryImageOfPage":{"@id":"http:\/\/tauroslovenia.eu\/de\/izdelek\/tauro-pro-line-ultra-light-schere-165-cm-65-gebogen-aluminium-edelstahl-440c-rote-farbe\/#primaryimage"},"image":{"@id":"http:\/\/tauroslovenia.eu\/de\/izdelek\/tauro-pro-line-ultra-light-schere-165-cm-65-gebogen-aluminium-edelstahl-440c-rote-farbe\/#primaryimage"},"thumbnailUrl":"http:\/\/tauroslovenia.eu\/wp-content\/uploads\/2023\/07\/TPL46883-scaled.jpg","datePublished":"2024-09-15T21:39:37+00:00","dateModified":"2024-10-25T12:48:57+00:00","breadcrumb":{"@id":"http:\/\/tauroslovenia.eu\/de\/izdelek\/tauro-pro-line-ultra-light-schere-165-cm-65-gebogen-aluminium-edelstahl-440c-rote-farbe\/#breadcrumb"},"inLanguage":"de","potentialAction":[{"@type":"ReadAction","target":["http:\/\/tauroslovenia.eu\/de\/izdelek\/tauro-pro-line-ultra-light-schere-165-cm-65-gebogen-aluminium-edelstahl-440c-rote-farbe\/"]}]},{"@type":"ImageObject","inLanguage":"de","@id":"http:\/\/tauroslovenia.eu\/de\/izdelek\/tauro-pro-line-ultra-light-schere-165-cm-65-gebogen-aluminium-edelstahl-440c-rote-farbe\/#primaryimage","url":"http:\/\/tauroslovenia.eu\/wp-content\/uploads\/2023\/07\/TPL46883-scaled.jpg","contentUrl":"http:\/\/tauroslovenia.eu\/wp-content\/uploads\/2023\/07\/TPL46883-scaled.jpg","width":2560,"height":2560},{"@type":"BreadcrumbList","@id":"http:\/\/tauroslovenia.eu\/de\/izdelek\/tauro-pro-line-ultra-light-schere-165-cm-65-gebogen-aluminium-edelstahl-440c-rote-farbe\/#breadcrumb","itemListElement":[{"@type":"ListItem","position":1,"name":"Domov","item":"http:\/\/tauroslovenia.eu\/de\/"},{"@type":"ListItem","position":2,"name":"Trgovina","item":"http:\/\/tauroslovenia.eu\/trgovina\/"},{"@type":"ListItem","position":3,"name":"Tauro Pro Line Ultra Light Schere, 16,5 cm (6,5), gebogen, Aluminium, Edelstahl 440c, rote Farbe"}]},{"@type":"WebSite","@id":"http:\/\/tauroslovenia.eu\/de\/#website","url":"http:\/\/tauroslovenia.eu\/de\/","name":"Tauro Slovenia","description":"","publisher":{"@id":"http:\/\/tauroslovenia.eu\/de\/#organization"},"potentialAction":[{"@type":"SearchAction","target":{"@type":"EntryPoint","urlTemplate":"http:\/\/tauroslovenia.eu\/de\/?s={search_term_string}"},"query-input":{"@type":"PropertyValueSpecification","valueRequired":true,"valueName":"search_term_string"}}],"inLanguage":"de"},{"@type":"Organization","@id":"http:\/\/tauroslovenia.eu\/de\/#organization","name":"KA&L SOLUTIONS d.o.o.","url":"http:\/\/tauroslovenia.eu\/de\/","logo":{"@type":"ImageObject","inLanguage":"de","@id":"http:\/\/tauroslovenia.eu\/de\/#\/schema\/logo\/image\/","url":"http:\/\/tauroslovenia.eu\/wp-content\/uploads\/2023\/07\/logo-tauroproline-email.png","contentUrl":"http:\/\/tauroslovenia.eu\/wp-content\/uploads\/2023\/07\/logo-tauroproline-email.png","width":157,"height":101,"caption":"KA&L SOLUTIONS d.o.o."},"image":{"@id":"http:\/\/tauroslovenia.eu\/de\/#\/schema\/logo\/image\/"},"sameAs":["https:\/\/www.facebook.com\/tauroproline.slovenia\/","https:\/\/www.instagram.com\/tauroproline_slovenia\/"]}]}},"brands":[{"id":264,"name":"TAURO","slug":"tauro"}],"_links":{"self":[{"href":"http:\/\/tauroslovenia.eu\/de\/wp-json\/wp\/v2\/product\/57113"}],"collection":[{"href":"http:\/\/tauroslovenia.eu\/de\/wp-json\/wp\/v2\/product"}],"about":[{"href":"http:\/\/tauroslovenia.eu\/de\/wp-json\/wp\/v2\/types\/product"}],"wp:featuredmedia":[{"embeddable":true,"href":"http:\/\/tauroslovenia.eu\/de\/wp-json\/wp\/v2\/media\/57115"}],"wp:attachment":[{"href":"http:\/\/tauroslovenia.eu\/de\/wp-json\/wp\/v2\/media?parent=57113"}],"wp:term":[{"taxonomy":"pwb-brand","embeddable":true,"href":"http:\/\/tauroslovenia.eu\/de\/wp-json\/wp\/v2\/pwb-brand?post=57113"},{"taxonomy":"product_cat","embeddable":true,"href":"http:\/\/tauroslovenia.eu\/de\/wp-json\/wp\/v2\/product_cat?post=57113"},{"taxonomy":"product_tag","embeddable":true,"href":"http:\/\/tauroslovenia.eu\/de\/wp-json\/wp\/v2\/product_tag?post=57113"}],"curies":[{"name":"wp","href":"https:\/\/api.w.org\/{rel}","templated":true}]}}