{"id":57131,"date":"2024-09-15T23:39:37","date_gmt":"2024-09-15T21:39:37","guid":{"rendered":"https:\/\/tauroslovenia.eu\/izdelek\/tauro-pro-line-pure-nature-nosepaw-balm-hydratesmoisturizes-feuchtigkeitsspendendes-pfoten-und-nasenbalsam-fuer-hunde-und-katzen\/"},"modified":"2024-10-25T15:18:26","modified_gmt":"2024-10-25T13:18:26","slug":"tauro-pro-line-pure-nature-nosepaw-balm-hydratesmoisturizes-feuchtigkeitsspendendes-pfoten-und-nasenbalsam-fuer-hunde-und-katzen","status":"publish","type":"product","link":"http:\/\/tauroslovenia.eu\/de\/izdelek\/tauro-pro-line-pure-nature-nosepaw-balm-hydratesmoisturizes-feuchtigkeitsspendendes-pfoten-und-nasenbalsam-fuer-hunde-und-katzen\/","title":{"rendered":"Tauro Pro Line Pure Nature Nose&#038;Paw Balm Hydrates&#038;Moisturizes, feuchtigkeitsspendendes Pfoten- und Nasenbalsam f\u00fcr Hunde und Katzen"},"content":{"rendered":"<p><span>Weitere Informationen zum gesamten Angebot finden Sie <\/span><em>&#8222;<\/em><span>Tauro Pro Line&#8220;, Geschichte und unsere Tipps <\/span><a href=\"https:\/\/www.kika.lt\/files\/uploaded\/TPL\/Tauro_Pro_Line_product_catalogue.pdf\">HIER.<\/a><\/p>\n<p>Tauro Pro Line Pure Nature ist eine einzigartige Salbe, die in der Pflege jedes Tierbesitzers nicht fehlen sollte. Dieses Produkt mit nat\u00fcrlichen Inhaltsstoffen sch\u00fctzt die Pfoten von Tieren im Winter vor Salzauslaugungen und Schmutz sowie im Sommer vor hei\u00dfen Asphaltoberfl\u00e4chen. Zudem ist diese Salbe auch hervorragend zur Pflege der Nase geeignet.<\/p>\n<p><strong>Schutz in allen Jahreszeiten<\/strong><\/p>\n<p>Tauro Pro Line Pure Nature Fragrance-free Nose &#038; Paw Balsam bietet ganzj\u00e4hrig Schutz f\u00fcr Pfoten und Nase \u2013 er sch\u00fctzt vor sch\u00e4dlichen Umwelteinfl\u00fcssen (hei\u00dfe Asphalts, Sand, Salz), spendet Feuchtigkeit und bildet eine sch\u00fctzende Hautbarriere.<\/p>\n<p><strong>Mit S\u00fc\u00dfmandel- und Kokos\u00f6l \u2013 spendet Feuchtigkeit und sch\u00fctzt<\/strong><\/p>\n<p>Die spezielle Formel mit S\u00fc\u00dfmandel- und Kokos\u00f6l spendet der Haut intensive Feuchtigkeit, sch\u00fctzt und pflegt sie. Der Balsam kann helfen, rissige Haut an Pfoten oder Nase zu regenerieren. Dar\u00fcber hinaus sch\u00fctzt der Balsam die Haut effektiv vor Austrocknung und Juckreiz, der durch diese verursacht wird.<\/p>\n<p><strong>Nat\u00fcrliche Zusammensetzung<\/strong><\/p>\n<p>Enth\u00e4lt 97% nat\u00fcrliche Inhaltsstoffe. Au\u00dferdem ist er frei von Parabenen, Sulfaten, Silikonen und k\u00fcnstlichen Farbstoffen.<\/p>\n<p><strong>F\u00fcr empfindliche Haustiere geeignet<\/strong><\/p>\n<p>Der Balsam ist geruchlos und seine Zusammensetzung ist \u00e4u\u00dferst sanft, daher auch f\u00fcr Haustiere mit empfindlichem Geruchssinn oder Haut geeignet.<\/p>\n<p><strong>Einfach anzuwenden<\/strong><\/p>\n<p>Die Anwendung des Balsams ist sehr einfach: Massieren Sie den Balsam sanft in die Pfoten oder die Nasenfl\u00e4che Ihres Haustieres ein. F\u00fcr beste Ergebnisse verwenden Sie den Balsam vor dem Verlassen des Hauses oder nach einem Spaziergang. Gelegentlich bei widrigen Bedingungen wie Eis, Schnee, Salz oder extrem hei\u00dfen Oberfl\u00e4chen anwenden. Bei trockener Haut den Balsam 2- bis 3-mal t\u00e4glich auftragen. Um das Einziehen des Balsams zu f\u00f6rdern, versuchen Sie, Ihr Haustier f\u00fcr ein paar Minuten abzulenken \u2013 geben Sie ihm ein Leckerli.<\/p>\n<p><strong>Warnhinweise<\/strong>: Nur zur \u00e4u\u00dferen Anwendung. Von direkter Sonneneinstrahlung fernhalten. Stellen Sie sicher, dass die Verpackung nach Gebrauch gut verschlossen ist. Vor Kindern sch\u00fctzen.<\/p>\n<p><strong>Hergestellt in der EU.<\/strong><\/p>\n","protected":false},"excerpt":{"rendered":"<p>Dieses Produkt mit nat\u00fcrlicher Zusammensetzung sch\u00fctzt die Pfoten des Tieres im Winter vor der Ausscheidung von Salz und Schmutz und im Sommer vor hei\u00dfen Asphaltfl\u00e4chen. Dar\u00fcber hinaus eignet sich diese Salbe auch hervorragend zur Nasenpflege bei Haustieren.<\/p>\n","protected":false},"featured_media":57133,"template":"","meta":{"_acf_changed":false},"pwb-brand":[264],"product_cat":[605],"product_tag":[],"class_list":{"0":"post-57131","1":"product","2":"type-product","3":"status-publish","4":"has-post-thumbnail","6":"pwb-brand-tauro","7":"product_cat-pfoten-und-krallenpflege","9":"first","10":"instock","11":"taxable","12":"shipping-taxable","13":"purchasable","14":"product-type-simple"},"acf":[],"yoast_head":"<!-- This site is optimized with the Yoast SEO plugin v23.6 - https:\/\/yoast.com\/wordpress\/plugins\/seo\/ -->\n<title>Tauro Pro Line Pure Nature Nose&amp;Paw Balm Hydrates&amp;Moisturizes, feuchtigkeitsspendendes Pfoten- und Nasenbalsam f\u00fcr Hunde und Katzen | Tauro Slovenia<\/title>\n<meta name=\"robots\" content=\"index, follow, max-snippet:-1, max-image-preview:large, max-video-preview:-1\" \/>\n<link rel=\"canonical\" href=\"http:\/\/tauroslovenia.eu\/de\/izdelek\/tauro-pro-line-pure-nature-nosepaw-balm-hydratesmoisturizes-feuchtigkeitsspendendes-pfoten-und-nasenbalsam-fuer-hunde-und-katzen\/\" \/>\n<meta property=\"og:locale\" content=\"de_DE\" \/>\n<meta property=\"og:type\" content=\"article\" \/>\n<meta property=\"og:title\" content=\"Tauro Pro Line Pure Nature Nose&amp;Paw Balm Hydrates&amp;Moisturizes, feuchtigkeitsspendendes Pfoten- und Nasenbalsam f\u00fcr Hunde und Katzen | Tauro Slovenia\" \/>\n<meta property=\"og:description\" content=\"Dieses Produkt mit nat\u00fcrlicher Zusammensetzung sch\u00fctzt die Pfoten des Tieres im Winter vor der Ausscheidung von Salz und Schmutz und im Sommer vor hei\u00dfen Asphaltfl\u00e4chen. Dar\u00fcber hinaus eignet sich diese Salbe auch hervorragend zur Nasenpflege bei Haustieren.\" \/>\n<meta property=\"og:url\" content=\"http:\/\/tauroslovenia.eu\/de\/izdelek\/tauro-pro-line-pure-nature-nosepaw-balm-hydratesmoisturizes-feuchtigkeitsspendendes-pfoten-und-nasenbalsam-fuer-hunde-und-katzen\/\" \/>\n<meta property=\"og:site_name\" content=\"Tauro Slovenia\" \/>\n<meta property=\"article:publisher\" content=\"https:\/\/www.facebook.com\/tauroproline.slovenia\/\" \/>\n<meta property=\"article:modified_time\" content=\"2024-10-25T13:18:26+00:00\" \/>\n<meta property=\"og:image\" content=\"http:\/\/tauroslovenia.eu\/wp-content\/uploads\/2023\/07\/TPL47280.jpg\" \/>\n\t<meta property=\"og:image:width\" content=\"1500\" \/>\n\t<meta property=\"og:image:height\" content=\"1500\" \/>\n\t<meta property=\"og:image:type\" content=\"image\/jpeg\" \/>\n<meta name=\"twitter:card\" content=\"summary_large_image\" \/>\n<meta name=\"twitter:label1\" content=\"Gesch\u00e4tzte Lesezeit\" \/>\n\t<meta name=\"twitter:data1\" content=\"2\u00a0Minuten\" \/>\n<script type=\"application\/ld+json\" class=\"yoast-schema-graph\">{\"@context\":\"https:\/\/schema.org\",\"@graph\":[{\"@type\":\"WebPage\",\"@id\":\"http:\/\/tauroslovenia.eu\/de\/izdelek\/tauro-pro-line-pure-nature-nosepaw-balm-hydratesmoisturizes-feuchtigkeitsspendendes-pfoten-und-nasenbalsam-fuer-hunde-und-katzen\/\",\"url\":\"http:\/\/tauroslovenia.eu\/de\/izdelek\/tauro-pro-line-pure-nature-nosepaw-balm-hydratesmoisturizes-feuchtigkeitsspendendes-pfoten-und-nasenbalsam-fuer-hunde-und-katzen\/\",\"name\":\"Tauro Pro Line Pure Nature Nose&Paw Balm Hydrates&Moisturizes, feuchtigkeitsspendendes Pfoten- und Nasenbalsam f\u00fcr Hunde und Katzen | Tauro Slovenia\",\"isPartOf\":{\"@id\":\"http:\/\/tauroslovenia.eu\/de\/#website\"},\"primaryImageOfPage\":{\"@id\":\"http:\/\/tauroslovenia.eu\/de\/izdelek\/tauro-pro-line-pure-nature-nosepaw-balm-hydratesmoisturizes-feuchtigkeitsspendendes-pfoten-und-nasenbalsam-fuer-hunde-und-katzen\/#primaryimage\"},\"image\":{\"@id\":\"http:\/\/tauroslovenia.eu\/de\/izdelek\/tauro-pro-line-pure-nature-nosepaw-balm-hydratesmoisturizes-feuchtigkeitsspendendes-pfoten-und-nasenbalsam-fuer-hunde-und-katzen\/#primaryimage\"},\"thumbnailUrl\":\"http:\/\/tauroslovenia.eu\/wp-content\/uploads\/2023\/07\/TPL47280.jpg\",\"datePublished\":\"2024-09-15T21:39:37+00:00\",\"dateModified\":\"2024-10-25T13:18:26+00:00\",\"breadcrumb\":{\"@id\":\"http:\/\/tauroslovenia.eu\/de\/izdelek\/tauro-pro-line-pure-nature-nosepaw-balm-hydratesmoisturizes-feuchtigkeitsspendendes-pfoten-und-nasenbalsam-fuer-hunde-und-katzen\/#breadcrumb\"},\"inLanguage\":\"de\",\"potentialAction\":[{\"@type\":\"ReadAction\",\"target\":[\"http:\/\/tauroslovenia.eu\/de\/izdelek\/tauro-pro-line-pure-nature-nosepaw-balm-hydratesmoisturizes-feuchtigkeitsspendendes-pfoten-und-nasenbalsam-fuer-hunde-und-katzen\/\"]}]},{\"@type\":\"ImageObject\",\"inLanguage\":\"de\",\"@id\":\"http:\/\/tauroslovenia.eu\/de\/izdelek\/tauro-pro-line-pure-nature-nosepaw-balm-hydratesmoisturizes-feuchtigkeitsspendendes-pfoten-und-nasenbalsam-fuer-hunde-und-katzen\/#primaryimage\",\"url\":\"http:\/\/tauroslovenia.eu\/wp-content\/uploads\/2023\/07\/TPL47280.jpg\",\"contentUrl\":\"http:\/\/tauroslovenia.eu\/wp-content\/uploads\/2023\/07\/TPL47280.jpg\",\"width\":1500,\"height\":1500},{\"@type\":\"BreadcrumbList\",\"@id\":\"http:\/\/tauroslovenia.eu\/de\/izdelek\/tauro-pro-line-pure-nature-nosepaw-balm-hydratesmoisturizes-feuchtigkeitsspendendes-pfoten-und-nasenbalsam-fuer-hunde-und-katzen\/#breadcrumb\",\"itemListElement\":[{\"@type\":\"ListItem\",\"position\":1,\"name\":\"Domov\",\"item\":\"http:\/\/tauroslovenia.eu\/de\/\"},{\"@type\":\"ListItem\",\"position\":2,\"name\":\"Trgovina\",\"item\":\"http:\/\/tauroslovenia.eu\/trgovina\/\"},{\"@type\":\"ListItem\",\"position\":3,\"name\":\"Tauro Pro Line Pure Nature Nose&#038;Paw Balm Hydrates&#038;Moisturizes, feuchtigkeitsspendendes Pfoten- und Nasenbalsam f\u00fcr Hunde und Katzen\"}]},{\"@type\":\"WebSite\",\"@id\":\"http:\/\/tauroslovenia.eu\/de\/#website\",\"url\":\"http:\/\/tauroslovenia.eu\/de\/\",\"name\":\"Tauro Slovenia\",\"description\":\"\",\"publisher\":{\"@id\":\"http:\/\/tauroslovenia.eu\/de\/#organization\"},\"potentialAction\":[{\"@type\":\"SearchAction\",\"target\":{\"@type\":\"EntryPoint\",\"urlTemplate\":\"http:\/\/tauroslovenia.eu\/de\/?s={search_term_string}\"},\"query-input\":{\"@type\":\"PropertyValueSpecification\",\"valueRequired\":true,\"valueName\":\"search_term_string\"}}],\"inLanguage\":\"de\"},{\"@type\":\"Organization\",\"@id\":\"http:\/\/tauroslovenia.eu\/de\/#organization\",\"name\":\"KA&L SOLUTIONS d.o.o.\",\"url\":\"http:\/\/tauroslovenia.eu\/de\/\",\"logo\":{\"@type\":\"ImageObject\",\"inLanguage\":\"de\",\"@id\":\"http:\/\/tauroslovenia.eu\/de\/#\/schema\/logo\/image\/\",\"url\":\"http:\/\/tauroslovenia.eu\/wp-content\/uploads\/2023\/07\/logo-tauroproline-email.png\",\"contentUrl\":\"http:\/\/tauroslovenia.eu\/wp-content\/uploads\/2023\/07\/logo-tauroproline-email.png\",\"width\":157,\"height\":101,\"caption\":\"KA&L SOLUTIONS d.o.o.\"},\"image\":{\"@id\":\"http:\/\/tauroslovenia.eu\/de\/#\/schema\/logo\/image\/\"},\"sameAs\":[\"https:\/\/www.facebook.com\/tauroproline.slovenia\/\",\"https:\/\/www.instagram.com\/tauroproline_slovenia\/\"]}]}<\/script>\n<!-- \/ Yoast SEO plugin. -->","yoast_head_json":{"title":"Tauro Pro Line Pure Nature Nose&Paw Balm Hydrates&Moisturizes, feuchtigkeitsspendendes Pfoten- und Nasenbalsam f\u00fcr Hunde und Katzen | Tauro Slovenia","robots":{"index":"index","follow":"follow","max-snippet":"max-snippet:-1","max-image-preview":"max-image-preview:large","max-video-preview":"max-video-preview:-1"},"canonical":"http:\/\/tauroslovenia.eu\/de\/izdelek\/tauro-pro-line-pure-nature-nosepaw-balm-hydratesmoisturizes-feuchtigkeitsspendendes-pfoten-und-nasenbalsam-fuer-hunde-und-katzen\/","og_locale":"de_DE","og_type":"article","og_title":"Tauro Pro Line Pure Nature Nose&Paw Balm Hydrates&Moisturizes, feuchtigkeitsspendendes Pfoten- und Nasenbalsam f\u00fcr Hunde und Katzen | Tauro Slovenia","og_description":"Dieses Produkt mit nat\u00fcrlicher Zusammensetzung sch\u00fctzt die Pfoten des Tieres im Winter vor der Ausscheidung von Salz und Schmutz und im Sommer vor hei\u00dfen Asphaltfl\u00e4chen. Dar\u00fcber hinaus eignet sich diese Salbe auch hervorragend zur Nasenpflege bei Haustieren.","og_url":"http:\/\/tauroslovenia.eu\/de\/izdelek\/tauro-pro-line-pure-nature-nosepaw-balm-hydratesmoisturizes-feuchtigkeitsspendendes-pfoten-und-nasenbalsam-fuer-hunde-und-katzen\/","og_site_name":"Tauro Slovenia","article_publisher":"https:\/\/www.facebook.com\/tauroproline.slovenia\/","article_modified_time":"2024-10-25T13:18:26+00:00","og_image":[{"width":1500,"height":1500,"url":"http:\/\/tauroslovenia.eu\/wp-content\/uploads\/2023\/07\/TPL47280.jpg","type":"image\/jpeg"}],"twitter_card":"summary_large_image","twitter_misc":{"Gesch\u00e4tzte Lesezeit":"2\u00a0Minuten"},"schema":{"@context":"https:\/\/schema.org","@graph":[{"@type":"WebPage","@id":"http:\/\/tauroslovenia.eu\/de\/izdelek\/tauro-pro-line-pure-nature-nosepaw-balm-hydratesmoisturizes-feuchtigkeitsspendendes-pfoten-und-nasenbalsam-fuer-hunde-und-katzen\/","url":"http:\/\/tauroslovenia.eu\/de\/izdelek\/tauro-pro-line-pure-nature-nosepaw-balm-hydratesmoisturizes-feuchtigkeitsspendendes-pfoten-und-nasenbalsam-fuer-hunde-und-katzen\/","name":"Tauro Pro Line Pure Nature Nose&Paw Balm Hydrates&Moisturizes, feuchtigkeitsspendendes Pfoten- und Nasenbalsam f\u00fcr Hunde und Katzen | Tauro Slovenia","isPartOf":{"@id":"http:\/\/tauroslovenia.eu\/de\/#website"},"primaryImageOfPage":{"@id":"http:\/\/tauroslovenia.eu\/de\/izdelek\/tauro-pro-line-pure-nature-nosepaw-balm-hydratesmoisturizes-feuchtigkeitsspendendes-pfoten-und-nasenbalsam-fuer-hunde-und-katzen\/#primaryimage"},"image":{"@id":"http:\/\/tauroslovenia.eu\/de\/izdelek\/tauro-pro-line-pure-nature-nosepaw-balm-hydratesmoisturizes-feuchtigkeitsspendendes-pfoten-und-nasenbalsam-fuer-hunde-und-katzen\/#primaryimage"},"thumbnailUrl":"http:\/\/tauroslovenia.eu\/wp-content\/uploads\/2023\/07\/TPL47280.jpg","datePublished":"2024-09-15T21:39:37+00:00","dateModified":"2024-10-25T13:18:26+00:00","breadcrumb":{"@id":"http:\/\/tauroslovenia.eu\/de\/izdelek\/tauro-pro-line-pure-nature-nosepaw-balm-hydratesmoisturizes-feuchtigkeitsspendendes-pfoten-und-nasenbalsam-fuer-hunde-und-katzen\/#breadcrumb"},"inLanguage":"de","potentialAction":[{"@type":"ReadAction","target":["http:\/\/tauroslovenia.eu\/de\/izdelek\/tauro-pro-line-pure-nature-nosepaw-balm-hydratesmoisturizes-feuchtigkeitsspendendes-pfoten-und-nasenbalsam-fuer-hunde-und-katzen\/"]}]},{"@type":"ImageObject","inLanguage":"de","@id":"http:\/\/tauroslovenia.eu\/de\/izdelek\/tauro-pro-line-pure-nature-nosepaw-balm-hydratesmoisturizes-feuchtigkeitsspendendes-pfoten-und-nasenbalsam-fuer-hunde-und-katzen\/#primaryimage","url":"http:\/\/tauroslovenia.eu\/wp-content\/uploads\/2023\/07\/TPL47280.jpg","contentUrl":"http:\/\/tauroslovenia.eu\/wp-content\/uploads\/2023\/07\/TPL47280.jpg","width":1500,"height":1500},{"@type":"BreadcrumbList","@id":"http:\/\/tauroslovenia.eu\/de\/izdelek\/tauro-pro-line-pure-nature-nosepaw-balm-hydratesmoisturizes-feuchtigkeitsspendendes-pfoten-und-nasenbalsam-fuer-hunde-und-katzen\/#breadcrumb","itemListElement":[{"@type":"ListItem","position":1,"name":"Domov","item":"http:\/\/tauroslovenia.eu\/de\/"},{"@type":"ListItem","position":2,"name":"Trgovina","item":"http:\/\/tauroslovenia.eu\/trgovina\/"},{"@type":"ListItem","position":3,"name":"Tauro Pro Line Pure Nature Nose&#038;Paw Balm Hydrates&#038;Moisturizes, feuchtigkeitsspendendes Pfoten- und Nasenbalsam f\u00fcr Hunde und Katzen"}]},{"@type":"WebSite","@id":"http:\/\/tauroslovenia.eu\/de\/#website","url":"http:\/\/tauroslovenia.eu\/de\/","name":"Tauro Slovenia","description":"","publisher":{"@id":"http:\/\/tauroslovenia.eu\/de\/#organization"},"potentialAction":[{"@type":"SearchAction","target":{"@type":"EntryPoint","urlTemplate":"http:\/\/tauroslovenia.eu\/de\/?s={search_term_string}"},"query-input":{"@type":"PropertyValueSpecification","valueRequired":true,"valueName":"search_term_string"}}],"inLanguage":"de"},{"@type":"Organization","@id":"http:\/\/tauroslovenia.eu\/de\/#organization","name":"KA&L SOLUTIONS d.o.o.","url":"http:\/\/tauroslovenia.eu\/de\/","logo":{"@type":"ImageObject","inLanguage":"de","@id":"http:\/\/tauroslovenia.eu\/de\/#\/schema\/logo\/image\/","url":"http:\/\/tauroslovenia.eu\/wp-content\/uploads\/2023\/07\/logo-tauroproline-email.png","contentUrl":"http:\/\/tauroslovenia.eu\/wp-content\/uploads\/2023\/07\/logo-tauroproline-email.png","width":157,"height":101,"caption":"KA&L SOLUTIONS d.o.o."},"image":{"@id":"http:\/\/tauroslovenia.eu\/de\/#\/schema\/logo\/image\/"},"sameAs":["https:\/\/www.facebook.com\/tauroproline.slovenia\/","https:\/\/www.instagram.com\/tauroproline_slovenia\/"]}]}},"brands":[{"id":264,"name":"TAURO","slug":"tauro"}],"_links":{"self":[{"href":"http:\/\/tauroslovenia.eu\/de\/wp-json\/wp\/v2\/product\/57131"}],"collection":[{"href":"http:\/\/tauroslovenia.eu\/de\/wp-json\/wp\/v2\/product"}],"about":[{"href":"http:\/\/tauroslovenia.eu\/de\/wp-json\/wp\/v2\/types\/product"}],"wp:featuredmedia":[{"embeddable":true,"href":"http:\/\/tauroslovenia.eu\/de\/wp-json\/wp\/v2\/media\/57133"}],"wp:attachment":[{"href":"http:\/\/tauroslovenia.eu\/de\/wp-json\/wp\/v2\/media?parent=57131"}],"wp:term":[{"taxonomy":"pwb-brand","embeddable":true,"href":"http:\/\/tauroslovenia.eu\/de\/wp-json\/wp\/v2\/pwb-brand?post=57131"},{"taxonomy":"product_cat","embeddable":true,"href":"http:\/\/tauroslovenia.eu\/de\/wp-json\/wp\/v2\/product_cat?post=57131"},{"taxonomy":"product_tag","embeddable":true,"href":"http:\/\/tauroslovenia.eu\/de\/wp-json\/wp\/v2\/product_tag?post=57131"}],"curies":[{"name":"wp","href":"https:\/\/api.w.org\/{rel}","templated":true}]}}