{"id":57140,"date":"2024-09-15T23:39:37","date_gmt":"2024-09-15T21:39:37","guid":{"rendered":"https:\/\/tauroslovenia.eu\/izdelek\/tauro-pro-line-pure-nature-naehrstoffelixier-nr-1-zur-fellpflege-von-hunden-und-katzen\/"},"modified":"2024-10-25T14:54:41","modified_gmt":"2024-10-25T12:54:41","slug":"tauro-pro-line-pure-nature-naehrstoffelixier-nr-1-zur-fellpflege-von-hunden-und-katzen","status":"publish","type":"product","link":"http:\/\/tauroslovenia.eu\/de\/izdelek\/tauro-pro-line-pure-nature-naehrstoffelixier-nr-1-zur-fellpflege-von-hunden-und-katzen\/","title":{"rendered":"TAURO Pro Line Pure Nature N\u00e4hrstoffelixier Nr. 1, zur Fellpflege von Hunden und Katzen"},"content":{"rendered":"<p><span>Weitere Informationen zu unserem gesamten Angebot finden Sie <em>&#8222;<\/em>Tauro Pro Line&#8220;, Geschichte und unsere Tipps <a href=\"https:\/\/www.kika.lt\/files\/uploaded\/TPL\/Tauro_Pro_Line_product_catalogue.pdf\">HIER.<\/a><\/span><\/p>\n<p><span>Die Mischung \u00e4therischer \u00d6le TAURO PRO LINE Pure Nature Nourishing Elixir Nr. 1 ist ein luxuri\u00f6ses, professionelles Pflege-, n\u00e4hrendes und regenerierendes Produkt f\u00fcr das Fell und die Haut aller Hunderassen.<\/span><\/p>\n<p><strong><span>F\u00dcR DIE PFLEGE VON HAUT UND FELL IHRER HAUSTIERE ENTWICKELT<\/span><\/strong><\/p>\n<ul>\n<li><span>Ein Komplex aus nat\u00fcrlichen \u00d6len, reich an Vitaminen und Aminos\u00e4uren, spendet intensive Feuchtigkeit und regeneriert gesch\u00e4digtes und glanzloses Fell und Haut.<\/span><\/li>\n<li><span>Die Kombination aus \u00e4therischen und nat\u00fcrlichen \u00d6len im Elixier wurde speziell entwickelt, um sicherzustellen, dass das Fell Ihres Haustieres gesund, dicht und stark ist und die Haut in einwandfreiem Zustand bleibt.<\/span><\/li>\n<\/ul>\n<p><span>Das Elixier enth\u00e4lt acht \u00e4therische und neun nat\u00fcrliche Pflanzen\u00f6le, die zu einem glatteren Fell beitragen und beim Kampf gegen Haarausfall helfen, w\u00e4hrend sie gleichzeitig Glanz und Volumen erh\u00f6hen.<\/span><\/p>\n<ul>\n<li><strong><span>Argan\u00f6l<\/span><\/strong><span> zieht perfekt in das Fell und die Haut ein und spendet ihnen von innen heraus Feuchtigkeit und Vitamine.<\/span><\/li>\n<li><strong><span>Aprikosenkern\u00f6l<\/span><\/strong><span> spendet Feuchtigkeit und n\u00e4hrt das Fell und die Haut mit Vitamin A, das die Hautregeneration f\u00f6rdert und den K\u00f6rper vor sch\u00e4dlichen freien Radikalen sch\u00fctzt.<\/span><\/li>\n<li><strong><span>Hanf\u00f6l<\/span><\/strong><span> enth\u00e4lt ein ausgewogenes Verh\u00e4ltnis an unges\u00e4ttigten Fetts\u00e4uren und nat\u00fcrlichen Antioxidantien, die eine au\u00dfergew\u00f6hnliche Hautschutz bieten. Das \u00d6l dringt tief in die Haut ein und macht sie glatt und \u00e4u\u00dferst weich. Au\u00dferdem f\u00f6rdert Hanf\u00f6l das Haarwachstum.<\/span><\/li>\n<li><strong><span>Kokos\u00f6l<\/span><\/strong><span> reguliert den pH-Wert der Haut, beschleunigt das Haarwachstum und hat antimikrobielle Eigenschaften. Die Fetts\u00e4uren im \u00d6l reparieren besch\u00e4digtes Haar und sch\u00fctzen es dauerhaft vor negativen Umwelteinfl\u00fcssen.<\/span><\/li>\n<\/ul>\n<ul>\n<li><strong><span>Kokosbutter<\/span><\/strong><span> &#8211; dieses \u00d6l spendet tiefgehende Feuchtigkeit und n\u00e4hrt die Haut.<\/span><\/li>\n<li><strong><span>Hibiskus\u00f6l<\/span><\/strong><span> &#8211; Hibiskus\u00f6l im Elixier hilft, Haarausfall zu verhindern, st\u00e4rkt das Haar und verleiht ihm Glanz.<\/span><\/li>\n<li><strong><span>Aloe-Vera-\u00d6l<\/span><\/strong><span> &#8211; durch die Bildung eines Schutzfilms st\u00e4rkt Aloe-Vera-\u00d6l das Haar und kann dabei helfen, es zu reparieren und zu regenerieren.<\/span><\/li>\n<li><strong><span>Andiroba<\/span><\/strong><span> <strong>Samen\u00f6l<\/strong> &#8211; aufgrund seiner entz\u00fcndungshemmenden Eigenschaften kann dieses \u00d6l helfen, R\u00f6tungen zu reduzieren und den Zustand der Haut zu verbessern.<\/span><\/li>\n<li><strong><span>Cranberry\u00f6l<\/span><\/strong><span> &#8211; dieses \u00d6l hat feuchtigkeitsspendende und verj\u00fcngende Eigenschaften.<\/span><\/li>\n<\/ul>\n<ul>\n<li><strong><span>Lavendel<\/span><\/strong><span> (<em>Lavandula angustifolia<\/em>) \u00e4therisches \u00d6l verbessert den Zustand von Haar und Haut, heilt Wunden und Kratzer sowie Ekzeme.<\/span><\/li>\n<li><strong><span>Breitbl\u00e4ttriger Eukalyptus<\/span><\/strong><span> (<em>Eucalyptus dives<\/em>) \u00e4therisches \u00d6l hat antibakterielle Eigenschaften, entspannt und beruhigt die Haut.<\/span><\/li>\n<li><strong><span>Zitronengras<\/span><\/strong><span> (<em>Cymbopogon flexuosus<\/em>) \u00e4therisches \u00d6l tonisiert, beruhigt, lindert Schmerzen und hat antibakterielle Eigenschaften. Dieses \u00e4therische \u00d6l kann die Blutzirkulation aktivieren und so die Regeneration der Hautzellen f\u00f6rdern.<\/span><\/li>\n<li><strong><span>Teebaum<\/span><\/strong><span> (<em>Melaleuca alternifolia<\/em>) \u00e4therisches \u00d6l wirkt antimykotisch, antiviral und entz\u00fcndungshemmend. Es kann bei der Behandlung verschiedener Hautkrankheiten helfen.<\/span><\/li>\n<li><strong><span>Texas-Zeder<\/span><\/strong><span> (<em>Juniperus mexicana<\/em>) \u00e4therisches \u00d6l kann das Haarwachstum beschleunigen und Haarausfall reduzieren.<\/span><\/li>\n<li><strong><span>Javanische Citronella<\/span><\/strong><span> (<em>Cymbopogon winterianus<\/em>) \u00e4therisches \u00d6l hat entz\u00fcndungshemmende Eigenschaften und kann helfen, gereizte Haut zu beruhigen.<\/span><\/li>\n<li><strong><span>Manuka-\u00d6l<\/span><\/strong><span> (<em>Leptospermum scoparium<\/em>) hilft, unangenehme Ger\u00fcche zu entfernen und kann helfen, vor st\u00f6renden Bakterien oder Keimen zu sch\u00fctzen.<\/span><\/li>\n<\/ul>\n<p><strong><span>Uporaba<\/span><\/strong><span>: dodajte 10-15 kapljic TAURO PRO LINE Pure Nature hranilnega eliksirja \u0161t. 1 v \u0161ampon ali balzam za va\u0161ega ljubljen\u010dka. Vmasirajte v ko\u017eo in nanesite od korenin do konic, pustite delovati 3-5 minut in sperite. Ne nana\u0161ajte neposredno na ko\u017eo ljubljen\u010dkov, pred uporabo razred\u010dite z osnovnim dlakom ali sredstvom za nego ko\u017ee.<\/span><\/p>\n<p><strong><span>Priporo\u010dila<\/span><\/strong><span>. Priporo\u010dljivo za pse s suho, red\u010deno dlako ali izgubo zdravega leska. Eliksir je tudi odli\u010den izdelek za nego in izbolj\u0161anje stanja ko\u017ee. Zaradi visokokakovostnih sestavin in blage formulacije je primeren tudi za ljubljen\u010dke z ob\u010dutljivo ko\u017eo.<\/span><\/p>\n<p><span>Priro\u010dna embala\u017ea s pipeto omogo\u010da natan\u010dno doziranje.<\/span><\/p>\n<p><span>Linija eliksirjev Tauro Pro Line Pure Nature temelji na znanju, raziskavah in dolgoletnih izku\u0161njah znanstvenikov in kinologov. Eliksirji vsebujejo samo naravne in izjemno blagodejne sestavine za nego dlake in ko\u017ee va\u0161ega ljubljen\u010dka.<\/span><\/p>\n<p><strong><span>Narejeno<\/span><\/strong><span> v Evropski uniji.<\/span><\/p>\n<p><strong><span>Opozorila<\/span><\/strong><span>. Samo za zunanjo uporabo. Izogibajte se stiku z o\u010dmi in usti. Alergijske reakcije so redke. \u010ce pride do alergijske reakcije, izdelka ne uporabljajte. Hraniti izven dosega otrok. Rok uporabnosti izdelka: 12 mesecev od odprtja.<\/span><\/p>\n<p>Prosimo, izpolnite obrazec, da vam pomagamo re\u0161iti te\u017eave z dlako in ko\u017eo va\u0161ega ljubljen\u010dka:<\/p>\n<p>Anketa<span> <\/span><a href=\"https:\/\/forms.gle\/jMnWbh1HwKiPBuLr7\">tukaj<\/a><\/p>\n","protected":false},"excerpt":{"rendered":"<p>Mischung aus \u00e4therischen \u00d6len TAURO PRO LINE Pure Nature Nourishing Elixir Nr. 1 ist ein luxuri\u00f6ses, professionelles Fell- und Hautpflegeprodukt f\u00fcr alle Hunderassen.<\/p>\n","protected":false},"featured_media":57142,"template":"","meta":{"_acf_changed":false},"pwb-brand":[264],"product_cat":[597],"product_tag":[],"class_list":{"0":"post-57140","1":"product","2":"type-product","3":"status-publish","4":"has-post-thumbnail","6":"pwb-brand-tauro","7":"product_cat-elixier","9":"first","10":"instock","11":"taxable","12":"shipping-taxable","13":"purchasable","14":"product-type-simple"},"acf":[],"yoast_head":"<!-- This site is optimized with the Yoast SEO plugin v23.6 - https:\/\/yoast.com\/wordpress\/plugins\/seo\/ -->\n<title>TAURO Pro Line Pure Nature N\u00e4hrstoffelixier Nr. 1, zur Fellpflege von Hunden und Katzen | Tauro Slovenia<\/title>\n<meta name=\"robots\" content=\"index, follow, max-snippet:-1, max-image-preview:large, max-video-preview:-1\" \/>\n<link rel=\"canonical\" href=\"http:\/\/tauroslovenia.eu\/de\/izdelek\/tauro-pro-line-pure-nature-naehrstoffelixier-nr-1-zur-fellpflege-von-hunden-und-katzen\/\" \/>\n<meta property=\"og:locale\" content=\"de_DE\" \/>\n<meta property=\"og:type\" content=\"article\" \/>\n<meta property=\"og:title\" content=\"TAURO Pro Line Pure Nature N\u00e4hrstoffelixier Nr. 1, zur Fellpflege von Hunden und Katzen | Tauro Slovenia\" \/>\n<meta property=\"og:description\" content=\"Mischung aus \u00e4therischen \u00d6len TAURO PRO LINE Pure Nature Nourishing Elixir Nr. 1 ist ein luxuri\u00f6ses, professionelles Fell- und Hautpflegeprodukt f\u00fcr alle Hunderassen.\" \/>\n<meta property=\"og:url\" content=\"http:\/\/tauroslovenia.eu\/de\/izdelek\/tauro-pro-line-pure-nature-naehrstoffelixier-nr-1-zur-fellpflege-von-hunden-und-katzen\/\" \/>\n<meta property=\"og:site_name\" content=\"Tauro Slovenia\" \/>\n<meta property=\"article:publisher\" content=\"https:\/\/www.facebook.com\/tauroproline.slovenia\/\" \/>\n<meta property=\"article:modified_time\" content=\"2024-10-25T12:54:41+00:00\" \/>\n<meta property=\"og:image\" content=\"http:\/\/tauroslovenia.eu\/wp-content\/uploads\/2023\/07\/TPL47408-scaled.jpg\" \/>\n\t<meta property=\"og:image:width\" content=\"2560\" \/>\n\t<meta property=\"og:image:height\" content=\"2560\" \/>\n\t<meta property=\"og:image:type\" content=\"image\/jpeg\" \/>\n<meta name=\"twitter:card\" content=\"summary_large_image\" \/>\n<meta name=\"twitter:label1\" content=\"Gesch\u00e4tzte Lesezeit\" \/>\n\t<meta name=\"twitter:data1\" content=\"4\u00a0Minuten\" \/>\n<script type=\"application\/ld+json\" class=\"yoast-schema-graph\">{\"@context\":\"https:\/\/schema.org\",\"@graph\":[{\"@type\":\"WebPage\",\"@id\":\"http:\/\/tauroslovenia.eu\/de\/izdelek\/tauro-pro-line-pure-nature-naehrstoffelixier-nr-1-zur-fellpflege-von-hunden-und-katzen\/\",\"url\":\"http:\/\/tauroslovenia.eu\/de\/izdelek\/tauro-pro-line-pure-nature-naehrstoffelixier-nr-1-zur-fellpflege-von-hunden-und-katzen\/\",\"name\":\"TAURO Pro Line Pure Nature N\u00e4hrstoffelixier Nr. 1, zur Fellpflege von Hunden und Katzen | Tauro Slovenia\",\"isPartOf\":{\"@id\":\"http:\/\/tauroslovenia.eu\/de\/#website\"},\"primaryImageOfPage\":{\"@id\":\"http:\/\/tauroslovenia.eu\/de\/izdelek\/tauro-pro-line-pure-nature-naehrstoffelixier-nr-1-zur-fellpflege-von-hunden-und-katzen\/#primaryimage\"},\"image\":{\"@id\":\"http:\/\/tauroslovenia.eu\/de\/izdelek\/tauro-pro-line-pure-nature-naehrstoffelixier-nr-1-zur-fellpflege-von-hunden-und-katzen\/#primaryimage\"},\"thumbnailUrl\":\"http:\/\/tauroslovenia.eu\/wp-content\/uploads\/2023\/07\/TPL47408-scaled.jpg\",\"datePublished\":\"2024-09-15T21:39:37+00:00\",\"dateModified\":\"2024-10-25T12:54:41+00:00\",\"breadcrumb\":{\"@id\":\"http:\/\/tauroslovenia.eu\/de\/izdelek\/tauro-pro-line-pure-nature-naehrstoffelixier-nr-1-zur-fellpflege-von-hunden-und-katzen\/#breadcrumb\"},\"inLanguage\":\"de\",\"potentialAction\":[{\"@type\":\"ReadAction\",\"target\":[\"http:\/\/tauroslovenia.eu\/de\/izdelek\/tauro-pro-line-pure-nature-naehrstoffelixier-nr-1-zur-fellpflege-von-hunden-und-katzen\/\"]}]},{\"@type\":\"ImageObject\",\"inLanguage\":\"de\",\"@id\":\"http:\/\/tauroslovenia.eu\/de\/izdelek\/tauro-pro-line-pure-nature-naehrstoffelixier-nr-1-zur-fellpflege-von-hunden-und-katzen\/#primaryimage\",\"url\":\"http:\/\/tauroslovenia.eu\/wp-content\/uploads\/2023\/07\/TPL47408-scaled.jpg\",\"contentUrl\":\"http:\/\/tauroslovenia.eu\/wp-content\/uploads\/2023\/07\/TPL47408-scaled.jpg\",\"width\":2560,\"height\":2560},{\"@type\":\"BreadcrumbList\",\"@id\":\"http:\/\/tauroslovenia.eu\/de\/izdelek\/tauro-pro-line-pure-nature-naehrstoffelixier-nr-1-zur-fellpflege-von-hunden-und-katzen\/#breadcrumb\",\"itemListElement\":[{\"@type\":\"ListItem\",\"position\":1,\"name\":\"Domov\",\"item\":\"http:\/\/tauroslovenia.eu\/de\/\"},{\"@type\":\"ListItem\",\"position\":2,\"name\":\"Trgovina\",\"item\":\"https:\/\/tauroslovenia.eu\/trgovina\/\"},{\"@type\":\"ListItem\",\"position\":3,\"name\":\"TAURO Pro Line Pure Nature N\u00e4hrstoffelixier Nr. 1, zur Fellpflege von Hunden und Katzen\"}]},{\"@type\":\"WebSite\",\"@id\":\"http:\/\/tauroslovenia.eu\/de\/#website\",\"url\":\"http:\/\/tauroslovenia.eu\/de\/\",\"name\":\"Tauro Slovenia\",\"description\":\"\",\"publisher\":{\"@id\":\"http:\/\/tauroslovenia.eu\/de\/#organization\"},\"potentialAction\":[{\"@type\":\"SearchAction\",\"target\":{\"@type\":\"EntryPoint\",\"urlTemplate\":\"http:\/\/tauroslovenia.eu\/de\/?s={search_term_string}\"},\"query-input\":{\"@type\":\"PropertyValueSpecification\",\"valueRequired\":true,\"valueName\":\"search_term_string\"}}],\"inLanguage\":\"de\"},{\"@type\":\"Organization\",\"@id\":\"http:\/\/tauroslovenia.eu\/de\/#organization\",\"name\":\"KA&L SOLUTIONS d.o.o.\",\"url\":\"http:\/\/tauroslovenia.eu\/de\/\",\"logo\":{\"@type\":\"ImageObject\",\"inLanguage\":\"de\",\"@id\":\"http:\/\/tauroslovenia.eu\/de\/#\/schema\/logo\/image\/\",\"url\":\"http:\/\/tauroslovenia.eu\/wp-content\/uploads\/2023\/07\/logo-tauroproline-email.png\",\"contentUrl\":\"http:\/\/tauroslovenia.eu\/wp-content\/uploads\/2023\/07\/logo-tauroproline-email.png\",\"width\":157,\"height\":101,\"caption\":\"KA&L SOLUTIONS d.o.o.\"},\"image\":{\"@id\":\"http:\/\/tauroslovenia.eu\/de\/#\/schema\/logo\/image\/\"},\"sameAs\":[\"https:\/\/www.facebook.com\/tauroproline.slovenia\/\",\"https:\/\/www.instagram.com\/tauroproline_slovenia\/\"]}]}<\/script>\n<!-- \/ Yoast SEO plugin. -->","yoast_head_json":{"title":"TAURO Pro Line Pure Nature N\u00e4hrstoffelixier Nr. 1, zur Fellpflege von Hunden und Katzen | Tauro Slovenia","robots":{"index":"index","follow":"follow","max-snippet":"max-snippet:-1","max-image-preview":"max-image-preview:large","max-video-preview":"max-video-preview:-1"},"canonical":"http:\/\/tauroslovenia.eu\/de\/izdelek\/tauro-pro-line-pure-nature-naehrstoffelixier-nr-1-zur-fellpflege-von-hunden-und-katzen\/","og_locale":"de_DE","og_type":"article","og_title":"TAURO Pro Line Pure Nature N\u00e4hrstoffelixier Nr. 1, zur Fellpflege von Hunden und Katzen | Tauro Slovenia","og_description":"Mischung aus \u00e4therischen \u00d6len TAURO PRO LINE Pure Nature Nourishing Elixir Nr. 1 ist ein luxuri\u00f6ses, professionelles Fell- und Hautpflegeprodukt f\u00fcr alle Hunderassen.","og_url":"http:\/\/tauroslovenia.eu\/de\/izdelek\/tauro-pro-line-pure-nature-naehrstoffelixier-nr-1-zur-fellpflege-von-hunden-und-katzen\/","og_site_name":"Tauro Slovenia","article_publisher":"https:\/\/www.facebook.com\/tauroproline.slovenia\/","article_modified_time":"2024-10-25T12:54:41+00:00","og_image":[{"width":2560,"height":2560,"url":"http:\/\/tauroslovenia.eu\/wp-content\/uploads\/2023\/07\/TPL47408-scaled.jpg","type":"image\/jpeg"}],"twitter_card":"summary_large_image","twitter_misc":{"Gesch\u00e4tzte Lesezeit":"4\u00a0Minuten"},"schema":{"@context":"https:\/\/schema.org","@graph":[{"@type":"WebPage","@id":"http:\/\/tauroslovenia.eu\/de\/izdelek\/tauro-pro-line-pure-nature-naehrstoffelixier-nr-1-zur-fellpflege-von-hunden-und-katzen\/","url":"http:\/\/tauroslovenia.eu\/de\/izdelek\/tauro-pro-line-pure-nature-naehrstoffelixier-nr-1-zur-fellpflege-von-hunden-und-katzen\/","name":"TAURO Pro Line Pure Nature N\u00e4hrstoffelixier Nr. 1, zur Fellpflege von Hunden und Katzen | Tauro Slovenia","isPartOf":{"@id":"http:\/\/tauroslovenia.eu\/de\/#website"},"primaryImageOfPage":{"@id":"http:\/\/tauroslovenia.eu\/de\/izdelek\/tauro-pro-line-pure-nature-naehrstoffelixier-nr-1-zur-fellpflege-von-hunden-und-katzen\/#primaryimage"},"image":{"@id":"http:\/\/tauroslovenia.eu\/de\/izdelek\/tauro-pro-line-pure-nature-naehrstoffelixier-nr-1-zur-fellpflege-von-hunden-und-katzen\/#primaryimage"},"thumbnailUrl":"http:\/\/tauroslovenia.eu\/wp-content\/uploads\/2023\/07\/TPL47408-scaled.jpg","datePublished":"2024-09-15T21:39:37+00:00","dateModified":"2024-10-25T12:54:41+00:00","breadcrumb":{"@id":"http:\/\/tauroslovenia.eu\/de\/izdelek\/tauro-pro-line-pure-nature-naehrstoffelixier-nr-1-zur-fellpflege-von-hunden-und-katzen\/#breadcrumb"},"inLanguage":"de","potentialAction":[{"@type":"ReadAction","target":["http:\/\/tauroslovenia.eu\/de\/izdelek\/tauro-pro-line-pure-nature-naehrstoffelixier-nr-1-zur-fellpflege-von-hunden-und-katzen\/"]}]},{"@type":"ImageObject","inLanguage":"de","@id":"http:\/\/tauroslovenia.eu\/de\/izdelek\/tauro-pro-line-pure-nature-naehrstoffelixier-nr-1-zur-fellpflege-von-hunden-und-katzen\/#primaryimage","url":"http:\/\/tauroslovenia.eu\/wp-content\/uploads\/2023\/07\/TPL47408-scaled.jpg","contentUrl":"http:\/\/tauroslovenia.eu\/wp-content\/uploads\/2023\/07\/TPL47408-scaled.jpg","width":2560,"height":2560},{"@type":"BreadcrumbList","@id":"http:\/\/tauroslovenia.eu\/de\/izdelek\/tauro-pro-line-pure-nature-naehrstoffelixier-nr-1-zur-fellpflege-von-hunden-und-katzen\/#breadcrumb","itemListElement":[{"@type":"ListItem","position":1,"name":"Domov","item":"http:\/\/tauroslovenia.eu\/de\/"},{"@type":"ListItem","position":2,"name":"Trgovina","item":"https:\/\/tauroslovenia.eu\/trgovina\/"},{"@type":"ListItem","position":3,"name":"TAURO Pro Line Pure Nature N\u00e4hrstoffelixier Nr. 1, zur Fellpflege von Hunden und Katzen"}]},{"@type":"WebSite","@id":"http:\/\/tauroslovenia.eu\/de\/#website","url":"http:\/\/tauroslovenia.eu\/de\/","name":"Tauro Slovenia","description":"","publisher":{"@id":"http:\/\/tauroslovenia.eu\/de\/#organization"},"potentialAction":[{"@type":"SearchAction","target":{"@type":"EntryPoint","urlTemplate":"http:\/\/tauroslovenia.eu\/de\/?s={search_term_string}"},"query-input":{"@type":"PropertyValueSpecification","valueRequired":true,"valueName":"search_term_string"}}],"inLanguage":"de"},{"@type":"Organization","@id":"http:\/\/tauroslovenia.eu\/de\/#organization","name":"KA&L SOLUTIONS d.o.o.","url":"http:\/\/tauroslovenia.eu\/de\/","logo":{"@type":"ImageObject","inLanguage":"de","@id":"http:\/\/tauroslovenia.eu\/de\/#\/schema\/logo\/image\/","url":"http:\/\/tauroslovenia.eu\/wp-content\/uploads\/2023\/07\/logo-tauroproline-email.png","contentUrl":"http:\/\/tauroslovenia.eu\/wp-content\/uploads\/2023\/07\/logo-tauroproline-email.png","width":157,"height":101,"caption":"KA&L SOLUTIONS d.o.o."},"image":{"@id":"http:\/\/tauroslovenia.eu\/de\/#\/schema\/logo\/image\/"},"sameAs":["https:\/\/www.facebook.com\/tauroproline.slovenia\/","https:\/\/www.instagram.com\/tauroproline_slovenia\/"]}]}},"brands":[{"id":264,"name":"TAURO","slug":"tauro"}],"_links":{"self":[{"href":"http:\/\/tauroslovenia.eu\/de\/wp-json\/wp\/v2\/product\/57140"}],"collection":[{"href":"http:\/\/tauroslovenia.eu\/de\/wp-json\/wp\/v2\/product"}],"about":[{"href":"http:\/\/tauroslovenia.eu\/de\/wp-json\/wp\/v2\/types\/product"}],"wp:featuredmedia":[{"embeddable":true,"href":"http:\/\/tauroslovenia.eu\/de\/wp-json\/wp\/v2\/media\/57142"}],"wp:attachment":[{"href":"http:\/\/tauroslovenia.eu\/de\/wp-json\/wp\/v2\/media?parent=57140"}],"wp:term":[{"taxonomy":"pwb-brand","embeddable":true,"href":"http:\/\/tauroslovenia.eu\/de\/wp-json\/wp\/v2\/pwb-brand?post=57140"},{"taxonomy":"product_cat","embeddable":true,"href":"http:\/\/tauroslovenia.eu\/de\/wp-json\/wp\/v2\/product_cat?post=57140"},{"taxonomy":"product_tag","embeddable":true,"href":"http:\/\/tauroslovenia.eu\/de\/wp-json\/wp\/v2\/product_tag?post=57140"}],"curies":[{"name":"wp","href":"https:\/\/api.w.org\/{rel}","templated":true}]}}