{"id":57146,"date":"2024-09-15T23:39:37","date_gmt":"2024-09-15T21:39:37","guid":{"rendered":"https:\/\/tauroslovenia.eu\/izdelek\/tauro-pro-line-pure-nature-calming-elixir-nr-3-um-das-fell-und-die-haut-von-hunden-und-katzen-zu-beruhigen\/"},"modified":"2024-11-01T16:30:15","modified_gmt":"2024-11-01T15:30:15","slug":"tauro-pro-line-pure-nature-calming-elixir-nr-3-um-das-fell-und-die-haut-von-hunden-und-katzen-zu-beruhigen","status":"publish","type":"product","link":"http:\/\/tauroslovenia.eu\/de\/izdelek\/tauro-pro-line-pure-nature-calming-elixir-nr-3-um-das-fell-und-die-haut-von-hunden-und-katzen-zu-beruhigen\/","title":{"rendered":"TAURO Pro Line Pure Nature Calming Elixir Nr. 3, um das Fell und die Haut von Hunden und Katzen zu beruhigen"},"content":{"rendered":"<p><span>Weitere Informationen \u00fcber das gesamte Angebot finden Sie <em>&#8222;<\/em>Tauro Pro Line&#8220;, Geschichte und unsere Tipps <a href=\"https:\/\/www.kika.lt\/files\/uploaded\/TPL\/Tauro_Pro_Line_product_catalogue.pdf\">HIER.<\/a><\/span><\/p>\n<p><span>Die Mischung \u00e4therischer \u00d6le TAURO PRO LINE Pure Nature Calming Elixir No. 3 &#8211; ein luxuri\u00f6ses, professionelles Produkt zur Pflege von Fell und Haut f\u00fcr Hunde aller Rassen. Nicht direkt auf die Haut von Haustieren auftragen, vor Gebrauch mit Basisfell- oder Hautpflegemittel verd\u00fcnnen.<\/span><\/p>\n<p><strong><span>ENTWICKELT F\u00dcR DIE PFLEGE DER HAUT UND DES FELLS VON HAUSTIEREN<\/span><\/strong><\/p>\n<ul>\n<li><span>Ein Komplex aus nat\u00fcrlichen \u00d6len, reich an Vitaminen und Aminos\u00e4uren, spendet intensiv Feuchtigkeit und regeneriert gesch\u00e4digtes und glanzloses Fell und Haut.<\/span><\/li>\n<li><span>Die Kombination aus \u00e4therischen und nat\u00fcrlichen \u00d6len im Elixier wurde speziell entwickelt, um Hautreizungen und Juckreiz zu reduzieren und die gesunde Haut und das Fell Ihres Haustieres wiederherzustellen.<\/span><\/li>\n<\/ul>\n<p><span>Das Elixier besteht aus zehn nat\u00fcrlichen und acht \u00e4therischen \u00d6len, die gereizte Haut beruhigen, Schuppen reduzieren und das Fell regenerieren.<\/span><\/p>\n<p><span>Die Kraft aller Inhaltsstoffe des Elixiers regeneriert das Fell Ihres Haustieres, hilft bei der Beseitigung von Hautreizungen und hat eine lang anhaltende beruhigende Wirkung.<\/span><\/p>\n<p><strong><span>Inhaltsstoffe des Elixiers:<\/span><\/strong><\/p>\n<ul>\n<li><strong><span>Acai-Beeren\u00f6l<\/span><\/strong><span> zieht vollst\u00e4ndig in das Haar ein und hilft, es zu st\u00e4rken.<\/span><\/li>\n<li><strong><span>S\u00fc\u00dfholz\u00f6l<\/span><\/strong><span> f\u00f6rdert das Haarwachstum und spendet dem Fell und der Haut des Haustiers Feuchtigkeit.<\/span><\/li>\n<li><strong><span>Orchideen\u00f6l<\/span><\/strong><span> hat entz\u00fcndungshemmende und antibakterielle Eigenschaften und kann daher helfen, juckende, gereizte Haut zu lindern.<\/span><\/li>\n<li><strong><span>Hanf\u00f6l<\/span><\/strong><span> enth\u00e4lt ein ausgewogenes Verh\u00e4ltnis von unges\u00e4ttigten Fetts\u00e4uren und nat\u00fcrlichen Antioxidantien, die einen au\u00dfergew\u00f6hnlichen Schutz der Haut gew\u00e4hrleisten. Das \u00d6l dringt tief in die Haut ein und macht sie glatt und \u00e4u\u00dferst weich.<\/span><\/li>\n<li><strong><span>Reiskleie\u00f6l<\/span><\/strong><span> zieht hervorragend ein und sch\u00fctzt die Haut und das Fell mit seinen au\u00dfergew\u00f6hnlichen antioxidativen Eigenschaften.<\/span><\/li>\n<li><strong><span>Schwarzk\u00fcmmel\u00f6l<\/span><\/strong><span> spendet nicht nur effektiv Feuchtigkeit, sondern h\u00e4lt auch die Feuchtigkeit in der Haut.<\/span><\/li>\n<li><strong><span>Baobabsamen\u00f6l<\/span><\/strong><span> hat ebenfalls feuchtigkeitsspendende Eigenschaften und kann selbst sehr trockenes Haar befeuchten.<\/span><\/li>\n<li><strong><span>Shea\u00f6l<\/span><\/strong><span> spendet Feuchtigkeit und pflegt die Haut und das Fell Ihres Haustieres.<\/span><\/li>\n<li><strong><span>Kokos\u00f6l<\/span><\/strong><span> reguliert den pH-Wert der Haut, f\u00f6rdert das Haarwachstum und hat antimikrobielle Eigenschaften. Die Fetts\u00e4uren im \u00d6l reparieren gesch\u00e4digtes Haar und sch\u00fctzen es dauerhaft vor negativen Umwelteinfl\u00fcssen.<\/span><\/li>\n<li><strong><span>Kamelienkern\u00f6l<\/span><\/strong><span> wird leicht absorbiert und ist besonders reich an Vitamin A, das hilft, die Haut zu erneuern.<\/span><\/li>\n<\/ul>\n<ul>\n<li><strong><span>Rosmarin 1,8-Cineol<\/span><\/strong><span> (<em>Rosmarinus officinalis<\/em>) \u00e4therisches \u00d6l hat entz\u00fcndungshemmende und antioxidative Eigenschaften und kann helfen, Haarausfall zu reduzieren.<\/span><\/li>\n<li><strong><span>Texas-Zedernholz<\/span><\/strong><span> (<em>Juniperus mexicana<\/em>) \u00e4therisches \u00d6l kann helfen, das Haarwachstum zu beschleunigen und Haarausfall zu reduzieren.<\/span><\/li>\n<li><strong><span>Lavendel<\/span><\/strong><span> (<em>Lavandula angustifolia<\/em>) \u00e4therisches \u00d6l verbessert den Zustand von Haar und Haut, heilt Wunden und Kratzer sowie Ekzeme.<\/span><\/li>\n<li><strong><span>Zitronengras<\/span><\/strong><span> (<em>Cymbopogon flexuosus<\/em>) \u00e4therisches \u00d6l tonisiert, beruhigt, lindert Schmerzen und hat antibakterielle Eigenschaften. Dieses \u00e4therische \u00d6l kann die Durchblutung aktivieren und so die Regeneration der Hautzellen f\u00f6rdern.<\/span><\/li>\n<\/ul>\n<li><strong><span>Esencialni jane\u017e<\/span><\/strong><span> olje stimulira ko\u017eo, kar pripomore k hitrej\u0161i in gostej\u0161i rasti dlake.<\/span><\/li>\n<li><span>Eteri\u010dno olje Copaiba pomaga laj\u0161ati simptome luskaste ko\u017ee.<\/span><\/li>\n<li><strong><span>Ozkolistni papirnjak <\/span><\/strong><span>(<em>Melaleuca alternifolia<\/em>) eteri\u010dno olje deluje protiglivi\u010dno, protivirusno in protivnetno. Lahko pomaga pri zdravljenju razli\u010dnih ko\u017enih bolezni.<\/span><\/li>\n<li><strong><span>Poprova meta <\/span><\/strong><span>(<em>Mentha x piperita<\/em>) eteri\u010dno olje lahko pomaga pri laj\u0161anju bole\u010din, bla\u017ei razdra\u017eeno ko\u017eo, zdravi mehurje, ekcem in dermatitis.<\/span><\/li>\n<\/ul>\n<p><strong><span>Uporaba<\/span><\/strong><span>: Dodajte 10-15 kapljic TAURO PRO LINE Pure Nature Calming Elixir No. 3 v \u0161ampon ali balzam za va\u0161ega ljubljen\u010dka. Vmasirajte v ko\u017eo in nanesite od korenin do konic, pustite delovati 3-5 minut in sperite. Ne nana\u0161ajte neposredno na ko\u017eo ljubljen\u010dkov, pred uporabo razred\u010dite z osnovnim dlakom ali sredstvom za nego ko\u017ee.<\/span><\/p>\n<p><strong><span>Priporo\u010dila<\/span><\/strong><span>. Izdelek priporo\u010damo za pse, ki trpijo zaradi srbe\u010de, razdra\u017eene ko\u017ee. Eliksir je tudi odli\u010den izdelek za nego in izbolj\u0161anje ne samo ko\u017ee, ampak tudi dlake. Zaradi visokokakovostnih sestavin in blage formulacije je primeren tudi za ljubljen\u010dke z ob\u010dutljivo ko\u017eo.<\/span><\/p>\n<p><span>Priro\u010dna embala\u017ea s pipeto omogo\u010da natan\u010dno doziranje.<\/span><\/p>\n<p><span>Linija eliksirjev Tauro Pro Line Pure Nature temelji na znanju, raziskavah in dolgoletnih izku\u0161njah znanstvenikov in kinologov. Eliksirji vsebujejo samo naravne in izjemno blagodejne sestavine za nego dlake in ko\u017ee va\u0161ega ljubljen\u010dka.<\/span><\/p>\n<p><strong><span>Narejeno<\/span><\/strong><span> v Evropski uniji.<\/span><\/p>\n<p><strong><span>Opozorila<\/span><\/strong><span>. Samo za zunanjo uporabo. Izogibajte se stiku z o\u010dmi in usti. Alergijske reakcije so redke. \u010ce pride do alergijske reakcije, izdelka ne uporabljajte. Hraniti izven dosega otrok. Rok uporabnosti izdelka: 12 mesecev od odprtja.<\/span><\/p>\n<p>Prosimo, izpolnite obrazec, da vam pomagamo re\u0161iti te\u017eave z dlako in ko\u017eo va\u0161ega ljubljen\u010dka:<\/p>\n<p>Anketa<span> <\/span><a href=\"https:\/\/forms.gle\/jMnWbh1HwKiPBuLr7\">tukaj<\/a><\/p>\n","protected":false},"excerpt":{"rendered":"<p>Die \u00e4therische \u00d6lmischung TAURO PRO LINE Pure Nature Calming Elixir No. 3 ist ein luxuri\u00f6ses, professionelles Fell- und Hautpflegeprodukt f\u00fcr Hunde aller Rassen.<\/p>\n","protected":false},"featured_media":57148,"template":"","meta":{"_acf_changed":false},"pwb-brand":[264],"product_cat":[597],"product_tag":[],"class_list":{"0":"post-57146","1":"product","2":"type-product","3":"status-publish","4":"has-post-thumbnail","6":"pwb-brand-tauro","7":"product_cat-elixier","9":"first","10":"instock","11":"taxable","12":"shipping-taxable","13":"purchasable","14":"product-type-simple"},"acf":[],"yoast_head":"<!-- This site is optimized with the Yoast SEO plugin v23.6 - https:\/\/yoast.com\/wordpress\/plugins\/seo\/ -->\n<title>TAURO Pro Line Pure Nature Calming Elixir Nr. 3, um das Fell und die Haut von Hunden und Katzen zu beruhigen | Tauro Slovenia<\/title>\n<meta name=\"robots\" content=\"index, follow, max-snippet:-1, max-image-preview:large, max-video-preview:-1\" \/>\n<link rel=\"canonical\" href=\"http:\/\/tauroslovenia.eu\/de\/izdelek\/tauro-pro-line-pure-nature-calming-elixir-nr-3-um-das-fell-und-die-haut-von-hunden-und-katzen-zu-beruhigen\/\" \/>\n<meta property=\"og:locale\" content=\"de_DE\" \/>\n<meta property=\"og:type\" content=\"article\" \/>\n<meta property=\"og:title\" content=\"TAURO Pro Line Pure Nature Calming Elixir Nr. 3, um das Fell und die Haut von Hunden und Katzen zu beruhigen | Tauro Slovenia\" \/>\n<meta property=\"og:description\" content=\"Die \u00e4therische \u00d6lmischung TAURO PRO LINE Pure Nature Calming Elixir No. 3 ist ein luxuri\u00f6ses, professionelles Fell- und Hautpflegeprodukt f\u00fcr Hunde aller Rassen.\" \/>\n<meta property=\"og:url\" content=\"http:\/\/tauroslovenia.eu\/de\/izdelek\/tauro-pro-line-pure-nature-calming-elixir-nr-3-um-das-fell-und-die-haut-von-hunden-und-katzen-zu-beruhigen\/\" \/>\n<meta property=\"og:site_name\" content=\"Tauro Slovenia\" \/>\n<meta property=\"article:publisher\" content=\"https:\/\/www.facebook.com\/tauroproline.slovenia\/\" \/>\n<meta property=\"article:modified_time\" content=\"2024-11-01T15:30:15+00:00\" \/>\n<meta property=\"og:image\" content=\"http:\/\/tauroslovenia.eu\/wp-content\/uploads\/2023\/07\/TPL47410-scaled.jpg\" \/>\n\t<meta property=\"og:image:width\" content=\"2560\" \/>\n\t<meta property=\"og:image:height\" content=\"2560\" \/>\n\t<meta property=\"og:image:type\" content=\"image\/jpeg\" \/>\n<meta name=\"twitter:card\" content=\"summary_large_image\" \/>\n<meta name=\"twitter:label1\" content=\"Gesch\u00e4tzte Lesezeit\" \/>\n\t<meta name=\"twitter:data1\" content=\"4\u00a0Minuten\" \/>\n<script type=\"application\/ld+json\" class=\"yoast-schema-graph\">{\"@context\":\"https:\/\/schema.org\",\"@graph\":[{\"@type\":\"WebPage\",\"@id\":\"http:\/\/tauroslovenia.eu\/de\/izdelek\/tauro-pro-line-pure-nature-calming-elixir-nr-3-um-das-fell-und-die-haut-von-hunden-und-katzen-zu-beruhigen\/\",\"url\":\"http:\/\/tauroslovenia.eu\/de\/izdelek\/tauro-pro-line-pure-nature-calming-elixir-nr-3-um-das-fell-und-die-haut-von-hunden-und-katzen-zu-beruhigen\/\",\"name\":\"TAURO Pro Line Pure Nature Calming Elixir Nr. 3, um das Fell und die Haut von Hunden und Katzen zu beruhigen | Tauro Slovenia\",\"isPartOf\":{\"@id\":\"http:\/\/tauroslovenia.eu\/de\/#website\"},\"primaryImageOfPage\":{\"@id\":\"http:\/\/tauroslovenia.eu\/de\/izdelek\/tauro-pro-line-pure-nature-calming-elixir-nr-3-um-das-fell-und-die-haut-von-hunden-und-katzen-zu-beruhigen\/#primaryimage\"},\"image\":{\"@id\":\"http:\/\/tauroslovenia.eu\/de\/izdelek\/tauro-pro-line-pure-nature-calming-elixir-nr-3-um-das-fell-und-die-haut-von-hunden-und-katzen-zu-beruhigen\/#primaryimage\"},\"thumbnailUrl\":\"http:\/\/tauroslovenia.eu\/wp-content\/uploads\/2023\/07\/TPL47410-scaled.jpg\",\"datePublished\":\"2024-09-15T21:39:37+00:00\",\"dateModified\":\"2024-11-01T15:30:15+00:00\",\"breadcrumb\":{\"@id\":\"http:\/\/tauroslovenia.eu\/de\/izdelek\/tauro-pro-line-pure-nature-calming-elixir-nr-3-um-das-fell-und-die-haut-von-hunden-und-katzen-zu-beruhigen\/#breadcrumb\"},\"inLanguage\":\"de\",\"potentialAction\":[{\"@type\":\"ReadAction\",\"target\":[\"http:\/\/tauroslovenia.eu\/de\/izdelek\/tauro-pro-line-pure-nature-calming-elixir-nr-3-um-das-fell-und-die-haut-von-hunden-und-katzen-zu-beruhigen\/\"]}]},{\"@type\":\"ImageObject\",\"inLanguage\":\"de\",\"@id\":\"http:\/\/tauroslovenia.eu\/de\/izdelek\/tauro-pro-line-pure-nature-calming-elixir-nr-3-um-das-fell-und-die-haut-von-hunden-und-katzen-zu-beruhigen\/#primaryimage\",\"url\":\"http:\/\/tauroslovenia.eu\/wp-content\/uploads\/2023\/07\/TPL47410-scaled.jpg\",\"contentUrl\":\"http:\/\/tauroslovenia.eu\/wp-content\/uploads\/2023\/07\/TPL47410-scaled.jpg\",\"width\":2560,\"height\":2560},{\"@type\":\"BreadcrumbList\",\"@id\":\"http:\/\/tauroslovenia.eu\/de\/izdelek\/tauro-pro-line-pure-nature-calming-elixir-nr-3-um-das-fell-und-die-haut-von-hunden-und-katzen-zu-beruhigen\/#breadcrumb\",\"itemListElement\":[{\"@type\":\"ListItem\",\"position\":1,\"name\":\"Domov\",\"item\":\"http:\/\/tauroslovenia.eu\/de\/\"},{\"@type\":\"ListItem\",\"position\":2,\"name\":\"Trgovina\",\"item\":\"https:\/\/tauroslovenia.eu\/trgovina\/\"},{\"@type\":\"ListItem\",\"position\":3,\"name\":\"TAURO Pro Line Pure Nature Calming Elixir Nr. 3, um das Fell und die Haut von Hunden und Katzen zu beruhigen\"}]},{\"@type\":\"WebSite\",\"@id\":\"http:\/\/tauroslovenia.eu\/de\/#website\",\"url\":\"http:\/\/tauroslovenia.eu\/de\/\",\"name\":\"Tauro Slovenia\",\"description\":\"\",\"publisher\":{\"@id\":\"http:\/\/tauroslovenia.eu\/de\/#organization\"},\"potentialAction\":[{\"@type\":\"SearchAction\",\"target\":{\"@type\":\"EntryPoint\",\"urlTemplate\":\"http:\/\/tauroslovenia.eu\/de\/?s={search_term_string}\"},\"query-input\":{\"@type\":\"PropertyValueSpecification\",\"valueRequired\":true,\"valueName\":\"search_term_string\"}}],\"inLanguage\":\"de\"},{\"@type\":\"Organization\",\"@id\":\"http:\/\/tauroslovenia.eu\/de\/#organization\",\"name\":\"KA&L SOLUTIONS d.o.o.\",\"url\":\"http:\/\/tauroslovenia.eu\/de\/\",\"logo\":{\"@type\":\"ImageObject\",\"inLanguage\":\"de\",\"@id\":\"http:\/\/tauroslovenia.eu\/de\/#\/schema\/logo\/image\/\",\"url\":\"http:\/\/tauroslovenia.eu\/wp-content\/uploads\/2023\/07\/logo-tauroproline-email.png\",\"contentUrl\":\"http:\/\/tauroslovenia.eu\/wp-content\/uploads\/2023\/07\/logo-tauroproline-email.png\",\"width\":157,\"height\":101,\"caption\":\"KA&L SOLUTIONS d.o.o.\"},\"image\":{\"@id\":\"http:\/\/tauroslovenia.eu\/de\/#\/schema\/logo\/image\/\"},\"sameAs\":[\"https:\/\/www.facebook.com\/tauroproline.slovenia\/\",\"https:\/\/www.instagram.com\/tauroproline_slovenia\/\"]}]}<\/script>\n<!-- \/ Yoast SEO plugin. -->","yoast_head_json":{"title":"TAURO Pro Line Pure Nature Calming Elixir Nr. 3, um das Fell und die Haut von Hunden und Katzen zu beruhigen | Tauro Slovenia","robots":{"index":"index","follow":"follow","max-snippet":"max-snippet:-1","max-image-preview":"max-image-preview:large","max-video-preview":"max-video-preview:-1"},"canonical":"http:\/\/tauroslovenia.eu\/de\/izdelek\/tauro-pro-line-pure-nature-calming-elixir-nr-3-um-das-fell-und-die-haut-von-hunden-und-katzen-zu-beruhigen\/","og_locale":"de_DE","og_type":"article","og_title":"TAURO Pro Line Pure Nature Calming Elixir Nr. 3, um das Fell und die Haut von Hunden und Katzen zu beruhigen | Tauro Slovenia","og_description":"Die \u00e4therische \u00d6lmischung TAURO PRO LINE Pure Nature Calming Elixir No. 3 ist ein luxuri\u00f6ses, professionelles Fell- und Hautpflegeprodukt f\u00fcr Hunde aller Rassen.","og_url":"http:\/\/tauroslovenia.eu\/de\/izdelek\/tauro-pro-line-pure-nature-calming-elixir-nr-3-um-das-fell-und-die-haut-von-hunden-und-katzen-zu-beruhigen\/","og_site_name":"Tauro Slovenia","article_publisher":"https:\/\/www.facebook.com\/tauroproline.slovenia\/","article_modified_time":"2024-11-01T15:30:15+00:00","og_image":[{"width":2560,"height":2560,"url":"http:\/\/tauroslovenia.eu\/wp-content\/uploads\/2023\/07\/TPL47410-scaled.jpg","type":"image\/jpeg"}],"twitter_card":"summary_large_image","twitter_misc":{"Gesch\u00e4tzte Lesezeit":"4\u00a0Minuten"},"schema":{"@context":"https:\/\/schema.org","@graph":[{"@type":"WebPage","@id":"http:\/\/tauroslovenia.eu\/de\/izdelek\/tauro-pro-line-pure-nature-calming-elixir-nr-3-um-das-fell-und-die-haut-von-hunden-und-katzen-zu-beruhigen\/","url":"http:\/\/tauroslovenia.eu\/de\/izdelek\/tauro-pro-line-pure-nature-calming-elixir-nr-3-um-das-fell-und-die-haut-von-hunden-und-katzen-zu-beruhigen\/","name":"TAURO Pro Line Pure Nature Calming Elixir Nr. 3, um das Fell und die Haut von Hunden und Katzen zu beruhigen | Tauro Slovenia","isPartOf":{"@id":"http:\/\/tauroslovenia.eu\/de\/#website"},"primaryImageOfPage":{"@id":"http:\/\/tauroslovenia.eu\/de\/izdelek\/tauro-pro-line-pure-nature-calming-elixir-nr-3-um-das-fell-und-die-haut-von-hunden-und-katzen-zu-beruhigen\/#primaryimage"},"image":{"@id":"http:\/\/tauroslovenia.eu\/de\/izdelek\/tauro-pro-line-pure-nature-calming-elixir-nr-3-um-das-fell-und-die-haut-von-hunden-und-katzen-zu-beruhigen\/#primaryimage"},"thumbnailUrl":"http:\/\/tauroslovenia.eu\/wp-content\/uploads\/2023\/07\/TPL47410-scaled.jpg","datePublished":"2024-09-15T21:39:37+00:00","dateModified":"2024-11-01T15:30:15+00:00","breadcrumb":{"@id":"http:\/\/tauroslovenia.eu\/de\/izdelek\/tauro-pro-line-pure-nature-calming-elixir-nr-3-um-das-fell-und-die-haut-von-hunden-und-katzen-zu-beruhigen\/#breadcrumb"},"inLanguage":"de","potentialAction":[{"@type":"ReadAction","target":["http:\/\/tauroslovenia.eu\/de\/izdelek\/tauro-pro-line-pure-nature-calming-elixir-nr-3-um-das-fell-und-die-haut-von-hunden-und-katzen-zu-beruhigen\/"]}]},{"@type":"ImageObject","inLanguage":"de","@id":"http:\/\/tauroslovenia.eu\/de\/izdelek\/tauro-pro-line-pure-nature-calming-elixir-nr-3-um-das-fell-und-die-haut-von-hunden-und-katzen-zu-beruhigen\/#primaryimage","url":"http:\/\/tauroslovenia.eu\/wp-content\/uploads\/2023\/07\/TPL47410-scaled.jpg","contentUrl":"http:\/\/tauroslovenia.eu\/wp-content\/uploads\/2023\/07\/TPL47410-scaled.jpg","width":2560,"height":2560},{"@type":"BreadcrumbList","@id":"http:\/\/tauroslovenia.eu\/de\/izdelek\/tauro-pro-line-pure-nature-calming-elixir-nr-3-um-das-fell-und-die-haut-von-hunden-und-katzen-zu-beruhigen\/#breadcrumb","itemListElement":[{"@type":"ListItem","position":1,"name":"Domov","item":"http:\/\/tauroslovenia.eu\/de\/"},{"@type":"ListItem","position":2,"name":"Trgovina","item":"https:\/\/tauroslovenia.eu\/trgovina\/"},{"@type":"ListItem","position":3,"name":"TAURO Pro Line Pure Nature Calming Elixir Nr. 3, um das Fell und die Haut von Hunden und Katzen zu beruhigen"}]},{"@type":"WebSite","@id":"http:\/\/tauroslovenia.eu\/de\/#website","url":"http:\/\/tauroslovenia.eu\/de\/","name":"Tauro Slovenia","description":"","publisher":{"@id":"http:\/\/tauroslovenia.eu\/de\/#organization"},"potentialAction":[{"@type":"SearchAction","target":{"@type":"EntryPoint","urlTemplate":"http:\/\/tauroslovenia.eu\/de\/?s={search_term_string}"},"query-input":{"@type":"PropertyValueSpecification","valueRequired":true,"valueName":"search_term_string"}}],"inLanguage":"de"},{"@type":"Organization","@id":"http:\/\/tauroslovenia.eu\/de\/#organization","name":"KA&L SOLUTIONS d.o.o.","url":"http:\/\/tauroslovenia.eu\/de\/","logo":{"@type":"ImageObject","inLanguage":"de","@id":"http:\/\/tauroslovenia.eu\/de\/#\/schema\/logo\/image\/","url":"http:\/\/tauroslovenia.eu\/wp-content\/uploads\/2023\/07\/logo-tauroproline-email.png","contentUrl":"http:\/\/tauroslovenia.eu\/wp-content\/uploads\/2023\/07\/logo-tauroproline-email.png","width":157,"height":101,"caption":"KA&L SOLUTIONS d.o.o."},"image":{"@id":"http:\/\/tauroslovenia.eu\/de\/#\/schema\/logo\/image\/"},"sameAs":["https:\/\/www.facebook.com\/tauroproline.slovenia\/","https:\/\/www.instagram.com\/tauroproline_slovenia\/"]}]}},"brands":[{"id":264,"name":"TAURO","slug":"tauro"}],"_links":{"self":[{"href":"http:\/\/tauroslovenia.eu\/de\/wp-json\/wp\/v2\/product\/57146"}],"collection":[{"href":"http:\/\/tauroslovenia.eu\/de\/wp-json\/wp\/v2\/product"}],"about":[{"href":"http:\/\/tauroslovenia.eu\/de\/wp-json\/wp\/v2\/types\/product"}],"wp:featuredmedia":[{"embeddable":true,"href":"http:\/\/tauroslovenia.eu\/de\/wp-json\/wp\/v2\/media\/57148"}],"wp:attachment":[{"href":"http:\/\/tauroslovenia.eu\/de\/wp-json\/wp\/v2\/media?parent=57146"}],"wp:term":[{"taxonomy":"pwb-brand","embeddable":true,"href":"http:\/\/tauroslovenia.eu\/de\/wp-json\/wp\/v2\/pwb-brand?post=57146"},{"taxonomy":"product_cat","embeddable":true,"href":"http:\/\/tauroslovenia.eu\/de\/wp-json\/wp\/v2\/product_cat?post=57146"},{"taxonomy":"product_tag","embeddable":true,"href":"http:\/\/tauroslovenia.eu\/de\/wp-json\/wp\/v2\/product_tag?post=57146"}],"curies":[{"name":"wp","href":"https:\/\/api.w.org\/{rel}","templated":true}]}}