{"id":57149,"date":"2024-09-15T23:39:37","date_gmt":"2024-09-15T21:39:37","guid":{"rendered":"https:\/\/tauroslovenia.eu\/izdelek\/tauro-pro-line-pure-energizing-elixir-nr-4-um-das-fellwachstum-bei-hunden-und-katzen-zu-foerdern\/"},"modified":"2024-10-25T14:54:27","modified_gmt":"2024-10-25T12:54:27","slug":"tauro-pro-line-pure-energizing-elixir-nr-4-um-das-fellwachstum-bei-hunden-und-katzen-zu-foerdern","status":"publish","type":"product","link":"http:\/\/tauroslovenia.eu\/de\/izdelek\/tauro-pro-line-pure-energizing-elixir-nr-4-um-das-fellwachstum-bei-hunden-und-katzen-zu-foerdern\/","title":{"rendered":"TAURO Pro Line Pure Energizing Elixir Nr. 4, um das Fellwachstum bei Hunden und Katzen zu f\u00f6rdern"},"content":{"rendered":"<p>Weitere Informationen \u00fcber das gesamte Angebot finden Sie <em>&#8222;<\/em>Tauro Pro Line&#8220;, Geschichte und unsere Tipps <a href=\"https:\/\/www.kika.lt\/files\/uploaded\/TPL\/Tauro_Pro_Line_product_catalogue.pdf\">HIER.<\/a><\/p>\n<p><span>Die Mischung \u00e4therischer \u00d6le &#8222;TAURO PRO LINE Pure Energizing Elixir No. 4&#8220; ist ein luxuri\u00f6ser, professioneller Conditioner f\u00fcr Fell und Haut f\u00fcr alle Hunderassen.<\/span><\/p>\n<p><strong><span>ENTWICKELT F\u00dcR DIE PFLEGE DER HAUT UND DES FELLS VON HAUSTIEREN<\/span><\/strong><\/p>\n<ul>\n<li><span>Ein Komplex aus nat\u00fcrlichen \u00d6len, reich an Vitaminen und Aminos\u00e4uren, spendet intensiv Feuchtigkeit und regeneriert gesch\u00e4digtes und glanzloses Fell und Haut.<\/span><\/li>\n<li><span>Die Kombination aus \u00e4therischen und nat\u00fcrlichen \u00d6len im Elixier ist speziell formuliert, um das Haarwachstum zu f\u00f6rdern, die Haarfollikel zu st\u00e4rken und die Haarstruktur wiederherzustellen.<\/span><\/li>\n<\/ul>\n<p><span>TAURO PRO LINE Pure Nature Energizing Hair Elixir Nr. 4 ist eine spezielle, besonders kraftvolle Mischung aus 16 \u00e4therischen \u00d6len, die das Haarwachstum f\u00f6rdern, die Follikel st\u00e4rken und das Nachwachsen beschleunigen.<\/span><\/p>\n<p><span>Die Formel soll die Wachstumsphase des Haares f\u00f6rdern und verl\u00e4ngern. Sie revitalisiert den Follikel, mineralisiert und energetisiert die Haarstruktur.<\/span><\/p>\n<p><strong><span>Inhaltsstoffe des Elixiers:<\/span><\/strong><\/p>\n<ul>\n<li><strong><span>Lavendel <\/span><\/strong><span>(<em>Lavandula angustifolia<\/em>) \u00e4therisches \u00d6l verbessert den Zustand von Haar und Haut, heilt Wunden und Kratzer sowie Ekzeme.<\/span><\/li>\n<li><strong><span>Himalaya-Zeder <\/span><\/strong><span>(<em>Cedrus deodara<\/em>) \u00e4therisches \u00d6l hilft, \u00fcbersch\u00fcssiges Sebum auf der Haut zu regulieren.<\/span><\/li>\n<li><strong><span>S\u00fcdlicher Blaugummi<\/span><\/strong><span> (<em>Eucalyptus Globulus<\/em>) \u00e4therisches \u00d6l f\u00f6rdert die Heilung von Hautinfektionen, Hautausschl\u00e4gen und Blasen.<\/span><\/li>\n<li><strong><span>Zitronengras <\/span><\/strong><span>(<em>Cymbopogon flexuosus<\/em>) \u00e4therisches \u00d6l tonisiert, beruhigt, lindert Schmerzen und hat antibakterielle Eigenschaften. Dieses \u00e4therische \u00d6l kann die Durchblutung aktivieren und die Regeneration der Hautzellen f\u00f6rdern.<\/span><\/li>\n<li><span>\u00c4therisches \u00d6l der Zedernbl\u00e4tter kann das Haarwachstum und die Haut stimulieren.<\/span><\/li>\n<li><span>\u00c4therisches Zitronengras\u00f6l (<em>Citronella<\/em>) kann helfen, die Sebumproduktion zu kontrollieren.<\/span><\/li>\n<li><strong><span>Rosmarin 1,8-Cineol <\/span><\/strong><span>(<em>Rosmarinus officinalis<\/em>) \u00e4therisches \u00d6l hat entz\u00fcndungshemmende und antioxidative Eigenschaften und kann helfen, Haarausfall zu reduzieren.<\/span><\/li>\n<li><strong><span>Muskatellersalbei <\/span><\/strong><span>(<em>Salvia sclarea<\/em>) \u00e4therisches \u00d6l desodoriert, kann helfen, das Haar zu st\u00e4rken und das Haarwachstum zu f\u00f6rdern.<\/span><\/li>\n<li><span>Muskatnuss\u00f6l aktiviert die Hautdurchblutung.<\/span><\/li>\n<li><strong><span>Pfefferminze <\/span><\/strong><span>(<em>Mentha x piperita<\/em>) \u00e4therisches \u00d6l kann helfen, Schmerzen zu lindern, beruhigt gereizte Haut, heilt Blasen, Ekzeme und Dermatitis.<\/span><\/li>\n<li><strong><span>Ylang Ylang <\/span><\/strong><span>(<em>Cananga odorata<\/em>) \u00e4therisches \u00d6l wirkt entz\u00fcndungshemmend und feuchtigkeitsspendend, hilft, die Haut gesund zu halten, indem es die Regeneration der Hautzellen f\u00f6rdert und ist geeignet f\u00fcr problematische Haut. Verbessert den Zustand der Haare &#8211; aktiviert das Haarwachstum, verbessert die Struktur von Haut und Haaren.<\/span><\/li>\n<li><span>Kassia-Zimt\u00f6l stimuliert die Haut und verbessert die Durchblutung.<\/span><\/li>\n<li><strong><span>Teebaum <\/span><\/strong><span>(<em>Manuka, Leptospermum Scoparium<\/em>) \u00e4therisches \u00d6l hilft, unangenehme Ger\u00fcche zu beseitigen, st\u00e4rkt die Haarwurzeln und f\u00f6rdert das Haarwachstum.<\/span><\/li>\n<li><strong><span>Schmalbl\u00e4ttriges Papyruskraut <\/span><\/strong><span>(<em>Melaleuca alternifolia<\/em>) \u00e4therisches \u00d6l wirkt antimykotisch, antiviral und entz\u00fcndungshemmend. Kann bei der Behandlung verschiedener Hautkrankheiten helfen.<\/span><\/li>\n<\/ul>\n<p><strong><span>Anwendung:<\/span><\/strong><span> F\u00fcgen Sie 10-15 Tropfen TAURO PRO LINE Pure Nature Energising Hair Elixir Nr. 4 in das Shampoo oder den Conditioner Ihres Haustieres hinzu. Massieren Sie es in die Haut ein und tragen Sie es von den Wurzeln bis zu den Spitzen auf, lassen Sie es 3-5 Minuten einwirken und sp\u00fclen Sie es aus. Nicht direkt auf die Haut des Haustieres auftragen, vor Gebrauch mit Basis-Hautpflegemittel verd\u00fcnnen.<\/span><\/p>\n<p><strong><span>Empfehlungen<\/span><\/strong><span>: Empfohlen f\u00fcr Hunde mit d\u00fcnnem, verfilztem oder trockenem Fell. Dar\u00fcber hinaus ist das Produkt nicht nur f\u00fcr kr\u00e4ftiges und gl\u00e4nzendes Fell n\u00fctzlich, sondern auch f\u00fcr gesunde Haut. Aufgrund der hochwertigen Inhaltsstoffe und der milden Formulierung ist es auch f\u00fcr Haustiere mit empfindlicher Haut geeignet.<\/span><\/p>\n<p><span>Die praktische Verpackung mit Pipette erm\u00f6glicht eine pr\u00e4zise Dosierung.<\/span><\/p>\n<p><span>Die Elixier-Linie Tauro Pro Line Pure Nature basiert auf dem Wissen, der Forschung und der langj\u00e4hrigen Erfahrung von Wissenschaftlern und Kynologen. Die Elixiere enthalten nur nat\u00fcrliche und \u00e4u\u00dferst wohltuende Inhaltsstoffe f\u00fcr die Pflege von Fell und Haut Ihres Haustieres.<\/span><\/p>\n<p><strong><span>Hergestellt<\/span><\/strong><span> in der Europ\u00e4ischen Union.<\/span><\/p>\n<p><strong><span>Warnungen<\/span><\/strong><span>: Nur zur \u00e4u\u00dferlichen Anwendung. Kontakt mit Augen und Mund vermeiden. Allergische Reaktionen sind selten. Bei Auftreten einer allergischen Reaktion die Verwendung des Produkts einstellen. Au\u00dferhalb der Reichweite von Kindern aufbewahren. Haltbarkeit des Produkts: 12 Monate nach dem \u00d6ffnen.<\/span><\/p>\n","protected":false},"excerpt":{"rendered":"<p>Die Mischung aus \u00e4therischen \u00d6len &#8220; TAURO PRO LINE Pure Energizing Elixir No. 4 ist ein luxuri\u00f6ser, professioneller Balsam f\u00fcr Fell und Haut f\u00fcr alle Hunderassen.<\/p>\n","protected":false},"featured_media":57151,"template":"","meta":{"_acf_changed":false},"pwb-brand":[264],"product_cat":[597],"product_tag":[],"class_list":{"0":"post-57149","1":"product","2":"type-product","3":"status-publish","4":"has-post-thumbnail","6":"pwb-brand-tauro","7":"product_cat-elixier","9":"first","10":"instock","11":"taxable","12":"shipping-taxable","13":"purchasable","14":"product-type-simple"},"acf":[],"yoast_head":"<!-- This site is optimized with the Yoast SEO plugin v23.6 - https:\/\/yoast.com\/wordpress\/plugins\/seo\/ -->\n<title>TAURO Pro Line Pure Energizing Elixir Nr. 4, um das Fellwachstum bei Hunden und Katzen zu f\u00f6rdern | Tauro Slovenia<\/title>\n<meta name=\"robots\" content=\"index, follow, max-snippet:-1, max-image-preview:large, max-video-preview:-1\" \/>\n<link rel=\"canonical\" href=\"http:\/\/tauroslovenia.eu\/de\/izdelek\/tauro-pro-line-pure-energizing-elixir-nr-4-um-das-fellwachstum-bei-hunden-und-katzen-zu-foerdern\/\" \/>\n<meta property=\"og:locale\" content=\"de_DE\" \/>\n<meta property=\"og:type\" content=\"article\" \/>\n<meta property=\"og:title\" content=\"TAURO Pro Line Pure Energizing Elixir Nr. 4, um das Fellwachstum bei Hunden und Katzen zu f\u00f6rdern | Tauro Slovenia\" \/>\n<meta property=\"og:description\" content=\"Die Mischung aus \u00e4therischen \u00d6len &quot; TAURO PRO LINE Pure Energizing Elixir No. 4 ist ein luxuri\u00f6ser, professioneller Balsam f\u00fcr Fell und Haut f\u00fcr alle Hunderassen.\" \/>\n<meta property=\"og:url\" content=\"http:\/\/tauroslovenia.eu\/de\/izdelek\/tauro-pro-line-pure-energizing-elixir-nr-4-um-das-fellwachstum-bei-hunden-und-katzen-zu-foerdern\/\" \/>\n<meta property=\"og:site_name\" content=\"Tauro Slovenia\" \/>\n<meta property=\"article:publisher\" content=\"https:\/\/www.facebook.com\/tauroproline.slovenia\/\" \/>\n<meta property=\"article:modified_time\" content=\"2024-10-25T12:54:27+00:00\" \/>\n<meta property=\"og:image\" content=\"http:\/\/tauroslovenia.eu\/wp-content\/uploads\/2023\/07\/TPL47411-scaled.jpg\" \/>\n\t<meta property=\"og:image:width\" content=\"2560\" \/>\n\t<meta property=\"og:image:height\" content=\"2560\" \/>\n\t<meta property=\"og:image:type\" content=\"image\/jpeg\" \/>\n<meta name=\"twitter:card\" content=\"summary_large_image\" \/>\n<meta name=\"twitter:label1\" content=\"Gesch\u00e4tzte Lesezeit\" \/>\n\t<meta name=\"twitter:data1\" content=\"3\u00a0Minuten\" \/>\n<script type=\"application\/ld+json\" class=\"yoast-schema-graph\">{\"@context\":\"https:\/\/schema.org\",\"@graph\":[{\"@type\":\"WebPage\",\"@id\":\"http:\/\/tauroslovenia.eu\/de\/izdelek\/tauro-pro-line-pure-energizing-elixir-nr-4-um-das-fellwachstum-bei-hunden-und-katzen-zu-foerdern\/\",\"url\":\"http:\/\/tauroslovenia.eu\/de\/izdelek\/tauro-pro-line-pure-energizing-elixir-nr-4-um-das-fellwachstum-bei-hunden-und-katzen-zu-foerdern\/\",\"name\":\"TAURO Pro Line Pure Energizing Elixir Nr. 4, um das Fellwachstum bei Hunden und Katzen zu f\u00f6rdern | Tauro Slovenia\",\"isPartOf\":{\"@id\":\"http:\/\/tauroslovenia.eu\/de\/#website\"},\"primaryImageOfPage\":{\"@id\":\"http:\/\/tauroslovenia.eu\/de\/izdelek\/tauro-pro-line-pure-energizing-elixir-nr-4-um-das-fellwachstum-bei-hunden-und-katzen-zu-foerdern\/#primaryimage\"},\"image\":{\"@id\":\"http:\/\/tauroslovenia.eu\/de\/izdelek\/tauro-pro-line-pure-energizing-elixir-nr-4-um-das-fellwachstum-bei-hunden-und-katzen-zu-foerdern\/#primaryimage\"},\"thumbnailUrl\":\"http:\/\/tauroslovenia.eu\/wp-content\/uploads\/2023\/07\/TPL47411-scaled.jpg\",\"datePublished\":\"2024-09-15T21:39:37+00:00\",\"dateModified\":\"2024-10-25T12:54:27+00:00\",\"breadcrumb\":{\"@id\":\"http:\/\/tauroslovenia.eu\/de\/izdelek\/tauro-pro-line-pure-energizing-elixir-nr-4-um-das-fellwachstum-bei-hunden-und-katzen-zu-foerdern\/#breadcrumb\"},\"inLanguage\":\"de\",\"potentialAction\":[{\"@type\":\"ReadAction\",\"target\":[\"http:\/\/tauroslovenia.eu\/de\/izdelek\/tauro-pro-line-pure-energizing-elixir-nr-4-um-das-fellwachstum-bei-hunden-und-katzen-zu-foerdern\/\"]}]},{\"@type\":\"ImageObject\",\"inLanguage\":\"de\",\"@id\":\"http:\/\/tauroslovenia.eu\/de\/izdelek\/tauro-pro-line-pure-energizing-elixir-nr-4-um-das-fellwachstum-bei-hunden-und-katzen-zu-foerdern\/#primaryimage\",\"url\":\"http:\/\/tauroslovenia.eu\/wp-content\/uploads\/2023\/07\/TPL47411-scaled.jpg\",\"contentUrl\":\"http:\/\/tauroslovenia.eu\/wp-content\/uploads\/2023\/07\/TPL47411-scaled.jpg\",\"width\":2560,\"height\":2560},{\"@type\":\"BreadcrumbList\",\"@id\":\"http:\/\/tauroslovenia.eu\/de\/izdelek\/tauro-pro-line-pure-energizing-elixir-nr-4-um-das-fellwachstum-bei-hunden-und-katzen-zu-foerdern\/#breadcrumb\",\"itemListElement\":[{\"@type\":\"ListItem\",\"position\":1,\"name\":\"Domov\",\"item\":\"http:\/\/tauroslovenia.eu\/de\/\"},{\"@type\":\"ListItem\",\"position\":2,\"name\":\"Trgovina\",\"item\":\"https:\/\/tauroslovenia.eu\/trgovina\/\"},{\"@type\":\"ListItem\",\"position\":3,\"name\":\"TAURO Pro Line Pure Energizing Elixir Nr. 4, um das Fellwachstum bei Hunden und Katzen zu f\u00f6rdern\"}]},{\"@type\":\"WebSite\",\"@id\":\"http:\/\/tauroslovenia.eu\/de\/#website\",\"url\":\"http:\/\/tauroslovenia.eu\/de\/\",\"name\":\"Tauro Slovenia\",\"description\":\"\",\"publisher\":{\"@id\":\"http:\/\/tauroslovenia.eu\/de\/#organization\"},\"potentialAction\":[{\"@type\":\"SearchAction\",\"target\":{\"@type\":\"EntryPoint\",\"urlTemplate\":\"http:\/\/tauroslovenia.eu\/de\/?s={search_term_string}\"},\"query-input\":{\"@type\":\"PropertyValueSpecification\",\"valueRequired\":true,\"valueName\":\"search_term_string\"}}],\"inLanguage\":\"de\"},{\"@type\":\"Organization\",\"@id\":\"http:\/\/tauroslovenia.eu\/de\/#organization\",\"name\":\"KA&L SOLUTIONS d.o.o.\",\"url\":\"http:\/\/tauroslovenia.eu\/de\/\",\"logo\":{\"@type\":\"ImageObject\",\"inLanguage\":\"de\",\"@id\":\"http:\/\/tauroslovenia.eu\/de\/#\/schema\/logo\/image\/\",\"url\":\"http:\/\/tauroslovenia.eu\/wp-content\/uploads\/2023\/07\/logo-tauroproline-email.png\",\"contentUrl\":\"http:\/\/tauroslovenia.eu\/wp-content\/uploads\/2023\/07\/logo-tauroproline-email.png\",\"width\":157,\"height\":101,\"caption\":\"KA&L SOLUTIONS d.o.o.\"},\"image\":{\"@id\":\"http:\/\/tauroslovenia.eu\/de\/#\/schema\/logo\/image\/\"},\"sameAs\":[\"https:\/\/www.facebook.com\/tauroproline.slovenia\/\",\"https:\/\/www.instagram.com\/tauroproline_slovenia\/\"]}]}<\/script>\n<!-- \/ Yoast SEO plugin. -->","yoast_head_json":{"title":"TAURO Pro Line Pure Energizing Elixir Nr. 4, um das Fellwachstum bei Hunden und Katzen zu f\u00f6rdern | Tauro Slovenia","robots":{"index":"index","follow":"follow","max-snippet":"max-snippet:-1","max-image-preview":"max-image-preview:large","max-video-preview":"max-video-preview:-1"},"canonical":"http:\/\/tauroslovenia.eu\/de\/izdelek\/tauro-pro-line-pure-energizing-elixir-nr-4-um-das-fellwachstum-bei-hunden-und-katzen-zu-foerdern\/","og_locale":"de_DE","og_type":"article","og_title":"TAURO Pro Line Pure Energizing Elixir Nr. 4, um das Fellwachstum bei Hunden und Katzen zu f\u00f6rdern | Tauro Slovenia","og_description":"Die Mischung aus \u00e4therischen \u00d6len \" TAURO PRO LINE Pure Energizing Elixir No. 4 ist ein luxuri\u00f6ser, professioneller Balsam f\u00fcr Fell und Haut f\u00fcr alle Hunderassen.","og_url":"http:\/\/tauroslovenia.eu\/de\/izdelek\/tauro-pro-line-pure-energizing-elixir-nr-4-um-das-fellwachstum-bei-hunden-und-katzen-zu-foerdern\/","og_site_name":"Tauro Slovenia","article_publisher":"https:\/\/www.facebook.com\/tauroproline.slovenia\/","article_modified_time":"2024-10-25T12:54:27+00:00","og_image":[{"width":2560,"height":2560,"url":"http:\/\/tauroslovenia.eu\/wp-content\/uploads\/2023\/07\/TPL47411-scaled.jpg","type":"image\/jpeg"}],"twitter_card":"summary_large_image","twitter_misc":{"Gesch\u00e4tzte Lesezeit":"3\u00a0Minuten"},"schema":{"@context":"https:\/\/schema.org","@graph":[{"@type":"WebPage","@id":"http:\/\/tauroslovenia.eu\/de\/izdelek\/tauro-pro-line-pure-energizing-elixir-nr-4-um-das-fellwachstum-bei-hunden-und-katzen-zu-foerdern\/","url":"http:\/\/tauroslovenia.eu\/de\/izdelek\/tauro-pro-line-pure-energizing-elixir-nr-4-um-das-fellwachstum-bei-hunden-und-katzen-zu-foerdern\/","name":"TAURO Pro Line Pure Energizing Elixir Nr. 4, um das Fellwachstum bei Hunden und Katzen zu f\u00f6rdern | Tauro Slovenia","isPartOf":{"@id":"http:\/\/tauroslovenia.eu\/de\/#website"},"primaryImageOfPage":{"@id":"http:\/\/tauroslovenia.eu\/de\/izdelek\/tauro-pro-line-pure-energizing-elixir-nr-4-um-das-fellwachstum-bei-hunden-und-katzen-zu-foerdern\/#primaryimage"},"image":{"@id":"http:\/\/tauroslovenia.eu\/de\/izdelek\/tauro-pro-line-pure-energizing-elixir-nr-4-um-das-fellwachstum-bei-hunden-und-katzen-zu-foerdern\/#primaryimage"},"thumbnailUrl":"http:\/\/tauroslovenia.eu\/wp-content\/uploads\/2023\/07\/TPL47411-scaled.jpg","datePublished":"2024-09-15T21:39:37+00:00","dateModified":"2024-10-25T12:54:27+00:00","breadcrumb":{"@id":"http:\/\/tauroslovenia.eu\/de\/izdelek\/tauro-pro-line-pure-energizing-elixir-nr-4-um-das-fellwachstum-bei-hunden-und-katzen-zu-foerdern\/#breadcrumb"},"inLanguage":"de","potentialAction":[{"@type":"ReadAction","target":["http:\/\/tauroslovenia.eu\/de\/izdelek\/tauro-pro-line-pure-energizing-elixir-nr-4-um-das-fellwachstum-bei-hunden-und-katzen-zu-foerdern\/"]}]},{"@type":"ImageObject","inLanguage":"de","@id":"http:\/\/tauroslovenia.eu\/de\/izdelek\/tauro-pro-line-pure-energizing-elixir-nr-4-um-das-fellwachstum-bei-hunden-und-katzen-zu-foerdern\/#primaryimage","url":"http:\/\/tauroslovenia.eu\/wp-content\/uploads\/2023\/07\/TPL47411-scaled.jpg","contentUrl":"http:\/\/tauroslovenia.eu\/wp-content\/uploads\/2023\/07\/TPL47411-scaled.jpg","width":2560,"height":2560},{"@type":"BreadcrumbList","@id":"http:\/\/tauroslovenia.eu\/de\/izdelek\/tauro-pro-line-pure-energizing-elixir-nr-4-um-das-fellwachstum-bei-hunden-und-katzen-zu-foerdern\/#breadcrumb","itemListElement":[{"@type":"ListItem","position":1,"name":"Domov","item":"http:\/\/tauroslovenia.eu\/de\/"},{"@type":"ListItem","position":2,"name":"Trgovina","item":"https:\/\/tauroslovenia.eu\/trgovina\/"},{"@type":"ListItem","position":3,"name":"TAURO Pro Line Pure Energizing Elixir Nr. 4, um das Fellwachstum bei Hunden und Katzen zu f\u00f6rdern"}]},{"@type":"WebSite","@id":"http:\/\/tauroslovenia.eu\/de\/#website","url":"http:\/\/tauroslovenia.eu\/de\/","name":"Tauro Slovenia","description":"","publisher":{"@id":"http:\/\/tauroslovenia.eu\/de\/#organization"},"potentialAction":[{"@type":"SearchAction","target":{"@type":"EntryPoint","urlTemplate":"http:\/\/tauroslovenia.eu\/de\/?s={search_term_string}"},"query-input":{"@type":"PropertyValueSpecification","valueRequired":true,"valueName":"search_term_string"}}],"inLanguage":"de"},{"@type":"Organization","@id":"http:\/\/tauroslovenia.eu\/de\/#organization","name":"KA&L SOLUTIONS d.o.o.","url":"http:\/\/tauroslovenia.eu\/de\/","logo":{"@type":"ImageObject","inLanguage":"de","@id":"http:\/\/tauroslovenia.eu\/de\/#\/schema\/logo\/image\/","url":"http:\/\/tauroslovenia.eu\/wp-content\/uploads\/2023\/07\/logo-tauroproline-email.png","contentUrl":"http:\/\/tauroslovenia.eu\/wp-content\/uploads\/2023\/07\/logo-tauroproline-email.png","width":157,"height":101,"caption":"KA&L SOLUTIONS d.o.o."},"image":{"@id":"http:\/\/tauroslovenia.eu\/de\/#\/schema\/logo\/image\/"},"sameAs":["https:\/\/www.facebook.com\/tauroproline.slovenia\/","https:\/\/www.instagram.com\/tauroproline_slovenia\/"]}]}},"brands":[{"id":264,"name":"TAURO","slug":"tauro"}],"_links":{"self":[{"href":"http:\/\/tauroslovenia.eu\/de\/wp-json\/wp\/v2\/product\/57149"}],"collection":[{"href":"http:\/\/tauroslovenia.eu\/de\/wp-json\/wp\/v2\/product"}],"about":[{"href":"http:\/\/tauroslovenia.eu\/de\/wp-json\/wp\/v2\/types\/product"}],"wp:featuredmedia":[{"embeddable":true,"href":"http:\/\/tauroslovenia.eu\/de\/wp-json\/wp\/v2\/media\/57151"}],"wp:attachment":[{"href":"http:\/\/tauroslovenia.eu\/de\/wp-json\/wp\/v2\/media?parent=57149"}],"wp:term":[{"taxonomy":"pwb-brand","embeddable":true,"href":"http:\/\/tauroslovenia.eu\/de\/wp-json\/wp\/v2\/pwb-brand?post=57149"},{"taxonomy":"product_cat","embeddable":true,"href":"http:\/\/tauroslovenia.eu\/de\/wp-json\/wp\/v2\/product_cat?post=57149"},{"taxonomy":"product_tag","embeddable":true,"href":"http:\/\/tauroslovenia.eu\/de\/wp-json\/wp\/v2\/product_tag?post=57149"}],"curies":[{"name":"wp","href":"https:\/\/api.w.org\/{rel}","templated":true}]}}