{"id":57155,"date":"2024-09-15T23:39:42","date_gmt":"2024-09-15T21:39:42","guid":{"rendered":"https:\/\/tauroslovenia.eu\/izdelek\/tauro-pro-line-ultra-natural-care-ultimate-repair-clay-maske-fuer-haut-und-fell-von-hunden-und-katzen\/"},"modified":"2024-10-25T15:19:21","modified_gmt":"2024-10-25T13:19:21","slug":"tauro-pro-line-ultra-natural-care-ultimate-repair-clay-maske-fuer-haut-und-fell-von-hunden-und-katzen","status":"publish","type":"product","link":"http:\/\/tauroslovenia.eu\/de\/izdelek\/tauro-pro-line-ultra-natural-care-ultimate-repair-clay-maske-fuer-haut-und-fell-von-hunden-und-katzen\/","title":{"rendered":"TAURO Pro Line Ultra Natural Care Ultimate Repair Clay-Maske f\u00fcr Haut und Fell von Hunden und Katzen"},"content":{"rendered":"<p>Tauro Pro Line <em>Ultra Natural Care<\/em> Clay Mask ist eine v\u00f6llig nat\u00fcrliche Pflege zur Haut- und Fellregeneration, Entgiftung und Wiederherstellung f\u00fcr Hunde und Katzen.<\/p>\n<p><strong>Enth\u00e4lt Zeolith<\/strong><\/p>\n<p>Zeolith ist ein Mineral, das effektiv Verunreinigungen von der Haut entfernt. Da die Haut dieses Minerals nicht aufnimmt, absorbiert die Maske alle sch\u00e4dlichen Stoffe.<\/p>\n<p><strong>Mit wei\u00dfem Ton<\/strong><\/p>\n<p>Reichert die Haut mit Mineralien an und hilft gleichzeitig sanft, aber effektiv bei der Reinigung der Haut. Reinigt sanft und effektiv die Haut und versorgt sie mit Mineralien.<\/p>\n<p><strong>Vorteile f\u00fcr die Haut<\/strong><\/p>\n<p>Diese Maske kann die Textur und Elastizit\u00e4t der Haut verbessern, die Sebumproduktion kontrollieren, die Hautbarriere erhalten und die Hautfeuchtigkeit bewahren. Die Maske kann auch zur Vorbeugung von Schuppen verwendet werden.<\/p>\n<p><strong>Wirkung auf das Fell<\/strong><\/p>\n<p>Die Maske kann die Erholung der Haarfollikel aufgrund der n\u00e4hrstoff- und regenerationsf\u00f6rdernden Komponenten unterst\u00fctzen.<\/p>\n<p><strong>Sichere Formel<\/strong><\/p>\n<p>Dieses Produkt besteht aus nat\u00fcrlichen Zutaten und <strong>enth\u00e4lt keine<\/strong>:<\/p>\n<ul>\n<li><strong>Silikone<\/strong>, die dem Fell eine unnat\u00fcrliche Gl\u00e4tte verleihen und den Luftstrom zur Haut und zum Fell des Tieres einschr\u00e4nken k\u00f6nnten.<\/li>\n<li><strong>Mineral\u00f6le<\/strong>, die die Haut sch\u00e4digen, indem sie die Poren verstopfen, die richtige Atmung und Entfernung von Toxinen hemmen und andere negative Auswirkungen haben.<\/li>\n<li><strong>Parabene<\/strong>, die mit Allergien und sogar hormonellen St\u00f6rungen in Verbindung gebracht werden.\n<\/li>\n<\/ul>\n<p><strong>Geeignet f\u00fcr empfindliche Haut<\/strong><\/p>\n<p>Aufgrund seiner nat\u00fcrlichen und hautfreundlichen Zusammensetzung kann die Maske bei Haustieren mit empfindlicher Haut verwendet werden. Sie revitalisiert, entgiftet, regeneriert und beruhigt gereizte Haut und kann helfen, Hautsch\u00e4den zu reparieren.<\/p>\n<p><strong>Eigenschaften:<\/strong><\/p>\n<ul>\n<li>Menge: 450 g.<\/li>\n<li>Geeignet f\u00fcr empfindliche und gereizte Haut.<\/li>\n<li>F\u00fcr Hunde und Katzen.<\/li>\n<li>F\u00fcr alle Felltypen.<\/li>\n<\/ul>\n<p>Hergestellt in der Europ\u00e4ischen Union.<\/p>\n","protected":false},"excerpt":{"rendered":"<p>Die Tauro Pro Line Ultra Natural Care Clay Mask ist eine v\u00f6llig nat\u00fcrliche Pflege zur Haut- und Fellerneuerung, Entgiftung und Regeneration f\u00fcr Hunde und Katzen.<\/p>\n","protected":false},"featured_media":57157,"template":"","meta":{"_acf_changed":false},"pwb-brand":[264],"product_cat":[623],"product_tag":[],"class_list":{"0":"post-57155","1":"product","2":"type-product","3":"status-publish","4":"has-post-thumbnail","6":"pwb-brand-tauro","7":"product_cat-schampoo-5","9":"first","10":"instock","11":"taxable","12":"shipping-taxable","13":"purchasable","14":"product-type-simple"},"acf":[],"yoast_head":"<!-- This site is optimized with the Yoast SEO plugin v23.6 - https:\/\/yoast.com\/wordpress\/plugins\/seo\/ -->\n<title>TAURO Pro Line Ultra Natural Care Ultimate Repair Clay-Maske f\u00fcr Haut und Fell von Hunden und Katzen | Tauro Slovenia<\/title>\n<meta name=\"robots\" content=\"index, follow, max-snippet:-1, max-image-preview:large, max-video-preview:-1\" \/>\n<link rel=\"canonical\" href=\"http:\/\/tauroslovenia.eu\/de\/izdelek\/tauro-pro-line-ultra-natural-care-ultimate-repair-clay-maske-fuer-haut-und-fell-von-hunden-und-katzen\/\" \/>\n<meta property=\"og:locale\" content=\"de_DE\" \/>\n<meta property=\"og:type\" content=\"article\" \/>\n<meta property=\"og:title\" content=\"TAURO Pro Line Ultra Natural Care Ultimate Repair Clay-Maske f\u00fcr Haut und Fell von Hunden und Katzen | Tauro Slovenia\" \/>\n<meta property=\"og:description\" content=\"Die Tauro Pro Line Ultra Natural Care Clay Mask ist eine v\u00f6llig nat\u00fcrliche Pflege zur Haut- und Fellerneuerung, Entgiftung und Regeneration f\u00fcr Hunde und Katzen.\" \/>\n<meta property=\"og:url\" content=\"http:\/\/tauroslovenia.eu\/de\/izdelek\/tauro-pro-line-ultra-natural-care-ultimate-repair-clay-maske-fuer-haut-und-fell-von-hunden-und-katzen\/\" \/>\n<meta property=\"og:site_name\" content=\"Tauro Slovenia\" \/>\n<meta property=\"article:publisher\" content=\"https:\/\/www.facebook.com\/tauroproline.slovenia\/\" \/>\n<meta property=\"article:modified_time\" content=\"2024-10-25T13:19:21+00:00\" \/>\n<meta property=\"og:image\" content=\"http:\/\/tauroslovenia.eu\/wp-content\/uploads\/2023\/07\/TPL47575-1024x1024.jpg\" \/>\n\t<meta property=\"og:image:width\" content=\"1024\" \/>\n\t<meta property=\"og:image:height\" content=\"1024\" \/>\n\t<meta property=\"og:image:type\" content=\"image\/png\" \/>\n<meta name=\"twitter:card\" content=\"summary_large_image\" \/>\n<meta name=\"twitter:label1\" content=\"Gesch\u00e4tzte Lesezeit\" \/>\n\t<meta name=\"twitter:data1\" content=\"1\u00a0Minute\" \/>\n<script type=\"application\/ld+json\" class=\"yoast-schema-graph\">{\"@context\":\"https:\/\/schema.org\",\"@graph\":[{\"@type\":\"WebPage\",\"@id\":\"http:\/\/tauroslovenia.eu\/de\/izdelek\/tauro-pro-line-ultra-natural-care-ultimate-repair-clay-maske-fuer-haut-und-fell-von-hunden-und-katzen\/\",\"url\":\"http:\/\/tauroslovenia.eu\/de\/izdelek\/tauro-pro-line-ultra-natural-care-ultimate-repair-clay-maske-fuer-haut-und-fell-von-hunden-und-katzen\/\",\"name\":\"TAURO Pro Line Ultra Natural Care Ultimate Repair Clay-Maske f\u00fcr Haut und Fell von Hunden und Katzen | Tauro Slovenia\",\"isPartOf\":{\"@id\":\"http:\/\/tauroslovenia.eu\/de\/#website\"},\"primaryImageOfPage\":{\"@id\":\"http:\/\/tauroslovenia.eu\/de\/izdelek\/tauro-pro-line-ultra-natural-care-ultimate-repair-clay-maske-fuer-haut-und-fell-von-hunden-und-katzen\/#primaryimage\"},\"image\":{\"@id\":\"http:\/\/tauroslovenia.eu\/de\/izdelek\/tauro-pro-line-ultra-natural-care-ultimate-repair-clay-maske-fuer-haut-und-fell-von-hunden-und-katzen\/#primaryimage\"},\"thumbnailUrl\":\"http:\/\/tauroslovenia.eu\/wp-content\/uploads\/2023\/07\/TPL47575.jpg\",\"datePublished\":\"2024-09-15T21:39:42+00:00\",\"dateModified\":\"2024-10-25T13:19:21+00:00\",\"breadcrumb\":{\"@id\":\"http:\/\/tauroslovenia.eu\/de\/izdelek\/tauro-pro-line-ultra-natural-care-ultimate-repair-clay-maske-fuer-haut-und-fell-von-hunden-und-katzen\/#breadcrumb\"},\"inLanguage\":\"de\",\"potentialAction\":[{\"@type\":\"ReadAction\",\"target\":[\"http:\/\/tauroslovenia.eu\/de\/izdelek\/tauro-pro-line-ultra-natural-care-ultimate-repair-clay-maske-fuer-haut-und-fell-von-hunden-und-katzen\/\"]}]},{\"@type\":\"ImageObject\",\"inLanguage\":\"de\",\"@id\":\"http:\/\/tauroslovenia.eu\/de\/izdelek\/tauro-pro-line-ultra-natural-care-ultimate-repair-clay-maske-fuer-haut-und-fell-von-hunden-und-katzen\/#primaryimage\",\"url\":\"http:\/\/tauroslovenia.eu\/wp-content\/uploads\/2023\/07\/TPL47575.jpg\",\"contentUrl\":\"http:\/\/tauroslovenia.eu\/wp-content\/uploads\/2023\/07\/TPL47575.jpg\",\"width\":3500,\"height\":3500},{\"@type\":\"BreadcrumbList\",\"@id\":\"http:\/\/tauroslovenia.eu\/de\/izdelek\/tauro-pro-line-ultra-natural-care-ultimate-repair-clay-maske-fuer-haut-und-fell-von-hunden-und-katzen\/#breadcrumb\",\"itemListElement\":[{\"@type\":\"ListItem\",\"position\":1,\"name\":\"Domov\",\"item\":\"http:\/\/tauroslovenia.eu\/de\/\"},{\"@type\":\"ListItem\",\"position\":2,\"name\":\"Trgovina\",\"item\":\"http:\/\/tauroslovenia.eu\/trgovina\/\"},{\"@type\":\"ListItem\",\"position\":3,\"name\":\"TAURO Pro Line Ultra Natural Care Ultimate Repair Clay-Maske f\u00fcr Haut und Fell von Hunden und Katzen\"}]},{\"@type\":\"WebSite\",\"@id\":\"http:\/\/tauroslovenia.eu\/de\/#website\",\"url\":\"http:\/\/tauroslovenia.eu\/de\/\",\"name\":\"Tauro Slovenia\",\"description\":\"\",\"publisher\":{\"@id\":\"http:\/\/tauroslovenia.eu\/de\/#organization\"},\"potentialAction\":[{\"@type\":\"SearchAction\",\"target\":{\"@type\":\"EntryPoint\",\"urlTemplate\":\"http:\/\/tauroslovenia.eu\/de\/?s={search_term_string}\"},\"query-input\":{\"@type\":\"PropertyValueSpecification\",\"valueRequired\":true,\"valueName\":\"search_term_string\"}}],\"inLanguage\":\"de\"},{\"@type\":\"Organization\",\"@id\":\"http:\/\/tauroslovenia.eu\/de\/#organization\",\"name\":\"KA&L SOLUTIONS d.o.o.\",\"url\":\"http:\/\/tauroslovenia.eu\/de\/\",\"logo\":{\"@type\":\"ImageObject\",\"inLanguage\":\"de\",\"@id\":\"http:\/\/tauroslovenia.eu\/de\/#\/schema\/logo\/image\/\",\"url\":\"http:\/\/tauroslovenia.eu\/wp-content\/uploads\/2023\/07\/logo-tauroproline-email.png\",\"contentUrl\":\"http:\/\/tauroslovenia.eu\/wp-content\/uploads\/2023\/07\/logo-tauroproline-email.png\",\"width\":157,\"height\":101,\"caption\":\"KA&L SOLUTIONS d.o.o.\"},\"image\":{\"@id\":\"http:\/\/tauroslovenia.eu\/de\/#\/schema\/logo\/image\/\"},\"sameAs\":[\"https:\/\/www.facebook.com\/tauroproline.slovenia\/\",\"https:\/\/www.instagram.com\/tauroproline_slovenia\/\"]}]}<\/script>\n<!-- \/ Yoast SEO plugin. -->","yoast_head_json":{"title":"TAURO Pro Line Ultra Natural Care Ultimate Repair Clay-Maske f\u00fcr Haut und Fell von Hunden und Katzen | Tauro Slovenia","robots":{"index":"index","follow":"follow","max-snippet":"max-snippet:-1","max-image-preview":"max-image-preview:large","max-video-preview":"max-video-preview:-1"},"canonical":"http:\/\/tauroslovenia.eu\/de\/izdelek\/tauro-pro-line-ultra-natural-care-ultimate-repair-clay-maske-fuer-haut-und-fell-von-hunden-und-katzen\/","og_locale":"de_DE","og_type":"article","og_title":"TAURO Pro Line Ultra Natural Care Ultimate Repair Clay-Maske f\u00fcr Haut und Fell von Hunden und Katzen | Tauro Slovenia","og_description":"Die Tauro Pro Line Ultra Natural Care Clay Mask ist eine v\u00f6llig nat\u00fcrliche Pflege zur Haut- und Fellerneuerung, Entgiftung und Regeneration f\u00fcr Hunde und Katzen.","og_url":"http:\/\/tauroslovenia.eu\/de\/izdelek\/tauro-pro-line-ultra-natural-care-ultimate-repair-clay-maske-fuer-haut-und-fell-von-hunden-und-katzen\/","og_site_name":"Tauro Slovenia","article_publisher":"https:\/\/www.facebook.com\/tauroproline.slovenia\/","article_modified_time":"2024-10-25T13:19:21+00:00","og_image":[{"width":1024,"height":1024,"url":"http:\/\/tauroslovenia.eu\/wp-content\/uploads\/2023\/07\/TPL47575-1024x1024.jpg","type":"image\/png"}],"twitter_card":"summary_large_image","twitter_misc":{"Gesch\u00e4tzte Lesezeit":"1\u00a0Minute"},"schema":{"@context":"https:\/\/schema.org","@graph":[{"@type":"WebPage","@id":"http:\/\/tauroslovenia.eu\/de\/izdelek\/tauro-pro-line-ultra-natural-care-ultimate-repair-clay-maske-fuer-haut-und-fell-von-hunden-und-katzen\/","url":"http:\/\/tauroslovenia.eu\/de\/izdelek\/tauro-pro-line-ultra-natural-care-ultimate-repair-clay-maske-fuer-haut-und-fell-von-hunden-und-katzen\/","name":"TAURO Pro Line Ultra Natural Care Ultimate Repair Clay-Maske f\u00fcr Haut und Fell von Hunden und Katzen | Tauro Slovenia","isPartOf":{"@id":"http:\/\/tauroslovenia.eu\/de\/#website"},"primaryImageOfPage":{"@id":"http:\/\/tauroslovenia.eu\/de\/izdelek\/tauro-pro-line-ultra-natural-care-ultimate-repair-clay-maske-fuer-haut-und-fell-von-hunden-und-katzen\/#primaryimage"},"image":{"@id":"http:\/\/tauroslovenia.eu\/de\/izdelek\/tauro-pro-line-ultra-natural-care-ultimate-repair-clay-maske-fuer-haut-und-fell-von-hunden-und-katzen\/#primaryimage"},"thumbnailUrl":"http:\/\/tauroslovenia.eu\/wp-content\/uploads\/2023\/07\/TPL47575.jpg","datePublished":"2024-09-15T21:39:42+00:00","dateModified":"2024-10-25T13:19:21+00:00","breadcrumb":{"@id":"http:\/\/tauroslovenia.eu\/de\/izdelek\/tauro-pro-line-ultra-natural-care-ultimate-repair-clay-maske-fuer-haut-und-fell-von-hunden-und-katzen\/#breadcrumb"},"inLanguage":"de","potentialAction":[{"@type":"ReadAction","target":["http:\/\/tauroslovenia.eu\/de\/izdelek\/tauro-pro-line-ultra-natural-care-ultimate-repair-clay-maske-fuer-haut-und-fell-von-hunden-und-katzen\/"]}]},{"@type":"ImageObject","inLanguage":"de","@id":"http:\/\/tauroslovenia.eu\/de\/izdelek\/tauro-pro-line-ultra-natural-care-ultimate-repair-clay-maske-fuer-haut-und-fell-von-hunden-und-katzen\/#primaryimage","url":"http:\/\/tauroslovenia.eu\/wp-content\/uploads\/2023\/07\/TPL47575.jpg","contentUrl":"http:\/\/tauroslovenia.eu\/wp-content\/uploads\/2023\/07\/TPL47575.jpg","width":3500,"height":3500},{"@type":"BreadcrumbList","@id":"http:\/\/tauroslovenia.eu\/de\/izdelek\/tauro-pro-line-ultra-natural-care-ultimate-repair-clay-maske-fuer-haut-und-fell-von-hunden-und-katzen\/#breadcrumb","itemListElement":[{"@type":"ListItem","position":1,"name":"Domov","item":"http:\/\/tauroslovenia.eu\/de\/"},{"@type":"ListItem","position":2,"name":"Trgovina","item":"http:\/\/tauroslovenia.eu\/trgovina\/"},{"@type":"ListItem","position":3,"name":"TAURO Pro Line Ultra Natural Care Ultimate Repair Clay-Maske f\u00fcr Haut und Fell von Hunden und Katzen"}]},{"@type":"WebSite","@id":"http:\/\/tauroslovenia.eu\/de\/#website","url":"http:\/\/tauroslovenia.eu\/de\/","name":"Tauro Slovenia","description":"","publisher":{"@id":"http:\/\/tauroslovenia.eu\/de\/#organization"},"potentialAction":[{"@type":"SearchAction","target":{"@type":"EntryPoint","urlTemplate":"http:\/\/tauroslovenia.eu\/de\/?s={search_term_string}"},"query-input":{"@type":"PropertyValueSpecification","valueRequired":true,"valueName":"search_term_string"}}],"inLanguage":"de"},{"@type":"Organization","@id":"http:\/\/tauroslovenia.eu\/de\/#organization","name":"KA&L SOLUTIONS d.o.o.","url":"http:\/\/tauroslovenia.eu\/de\/","logo":{"@type":"ImageObject","inLanguage":"de","@id":"http:\/\/tauroslovenia.eu\/de\/#\/schema\/logo\/image\/","url":"http:\/\/tauroslovenia.eu\/wp-content\/uploads\/2023\/07\/logo-tauroproline-email.png","contentUrl":"http:\/\/tauroslovenia.eu\/wp-content\/uploads\/2023\/07\/logo-tauroproline-email.png","width":157,"height":101,"caption":"KA&L SOLUTIONS d.o.o."},"image":{"@id":"http:\/\/tauroslovenia.eu\/de\/#\/schema\/logo\/image\/"},"sameAs":["https:\/\/www.facebook.com\/tauroproline.slovenia\/","https:\/\/www.instagram.com\/tauroproline_slovenia\/"]}]}},"brands":[{"id":264,"name":"TAURO","slug":"tauro"}],"_links":{"self":[{"href":"http:\/\/tauroslovenia.eu\/de\/wp-json\/wp\/v2\/product\/57155"}],"collection":[{"href":"http:\/\/tauroslovenia.eu\/de\/wp-json\/wp\/v2\/product"}],"about":[{"href":"http:\/\/tauroslovenia.eu\/de\/wp-json\/wp\/v2\/types\/product"}],"wp:featuredmedia":[{"embeddable":true,"href":"http:\/\/tauroslovenia.eu\/de\/wp-json\/wp\/v2\/media\/57157"}],"wp:attachment":[{"href":"http:\/\/tauroslovenia.eu\/de\/wp-json\/wp\/v2\/media?parent=57155"}],"wp:term":[{"taxonomy":"pwb-brand","embeddable":true,"href":"http:\/\/tauroslovenia.eu\/de\/wp-json\/wp\/v2\/pwb-brand?post=57155"},{"taxonomy":"product_cat","embeddable":true,"href":"http:\/\/tauroslovenia.eu\/de\/wp-json\/wp\/v2\/product_cat?post=57155"},{"taxonomy":"product_tag","embeddable":true,"href":"http:\/\/tauroslovenia.eu\/de\/wp-json\/wp\/v2\/product_tag?post=57155"}],"curies":[{"name":"wp","href":"https:\/\/api.w.org\/{rel}","templated":true}]}}