{"id":57194,"date":"2024-09-15T23:39:42","date_gmt":"2024-09-15T21:39:42","guid":{"rendered":"https:\/\/tauroslovenia.eu\/izdelek\/tauro-pro-line-friseurschere-janita-plunge-linie-20-cm-gerade-edelstahl-440c\/"},"modified":"2024-10-25T14:52:54","modified_gmt":"2024-10-25T12:52:54","slug":"tauro-pro-line-friseurschere-janita-plunge-linie-20-cm-gerade-edelstahl-440c","status":"publish","type":"product","link":"http:\/\/tauroslovenia.eu\/de\/izdelek\/tauro-pro-line-friseurschere-janita-plunge-linie-20-cm-gerade-edelstahl-440c\/","title":{"rendered":"Tauro Pro Line Friseurschere, Janita Plung\u0117 Linie, 20 cm, gerade, Edelstahl 440c"},"content":{"rendered":"<p><span>Weitere Informationen zum gesamten Sortiment finden Sie <\/span><em>&#8222;<\/em><span>Tauro Pro Line&#8220;, Geschichte und unsere Tipps <\/span><a href=\"https:\/\/www.kika.lt\/files\/uploaded\/TPL\/TPL_Scissors_catalogue_web.pdf\">HIER.<\/a><\/p>\n<p>Die Tauro Pro Line Janita Plung\u0117 Linie Scheren bestehen aus hochwertigem 440c Edelstahl, einem einlagigen Stahl f\u00fcr die Herstellung von Profischeren. Diese Scherenlinie ist leicht, daher sehr handlich und pr\u00e4zise, und aufgrund der hochwertigen Materialien, die bei der Herstellung verwendet werden, extrem scharf.<\/p>\n<p>Durch das spezielle Design sind die Scheren \u00e4u\u00dferst einfach zu handhaben und daher ein unverzichtbares Werkzeug f\u00fcr die Fellpflege.<\/p>\n<p><strong>F\u00fcr das Scheren von Tieren<\/strong><br \/>Die geraden Scheren sind f\u00fcr das Scheren von Tieren konzipiert. Gerade Scheren aus rostfreiem Stahl sind die vielseitigsten aller Scheren und eignen sich f\u00fcr das Schneiden von Fell aller Tierarten. Die gerade Klinge der Scheren hilft Ihnen, ein qualitativ hochwertiges Ergebnis ohne Schwierigkeiten zu erzielen.<\/p>\n<p><strong>Ergonomisches Design<\/strong><\/p>\n<p>Die ergonomisch gestalteten Scheren haben silikonbeschichtete Griffe, die eine \u00e4u\u00dferst komfortable Fingerposition w\u00e4hrend der Arbeit erm\u00f6glichen. Sie hinterlassen bei l\u00e4ngerem Gebrauch keine Druckstellen. Kleine zus\u00e4tzliche Details sorgen f\u00fcr Stabilit\u00e4t der Scheren in der Hand und verhindern das Verklemmen der Scheren.<\/p>\n<p><strong>H\u00f6chste Qualit\u00e4t<\/strong><br \/>Scheren aus hochwertigem Edelstahl sind langlebig, extrem scharf und robust. Sie k\u00f6nnen sicher sein, dass Ihnen diese Scheren viele Jahre dienen werden.<\/p>\n<p><strong>Pflegehinweise f\u00fcr die Scheren<\/strong><br \/>Einfache Einstellung mit Regler, leicht zu pflegen. Wichtig: Die Scheren m\u00fcssen nach jedem Schneiden des Hundes gereinigt werden. Verantwortungsbewusst und vorsichtig behandeln, Scheren vor harten St\u00f6\u00dfen auf feste Oberfl\u00e4chen sch\u00fctzen, besch\u00e4digte Scheren nach einem Sto\u00df sind m\u00f6glicherweise nicht mehr zum Schneiden geeignet. Die richtige Pflege der Scheren erfordert wesentlich weniger Nachsch\u00e4rfen. Die Scheren sind f\u00fcr eine langfristige Nutzung ausgelegt. Nur f\u00fcr die Pflege von gebadetem Fell empfohlen.<\/p>\n<p><strong>Eigenschaften:<\/strong><\/p>\n<p>F\u00fcr: Schneiden.<br \/>Form: Gerade.<br \/>Gr\u00f6\u00dfe: 7&#8243;\/18 cm \/ 7,5&#8243;\/19 cm \/ 8&#8243;\/20 cm.<br \/>Mit goldenen Griffen.<br \/>Material: Edelstahl 440c.<\/p>\n<p>Hergestellt in China.<\/p>\n","protected":false},"excerpt":{"rendered":"<p>Die gerade Schere Tauro Pro Line ist das hochwertigste Fellpflegeprodukt f\u00fcr den professionellen Einsatz in Friseursalons, Zuchst\u00e4tten und Tierpflegeschulen.<\/p>\n","protected":false},"featured_media":57196,"template":"","meta":{"_acf_changed":false},"pwb-brand":[264],"product_cat":[625],"product_tag":[],"class_list":{"0":"post-57194","1":"product","2":"type-product","3":"status-publish","4":"has-post-thumbnail","6":"pwb-brand-tauro","7":"product_cat-schere","9":"first","10":"instock","11":"taxable","12":"shipping-taxable","13":"purchasable","14":"product-type-simple"},"acf":[],"yoast_head":"<!-- This site is optimized with the Yoast SEO plugin v23.6 - https:\/\/yoast.com\/wordpress\/plugins\/seo\/ -->\n<title>Tauro Pro Line Friseurschere, Janita Plung\u0117 Linie, 20 cm, gerade, Edelstahl 440c | Tauro Slovenia<\/title>\n<meta name=\"robots\" content=\"index, follow, max-snippet:-1, max-image-preview:large, max-video-preview:-1\" \/>\n<link rel=\"canonical\" href=\"http:\/\/tauroslovenia.eu\/de\/izdelek\/tauro-pro-line-friseurschere-janita-plunge-linie-20-cm-gerade-edelstahl-440c\/\" \/>\n<meta property=\"og:locale\" content=\"de_DE\" \/>\n<meta property=\"og:type\" content=\"article\" \/>\n<meta property=\"og:title\" content=\"Tauro Pro Line Friseurschere, Janita Plung\u0117 Linie, 20 cm, gerade, Edelstahl 440c | Tauro Slovenia\" \/>\n<meta property=\"og:description\" content=\"Die gerade Schere Tauro Pro Line ist das hochwertigste Fellpflegeprodukt f\u00fcr den professionellen Einsatz in Friseursalons, Zuchst\u00e4tten und Tierpflegeschulen.\" \/>\n<meta property=\"og:url\" content=\"http:\/\/tauroslovenia.eu\/de\/izdelek\/tauro-pro-line-friseurschere-janita-plunge-linie-20-cm-gerade-edelstahl-440c\/\" \/>\n<meta property=\"og:site_name\" content=\"Tauro Slovenia\" \/>\n<meta property=\"article:publisher\" content=\"https:\/\/www.facebook.com\/tauroproline.slovenia\/\" \/>\n<meta property=\"article:modified_time\" content=\"2024-10-25T12:52:54+00:00\" \/>\n<meta property=\"og:image\" content=\"http:\/\/tauroslovenia.eu\/wp-content\/uploads\/2023\/07\/TPL63190-scaled.jpg\" \/>\n\t<meta property=\"og:image:width\" content=\"2560\" \/>\n\t<meta property=\"og:image:height\" content=\"2560\" \/>\n\t<meta property=\"og:image:type\" content=\"image\/jpeg\" \/>\n<meta name=\"twitter:card\" content=\"summary_large_image\" \/>\n<meta name=\"twitter:label1\" content=\"Gesch\u00e4tzte Lesezeit\" \/>\n\t<meta name=\"twitter:data1\" content=\"2\u00a0Minuten\" \/>\n<script type=\"application\/ld+json\" class=\"yoast-schema-graph\">{\"@context\":\"https:\/\/schema.org\",\"@graph\":[{\"@type\":\"WebPage\",\"@id\":\"http:\/\/tauroslovenia.eu\/de\/izdelek\/tauro-pro-line-friseurschere-janita-plunge-linie-20-cm-gerade-edelstahl-440c\/\",\"url\":\"http:\/\/tauroslovenia.eu\/de\/izdelek\/tauro-pro-line-friseurschere-janita-plunge-linie-20-cm-gerade-edelstahl-440c\/\",\"name\":\"Tauro Pro Line Friseurschere, Janita Plung\u0117 Linie, 20 cm, gerade, Edelstahl 440c | Tauro Slovenia\",\"isPartOf\":{\"@id\":\"http:\/\/tauroslovenia.eu\/de\/#website\"},\"primaryImageOfPage\":{\"@id\":\"http:\/\/tauroslovenia.eu\/de\/izdelek\/tauro-pro-line-friseurschere-janita-plunge-linie-20-cm-gerade-edelstahl-440c\/#primaryimage\"},\"image\":{\"@id\":\"http:\/\/tauroslovenia.eu\/de\/izdelek\/tauro-pro-line-friseurschere-janita-plunge-linie-20-cm-gerade-edelstahl-440c\/#primaryimage\"},\"thumbnailUrl\":\"http:\/\/tauroslovenia.eu\/wp-content\/uploads\/2023\/07\/TPL63190-scaled.jpg\",\"datePublished\":\"2024-09-15T21:39:42+00:00\",\"dateModified\":\"2024-10-25T12:52:54+00:00\",\"breadcrumb\":{\"@id\":\"http:\/\/tauroslovenia.eu\/de\/izdelek\/tauro-pro-line-friseurschere-janita-plunge-linie-20-cm-gerade-edelstahl-440c\/#breadcrumb\"},\"inLanguage\":\"de\",\"potentialAction\":[{\"@type\":\"ReadAction\",\"target\":[\"http:\/\/tauroslovenia.eu\/de\/izdelek\/tauro-pro-line-friseurschere-janita-plunge-linie-20-cm-gerade-edelstahl-440c\/\"]}]},{\"@type\":\"ImageObject\",\"inLanguage\":\"de\",\"@id\":\"http:\/\/tauroslovenia.eu\/de\/izdelek\/tauro-pro-line-friseurschere-janita-plunge-linie-20-cm-gerade-edelstahl-440c\/#primaryimage\",\"url\":\"http:\/\/tauroslovenia.eu\/wp-content\/uploads\/2023\/07\/TPL63190-scaled.jpg\",\"contentUrl\":\"http:\/\/tauroslovenia.eu\/wp-content\/uploads\/2023\/07\/TPL63190-scaled.jpg\",\"width\":2560,\"height\":2560},{\"@type\":\"BreadcrumbList\",\"@id\":\"http:\/\/tauroslovenia.eu\/de\/izdelek\/tauro-pro-line-friseurschere-janita-plunge-linie-20-cm-gerade-edelstahl-440c\/#breadcrumb\",\"itemListElement\":[{\"@type\":\"ListItem\",\"position\":1,\"name\":\"Domov\",\"item\":\"http:\/\/tauroslovenia.eu\/de\/\"},{\"@type\":\"ListItem\",\"position\":2,\"name\":\"Trgovina\",\"item\":\"http:\/\/tauroslovenia.eu\/trgovina\/\"},{\"@type\":\"ListItem\",\"position\":3,\"name\":\"Tauro Pro Line Friseurschere, Janita Plung\u0117 Linie, 20 cm, gerade, Edelstahl 440c\"}]},{\"@type\":\"WebSite\",\"@id\":\"http:\/\/tauroslovenia.eu\/de\/#website\",\"url\":\"http:\/\/tauroslovenia.eu\/de\/\",\"name\":\"Tauro Slovenia\",\"description\":\"\",\"publisher\":{\"@id\":\"http:\/\/tauroslovenia.eu\/de\/#organization\"},\"potentialAction\":[{\"@type\":\"SearchAction\",\"target\":{\"@type\":\"EntryPoint\",\"urlTemplate\":\"http:\/\/tauroslovenia.eu\/de\/?s={search_term_string}\"},\"query-input\":{\"@type\":\"PropertyValueSpecification\",\"valueRequired\":true,\"valueName\":\"search_term_string\"}}],\"inLanguage\":\"de\"},{\"@type\":\"Organization\",\"@id\":\"http:\/\/tauroslovenia.eu\/de\/#organization\",\"name\":\"KA&L SOLUTIONS d.o.o.\",\"url\":\"http:\/\/tauroslovenia.eu\/de\/\",\"logo\":{\"@type\":\"ImageObject\",\"inLanguage\":\"de\",\"@id\":\"http:\/\/tauroslovenia.eu\/de\/#\/schema\/logo\/image\/\",\"url\":\"http:\/\/tauroslovenia.eu\/wp-content\/uploads\/2023\/07\/logo-tauroproline-email.png\",\"contentUrl\":\"http:\/\/tauroslovenia.eu\/wp-content\/uploads\/2023\/07\/logo-tauroproline-email.png\",\"width\":157,\"height\":101,\"caption\":\"KA&L SOLUTIONS d.o.o.\"},\"image\":{\"@id\":\"http:\/\/tauroslovenia.eu\/de\/#\/schema\/logo\/image\/\"},\"sameAs\":[\"https:\/\/www.facebook.com\/tauroproline.slovenia\/\",\"https:\/\/www.instagram.com\/tauroproline_slovenia\/\"]}]}<\/script>\n<!-- \/ Yoast SEO plugin. -->","yoast_head_json":{"title":"Tauro Pro Line Friseurschere, Janita Plung\u0117 Linie, 20 cm, gerade, Edelstahl 440c | Tauro Slovenia","robots":{"index":"index","follow":"follow","max-snippet":"max-snippet:-1","max-image-preview":"max-image-preview:large","max-video-preview":"max-video-preview:-1"},"canonical":"http:\/\/tauroslovenia.eu\/de\/izdelek\/tauro-pro-line-friseurschere-janita-plunge-linie-20-cm-gerade-edelstahl-440c\/","og_locale":"de_DE","og_type":"article","og_title":"Tauro Pro Line Friseurschere, Janita Plung\u0117 Linie, 20 cm, gerade, Edelstahl 440c | Tauro Slovenia","og_description":"Die gerade Schere Tauro Pro Line ist das hochwertigste Fellpflegeprodukt f\u00fcr den professionellen Einsatz in Friseursalons, Zuchst\u00e4tten und Tierpflegeschulen.","og_url":"http:\/\/tauroslovenia.eu\/de\/izdelek\/tauro-pro-line-friseurschere-janita-plunge-linie-20-cm-gerade-edelstahl-440c\/","og_site_name":"Tauro Slovenia","article_publisher":"https:\/\/www.facebook.com\/tauroproline.slovenia\/","article_modified_time":"2024-10-25T12:52:54+00:00","og_image":[{"width":2560,"height":2560,"url":"http:\/\/tauroslovenia.eu\/wp-content\/uploads\/2023\/07\/TPL63190-scaled.jpg","type":"image\/jpeg"}],"twitter_card":"summary_large_image","twitter_misc":{"Gesch\u00e4tzte Lesezeit":"2\u00a0Minuten"},"schema":{"@context":"https:\/\/schema.org","@graph":[{"@type":"WebPage","@id":"http:\/\/tauroslovenia.eu\/de\/izdelek\/tauro-pro-line-friseurschere-janita-plunge-linie-20-cm-gerade-edelstahl-440c\/","url":"http:\/\/tauroslovenia.eu\/de\/izdelek\/tauro-pro-line-friseurschere-janita-plunge-linie-20-cm-gerade-edelstahl-440c\/","name":"Tauro Pro Line Friseurschere, Janita Plung\u0117 Linie, 20 cm, gerade, Edelstahl 440c | Tauro Slovenia","isPartOf":{"@id":"http:\/\/tauroslovenia.eu\/de\/#website"},"primaryImageOfPage":{"@id":"http:\/\/tauroslovenia.eu\/de\/izdelek\/tauro-pro-line-friseurschere-janita-plunge-linie-20-cm-gerade-edelstahl-440c\/#primaryimage"},"image":{"@id":"http:\/\/tauroslovenia.eu\/de\/izdelek\/tauro-pro-line-friseurschere-janita-plunge-linie-20-cm-gerade-edelstahl-440c\/#primaryimage"},"thumbnailUrl":"http:\/\/tauroslovenia.eu\/wp-content\/uploads\/2023\/07\/TPL63190-scaled.jpg","datePublished":"2024-09-15T21:39:42+00:00","dateModified":"2024-10-25T12:52:54+00:00","breadcrumb":{"@id":"http:\/\/tauroslovenia.eu\/de\/izdelek\/tauro-pro-line-friseurschere-janita-plunge-linie-20-cm-gerade-edelstahl-440c\/#breadcrumb"},"inLanguage":"de","potentialAction":[{"@type":"ReadAction","target":["http:\/\/tauroslovenia.eu\/de\/izdelek\/tauro-pro-line-friseurschere-janita-plunge-linie-20-cm-gerade-edelstahl-440c\/"]}]},{"@type":"ImageObject","inLanguage":"de","@id":"http:\/\/tauroslovenia.eu\/de\/izdelek\/tauro-pro-line-friseurschere-janita-plunge-linie-20-cm-gerade-edelstahl-440c\/#primaryimage","url":"http:\/\/tauroslovenia.eu\/wp-content\/uploads\/2023\/07\/TPL63190-scaled.jpg","contentUrl":"http:\/\/tauroslovenia.eu\/wp-content\/uploads\/2023\/07\/TPL63190-scaled.jpg","width":2560,"height":2560},{"@type":"BreadcrumbList","@id":"http:\/\/tauroslovenia.eu\/de\/izdelek\/tauro-pro-line-friseurschere-janita-plunge-linie-20-cm-gerade-edelstahl-440c\/#breadcrumb","itemListElement":[{"@type":"ListItem","position":1,"name":"Domov","item":"http:\/\/tauroslovenia.eu\/de\/"},{"@type":"ListItem","position":2,"name":"Trgovina","item":"http:\/\/tauroslovenia.eu\/trgovina\/"},{"@type":"ListItem","position":3,"name":"Tauro Pro Line Friseurschere, Janita Plung\u0117 Linie, 20 cm, gerade, Edelstahl 440c"}]},{"@type":"WebSite","@id":"http:\/\/tauroslovenia.eu\/de\/#website","url":"http:\/\/tauroslovenia.eu\/de\/","name":"Tauro Slovenia","description":"","publisher":{"@id":"http:\/\/tauroslovenia.eu\/de\/#organization"},"potentialAction":[{"@type":"SearchAction","target":{"@type":"EntryPoint","urlTemplate":"http:\/\/tauroslovenia.eu\/de\/?s={search_term_string}"},"query-input":{"@type":"PropertyValueSpecification","valueRequired":true,"valueName":"search_term_string"}}],"inLanguage":"de"},{"@type":"Organization","@id":"http:\/\/tauroslovenia.eu\/de\/#organization","name":"KA&L SOLUTIONS d.o.o.","url":"http:\/\/tauroslovenia.eu\/de\/","logo":{"@type":"ImageObject","inLanguage":"de","@id":"http:\/\/tauroslovenia.eu\/de\/#\/schema\/logo\/image\/","url":"http:\/\/tauroslovenia.eu\/wp-content\/uploads\/2023\/07\/logo-tauroproline-email.png","contentUrl":"http:\/\/tauroslovenia.eu\/wp-content\/uploads\/2023\/07\/logo-tauroproline-email.png","width":157,"height":101,"caption":"KA&L SOLUTIONS d.o.o."},"image":{"@id":"http:\/\/tauroslovenia.eu\/de\/#\/schema\/logo\/image\/"},"sameAs":["https:\/\/www.facebook.com\/tauroproline.slovenia\/","https:\/\/www.instagram.com\/tauroproline_slovenia\/"]}]}},"brands":[{"id":264,"name":"TAURO","slug":"tauro"}],"_links":{"self":[{"href":"http:\/\/tauroslovenia.eu\/de\/wp-json\/wp\/v2\/product\/57194"}],"collection":[{"href":"http:\/\/tauroslovenia.eu\/de\/wp-json\/wp\/v2\/product"}],"about":[{"href":"http:\/\/tauroslovenia.eu\/de\/wp-json\/wp\/v2\/types\/product"}],"wp:featuredmedia":[{"embeddable":true,"href":"http:\/\/tauroslovenia.eu\/de\/wp-json\/wp\/v2\/media\/57196"}],"wp:attachment":[{"href":"http:\/\/tauroslovenia.eu\/de\/wp-json\/wp\/v2\/media?parent=57194"}],"wp:term":[{"taxonomy":"pwb-brand","embeddable":true,"href":"http:\/\/tauroslovenia.eu\/de\/wp-json\/wp\/v2\/pwb-brand?post=57194"},{"taxonomy":"product_cat","embeddable":true,"href":"http:\/\/tauroslovenia.eu\/de\/wp-json\/wp\/v2\/product_cat?post=57194"},{"taxonomy":"product_tag","embeddable":true,"href":"http:\/\/tauroslovenia.eu\/de\/wp-json\/wp\/v2\/product_tag?post=57194"}],"curies":[{"name":"wp","href":"https:\/\/api.w.org\/{rel}","templated":true}]}}