{"id":57239,"date":"2024-09-15T23:39:47","date_gmt":"2024-09-15T21:39:47","guid":{"rendered":"https:\/\/tauroslovenia.eu\/izdelek\/tauro-pro-line-pure-nature-stainless-look-3in1-maske-aus-natuerlicher-tonerde-zur-vorbeugung-von-traenenflecken-auf-hundefell\/"},"modified":"2024-10-25T15:19:28","modified_gmt":"2024-10-25T13:19:28","slug":"tauro-pro-line-pure-nature-stainless-look-3in1-maske-aus-natuerlicher-tonerde-zur-vorbeugung-von-traenenflecken-auf-hundefell","status":"publish","type":"product","link":"http:\/\/tauroslovenia.eu\/de\/izdelek\/tauro-pro-line-pure-nature-stainless-look-3in1-maske-aus-natuerlicher-tonerde-zur-vorbeugung-von-traenenflecken-auf-hundefell\/","title":{"rendered":"Tauro Pro Line Pure Nature Stainless Look 3in1-Maske aus nat\u00fcrlicher Tonerde zur Vorbeugung von Tr\u00e4nenflecken auf Hundefell"},"content":{"rendered":"<ul>\n<li data-leveltext=\"\u00b7\" data-font=\"Symbol\" data-listid=\"2\" aria-setsize=\"-1\" data-aria-posinset=\"1\" data-aria-level=\"1\">\n        <span data-contrast=\"auto\">F\u00fcr alle Arten von<\/span><br \/>\n        <span data-contrast=\"auto\">Fell<\/span><br \/>\n        <span data-contrast=\"auto\">.<\/span><br \/>\n        <span data-ccp-props=\"{\" 134233117\":true,\"134233118\":true}\"> <\/span>\n    <\/li>\n<\/ul>\n<p><strong><span data-contrast=\"auto\">Anwendung:<\/span><\/strong><span data-ccp-props=\"{\" 134233117\":true,\"134233118\":true}\"> <\/span><\/p>\n<ul>\n<li data-leveltext=\"\u00b7\" data-font=\"Symbol\" data-listid=\"3\" aria-setsize=\"-1\" data-aria-posinset=\"2\" data-aria-level=\"1\">\n        <span data-contrast=\"auto\">Zum Schutz vor braunen Flecken: Das Mittel vorsichtig auf die Stellen auftragen, die braun werden k\u00f6nnten, einige Minuten trocknen lassen und einwirken lassen. Produkt nach Bedarf verwenden.<\/span><br \/>\n        <span data-ccp-props=\"{\" 134233117\":true,\"134233118\":true}\"> <\/span>\n    <\/li>\n<li data-leveltext=\"\u00b7\" data-font=\"Symbol\" data-listid=\"3\" aria-setsize=\"-1\" data-aria-posinset=\"3\" data-aria-level=\"1\">\n        <span data-contrast=\"auto\">Die Maske absorbiert Feuchtigkeit aus Tr\u00e4nen und Speichel, ohne das Fell auszutrocknen oder zu besch\u00e4digen.<\/span><br \/>\n        <span data-ccp-props=\"{\" 134233117\":true,\"134233118\":true}\"> <\/span>\n    <\/li>\n<li data-leveltext=\"\u00b7\" data-font=\"Symbol\" data-listid=\"3\" aria-setsize=\"-1\" data-aria-posinset=\"4\" data-aria-level=\"1\">\n        <span data-contrast=\"auto\">Zur Entfernung brauner Flecken: Das Produkt vorsichtig auf die verf\u00e4rbten Stellen des Fells auftragen, trocknen lassen und ausk\u00e4mmen. 1-2 Mal t\u00e4glich oder nach Bedarf anwenden, bis die Flecken verschwunden sind.<\/span><br \/>\n        <span data-ccp-props=\"{\" 134233117\":true,\"134233118\":true}\"> <\/span>\n    <\/li>\n<\/ul>\n<ul>\n<li data-leveltext=\"\u00b7\" data-font=\"Symbol\" data-listid=\"3\" aria-setsize=\"-1\" data-aria-posinset=\"1\" data-aria-level=\"1\">\n        <span data-contrast=\"auto\">F\u00fcr beste Ergebnisse mit Tauro Pro Line Pure Mist verwenden.<\/span><br \/>\n        <span data-ccp-props=\"{\" 134233117\":true,\"134233118\":true}\"> <\/span>\n    <\/li>\n<\/ul>\n<p><strong><span data-contrast=\"auto\">Eigenschaften:<\/span><\/strong><span data-ccp-props=\"{\" 134233117\":true,\"134233118\":true}\"> <\/span><\/p>\n<ul>\n<li data-leveltext=\"\u00b7\" data-font=\"Symbol\" data-listid=\"4\" aria-setsize=\"-1\" data-aria-posinset=\"2\" data-aria-level=\"1\">\n        <span data-contrast=\"auto\">Inhalt: 50 ml.<\/span><br \/>\n        <span data-ccp-props=\"{\" 134233117\":true,\"134233118\":true}\"> <\/span>\n    <\/li>\n<\/ul>\n<p><span data-contrast=\"auto\">Hergestellt in der Europ\u00e4ischen Union.<\/span><span data-ccp-props=\"{\" 134233117\":true,\"134233118\":true}\"> <\/span><\/p>\n<p><strong><span data-contrast=\"auto\">Warnung:<\/span><\/strong><span data-contrast=\"auto\"> Nur zur \u00e4u\u00dferen Anwendung. Vermeiden Sie den Kontakt mit Augen und Mund. Allergische Reaktionen sind selten. Bei allergischer Reaktion sofort die Anwendung des Produkts einstellen. Gut verschlossen, in der Originalverpackung, an einem trockenen und k\u00fchlen Ort aufbewahren. Au\u00dferhalb der Reichweite von Kindern aufbewahren.<\/span><span data-ccp-props=\"{\" 134233117\":true,\"134233118\":true}\"> <\/span><\/p>\n<p><strong><span data-contrast=\"auto\">Anwendung:<\/span><\/strong><span data-ccp-props=\"{\" 134233117\":true,\"134233118\":true}\"> <\/span><\/p>\n<ul>\n<li data-leveltext=\"\u00b7\" data-font=\"Symbol\" data-listid=\"6\" aria-setsize=\"-1\" data-aria-posinset=\"1\" data-aria-level=\"1\">\n        <strong><span data-contrast=\"auto\">Zum Schutz vor braunen Flecken:<\/span><\/strong><br \/>\n        <span data-contrast=\"auto\">Das Mittel vorsichtig auf die Stellen auftragen, die braun werden k\u00f6nnten, einige Minuten trocknen lassen und einwirken lassen. Produkt nach Bedarf verwenden.<\/span><br \/>\n        <span data-ccp-props=\"{\" 134233117\":true,\"134233118\":true}\"> <\/span>\n    <\/li>\n<li data-leveltext=\"\u00b7\" data-font=\"Symbol\" data-listid=\"6\" aria-setsize=\"-1\" data-aria-posinset=\"2\" data-aria-level=\"1\">\n        <strong><span data-contrast=\"auto\">Wirkung:<\/span><\/strong><br \/>\n        <span data-contrast=\"auto\">Die trockene Masse absorbiert Feuchtigkeit, die von Tr\u00e4nenkan\u00e4len oder Speichel abgegeben wird, ohne das Fell zu oxidieren.<\/span><br \/>\n        <span data-ccp-props=\"{\" 134233117\":true,\"134233118\":true}\"> <\/span>\n    <\/li>\n<li data-leveltext=\"\u00b7\" data-font=\"Symbol\" data-listid=\"6\" aria-setsize=\"-1\" data-aria-posinset=\"3\" data-aria-level=\"1\">\n        <strong><span data-contrast=\"auto\">Zur Entfernung brauner Flecken:<\/span><\/strong><br \/>\n        <span data-contrast=\"auto\">Das Mittel vorsichtig auf die verf\u00e4rbten Stellen des Fells auftragen, trocknen lassen und ausk\u00e4mmen. 1-2 Mal t\u00e4glich oder nach Bedarf anwenden, bis die bestehenden Flecken verschwunden sind.<\/span><br \/>\n        <span data-ccp-props=\"{\" 134233117\":true,\"134233118\":true}\"> <\/span>\n    <\/li>\n<\/ul>\n<p><strong><span data-contrast=\"auto\">Hergestellt in der Europ\u00e4ischen Union.<\/span><\/strong><span data-ccp-props=\"{\" 134233117\":true,\"134233118\":true}\"> <\/span><\/p>\n<p>Bitte f\u00fcllen Sie die Umfrage aus, damit wir Ihnen bei der Behebung des Problems mit braunen <span>Tr\u00e4nenflecken<\/span> <\/p>\n<p>Umfrage<span> <\/span><a href=\"https:\/\/forms.gle\/dpa45m47sjVzcZrU6\">hier<\/a><\/p>\n","protected":false},"excerpt":{"rendered":"<p>Es hilft, braune Flecken um die Augen, den Mund oder andere Bereiche des Fells zu entfernen und verhindert die Bildung neuer Flecken.<\/p>\n","protected":false},"featured_media":57241,"template":"","meta":{"_acf_changed":false},"pwb-brand":[264],"product_cat":[614],"product_tag":[],"class_list":{"0":"post-57239","1":"product","2":"type-product","3":"status-publish","4":"has-post-thumbnail","6":"pwb-brand-tauro","7":"product_cat-schampoo-3","9":"first","10":"instock","11":"taxable","12":"shipping-taxable","13":"purchasable","14":"product-type-simple"},"acf":[],"yoast_head":"<!-- This site is optimized with the Yoast SEO plugin v23.6 - https:\/\/yoast.com\/wordpress\/plugins\/seo\/ -->\n<title>Tauro Pro Line Pure Nature Stainless Look 3in1-Maske aus nat\u00fcrlicher Tonerde zur Vorbeugung von Tr\u00e4nenflecken auf Hundefell | Tauro Slovenia<\/title>\n<meta name=\"robots\" content=\"index, follow, max-snippet:-1, max-image-preview:large, max-video-preview:-1\" \/>\n<link rel=\"canonical\" href=\"http:\/\/tauroslovenia.eu\/de\/izdelek\/tauro-pro-line-pure-nature-stainless-look-3in1-maske-aus-natuerlicher-tonerde-zur-vorbeugung-von-traenenflecken-auf-hundefell\/\" \/>\n<meta property=\"og:locale\" content=\"de_DE\" \/>\n<meta property=\"og:type\" content=\"article\" \/>\n<meta property=\"og:title\" content=\"Tauro Pro Line Pure Nature Stainless Look 3in1-Maske aus nat\u00fcrlicher Tonerde zur Vorbeugung von Tr\u00e4nenflecken auf Hundefell | Tauro Slovenia\" \/>\n<meta property=\"og:description\" content=\"Es hilft, braune Flecken um die Augen, den Mund oder andere Bereiche des Fells zu entfernen und verhindert die Bildung neuer Flecken.\" \/>\n<meta property=\"og:url\" content=\"http:\/\/tauroslovenia.eu\/de\/izdelek\/tauro-pro-line-pure-nature-stainless-look-3in1-maske-aus-natuerlicher-tonerde-zur-vorbeugung-von-traenenflecken-auf-hundefell\/\" \/>\n<meta property=\"og:site_name\" content=\"Tauro Slovenia\" \/>\n<meta property=\"article:publisher\" content=\"https:\/\/www.facebook.com\/tauroproline.slovenia\/\" \/>\n<meta property=\"article:modified_time\" content=\"2024-10-25T13:19:28+00:00\" \/>\n<meta property=\"og:image\" content=\"http:\/\/tauroslovenia.eu\/wp-content\/uploads\/2023\/07\/TPL63380.jpg\" \/>\n\t<meta property=\"og:image:width\" content=\"1500\" \/>\n\t<meta property=\"og:image:height\" content=\"1500\" \/>\n\t<meta property=\"og:image:type\" content=\"image\/jpeg\" \/>\n<meta name=\"twitter:card\" content=\"summary_large_image\" \/>\n<meta name=\"twitter:label1\" content=\"Gesch\u00e4tzte Lesezeit\" \/>\n\t<meta name=\"twitter:data1\" content=\"1\u00a0Minute\" \/>\n<script type=\"application\/ld+json\" class=\"yoast-schema-graph\">{\"@context\":\"https:\/\/schema.org\",\"@graph\":[{\"@type\":\"WebPage\",\"@id\":\"http:\/\/tauroslovenia.eu\/de\/izdelek\/tauro-pro-line-pure-nature-stainless-look-3in1-maske-aus-natuerlicher-tonerde-zur-vorbeugung-von-traenenflecken-auf-hundefell\/\",\"url\":\"http:\/\/tauroslovenia.eu\/de\/izdelek\/tauro-pro-line-pure-nature-stainless-look-3in1-maske-aus-natuerlicher-tonerde-zur-vorbeugung-von-traenenflecken-auf-hundefell\/\",\"name\":\"Tauro Pro Line Pure Nature Stainless Look 3in1-Maske aus nat\u00fcrlicher Tonerde zur Vorbeugung von Tr\u00e4nenflecken auf Hundefell | Tauro Slovenia\",\"isPartOf\":{\"@id\":\"http:\/\/tauroslovenia.eu\/de\/#website\"},\"primaryImageOfPage\":{\"@id\":\"http:\/\/tauroslovenia.eu\/de\/izdelek\/tauro-pro-line-pure-nature-stainless-look-3in1-maske-aus-natuerlicher-tonerde-zur-vorbeugung-von-traenenflecken-auf-hundefell\/#primaryimage\"},\"image\":{\"@id\":\"http:\/\/tauroslovenia.eu\/de\/izdelek\/tauro-pro-line-pure-nature-stainless-look-3in1-maske-aus-natuerlicher-tonerde-zur-vorbeugung-von-traenenflecken-auf-hundefell\/#primaryimage\"},\"thumbnailUrl\":\"http:\/\/tauroslovenia.eu\/wp-content\/uploads\/2023\/07\/TPL63380.jpg\",\"datePublished\":\"2024-09-15T21:39:47+00:00\",\"dateModified\":\"2024-10-25T13:19:28+00:00\",\"breadcrumb\":{\"@id\":\"http:\/\/tauroslovenia.eu\/de\/izdelek\/tauro-pro-line-pure-nature-stainless-look-3in1-maske-aus-natuerlicher-tonerde-zur-vorbeugung-von-traenenflecken-auf-hundefell\/#breadcrumb\"},\"inLanguage\":\"de\",\"potentialAction\":[{\"@type\":\"ReadAction\",\"target\":[\"http:\/\/tauroslovenia.eu\/de\/izdelek\/tauro-pro-line-pure-nature-stainless-look-3in1-maske-aus-natuerlicher-tonerde-zur-vorbeugung-von-traenenflecken-auf-hundefell\/\"]}]},{\"@type\":\"ImageObject\",\"inLanguage\":\"de\",\"@id\":\"http:\/\/tauroslovenia.eu\/de\/izdelek\/tauro-pro-line-pure-nature-stainless-look-3in1-maske-aus-natuerlicher-tonerde-zur-vorbeugung-von-traenenflecken-auf-hundefell\/#primaryimage\",\"url\":\"http:\/\/tauroslovenia.eu\/wp-content\/uploads\/2023\/07\/TPL63380.jpg\",\"contentUrl\":\"http:\/\/tauroslovenia.eu\/wp-content\/uploads\/2023\/07\/TPL63380.jpg\",\"width\":1500,\"height\":1500},{\"@type\":\"BreadcrumbList\",\"@id\":\"http:\/\/tauroslovenia.eu\/de\/izdelek\/tauro-pro-line-pure-nature-stainless-look-3in1-maske-aus-natuerlicher-tonerde-zur-vorbeugung-von-traenenflecken-auf-hundefell\/#breadcrumb\",\"itemListElement\":[{\"@type\":\"ListItem\",\"position\":1,\"name\":\"Domov\",\"item\":\"http:\/\/tauroslovenia.eu\/de\/\"},{\"@type\":\"ListItem\",\"position\":2,\"name\":\"Trgovina\",\"item\":\"http:\/\/tauroslovenia.eu\/trgovina\/\"},{\"@type\":\"ListItem\",\"position\":3,\"name\":\"Tauro Pro Line Pure Nature Stainless Look 3in1-Maske aus nat\u00fcrlicher Tonerde zur Vorbeugung von Tr\u00e4nenflecken auf Hundefell\"}]},{\"@type\":\"WebSite\",\"@id\":\"http:\/\/tauroslovenia.eu\/de\/#website\",\"url\":\"http:\/\/tauroslovenia.eu\/de\/\",\"name\":\"Tauro Slovenia\",\"description\":\"\",\"publisher\":{\"@id\":\"http:\/\/tauroslovenia.eu\/de\/#organization\"},\"potentialAction\":[{\"@type\":\"SearchAction\",\"target\":{\"@type\":\"EntryPoint\",\"urlTemplate\":\"http:\/\/tauroslovenia.eu\/de\/?s={search_term_string}\"},\"query-input\":{\"@type\":\"PropertyValueSpecification\",\"valueRequired\":true,\"valueName\":\"search_term_string\"}}],\"inLanguage\":\"de\"},{\"@type\":\"Organization\",\"@id\":\"http:\/\/tauroslovenia.eu\/de\/#organization\",\"name\":\"KA&L SOLUTIONS d.o.o.\",\"url\":\"http:\/\/tauroslovenia.eu\/de\/\",\"logo\":{\"@type\":\"ImageObject\",\"inLanguage\":\"de\",\"@id\":\"http:\/\/tauroslovenia.eu\/de\/#\/schema\/logo\/image\/\",\"url\":\"http:\/\/tauroslovenia.eu\/wp-content\/uploads\/2023\/07\/logo-tauroproline-email.png\",\"contentUrl\":\"http:\/\/tauroslovenia.eu\/wp-content\/uploads\/2023\/07\/logo-tauroproline-email.png\",\"width\":157,\"height\":101,\"caption\":\"KA&L SOLUTIONS d.o.o.\"},\"image\":{\"@id\":\"http:\/\/tauroslovenia.eu\/de\/#\/schema\/logo\/image\/\"},\"sameAs\":[\"https:\/\/www.facebook.com\/tauroproline.slovenia\/\",\"https:\/\/www.instagram.com\/tauroproline_slovenia\/\"]}]}<\/script>\n<!-- \/ Yoast SEO plugin. -->","yoast_head_json":{"title":"Tauro Pro Line Pure Nature Stainless Look 3in1-Maske aus nat\u00fcrlicher Tonerde zur Vorbeugung von Tr\u00e4nenflecken auf Hundefell | Tauro Slovenia","robots":{"index":"index","follow":"follow","max-snippet":"max-snippet:-1","max-image-preview":"max-image-preview:large","max-video-preview":"max-video-preview:-1"},"canonical":"http:\/\/tauroslovenia.eu\/de\/izdelek\/tauro-pro-line-pure-nature-stainless-look-3in1-maske-aus-natuerlicher-tonerde-zur-vorbeugung-von-traenenflecken-auf-hundefell\/","og_locale":"de_DE","og_type":"article","og_title":"Tauro Pro Line Pure Nature Stainless Look 3in1-Maske aus nat\u00fcrlicher Tonerde zur Vorbeugung von Tr\u00e4nenflecken auf Hundefell | Tauro Slovenia","og_description":"Es hilft, braune Flecken um die Augen, den Mund oder andere Bereiche des Fells zu entfernen und verhindert die Bildung neuer Flecken.","og_url":"http:\/\/tauroslovenia.eu\/de\/izdelek\/tauro-pro-line-pure-nature-stainless-look-3in1-maske-aus-natuerlicher-tonerde-zur-vorbeugung-von-traenenflecken-auf-hundefell\/","og_site_name":"Tauro Slovenia","article_publisher":"https:\/\/www.facebook.com\/tauroproline.slovenia\/","article_modified_time":"2024-10-25T13:19:28+00:00","og_image":[{"width":1500,"height":1500,"url":"http:\/\/tauroslovenia.eu\/wp-content\/uploads\/2023\/07\/TPL63380.jpg","type":"image\/jpeg"}],"twitter_card":"summary_large_image","twitter_misc":{"Gesch\u00e4tzte Lesezeit":"1\u00a0Minute"},"schema":{"@context":"https:\/\/schema.org","@graph":[{"@type":"WebPage","@id":"http:\/\/tauroslovenia.eu\/de\/izdelek\/tauro-pro-line-pure-nature-stainless-look-3in1-maske-aus-natuerlicher-tonerde-zur-vorbeugung-von-traenenflecken-auf-hundefell\/","url":"http:\/\/tauroslovenia.eu\/de\/izdelek\/tauro-pro-line-pure-nature-stainless-look-3in1-maske-aus-natuerlicher-tonerde-zur-vorbeugung-von-traenenflecken-auf-hundefell\/","name":"Tauro Pro Line Pure Nature Stainless Look 3in1-Maske aus nat\u00fcrlicher Tonerde zur Vorbeugung von Tr\u00e4nenflecken auf Hundefell | Tauro Slovenia","isPartOf":{"@id":"http:\/\/tauroslovenia.eu\/de\/#website"},"primaryImageOfPage":{"@id":"http:\/\/tauroslovenia.eu\/de\/izdelek\/tauro-pro-line-pure-nature-stainless-look-3in1-maske-aus-natuerlicher-tonerde-zur-vorbeugung-von-traenenflecken-auf-hundefell\/#primaryimage"},"image":{"@id":"http:\/\/tauroslovenia.eu\/de\/izdelek\/tauro-pro-line-pure-nature-stainless-look-3in1-maske-aus-natuerlicher-tonerde-zur-vorbeugung-von-traenenflecken-auf-hundefell\/#primaryimage"},"thumbnailUrl":"http:\/\/tauroslovenia.eu\/wp-content\/uploads\/2023\/07\/TPL63380.jpg","datePublished":"2024-09-15T21:39:47+00:00","dateModified":"2024-10-25T13:19:28+00:00","breadcrumb":{"@id":"http:\/\/tauroslovenia.eu\/de\/izdelek\/tauro-pro-line-pure-nature-stainless-look-3in1-maske-aus-natuerlicher-tonerde-zur-vorbeugung-von-traenenflecken-auf-hundefell\/#breadcrumb"},"inLanguage":"de","potentialAction":[{"@type":"ReadAction","target":["http:\/\/tauroslovenia.eu\/de\/izdelek\/tauro-pro-line-pure-nature-stainless-look-3in1-maske-aus-natuerlicher-tonerde-zur-vorbeugung-von-traenenflecken-auf-hundefell\/"]}]},{"@type":"ImageObject","inLanguage":"de","@id":"http:\/\/tauroslovenia.eu\/de\/izdelek\/tauro-pro-line-pure-nature-stainless-look-3in1-maske-aus-natuerlicher-tonerde-zur-vorbeugung-von-traenenflecken-auf-hundefell\/#primaryimage","url":"http:\/\/tauroslovenia.eu\/wp-content\/uploads\/2023\/07\/TPL63380.jpg","contentUrl":"http:\/\/tauroslovenia.eu\/wp-content\/uploads\/2023\/07\/TPL63380.jpg","width":1500,"height":1500},{"@type":"BreadcrumbList","@id":"http:\/\/tauroslovenia.eu\/de\/izdelek\/tauro-pro-line-pure-nature-stainless-look-3in1-maske-aus-natuerlicher-tonerde-zur-vorbeugung-von-traenenflecken-auf-hundefell\/#breadcrumb","itemListElement":[{"@type":"ListItem","position":1,"name":"Domov","item":"http:\/\/tauroslovenia.eu\/de\/"},{"@type":"ListItem","position":2,"name":"Trgovina","item":"http:\/\/tauroslovenia.eu\/trgovina\/"},{"@type":"ListItem","position":3,"name":"Tauro Pro Line Pure Nature Stainless Look 3in1-Maske aus nat\u00fcrlicher Tonerde zur Vorbeugung von Tr\u00e4nenflecken auf Hundefell"}]},{"@type":"WebSite","@id":"http:\/\/tauroslovenia.eu\/de\/#website","url":"http:\/\/tauroslovenia.eu\/de\/","name":"Tauro Slovenia","description":"","publisher":{"@id":"http:\/\/tauroslovenia.eu\/de\/#organization"},"potentialAction":[{"@type":"SearchAction","target":{"@type":"EntryPoint","urlTemplate":"http:\/\/tauroslovenia.eu\/de\/?s={search_term_string}"},"query-input":{"@type":"PropertyValueSpecification","valueRequired":true,"valueName":"search_term_string"}}],"inLanguage":"de"},{"@type":"Organization","@id":"http:\/\/tauroslovenia.eu\/de\/#organization","name":"KA&L SOLUTIONS d.o.o.","url":"http:\/\/tauroslovenia.eu\/de\/","logo":{"@type":"ImageObject","inLanguage":"de","@id":"http:\/\/tauroslovenia.eu\/de\/#\/schema\/logo\/image\/","url":"http:\/\/tauroslovenia.eu\/wp-content\/uploads\/2023\/07\/logo-tauroproline-email.png","contentUrl":"http:\/\/tauroslovenia.eu\/wp-content\/uploads\/2023\/07\/logo-tauroproline-email.png","width":157,"height":101,"caption":"KA&L SOLUTIONS d.o.o."},"image":{"@id":"http:\/\/tauroslovenia.eu\/de\/#\/schema\/logo\/image\/"},"sameAs":["https:\/\/www.facebook.com\/tauroproline.slovenia\/","https:\/\/www.instagram.com\/tauroproline_slovenia\/"]}]}},"brands":[{"id":264,"name":"TAURO","slug":"tauro"}],"_links":{"self":[{"href":"http:\/\/tauroslovenia.eu\/de\/wp-json\/wp\/v2\/product\/57239"}],"collection":[{"href":"http:\/\/tauroslovenia.eu\/de\/wp-json\/wp\/v2\/product"}],"about":[{"href":"http:\/\/tauroslovenia.eu\/de\/wp-json\/wp\/v2\/types\/product"}],"wp:featuredmedia":[{"embeddable":true,"href":"http:\/\/tauroslovenia.eu\/de\/wp-json\/wp\/v2\/media\/57241"}],"wp:attachment":[{"href":"http:\/\/tauroslovenia.eu\/de\/wp-json\/wp\/v2\/media?parent=57239"}],"wp:term":[{"taxonomy":"pwb-brand","embeddable":true,"href":"http:\/\/tauroslovenia.eu\/de\/wp-json\/wp\/v2\/pwb-brand?post=57239"},{"taxonomy":"product_cat","embeddable":true,"href":"http:\/\/tauroslovenia.eu\/de\/wp-json\/wp\/v2\/product_cat?post=57239"},{"taxonomy":"product_tag","embeddable":true,"href":"http:\/\/tauroslovenia.eu\/de\/wp-json\/wp\/v2\/product_tag?post=57239"}],"curies":[{"name":"wp","href":"https:\/\/api.w.org\/{rel}","templated":true}]}}