{"id":57251,"date":"2024-09-15T23:39:47","date_gmt":"2024-09-15T21:39:47","guid":{"rendered":"https:\/\/tauroslovenia.eu\/izdelek\/tauro-pro-line-mikrofaserhandtuch-fuer-haustiere-60x90-cm-grau\/"},"modified":"2024-11-13T09:30:25","modified_gmt":"2024-11-13T08:30:25","slug":"tauro-pro-line-mikrofaserhandtuch-fuer-haustiere-60x90-cm-grau","status":"publish","type":"product","link":"http:\/\/tauroslovenia.eu\/de\/izdelek\/tauro-pro-line-mikrofaserhandtuch-fuer-haustiere-60x90-cm-grau\/","title":{"rendered":"Tauro Pro Line Mikrofaserhandtuch f\u00fcr Haustiere, 60&#215;90 cm, grau"},"content":{"rendered":"<p>Das Tauro Pro Line Handtuch hilft Ihnen, Ihr Haustier schnell und effektiv nach einem langen Spaziergang oder einem spa\u00dfigen Bad zu trocknen.<\/p>\n<p><strong>Absorbiert 10-mal mehr als gew\u00f6hnliche Baumwollhandt\u00fccher<\/strong><\/p>\n<p>Das hochqualitative, extrem dichte Mikrofaserhandtuch absorbiert Wasser zehnmal schneller als ein Baumwollhandtuch.<\/p>\n<p><strong>Entfernt ausgezeichnet Schmutz und Feuchtigkeit<\/strong><\/p>\n<p>Dank der gro\u00dfen Abmessungen und der hervorragenden Saugf\u00e4higkeit ist das Handtuch ideal, um Schmutz und Feuchtigkeit vom ganzen K\u00f6rper Ihres Haustieres zu entfernen. Dies gelingt Ihnen in nur wenigen Minuten.<\/p>\n<p><strong>Effektiv und sanft zu Ihrem Haustier<\/strong><\/p>\n<p>Das Handtuch absorbiert nicht nur Feuchtigkeit hervorragend, sondern ist auch sanft zu Ihrem Haustier \u2013 ohne Verfilzungen, das Fell Ihres Haustiers bleibt nicht am Handtuch haften.<\/p>\n<p><strong>Wiederverwendbar<\/strong><\/p>\n<p>Das Handtuch ist wiederverwendbar und maschinenwaschbar bei 40 Grad. Weichsp\u00fcler und Bleichmittel sind nicht empfehlenswert. Das Handtuch absorbiert Feuchtigkeit hervorragend und sieht auch nach vielen W\u00e4schen wie neu aus.<\/p>\n<p><strong>Vielseitig einsetzbar<\/strong><\/p>\n<p>Verwenden Sie das Handtuch im Auto, zu Hause und anderswo, um M\u00f6bel und Sitze vor Haustierhaaren zu sch\u00fctzen.<\/p>\n<p><strong>F\u00fcr alle Rassen und Felltypen<\/strong><\/p>\n<p>Das Tauro Pro Line Mikrofaserhandtuch ist perfekt f\u00fcr alle Hundetypen. Egal, ob Sie ein kleines, mittelgro\u00dfes oder gro\u00dfes Haustier haben: Dieses hochwertige, schnell trocknende Handtuch ist die perfekte L\u00f6sung zum schnellen Trocknen nasser Fell und zum Entfernen von Schmutz, damit Ihr vierbeiniger Freund sauber, trocken und gl\u00fccklich bleibt!<\/p>\n<p><strong>Eigenschaften:<\/strong><\/p>\n<ul>\n<li>Zusammensetzung: Polyester &#8211; 80%, Polyamid &#8211; 20%.<\/li>\n<li>Gr\u00f6\u00dfen: 60 x 90 cm, 80 x 120 cm.<\/li>\n<li>Farben: Grau, Lila.<\/li>\n<\/ul>\n<p><strong>Hergestellt <\/strong>in der T\u00fcrkei.<\/p>\n","protected":false},"excerpt":{"rendered":"<p>Mit dem Tauro Pro Line Handtuch k\u00f6nnen Sie Ihr Haustier nach einem langen Spaziergang oder einem lustigen Bad schnell und effizient trocknen.<\/p>\n","protected":false},"featured_media":57253,"template":"","meta":{"_acf_changed":false},"pwb-brand":[264],"product_cat":[594],"product_tag":[],"class_list":{"0":"post-57251","1":"product","2":"type-product","3":"status-publish","4":"has-post-thumbnail","6":"pwb-brand-tauro","7":"product_cat-handtuecher","9":"first","10":"instock","11":"taxable","12":"shipping-taxable","13":"purchasable","14":"product-type-simple"},"acf":[],"yoast_head":"<!-- This site is optimized with the Yoast SEO plugin v23.6 - https:\/\/yoast.com\/wordpress\/plugins\/seo\/ -->\n<title>Tauro Pro Line Mikrofaserhandtuch f\u00fcr Haustiere, 60x90 cm, grau | Tauro Slovenia<\/title>\n<meta name=\"robots\" content=\"index, follow, max-snippet:-1, max-image-preview:large, max-video-preview:-1\" \/>\n<link rel=\"canonical\" href=\"http:\/\/tauroslovenia.eu\/de\/izdelek\/tauro-pro-line-mikrofaserhandtuch-fuer-haustiere-60x90-cm-grau\/\" \/>\n<meta property=\"og:locale\" content=\"de_DE\" \/>\n<meta property=\"og:type\" content=\"article\" \/>\n<meta property=\"og:title\" content=\"Tauro Pro Line Mikrofaserhandtuch f\u00fcr Haustiere, 60x90 cm, grau | Tauro Slovenia\" \/>\n<meta property=\"og:description\" content=\"Mit dem Tauro Pro Line Handtuch k\u00f6nnen Sie Ihr Haustier nach einem langen Spaziergang oder einem lustigen Bad schnell und effizient trocknen.\" \/>\n<meta property=\"og:url\" content=\"http:\/\/tauroslovenia.eu\/de\/izdelek\/tauro-pro-line-mikrofaserhandtuch-fuer-haustiere-60x90-cm-grau\/\" \/>\n<meta property=\"og:site_name\" content=\"Tauro Slovenia\" \/>\n<meta property=\"article:publisher\" content=\"https:\/\/www.facebook.com\/tauroproline.slovenia\/\" \/>\n<meta property=\"article:modified_time\" content=\"2024-11-13T08:30:25+00:00\" \/>\n<meta property=\"og:image\" content=\"http:\/\/tauroslovenia.eu\/wp-content\/uploads\/2023\/07\/TPL63396.jpg\" \/>\n\t<meta property=\"og:image:width\" content=\"1500\" \/>\n\t<meta property=\"og:image:height\" content=\"1500\" \/>\n\t<meta property=\"og:image:type\" content=\"image\/jpeg\" \/>\n<meta name=\"twitter:card\" content=\"summary_large_image\" \/>\n<meta name=\"twitter:label1\" content=\"Gesch\u00e4tzte Lesezeit\" \/>\n\t<meta name=\"twitter:data1\" content=\"1\u00a0Minute\" \/>\n<script type=\"application\/ld+json\" class=\"yoast-schema-graph\">{\"@context\":\"https:\/\/schema.org\",\"@graph\":[{\"@type\":\"WebPage\",\"@id\":\"http:\/\/tauroslovenia.eu\/de\/izdelek\/tauro-pro-line-mikrofaserhandtuch-fuer-haustiere-60x90-cm-grau\/\",\"url\":\"http:\/\/tauroslovenia.eu\/de\/izdelek\/tauro-pro-line-mikrofaserhandtuch-fuer-haustiere-60x90-cm-grau\/\",\"name\":\"Tauro Pro Line Mikrofaserhandtuch f\u00fcr Haustiere, 60x90 cm, grau | Tauro Slovenia\",\"isPartOf\":{\"@id\":\"https:\/\/tauroslovenia.eu\/de\/#website\"},\"primaryImageOfPage\":{\"@id\":\"http:\/\/tauroslovenia.eu\/de\/izdelek\/tauro-pro-line-mikrofaserhandtuch-fuer-haustiere-60x90-cm-grau\/#primaryimage\"},\"image\":{\"@id\":\"http:\/\/tauroslovenia.eu\/de\/izdelek\/tauro-pro-line-mikrofaserhandtuch-fuer-haustiere-60x90-cm-grau\/#primaryimage\"},\"thumbnailUrl\":\"http:\/\/tauroslovenia.eu\/wp-content\/uploads\/2023\/07\/TPL63396.jpg\",\"datePublished\":\"2024-09-15T21:39:47+00:00\",\"dateModified\":\"2024-11-13T08:30:25+00:00\",\"breadcrumb\":{\"@id\":\"http:\/\/tauroslovenia.eu\/de\/izdelek\/tauro-pro-line-mikrofaserhandtuch-fuer-haustiere-60x90-cm-grau\/#breadcrumb\"},\"inLanguage\":\"de\",\"potentialAction\":[{\"@type\":\"ReadAction\",\"target\":[\"http:\/\/tauroslovenia.eu\/de\/izdelek\/tauro-pro-line-mikrofaserhandtuch-fuer-haustiere-60x90-cm-grau\/\"]}]},{\"@type\":\"ImageObject\",\"inLanguage\":\"de\",\"@id\":\"http:\/\/tauroslovenia.eu\/de\/izdelek\/tauro-pro-line-mikrofaserhandtuch-fuer-haustiere-60x90-cm-grau\/#primaryimage\",\"url\":\"http:\/\/tauroslovenia.eu\/wp-content\/uploads\/2023\/07\/TPL63396.jpg\",\"contentUrl\":\"http:\/\/tauroslovenia.eu\/wp-content\/uploads\/2023\/07\/TPL63396.jpg\",\"width\":1500,\"height\":1500},{\"@type\":\"BreadcrumbList\",\"@id\":\"http:\/\/tauroslovenia.eu\/de\/izdelek\/tauro-pro-line-mikrofaserhandtuch-fuer-haustiere-60x90-cm-grau\/#breadcrumb\",\"itemListElement\":[{\"@type\":\"ListItem\",\"position\":1,\"name\":\"Domov\",\"item\":\"https:\/\/tauroslovenia.eu\/de\/\"},{\"@type\":\"ListItem\",\"position\":2,\"name\":\"Trgovina\",\"item\":\"https:\/\/tauroslovenia.eu\/trgovina\/\"},{\"@type\":\"ListItem\",\"position\":3,\"name\":\"Tauro Pro Line Mikrofaserhandtuch f\u00fcr Haustiere, 60&#215;90 cm, grau\"}]},{\"@type\":\"WebSite\",\"@id\":\"https:\/\/tauroslovenia.eu\/de\/#website\",\"url\":\"https:\/\/tauroslovenia.eu\/de\/\",\"name\":\"Tauro Slovenia\",\"description\":\"\",\"publisher\":{\"@id\":\"https:\/\/tauroslovenia.eu\/de\/#organization\"},\"potentialAction\":[{\"@type\":\"SearchAction\",\"target\":{\"@type\":\"EntryPoint\",\"urlTemplate\":\"https:\/\/tauroslovenia.eu\/de\/?s={search_term_string}\"},\"query-input\":{\"@type\":\"PropertyValueSpecification\",\"valueRequired\":true,\"valueName\":\"search_term_string\"}}],\"inLanguage\":\"de\"},{\"@type\":\"Organization\",\"@id\":\"https:\/\/tauroslovenia.eu\/de\/#organization\",\"name\":\"KA&L SOLUTIONS d.o.o.\",\"url\":\"https:\/\/tauroslovenia.eu\/de\/\",\"logo\":{\"@type\":\"ImageObject\",\"inLanguage\":\"de\",\"@id\":\"https:\/\/tauroslovenia.eu\/de\/#\/schema\/logo\/image\/\",\"url\":\"http:\/\/tauroslovenia.eu\/wp-content\/uploads\/2023\/07\/logo-tauroproline-email.png\",\"contentUrl\":\"http:\/\/tauroslovenia.eu\/wp-content\/uploads\/2023\/07\/logo-tauroproline-email.png\",\"width\":157,\"height\":101,\"caption\":\"KA&L SOLUTIONS d.o.o.\"},\"image\":{\"@id\":\"https:\/\/tauroslovenia.eu\/de\/#\/schema\/logo\/image\/\"},\"sameAs\":[\"https:\/\/www.facebook.com\/tauroproline.slovenia\/\",\"https:\/\/www.instagram.com\/tauroproline_slovenia\/\"]}]}<\/script>\n<!-- \/ Yoast SEO plugin. -->","yoast_head_json":{"title":"Tauro Pro Line Mikrofaserhandtuch f\u00fcr Haustiere, 60x90 cm, grau | Tauro Slovenia","robots":{"index":"index","follow":"follow","max-snippet":"max-snippet:-1","max-image-preview":"max-image-preview:large","max-video-preview":"max-video-preview:-1"},"canonical":"http:\/\/tauroslovenia.eu\/de\/izdelek\/tauro-pro-line-mikrofaserhandtuch-fuer-haustiere-60x90-cm-grau\/","og_locale":"de_DE","og_type":"article","og_title":"Tauro Pro Line Mikrofaserhandtuch f\u00fcr Haustiere, 60x90 cm, grau | Tauro Slovenia","og_description":"Mit dem Tauro Pro Line Handtuch k\u00f6nnen Sie Ihr Haustier nach einem langen Spaziergang oder einem lustigen Bad schnell und effizient trocknen.","og_url":"http:\/\/tauroslovenia.eu\/de\/izdelek\/tauro-pro-line-mikrofaserhandtuch-fuer-haustiere-60x90-cm-grau\/","og_site_name":"Tauro Slovenia","article_publisher":"https:\/\/www.facebook.com\/tauroproline.slovenia\/","article_modified_time":"2024-11-13T08:30:25+00:00","og_image":[{"width":1500,"height":1500,"url":"http:\/\/tauroslovenia.eu\/wp-content\/uploads\/2023\/07\/TPL63396.jpg","type":"image\/jpeg"}],"twitter_card":"summary_large_image","twitter_misc":{"Gesch\u00e4tzte Lesezeit":"1\u00a0Minute"},"schema":{"@context":"https:\/\/schema.org","@graph":[{"@type":"WebPage","@id":"http:\/\/tauroslovenia.eu\/de\/izdelek\/tauro-pro-line-mikrofaserhandtuch-fuer-haustiere-60x90-cm-grau\/","url":"http:\/\/tauroslovenia.eu\/de\/izdelek\/tauro-pro-line-mikrofaserhandtuch-fuer-haustiere-60x90-cm-grau\/","name":"Tauro Pro Line Mikrofaserhandtuch f\u00fcr Haustiere, 60x90 cm, grau | Tauro Slovenia","isPartOf":{"@id":"https:\/\/tauroslovenia.eu\/de\/#website"},"primaryImageOfPage":{"@id":"http:\/\/tauroslovenia.eu\/de\/izdelek\/tauro-pro-line-mikrofaserhandtuch-fuer-haustiere-60x90-cm-grau\/#primaryimage"},"image":{"@id":"http:\/\/tauroslovenia.eu\/de\/izdelek\/tauro-pro-line-mikrofaserhandtuch-fuer-haustiere-60x90-cm-grau\/#primaryimage"},"thumbnailUrl":"http:\/\/tauroslovenia.eu\/wp-content\/uploads\/2023\/07\/TPL63396.jpg","datePublished":"2024-09-15T21:39:47+00:00","dateModified":"2024-11-13T08:30:25+00:00","breadcrumb":{"@id":"http:\/\/tauroslovenia.eu\/de\/izdelek\/tauro-pro-line-mikrofaserhandtuch-fuer-haustiere-60x90-cm-grau\/#breadcrumb"},"inLanguage":"de","potentialAction":[{"@type":"ReadAction","target":["http:\/\/tauroslovenia.eu\/de\/izdelek\/tauro-pro-line-mikrofaserhandtuch-fuer-haustiere-60x90-cm-grau\/"]}]},{"@type":"ImageObject","inLanguage":"de","@id":"http:\/\/tauroslovenia.eu\/de\/izdelek\/tauro-pro-line-mikrofaserhandtuch-fuer-haustiere-60x90-cm-grau\/#primaryimage","url":"http:\/\/tauroslovenia.eu\/wp-content\/uploads\/2023\/07\/TPL63396.jpg","contentUrl":"http:\/\/tauroslovenia.eu\/wp-content\/uploads\/2023\/07\/TPL63396.jpg","width":1500,"height":1500},{"@type":"BreadcrumbList","@id":"http:\/\/tauroslovenia.eu\/de\/izdelek\/tauro-pro-line-mikrofaserhandtuch-fuer-haustiere-60x90-cm-grau\/#breadcrumb","itemListElement":[{"@type":"ListItem","position":1,"name":"Domov","item":"https:\/\/tauroslovenia.eu\/de\/"},{"@type":"ListItem","position":2,"name":"Trgovina","item":"https:\/\/tauroslovenia.eu\/trgovina\/"},{"@type":"ListItem","position":3,"name":"Tauro Pro Line Mikrofaserhandtuch f\u00fcr Haustiere, 60&#215;90 cm, grau"}]},{"@type":"WebSite","@id":"https:\/\/tauroslovenia.eu\/de\/#website","url":"https:\/\/tauroslovenia.eu\/de\/","name":"Tauro Slovenia","description":"","publisher":{"@id":"https:\/\/tauroslovenia.eu\/de\/#organization"},"potentialAction":[{"@type":"SearchAction","target":{"@type":"EntryPoint","urlTemplate":"https:\/\/tauroslovenia.eu\/de\/?s={search_term_string}"},"query-input":{"@type":"PropertyValueSpecification","valueRequired":true,"valueName":"search_term_string"}}],"inLanguage":"de"},{"@type":"Organization","@id":"https:\/\/tauroslovenia.eu\/de\/#organization","name":"KA&L SOLUTIONS d.o.o.","url":"https:\/\/tauroslovenia.eu\/de\/","logo":{"@type":"ImageObject","inLanguage":"de","@id":"https:\/\/tauroslovenia.eu\/de\/#\/schema\/logo\/image\/","url":"http:\/\/tauroslovenia.eu\/wp-content\/uploads\/2023\/07\/logo-tauroproline-email.png","contentUrl":"http:\/\/tauroslovenia.eu\/wp-content\/uploads\/2023\/07\/logo-tauroproline-email.png","width":157,"height":101,"caption":"KA&L SOLUTIONS d.o.o."},"image":{"@id":"https:\/\/tauroslovenia.eu\/de\/#\/schema\/logo\/image\/"},"sameAs":["https:\/\/www.facebook.com\/tauroproline.slovenia\/","https:\/\/www.instagram.com\/tauroproline_slovenia\/"]}]}},"brands":[{"id":264,"name":"TAURO","slug":"tauro"}],"_links":{"self":[{"href":"http:\/\/tauroslovenia.eu\/de\/wp-json\/wp\/v2\/product\/57251"}],"collection":[{"href":"http:\/\/tauroslovenia.eu\/de\/wp-json\/wp\/v2\/product"}],"about":[{"href":"http:\/\/tauroslovenia.eu\/de\/wp-json\/wp\/v2\/types\/product"}],"wp:featuredmedia":[{"embeddable":true,"href":"http:\/\/tauroslovenia.eu\/de\/wp-json\/wp\/v2\/media\/57253"}],"wp:attachment":[{"href":"http:\/\/tauroslovenia.eu\/de\/wp-json\/wp\/v2\/media?parent=57251"}],"wp:term":[{"taxonomy":"pwb-brand","embeddable":true,"href":"http:\/\/tauroslovenia.eu\/de\/wp-json\/wp\/v2\/pwb-brand?post=57251"},{"taxonomy":"product_cat","embeddable":true,"href":"http:\/\/tauroslovenia.eu\/de\/wp-json\/wp\/v2\/product_cat?post=57251"},{"taxonomy":"product_tag","embeddable":true,"href":"http:\/\/tauroslovenia.eu\/de\/wp-json\/wp\/v2\/product_tag?post=57251"}],"curies":[{"name":"wp","href":"https:\/\/api.w.org\/{rel}","templated":true}]}}