{"id":57305,"date":"2024-09-15T23:39:52","date_gmt":"2024-09-15T21:39:52","guid":{"rendered":"https:\/\/tauroslovenia.eu\/izdelek\/schere-tauro-pro-line-janita-plunge-linie-17-cm-65-gebogen-edelstahl-440c\/"},"modified":"2024-10-25T15:14:24","modified_gmt":"2024-10-25T13:14:24","slug":"schere-tauro-pro-line-janita-plunge-linie-17-cm-65-gebogen-edelstahl-440c","status":"publish","type":"product","link":"http:\/\/tauroslovenia.eu\/de\/izdelek\/schere-tauro-pro-line-janita-plunge-linie-17-cm-65-gebogen-edelstahl-440c\/","title":{"rendered":"Schere TAURO Pro Line, Janita Plung\u0117-Linie, 17 cm (6,5), gebogen, Edelstahl 440c"},"content":{"rendered":"<p>Die Tauro Pro Line Janita Plunge Linie Scheren sind aus hochwertigem rostfreiem Stahl 440c gefertigt, einlagig, das zur Herstellung professioneller Scheren verwendet wird. Diese Scherenlinie zeichnet sich durch ihre Leichtigkeit aus, die eine sehr einfache und wendige Handhabung erm\u00f6glicht, und die hochwertigen Materialien, die bei der Herstellung verwendet werden, machen sie besonders scharf.<\/p>\n<p><strong>F\u00fcr die Tierpflege<\/strong><\/p>\n<p>Gebogene Scheren zum Trimmen. Gebogene Scheren aus rostfreiem Stahl sind zum Schneiden von Haaren an Beinen, Brust und anderen gebogenen K\u00f6rperteilen bestimmt. Das praktisch gebogene Blatt hilft Ihnen, m\u00fchelos ein qualitativ hochwertiges Ergebnis zu erzielen. Die Scheren sind ideal zum Styling eines Pudels oder Bichon Fris\u00e9.<\/p>\n<p><strong>Ergonomisches Design<\/strong><\/p>\n<p>Ergonomisch gestaltete Scheren hinterlassen keine Druckspuren an der Hand bei l\u00e4ngerer, ununterbrochener Nutzung. Kleine zus\u00e4tzliche Details sorgen daf\u00fcr, dass die Scheren stabil in der Hand liegen und sich nicht kreuzen.<\/p>\n<p><strong>H\u00f6chste Qualit\u00e4t<\/strong><\/p>\n<p>Die Scheren sind aus hochwertigem rostfreiem Stahl gefertigt, was sie langlebig, extrem scharf und robust macht. Sie k\u00f6nnen sicher sein, dass diese Scheren Ihnen viele Jahre lang dienen werden. Die gew\u00fcnschte Farbe finden Sie auch in unserer Aluminiumserie.<\/p>\n<p><strong>Scherenpflege-Handbuch.<\/strong> Einfach einstellbar mit Regler, pflegeleicht. Wichtig: Reinigen Sie die Scheren nach jeder Pflege. Gehen Sie verantwortungsbewusst und vorsichtig damit um und sch\u00fctzen Sie die Scheren vor harten St\u00f6\u00dfen auf harte Oberfl\u00e4chen, da die Scheren durch St\u00f6\u00dfe unbrauchbar zum Schneiden werden k\u00f6nnen. Die richtige Pflege der Scheren reduziert die Notwendigkeit des Sch\u00e4rfens. Die Scheren sind f\u00fcr eine lange Lebensdauer ausgelegt. Die Verwendung wird nur nach dem Baden von Hunden empfohlen.<\/p>\n<p><strong>Eigenschaften:<\/strong><\/p>\n<ul>\n<li>Verwendung &#8211; zum Schneiden.<\/li>\n<li>Form &#8211; gebogen.<\/li>\n<li>Gr\u00f6\u00dfe &#8211; 6,5&#8243;\/17 cm.<\/li>\n<li>Zusammensetzung: rostfreier Stahl 440c, Aluminium.<\/li>\n<li>Mit goldfarbenen Griffen.<\/li>\n<\/ul>\n<p><strong>Hergestellt<\/strong> in China.<\/p>\n","protected":false},"excerpt":{"rendered":"<p>Tauro Pro Line Janita Plunge Line-Schere aus hochwertigem Edelstahl 440c, Monolegierung, der zur Herstellung professioneller Scheren verwendet wird. Diese Scherenlinie zeichnet sich durch eine Leichtigkeit aus, die die Handhabung sehr einfach und wendig macht, und die hochwertigen Materialien, die bei ihrer Konstruktion verwendet werden, machen sie besonders scharf.<\/p>\n","protected":false},"featured_media":57307,"template":"","meta":{"_acf_changed":false},"pwb-brand":[264],"product_cat":[625],"product_tag":[],"class_list":{"0":"post-57305","1":"product","2":"type-product","3":"status-publish","4":"has-post-thumbnail","6":"pwb-brand-tauro","7":"product_cat-schere","9":"first","10":"instock","11":"taxable","12":"shipping-taxable","13":"purchasable","14":"product-type-simple"},"acf":[],"yoast_head":"<!-- This site is optimized with the Yoast SEO plugin v23.6 - https:\/\/yoast.com\/wordpress\/plugins\/seo\/ -->\n<title>Schere TAURO Pro Line, Janita Plung\u0117-Linie, 17 cm (6,5), gebogen, Edelstahl 440c | Tauro Slovenia<\/title>\n<meta name=\"robots\" content=\"index, follow, max-snippet:-1, max-image-preview:large, max-video-preview:-1\" \/>\n<link rel=\"canonical\" href=\"http:\/\/tauroslovenia.eu\/de\/izdelek\/schere-tauro-pro-line-janita-plunge-linie-17-cm-65-gebogen-edelstahl-440c\/\" \/>\n<meta property=\"og:locale\" content=\"de_DE\" \/>\n<meta property=\"og:type\" content=\"article\" \/>\n<meta property=\"og:title\" content=\"Schere TAURO Pro Line, Janita Plung\u0117-Linie, 17 cm (6,5), gebogen, Edelstahl 440c | Tauro Slovenia\" \/>\n<meta property=\"og:description\" content=\"Tauro Pro Line Janita Plunge Line-Schere aus hochwertigem Edelstahl 440c, Monolegierung, der zur Herstellung professioneller Scheren verwendet wird. Diese Scherenlinie zeichnet sich durch eine Leichtigkeit aus, die die Handhabung sehr einfach und wendig macht, und die hochwertigen Materialien, die bei ihrer Konstruktion verwendet werden, machen sie besonders scharf.\" \/>\n<meta property=\"og:url\" content=\"http:\/\/tauroslovenia.eu\/de\/izdelek\/schere-tauro-pro-line-janita-plunge-linie-17-cm-65-gebogen-edelstahl-440c\/\" \/>\n<meta property=\"og:site_name\" content=\"Tauro Slovenia\" \/>\n<meta property=\"article:publisher\" content=\"https:\/\/www.facebook.com\/tauroproline.slovenia\/\" \/>\n<meta property=\"article:modified_time\" content=\"2024-10-25T13:14:24+00:00\" \/>\n<meta property=\"og:image\" content=\"http:\/\/tauroslovenia.eu\/wp-content\/uploads\/2023\/07\/TPL63460-scaled.jpg\" \/>\n\t<meta property=\"og:image:width\" content=\"2560\" \/>\n\t<meta property=\"og:image:height\" content=\"2560\" \/>\n\t<meta property=\"og:image:type\" content=\"image\/jpeg\" \/>\n<meta name=\"twitter:card\" content=\"summary_large_image\" \/>\n<meta name=\"twitter:label1\" content=\"Gesch\u00e4tzte Lesezeit\" \/>\n\t<meta name=\"twitter:data1\" content=\"1\u00a0Minute\" \/>\n<script type=\"application\/ld+json\" class=\"yoast-schema-graph\">{\"@context\":\"https:\/\/schema.org\",\"@graph\":[{\"@type\":\"WebPage\",\"@id\":\"http:\/\/tauroslovenia.eu\/de\/izdelek\/schere-tauro-pro-line-janita-plunge-linie-17-cm-65-gebogen-edelstahl-440c\/\",\"url\":\"http:\/\/tauroslovenia.eu\/de\/izdelek\/schere-tauro-pro-line-janita-plunge-linie-17-cm-65-gebogen-edelstahl-440c\/\",\"name\":\"Schere TAURO Pro Line, Janita Plung\u0117-Linie, 17 cm (6,5), gebogen, Edelstahl 440c | Tauro Slovenia\",\"isPartOf\":{\"@id\":\"http:\/\/tauroslovenia.eu\/de\/#website\"},\"primaryImageOfPage\":{\"@id\":\"http:\/\/tauroslovenia.eu\/de\/izdelek\/schere-tauro-pro-line-janita-plunge-linie-17-cm-65-gebogen-edelstahl-440c\/#primaryimage\"},\"image\":{\"@id\":\"http:\/\/tauroslovenia.eu\/de\/izdelek\/schere-tauro-pro-line-janita-plunge-linie-17-cm-65-gebogen-edelstahl-440c\/#primaryimage\"},\"thumbnailUrl\":\"http:\/\/tauroslovenia.eu\/wp-content\/uploads\/2023\/07\/TPL63460-scaled.jpg\",\"datePublished\":\"2024-09-15T21:39:52+00:00\",\"dateModified\":\"2024-10-25T13:14:24+00:00\",\"breadcrumb\":{\"@id\":\"http:\/\/tauroslovenia.eu\/de\/izdelek\/schere-tauro-pro-line-janita-plunge-linie-17-cm-65-gebogen-edelstahl-440c\/#breadcrumb\"},\"inLanguage\":\"de\",\"potentialAction\":[{\"@type\":\"ReadAction\",\"target\":[\"http:\/\/tauroslovenia.eu\/de\/izdelek\/schere-tauro-pro-line-janita-plunge-linie-17-cm-65-gebogen-edelstahl-440c\/\"]}]},{\"@type\":\"ImageObject\",\"inLanguage\":\"de\",\"@id\":\"http:\/\/tauroslovenia.eu\/de\/izdelek\/schere-tauro-pro-line-janita-plunge-linie-17-cm-65-gebogen-edelstahl-440c\/#primaryimage\",\"url\":\"http:\/\/tauroslovenia.eu\/wp-content\/uploads\/2023\/07\/TPL63460-scaled.jpg\",\"contentUrl\":\"http:\/\/tauroslovenia.eu\/wp-content\/uploads\/2023\/07\/TPL63460-scaled.jpg\",\"width\":2560,\"height\":2560},{\"@type\":\"BreadcrumbList\",\"@id\":\"http:\/\/tauroslovenia.eu\/de\/izdelek\/schere-tauro-pro-line-janita-plunge-linie-17-cm-65-gebogen-edelstahl-440c\/#breadcrumb\",\"itemListElement\":[{\"@type\":\"ListItem\",\"position\":1,\"name\":\"Domov\",\"item\":\"http:\/\/tauroslovenia.eu\/de\/\"},{\"@type\":\"ListItem\",\"position\":2,\"name\":\"Trgovina\",\"item\":\"https:\/\/tauroslovenia.eu\/trgovina\/\"},{\"@type\":\"ListItem\",\"position\":3,\"name\":\"Schere TAURO Pro Line, Janita Plung\u0117-Linie, 17 cm (6,5), gebogen, Edelstahl 440c\"}]},{\"@type\":\"WebSite\",\"@id\":\"http:\/\/tauroslovenia.eu\/de\/#website\",\"url\":\"http:\/\/tauroslovenia.eu\/de\/\",\"name\":\"Tauro Slovenia\",\"description\":\"\",\"publisher\":{\"@id\":\"http:\/\/tauroslovenia.eu\/de\/#organization\"},\"potentialAction\":[{\"@type\":\"SearchAction\",\"target\":{\"@type\":\"EntryPoint\",\"urlTemplate\":\"http:\/\/tauroslovenia.eu\/de\/?s={search_term_string}\"},\"query-input\":{\"@type\":\"PropertyValueSpecification\",\"valueRequired\":true,\"valueName\":\"search_term_string\"}}],\"inLanguage\":\"de\"},{\"@type\":\"Organization\",\"@id\":\"http:\/\/tauroslovenia.eu\/de\/#organization\",\"name\":\"KA&L SOLUTIONS d.o.o.\",\"url\":\"http:\/\/tauroslovenia.eu\/de\/\",\"logo\":{\"@type\":\"ImageObject\",\"inLanguage\":\"de\",\"@id\":\"http:\/\/tauroslovenia.eu\/de\/#\/schema\/logo\/image\/\",\"url\":\"http:\/\/tauroslovenia.eu\/wp-content\/uploads\/2023\/07\/logo-tauroproline-email.png\",\"contentUrl\":\"http:\/\/tauroslovenia.eu\/wp-content\/uploads\/2023\/07\/logo-tauroproline-email.png\",\"width\":157,\"height\":101,\"caption\":\"KA&L SOLUTIONS d.o.o.\"},\"image\":{\"@id\":\"http:\/\/tauroslovenia.eu\/de\/#\/schema\/logo\/image\/\"},\"sameAs\":[\"https:\/\/www.facebook.com\/tauroproline.slovenia\/\",\"https:\/\/www.instagram.com\/tauroproline_slovenia\/\"]}]}<\/script>\n<!-- \/ Yoast SEO plugin. -->","yoast_head_json":{"title":"Schere TAURO Pro Line, Janita Plung\u0117-Linie, 17 cm (6,5), gebogen, Edelstahl 440c | Tauro Slovenia","robots":{"index":"index","follow":"follow","max-snippet":"max-snippet:-1","max-image-preview":"max-image-preview:large","max-video-preview":"max-video-preview:-1"},"canonical":"http:\/\/tauroslovenia.eu\/de\/izdelek\/schere-tauro-pro-line-janita-plunge-linie-17-cm-65-gebogen-edelstahl-440c\/","og_locale":"de_DE","og_type":"article","og_title":"Schere TAURO Pro Line, Janita Plung\u0117-Linie, 17 cm (6,5), gebogen, Edelstahl 440c | Tauro Slovenia","og_description":"Tauro Pro Line Janita Plunge Line-Schere aus hochwertigem Edelstahl 440c, Monolegierung, der zur Herstellung professioneller Scheren verwendet wird. Diese Scherenlinie zeichnet sich durch eine Leichtigkeit aus, die die Handhabung sehr einfach und wendig macht, und die hochwertigen Materialien, die bei ihrer Konstruktion verwendet werden, machen sie besonders scharf.","og_url":"http:\/\/tauroslovenia.eu\/de\/izdelek\/schere-tauro-pro-line-janita-plunge-linie-17-cm-65-gebogen-edelstahl-440c\/","og_site_name":"Tauro Slovenia","article_publisher":"https:\/\/www.facebook.com\/tauroproline.slovenia\/","article_modified_time":"2024-10-25T13:14:24+00:00","og_image":[{"width":2560,"height":2560,"url":"http:\/\/tauroslovenia.eu\/wp-content\/uploads\/2023\/07\/TPL63460-scaled.jpg","type":"image\/jpeg"}],"twitter_card":"summary_large_image","twitter_misc":{"Gesch\u00e4tzte Lesezeit":"1\u00a0Minute"},"schema":{"@context":"https:\/\/schema.org","@graph":[{"@type":"WebPage","@id":"http:\/\/tauroslovenia.eu\/de\/izdelek\/schere-tauro-pro-line-janita-plunge-linie-17-cm-65-gebogen-edelstahl-440c\/","url":"http:\/\/tauroslovenia.eu\/de\/izdelek\/schere-tauro-pro-line-janita-plunge-linie-17-cm-65-gebogen-edelstahl-440c\/","name":"Schere TAURO Pro Line, Janita Plung\u0117-Linie, 17 cm (6,5), gebogen, Edelstahl 440c | Tauro Slovenia","isPartOf":{"@id":"http:\/\/tauroslovenia.eu\/de\/#website"},"primaryImageOfPage":{"@id":"http:\/\/tauroslovenia.eu\/de\/izdelek\/schere-tauro-pro-line-janita-plunge-linie-17-cm-65-gebogen-edelstahl-440c\/#primaryimage"},"image":{"@id":"http:\/\/tauroslovenia.eu\/de\/izdelek\/schere-tauro-pro-line-janita-plunge-linie-17-cm-65-gebogen-edelstahl-440c\/#primaryimage"},"thumbnailUrl":"http:\/\/tauroslovenia.eu\/wp-content\/uploads\/2023\/07\/TPL63460-scaled.jpg","datePublished":"2024-09-15T21:39:52+00:00","dateModified":"2024-10-25T13:14:24+00:00","breadcrumb":{"@id":"http:\/\/tauroslovenia.eu\/de\/izdelek\/schere-tauro-pro-line-janita-plunge-linie-17-cm-65-gebogen-edelstahl-440c\/#breadcrumb"},"inLanguage":"de","potentialAction":[{"@type":"ReadAction","target":["http:\/\/tauroslovenia.eu\/de\/izdelek\/schere-tauro-pro-line-janita-plunge-linie-17-cm-65-gebogen-edelstahl-440c\/"]}]},{"@type":"ImageObject","inLanguage":"de","@id":"http:\/\/tauroslovenia.eu\/de\/izdelek\/schere-tauro-pro-line-janita-plunge-linie-17-cm-65-gebogen-edelstahl-440c\/#primaryimage","url":"http:\/\/tauroslovenia.eu\/wp-content\/uploads\/2023\/07\/TPL63460-scaled.jpg","contentUrl":"http:\/\/tauroslovenia.eu\/wp-content\/uploads\/2023\/07\/TPL63460-scaled.jpg","width":2560,"height":2560},{"@type":"BreadcrumbList","@id":"http:\/\/tauroslovenia.eu\/de\/izdelek\/schere-tauro-pro-line-janita-plunge-linie-17-cm-65-gebogen-edelstahl-440c\/#breadcrumb","itemListElement":[{"@type":"ListItem","position":1,"name":"Domov","item":"http:\/\/tauroslovenia.eu\/de\/"},{"@type":"ListItem","position":2,"name":"Trgovina","item":"https:\/\/tauroslovenia.eu\/trgovina\/"},{"@type":"ListItem","position":3,"name":"Schere TAURO Pro Line, Janita Plung\u0117-Linie, 17 cm (6,5), gebogen, Edelstahl 440c"}]},{"@type":"WebSite","@id":"http:\/\/tauroslovenia.eu\/de\/#website","url":"http:\/\/tauroslovenia.eu\/de\/","name":"Tauro Slovenia","description":"","publisher":{"@id":"http:\/\/tauroslovenia.eu\/de\/#organization"},"potentialAction":[{"@type":"SearchAction","target":{"@type":"EntryPoint","urlTemplate":"http:\/\/tauroslovenia.eu\/de\/?s={search_term_string}"},"query-input":{"@type":"PropertyValueSpecification","valueRequired":true,"valueName":"search_term_string"}}],"inLanguage":"de"},{"@type":"Organization","@id":"http:\/\/tauroslovenia.eu\/de\/#organization","name":"KA&L SOLUTIONS d.o.o.","url":"http:\/\/tauroslovenia.eu\/de\/","logo":{"@type":"ImageObject","inLanguage":"de","@id":"http:\/\/tauroslovenia.eu\/de\/#\/schema\/logo\/image\/","url":"http:\/\/tauroslovenia.eu\/wp-content\/uploads\/2023\/07\/logo-tauroproline-email.png","contentUrl":"http:\/\/tauroslovenia.eu\/wp-content\/uploads\/2023\/07\/logo-tauroproline-email.png","width":157,"height":101,"caption":"KA&L SOLUTIONS d.o.o."},"image":{"@id":"http:\/\/tauroslovenia.eu\/de\/#\/schema\/logo\/image\/"},"sameAs":["https:\/\/www.facebook.com\/tauroproline.slovenia\/","https:\/\/www.instagram.com\/tauroproline_slovenia\/"]}]}},"brands":[{"id":264,"name":"TAURO","slug":"tauro"}],"_links":{"self":[{"href":"http:\/\/tauroslovenia.eu\/de\/wp-json\/wp\/v2\/product\/57305"}],"collection":[{"href":"http:\/\/tauroslovenia.eu\/de\/wp-json\/wp\/v2\/product"}],"about":[{"href":"http:\/\/tauroslovenia.eu\/de\/wp-json\/wp\/v2\/types\/product"}],"wp:featuredmedia":[{"embeddable":true,"href":"http:\/\/tauroslovenia.eu\/de\/wp-json\/wp\/v2\/media\/57307"}],"wp:attachment":[{"href":"http:\/\/tauroslovenia.eu\/de\/wp-json\/wp\/v2\/media?parent=57305"}],"wp:term":[{"taxonomy":"pwb-brand","embeddable":true,"href":"http:\/\/tauroslovenia.eu\/de\/wp-json\/wp\/v2\/pwb-brand?post=57305"},{"taxonomy":"product_cat","embeddable":true,"href":"http:\/\/tauroslovenia.eu\/de\/wp-json\/wp\/v2\/product_cat?post=57305"},{"taxonomy":"product_tag","embeddable":true,"href":"http:\/\/tauroslovenia.eu\/de\/wp-json\/wp\/v2\/product_tag?post=57305"}],"curies":[{"name":"wp","href":"https:\/\/api.w.org\/{rel}","templated":true}]}}