{"id":57326,"date":"2024-09-15T23:39:52","date_gmt":"2024-09-15T21:39:52","guid":{"rendered":"https:\/\/tauroslovenia.eu\/izdelek\/tauro-pro-line-pure-nature-ultra-sensitive-balsam-fuer-hunde-und-katzen-mit-empfindlicher-haut\/"},"modified":"2024-11-04T11:00:09","modified_gmt":"2024-11-04T10:00:09","slug":"tauro-pro-line-pure-nature-ultra-sensitive-balsam-fuer-hunde-und-katzen-mit-empfindlicher-haut","status":"publish","type":"product","link":"http:\/\/tauroslovenia.eu\/de\/izdelek\/tauro-pro-line-pure-nature-ultra-sensitive-balsam-fuer-hunde-und-katzen-mit-empfindlicher-haut\/","title":{"rendered":"Tauro Pro Line Pure Nature Ultra Sensitive Balsam f\u00fcr Hunde und Katzen mit empfindlicher Haut"},"content":{"rendered":"<p>Tauro Pro Line Pure Nature Ultra Sensitive Coat Conditioner f\u00fcr Hunde und Katzen mit empfindlicher Haut erneuert das Fell, sch\u00fctzt es vor Proteinverlust und befeuchtet schwaches, besch\u00e4digtes und durch Behandlungen belastetes Fell.<\/p>\n<p>Die sanfte Formel aus 7 nat\u00fcrlichen und \u00e4therischen \u00d6len erm\u00f6glicht die t\u00e4gliche Anwendung des Conditioners und kann helfen, das Fell gesund, gl\u00e4nzend und stark zu erhalten.<\/p>\n<ul>\n<li><strong>Kokos\u00f6l<\/strong> reduziert den Proteinverlust und erh\u00e4lt die Haare gesund.<\/li>\n<li><strong>Safflor\u00f6l<\/strong> reduziert Haarbruch und revitalisiert besch\u00e4digte Haare, w\u00e4hrend es das Nachwachsen f\u00f6rdert.<\/li>\n<li><strong>Helichrysum-\u00d6l<\/strong> reinigt die Kopfhaut, st\u00e4rkt die Haare und stimuliert die Haarfollikel.<\/li>\n<li><strong>Bergamottem<\/strong> f\u00f6rdert das Haarwachstum, beschleunigt die Heilung von Wunden und reduziert Entz\u00fcndungen.<\/li>\n<li><strong>Geranien\u00f6l<\/strong> reguliert Trockenheit, \u00fcbersch\u00fcssigen Talg und Sebumproduktion zur Verbesserung des Haarwachstums.<\/li>\n<li><strong>Ringelblumen\u00f6l<\/strong> pflegt und n\u00e4hrt die Kopfhaut effektiv und st\u00e4rkt die Haare.<\/li>\n<li><strong>Lavendel\u00f6l<\/strong> verbessert die Durchblutung der Haarfollikel, was das Haarwachstum f\u00f6rdert.<\/li>\n<\/ul>\n<p><strong>Von Fachleuten getestet:<\/strong><\/p>\n<ul>\n<li>Sichere Formulierung \u2013 frei von Silikonen, Parabenen und SLS.<\/li>\n<li>Von Z\u00fcchtern entwickelt \u2013 zuverl\u00e4ssige, hochwertige Produkte.<\/li>\n<\/ul>\n<p>Anwendung: Verd\u00fcnnen Sie den Conditioner mit Wasser im Verh\u00e4ltnis 1:10. Nach dem Shampoonieren sanft in das Fell einmassieren. Nach etwa 3 Minuten einmassieren und durchk\u00e4mmen. Gr\u00fcndlich mit warmem Wasser aussp\u00fclen.<\/p>\n<p>Empfohlen: F\u00fcr Haustiere mit empfindlicher Haut.<\/p>\n<p><strong>WARNUNG:<\/strong> Nur zur \u00e4u\u00dferen Anwendung. Vor Kindern sch\u00fctzen.<\/p>\n<p>Hergestellt in der Europ\u00e4ischen Union.<\/p>\n<p>Bitte f\u00fcllen Sie das Formular aus, um uns bei der L\u00f6sung von Fell- und Hautproblemen Ihres Haustiers zu helfen:<\/p>\n<p>Umfrage<span> <\/span><a href=\"https:\/\/forms.gle\/jMnWbh1HwKiPBuLr7\">hier<\/a><\/p>\n","protected":false},"excerpt":{"rendered":"<p>Tauro Pro Line Pure Nature Ultra Sensitive Coat Balsam f\u00fcr Hunde und Katzen mit empfindlicher Haut stellt das Fell wieder her, sch\u00fctzt es vor Proteinverlust und spendet schwachem, gesch\u00e4digtem und bearbeitetem Haar Feuchtigkeit.<\/p>\n","protected":false},"featured_media":57328,"template":"","meta":{"_acf_changed":false},"pwb-brand":[264],"product_cat":[593],"product_tag":[],"class_list":{"0":"post-57326","1":"product","2":"type-product","3":"status-publish","4":"has-post-thumbnail","6":"pwb-brand-tauro","7":"product_cat-schampoo","9":"first","10":"instock","11":"taxable","12":"shipping-taxable","13":"purchasable","14":"product-type-simple"},"acf":[],"yoast_head":"<!-- This site is optimized with the Yoast SEO plugin v23.6 - https:\/\/yoast.com\/wordpress\/plugins\/seo\/ -->\n<title>Tauro Pro Line Pure Nature Ultra Sensitive Balsam f\u00fcr Hunde und Katzen mit empfindlicher Haut | Tauro Slovenia<\/title>\n<meta name=\"robots\" content=\"index, follow, max-snippet:-1, max-image-preview:large, max-video-preview:-1\" \/>\n<link rel=\"canonical\" href=\"http:\/\/tauroslovenia.eu\/de\/izdelek\/tauro-pro-line-pure-nature-ultra-sensitive-balsam-fuer-hunde-und-katzen-mit-empfindlicher-haut\/\" \/>\n<meta property=\"og:locale\" content=\"de_DE\" \/>\n<meta property=\"og:type\" content=\"article\" \/>\n<meta property=\"og:title\" content=\"Tauro Pro Line Pure Nature Ultra Sensitive Balsam f\u00fcr Hunde und Katzen mit empfindlicher Haut | Tauro Slovenia\" \/>\n<meta property=\"og:description\" content=\"Tauro Pro Line Pure Nature Ultra Sensitive Coat Balsam f\u00fcr Hunde und Katzen mit empfindlicher Haut stellt das Fell wieder her, sch\u00fctzt es vor Proteinverlust und spendet schwachem, gesch\u00e4digtem und bearbeitetem Haar Feuchtigkeit.\" \/>\n<meta property=\"og:url\" content=\"http:\/\/tauroslovenia.eu\/de\/izdelek\/tauro-pro-line-pure-nature-ultra-sensitive-balsam-fuer-hunde-und-katzen-mit-empfindlicher-haut\/\" \/>\n<meta property=\"og:site_name\" content=\"Tauro Slovenia\" \/>\n<meta property=\"article:publisher\" content=\"https:\/\/www.facebook.com\/tauroproline.slovenia\/\" \/>\n<meta property=\"article:modified_time\" content=\"2024-11-04T10:00:09+00:00\" \/>\n<meta property=\"og:image\" content=\"http:\/\/tauroslovenia.eu\/wp-content\/uploads\/2023\/07\/TPL63467.jpg\" \/>\n\t<meta property=\"og:image:width\" content=\"1500\" \/>\n\t<meta property=\"og:image:height\" content=\"1500\" \/>\n\t<meta property=\"og:image:type\" content=\"image\/jpeg\" \/>\n<meta name=\"twitter:card\" content=\"summary_large_image\" \/>\n<meta name=\"twitter:label1\" content=\"Gesch\u00e4tzte Lesezeit\" \/>\n\t<meta name=\"twitter:data1\" content=\"1\u00a0Minute\" \/>\n<script type=\"application\/ld+json\" class=\"yoast-schema-graph\">{\"@context\":\"https:\/\/schema.org\",\"@graph\":[{\"@type\":\"WebPage\",\"@id\":\"http:\/\/tauroslovenia.eu\/de\/izdelek\/tauro-pro-line-pure-nature-ultra-sensitive-balsam-fuer-hunde-und-katzen-mit-empfindlicher-haut\/\",\"url\":\"http:\/\/tauroslovenia.eu\/de\/izdelek\/tauro-pro-line-pure-nature-ultra-sensitive-balsam-fuer-hunde-und-katzen-mit-empfindlicher-haut\/\",\"name\":\"Tauro Pro Line Pure Nature Ultra Sensitive Balsam f\u00fcr Hunde und Katzen mit empfindlicher Haut | Tauro Slovenia\",\"isPartOf\":{\"@id\":\"http:\/\/tauroslovenia.eu\/de\/#website\"},\"primaryImageOfPage\":{\"@id\":\"http:\/\/tauroslovenia.eu\/de\/izdelek\/tauro-pro-line-pure-nature-ultra-sensitive-balsam-fuer-hunde-und-katzen-mit-empfindlicher-haut\/#primaryimage\"},\"image\":{\"@id\":\"http:\/\/tauroslovenia.eu\/de\/izdelek\/tauro-pro-line-pure-nature-ultra-sensitive-balsam-fuer-hunde-und-katzen-mit-empfindlicher-haut\/#primaryimage\"},\"thumbnailUrl\":\"http:\/\/tauroslovenia.eu\/wp-content\/uploads\/2023\/07\/TPL63467.jpg\",\"datePublished\":\"2024-09-15T21:39:52+00:00\",\"dateModified\":\"2024-11-04T10:00:09+00:00\",\"breadcrumb\":{\"@id\":\"http:\/\/tauroslovenia.eu\/de\/izdelek\/tauro-pro-line-pure-nature-ultra-sensitive-balsam-fuer-hunde-und-katzen-mit-empfindlicher-haut\/#breadcrumb\"},\"inLanguage\":\"de\",\"potentialAction\":[{\"@type\":\"ReadAction\",\"target\":[\"http:\/\/tauroslovenia.eu\/de\/izdelek\/tauro-pro-line-pure-nature-ultra-sensitive-balsam-fuer-hunde-und-katzen-mit-empfindlicher-haut\/\"]}]},{\"@type\":\"ImageObject\",\"inLanguage\":\"de\",\"@id\":\"http:\/\/tauroslovenia.eu\/de\/izdelek\/tauro-pro-line-pure-nature-ultra-sensitive-balsam-fuer-hunde-und-katzen-mit-empfindlicher-haut\/#primaryimage\",\"url\":\"http:\/\/tauroslovenia.eu\/wp-content\/uploads\/2023\/07\/TPL63467.jpg\",\"contentUrl\":\"http:\/\/tauroslovenia.eu\/wp-content\/uploads\/2023\/07\/TPL63467.jpg\",\"width\":1500,\"height\":1500},{\"@type\":\"BreadcrumbList\",\"@id\":\"http:\/\/tauroslovenia.eu\/de\/izdelek\/tauro-pro-line-pure-nature-ultra-sensitive-balsam-fuer-hunde-und-katzen-mit-empfindlicher-haut\/#breadcrumb\",\"itemListElement\":[{\"@type\":\"ListItem\",\"position\":1,\"name\":\"Domov\",\"item\":\"http:\/\/tauroslovenia.eu\/de\/\"},{\"@type\":\"ListItem\",\"position\":2,\"name\":\"Trgovina\",\"item\":\"https:\/\/tauroslovenia.eu\/trgovina\/\"},{\"@type\":\"ListItem\",\"position\":3,\"name\":\"Tauro Pro Line Pure Nature Ultra Sensitive Balsam f\u00fcr Hunde und Katzen mit empfindlicher Haut\"}]},{\"@type\":\"WebSite\",\"@id\":\"http:\/\/tauroslovenia.eu\/de\/#website\",\"url\":\"http:\/\/tauroslovenia.eu\/de\/\",\"name\":\"Tauro Slovenia\",\"description\":\"\",\"publisher\":{\"@id\":\"http:\/\/tauroslovenia.eu\/de\/#organization\"},\"potentialAction\":[{\"@type\":\"SearchAction\",\"target\":{\"@type\":\"EntryPoint\",\"urlTemplate\":\"http:\/\/tauroslovenia.eu\/de\/?s={search_term_string}\"},\"query-input\":{\"@type\":\"PropertyValueSpecification\",\"valueRequired\":true,\"valueName\":\"search_term_string\"}}],\"inLanguage\":\"de\"},{\"@type\":\"Organization\",\"@id\":\"http:\/\/tauroslovenia.eu\/de\/#organization\",\"name\":\"KA&L SOLUTIONS d.o.o.\",\"url\":\"http:\/\/tauroslovenia.eu\/de\/\",\"logo\":{\"@type\":\"ImageObject\",\"inLanguage\":\"de\",\"@id\":\"http:\/\/tauroslovenia.eu\/de\/#\/schema\/logo\/image\/\",\"url\":\"http:\/\/tauroslovenia.eu\/wp-content\/uploads\/2023\/07\/logo-tauroproline-email.png\",\"contentUrl\":\"http:\/\/tauroslovenia.eu\/wp-content\/uploads\/2023\/07\/logo-tauroproline-email.png\",\"width\":157,\"height\":101,\"caption\":\"KA&L SOLUTIONS d.o.o.\"},\"image\":{\"@id\":\"http:\/\/tauroslovenia.eu\/de\/#\/schema\/logo\/image\/\"},\"sameAs\":[\"https:\/\/www.facebook.com\/tauroproline.slovenia\/\",\"https:\/\/www.instagram.com\/tauroproline_slovenia\/\"]}]}<\/script>\n<!-- \/ Yoast SEO plugin. -->","yoast_head_json":{"title":"Tauro Pro Line Pure Nature Ultra Sensitive Balsam f\u00fcr Hunde und Katzen mit empfindlicher Haut | Tauro Slovenia","robots":{"index":"index","follow":"follow","max-snippet":"max-snippet:-1","max-image-preview":"max-image-preview:large","max-video-preview":"max-video-preview:-1"},"canonical":"http:\/\/tauroslovenia.eu\/de\/izdelek\/tauro-pro-line-pure-nature-ultra-sensitive-balsam-fuer-hunde-und-katzen-mit-empfindlicher-haut\/","og_locale":"de_DE","og_type":"article","og_title":"Tauro Pro Line Pure Nature Ultra Sensitive Balsam f\u00fcr Hunde und Katzen mit empfindlicher Haut | Tauro Slovenia","og_description":"Tauro Pro Line Pure Nature Ultra Sensitive Coat Balsam f\u00fcr Hunde und Katzen mit empfindlicher Haut stellt das Fell wieder her, sch\u00fctzt es vor Proteinverlust und spendet schwachem, gesch\u00e4digtem und bearbeitetem Haar Feuchtigkeit.","og_url":"http:\/\/tauroslovenia.eu\/de\/izdelek\/tauro-pro-line-pure-nature-ultra-sensitive-balsam-fuer-hunde-und-katzen-mit-empfindlicher-haut\/","og_site_name":"Tauro Slovenia","article_publisher":"https:\/\/www.facebook.com\/tauroproline.slovenia\/","article_modified_time":"2024-11-04T10:00:09+00:00","og_image":[{"width":1500,"height":1500,"url":"http:\/\/tauroslovenia.eu\/wp-content\/uploads\/2023\/07\/TPL63467.jpg","type":"image\/jpeg"}],"twitter_card":"summary_large_image","twitter_misc":{"Gesch\u00e4tzte Lesezeit":"1\u00a0Minute"},"schema":{"@context":"https:\/\/schema.org","@graph":[{"@type":"WebPage","@id":"http:\/\/tauroslovenia.eu\/de\/izdelek\/tauro-pro-line-pure-nature-ultra-sensitive-balsam-fuer-hunde-und-katzen-mit-empfindlicher-haut\/","url":"http:\/\/tauroslovenia.eu\/de\/izdelek\/tauro-pro-line-pure-nature-ultra-sensitive-balsam-fuer-hunde-und-katzen-mit-empfindlicher-haut\/","name":"Tauro Pro Line Pure Nature Ultra Sensitive Balsam f\u00fcr Hunde und Katzen mit empfindlicher Haut | Tauro Slovenia","isPartOf":{"@id":"http:\/\/tauroslovenia.eu\/de\/#website"},"primaryImageOfPage":{"@id":"http:\/\/tauroslovenia.eu\/de\/izdelek\/tauro-pro-line-pure-nature-ultra-sensitive-balsam-fuer-hunde-und-katzen-mit-empfindlicher-haut\/#primaryimage"},"image":{"@id":"http:\/\/tauroslovenia.eu\/de\/izdelek\/tauro-pro-line-pure-nature-ultra-sensitive-balsam-fuer-hunde-und-katzen-mit-empfindlicher-haut\/#primaryimage"},"thumbnailUrl":"http:\/\/tauroslovenia.eu\/wp-content\/uploads\/2023\/07\/TPL63467.jpg","datePublished":"2024-09-15T21:39:52+00:00","dateModified":"2024-11-04T10:00:09+00:00","breadcrumb":{"@id":"http:\/\/tauroslovenia.eu\/de\/izdelek\/tauro-pro-line-pure-nature-ultra-sensitive-balsam-fuer-hunde-und-katzen-mit-empfindlicher-haut\/#breadcrumb"},"inLanguage":"de","potentialAction":[{"@type":"ReadAction","target":["http:\/\/tauroslovenia.eu\/de\/izdelek\/tauro-pro-line-pure-nature-ultra-sensitive-balsam-fuer-hunde-und-katzen-mit-empfindlicher-haut\/"]}]},{"@type":"ImageObject","inLanguage":"de","@id":"http:\/\/tauroslovenia.eu\/de\/izdelek\/tauro-pro-line-pure-nature-ultra-sensitive-balsam-fuer-hunde-und-katzen-mit-empfindlicher-haut\/#primaryimage","url":"http:\/\/tauroslovenia.eu\/wp-content\/uploads\/2023\/07\/TPL63467.jpg","contentUrl":"http:\/\/tauroslovenia.eu\/wp-content\/uploads\/2023\/07\/TPL63467.jpg","width":1500,"height":1500},{"@type":"BreadcrumbList","@id":"http:\/\/tauroslovenia.eu\/de\/izdelek\/tauro-pro-line-pure-nature-ultra-sensitive-balsam-fuer-hunde-und-katzen-mit-empfindlicher-haut\/#breadcrumb","itemListElement":[{"@type":"ListItem","position":1,"name":"Domov","item":"http:\/\/tauroslovenia.eu\/de\/"},{"@type":"ListItem","position":2,"name":"Trgovina","item":"https:\/\/tauroslovenia.eu\/trgovina\/"},{"@type":"ListItem","position":3,"name":"Tauro Pro Line Pure Nature Ultra Sensitive Balsam f\u00fcr Hunde und Katzen mit empfindlicher Haut"}]},{"@type":"WebSite","@id":"http:\/\/tauroslovenia.eu\/de\/#website","url":"http:\/\/tauroslovenia.eu\/de\/","name":"Tauro Slovenia","description":"","publisher":{"@id":"http:\/\/tauroslovenia.eu\/de\/#organization"},"potentialAction":[{"@type":"SearchAction","target":{"@type":"EntryPoint","urlTemplate":"http:\/\/tauroslovenia.eu\/de\/?s={search_term_string}"},"query-input":{"@type":"PropertyValueSpecification","valueRequired":true,"valueName":"search_term_string"}}],"inLanguage":"de"},{"@type":"Organization","@id":"http:\/\/tauroslovenia.eu\/de\/#organization","name":"KA&L SOLUTIONS d.o.o.","url":"http:\/\/tauroslovenia.eu\/de\/","logo":{"@type":"ImageObject","inLanguage":"de","@id":"http:\/\/tauroslovenia.eu\/de\/#\/schema\/logo\/image\/","url":"http:\/\/tauroslovenia.eu\/wp-content\/uploads\/2023\/07\/logo-tauroproline-email.png","contentUrl":"http:\/\/tauroslovenia.eu\/wp-content\/uploads\/2023\/07\/logo-tauroproline-email.png","width":157,"height":101,"caption":"KA&L SOLUTIONS d.o.o."},"image":{"@id":"http:\/\/tauroslovenia.eu\/de\/#\/schema\/logo\/image\/"},"sameAs":["https:\/\/www.facebook.com\/tauroproline.slovenia\/","https:\/\/www.instagram.com\/tauroproline_slovenia\/"]}]}},"brands":[{"id":264,"name":"TAURO","slug":"tauro"}],"_links":{"self":[{"href":"http:\/\/tauroslovenia.eu\/de\/wp-json\/wp\/v2\/product\/57326"}],"collection":[{"href":"http:\/\/tauroslovenia.eu\/de\/wp-json\/wp\/v2\/product"}],"about":[{"href":"http:\/\/tauroslovenia.eu\/de\/wp-json\/wp\/v2\/types\/product"}],"wp:featuredmedia":[{"embeddable":true,"href":"http:\/\/tauroslovenia.eu\/de\/wp-json\/wp\/v2\/media\/57328"}],"wp:attachment":[{"href":"http:\/\/tauroslovenia.eu\/de\/wp-json\/wp\/v2\/media?parent=57326"}],"wp:term":[{"taxonomy":"pwb-brand","embeddable":true,"href":"http:\/\/tauroslovenia.eu\/de\/wp-json\/wp\/v2\/pwb-brand?post=57326"},{"taxonomy":"product_cat","embeddable":true,"href":"http:\/\/tauroslovenia.eu\/de\/wp-json\/wp\/v2\/product_cat?post=57326"},{"taxonomy":"product_tag","embeddable":true,"href":"http:\/\/tauroslovenia.eu\/de\/wp-json\/wp\/v2\/product_tag?post=57326"}],"curies":[{"name":"wp","href":"https:\/\/api.w.org\/{rel}","templated":true}]}}