{"id":57338,"date":"2024-09-15T23:39:56","date_gmt":"2024-09-15T21:39:56","guid":{"rendered":"https:\/\/tauroslovenia.eu\/izdelek\/tauro-pro-line-pure-nature-5-in-1-feuchtigkeitsspendendes-shampoo-fuer-hunde-und-katzen\/"},"modified":"2024-10-25T15:16:37","modified_gmt":"2024-10-25T13:16:37","slug":"tauro-pro-line-pure-nature-5-in-1-feuchtigkeitsspendendes-shampoo-fuer-hunde-und-katzen","status":"publish","type":"product","link":"http:\/\/tauroslovenia.eu\/de\/izdelek\/tauro-pro-line-pure-nature-5-in-1-feuchtigkeitsspendendes-shampoo-fuer-hunde-und-katzen\/","title":{"rendered":"Tauro Pro Line Pure Nature 5 in 1, feuchtigkeitsspendendes Shampoo f\u00fcr Hunde und Katzen"},"content":{"rendered":"<p>Das Tauro Pro Line Pure Nature 5-in-1 Feuchtigkeits-Shampoo f\u00fcr Hunde und Katzen ist so formuliert, dass es trockenes oder ausgetrocknetes Fell sanft regeneriert und gleichzeitig Feuchtigkeit spendet.<\/p>\n<p>Die einzigartige Formel aus ausschlie\u00dflich nat\u00fcrlichen Wirkstoffen sorgt f\u00fcr eine tiefgehende Hydratation von Fell und Haut, macht das Fell k\u00e4mmbar und f\u00fcllt sowie verdichtet besch\u00e4digtes, strukturell geschw\u00e4chtes Haar effektiv.<\/p>\n<p><strong>Die exklusive Zusammensetzung aus 6 nat\u00fcrlichen und \u00e4therischen \u00d6len kann helfen:<\/strong><\/p>\n<ul>\n<li>Oliven\u00f6l verhindert das Aufspalten der Spitzen, da es die Elastizit\u00e4t der Haare erh\u00f6hen kann.<\/li>\n<li><strong>\u00c4therisches \u00d6l aus s\u00fc\u00dfer Orange<\/strong> verbessert die Gl\u00e4tte der Str\u00e4hnen und spendet Feuchtigkeit f\u00fcr br\u00fcchiges Haar.<\/li>\n<li><strong>Muru Muru Butter<\/strong> spendet Feuchtigkeit und h\u00e4lt die Haut feucht, wodurch das Haar weicher wird.<\/li>\n<li><strong>\u00c4therisches Ylang-Ylang-\u00d6l<\/strong> verbessert die Textur der Haare und reduziert Haarbruch.<\/li>\n<li><strong>\u00c4therisches Rosmarin\u00f6l<\/strong> sch\u00fctzt vor Haarausfall und f\u00f6rdert das Wachstum gesunder, dichter Haare.<\/li>\n<li><strong>\u00c4therisches Limetten\u00f6l<\/strong> f\u00f6rdert gesundes Haar und sorgt f\u00fcr mehr Volumen und Gl\u00e4tte.<\/li>\n<\/ul>\n<p><strong>Von Fachleuten getestet:<\/strong><\/p>\n<ul>\n<li>Sichere Formulierung \u2013 frei von Silikonen, Parabenen und SLS.<\/li>\n<li>Von Z\u00fcchtern entwickelt \u2013 zuverl\u00e4ssige, hochwertige Produkte.<\/li>\n<\/ul>\n<p>Anwendung: Verd\u00fcnnen Sie das Shampoo mit lauwarmem Wasser im Verh\u00e4ltnis 1:10, befeuchten Sie das Fell und tragen Sie das Produkt auf. Massieren Sie es etwa 3 Minuten lang ein und sp\u00fclen Sie es gr\u00fcndlich mit lauwarmem Wasser aus.<\/p>\n<p><strong>WARNHINWEIS:<\/strong> Nur zur \u00e4u\u00dferlichen Anwendung. Vor Kindern sch\u00fctzen.<\/p>\n<p><strong>Hergestellt<\/strong> in der Europ\u00e4ischen Union.<\/p>\n<p>Bitte f\u00fcllen Sie das Formular aus, damit wir Ihnen bei Problemen mit dem Fell und der Haut Ihres Haustiers helfen k\u00f6nnen:<\/p>\n<p>Umfrage<span> <\/span><a href=\"https:\/\/forms.gle\/jMnWbh1HwKiPBuLr7\">hier<\/a><\/p>\n","protected":false},"excerpt":{"rendered":"<p>Das Tauro Pro Line Pure Nature 5-in-1-Feuchtigkeitsshampoo f\u00fcr Hunde und Katzen wurde entwickelt, um trockenes oder ausgetrocknetes Fell sanft wiederherzustellen und gleichzeitig das Fell mit Feuchtigkeit zu versorgen.<\/p>\n","protected":false},"featured_media":57340,"template":"","meta":{"_acf_changed":false},"pwb-brand":[264],"product_cat":[624],"product_tag":[],"class_list":{"0":"post-57338","1":"product","2":"type-product","3":"status-publish","4":"has-post-thumbnail","6":"pwb-brand-tauro","7":"product_cat-schampoo-6","9":"first","10":"instock","11":"taxable","12":"shipping-taxable","13":"purchasable","14":"product-type-simple"},"acf":[],"yoast_head":"<!-- This site is optimized with the Yoast SEO plugin v23.6 - https:\/\/yoast.com\/wordpress\/plugins\/seo\/ -->\n<title>Tauro Pro Line Pure Nature 5 in 1, feuchtigkeitsspendendes Shampoo f\u00fcr Hunde und Katzen | Tauro Slovenia<\/title>\n<meta name=\"robots\" content=\"index, follow, max-snippet:-1, max-image-preview:large, max-video-preview:-1\" \/>\n<link rel=\"canonical\" href=\"http:\/\/tauroslovenia.eu\/de\/izdelek\/tauro-pro-line-pure-nature-5-in-1-feuchtigkeitsspendendes-shampoo-fuer-hunde-und-katzen\/\" \/>\n<meta property=\"og:locale\" content=\"de_DE\" \/>\n<meta property=\"og:type\" content=\"article\" \/>\n<meta property=\"og:title\" content=\"Tauro Pro Line Pure Nature 5 in 1, feuchtigkeitsspendendes Shampoo f\u00fcr Hunde und Katzen | Tauro Slovenia\" \/>\n<meta property=\"og:description\" content=\"Das Tauro Pro Line Pure Nature 5-in-1-Feuchtigkeitsshampoo f\u00fcr Hunde und Katzen wurde entwickelt, um trockenes oder ausgetrocknetes Fell sanft wiederherzustellen und gleichzeitig das Fell mit Feuchtigkeit zu versorgen.\" \/>\n<meta property=\"og:url\" content=\"http:\/\/tauroslovenia.eu\/de\/izdelek\/tauro-pro-line-pure-nature-5-in-1-feuchtigkeitsspendendes-shampoo-fuer-hunde-und-katzen\/\" \/>\n<meta property=\"og:site_name\" content=\"Tauro Slovenia\" \/>\n<meta property=\"article:publisher\" content=\"https:\/\/www.facebook.com\/tauroproline.slovenia\/\" \/>\n<meta property=\"article:modified_time\" content=\"2024-10-25T13:16:37+00:00\" \/>\n<meta property=\"og:image\" content=\"http:\/\/tauroslovenia.eu\/wp-content\/uploads\/2023\/07\/TPL63474.jpg\" \/>\n\t<meta property=\"og:image:width\" content=\"1500\" \/>\n\t<meta property=\"og:image:height\" content=\"1500\" \/>\n\t<meta property=\"og:image:type\" content=\"image\/jpeg\" \/>\n<meta name=\"twitter:card\" content=\"summary_large_image\" \/>\n<meta name=\"twitter:label1\" content=\"Gesch\u00e4tzte Lesezeit\" \/>\n\t<meta name=\"twitter:data1\" content=\"1\u00a0Minute\" \/>\n<script type=\"application\/ld+json\" class=\"yoast-schema-graph\">{\"@context\":\"https:\/\/schema.org\",\"@graph\":[{\"@type\":\"WebPage\",\"@id\":\"http:\/\/tauroslovenia.eu\/de\/izdelek\/tauro-pro-line-pure-nature-5-in-1-feuchtigkeitsspendendes-shampoo-fuer-hunde-und-katzen\/\",\"url\":\"http:\/\/tauroslovenia.eu\/de\/izdelek\/tauro-pro-line-pure-nature-5-in-1-feuchtigkeitsspendendes-shampoo-fuer-hunde-und-katzen\/\",\"name\":\"Tauro Pro Line Pure Nature 5 in 1, feuchtigkeitsspendendes Shampoo f\u00fcr Hunde und Katzen | Tauro Slovenia\",\"isPartOf\":{\"@id\":\"http:\/\/tauroslovenia.eu\/de\/#website\"},\"primaryImageOfPage\":{\"@id\":\"http:\/\/tauroslovenia.eu\/de\/izdelek\/tauro-pro-line-pure-nature-5-in-1-feuchtigkeitsspendendes-shampoo-fuer-hunde-und-katzen\/#primaryimage\"},\"image\":{\"@id\":\"http:\/\/tauroslovenia.eu\/de\/izdelek\/tauro-pro-line-pure-nature-5-in-1-feuchtigkeitsspendendes-shampoo-fuer-hunde-und-katzen\/#primaryimage\"},\"thumbnailUrl\":\"http:\/\/tauroslovenia.eu\/wp-content\/uploads\/2023\/07\/TPL63474.jpg\",\"datePublished\":\"2024-09-15T21:39:56+00:00\",\"dateModified\":\"2024-10-25T13:16:37+00:00\",\"breadcrumb\":{\"@id\":\"http:\/\/tauroslovenia.eu\/de\/izdelek\/tauro-pro-line-pure-nature-5-in-1-feuchtigkeitsspendendes-shampoo-fuer-hunde-und-katzen\/#breadcrumb\"},\"inLanguage\":\"de\",\"potentialAction\":[{\"@type\":\"ReadAction\",\"target\":[\"http:\/\/tauroslovenia.eu\/de\/izdelek\/tauro-pro-line-pure-nature-5-in-1-feuchtigkeitsspendendes-shampoo-fuer-hunde-und-katzen\/\"]}]},{\"@type\":\"ImageObject\",\"inLanguage\":\"de\",\"@id\":\"http:\/\/tauroslovenia.eu\/de\/izdelek\/tauro-pro-line-pure-nature-5-in-1-feuchtigkeitsspendendes-shampoo-fuer-hunde-und-katzen\/#primaryimage\",\"url\":\"http:\/\/tauroslovenia.eu\/wp-content\/uploads\/2023\/07\/TPL63474.jpg\",\"contentUrl\":\"http:\/\/tauroslovenia.eu\/wp-content\/uploads\/2023\/07\/TPL63474.jpg\",\"width\":1500,\"height\":1500},{\"@type\":\"BreadcrumbList\",\"@id\":\"http:\/\/tauroslovenia.eu\/de\/izdelek\/tauro-pro-line-pure-nature-5-in-1-feuchtigkeitsspendendes-shampoo-fuer-hunde-und-katzen\/#breadcrumb\",\"itemListElement\":[{\"@type\":\"ListItem\",\"position\":1,\"name\":\"Domov\",\"item\":\"http:\/\/tauroslovenia.eu\/de\/\"},{\"@type\":\"ListItem\",\"position\":2,\"name\":\"Trgovina\",\"item\":\"http:\/\/tauroslovenia.eu\/trgovina\/\"},{\"@type\":\"ListItem\",\"position\":3,\"name\":\"Tauro Pro Line Pure Nature 5 in 1, feuchtigkeitsspendendes Shampoo f\u00fcr Hunde und Katzen\"}]},{\"@type\":\"WebSite\",\"@id\":\"http:\/\/tauroslovenia.eu\/de\/#website\",\"url\":\"http:\/\/tauroslovenia.eu\/de\/\",\"name\":\"Tauro Slovenia\",\"description\":\"\",\"publisher\":{\"@id\":\"http:\/\/tauroslovenia.eu\/de\/#organization\"},\"potentialAction\":[{\"@type\":\"SearchAction\",\"target\":{\"@type\":\"EntryPoint\",\"urlTemplate\":\"http:\/\/tauroslovenia.eu\/de\/?s={search_term_string}\"},\"query-input\":{\"@type\":\"PropertyValueSpecification\",\"valueRequired\":true,\"valueName\":\"search_term_string\"}}],\"inLanguage\":\"de\"},{\"@type\":\"Organization\",\"@id\":\"http:\/\/tauroslovenia.eu\/de\/#organization\",\"name\":\"KA&L SOLUTIONS d.o.o.\",\"url\":\"http:\/\/tauroslovenia.eu\/de\/\",\"logo\":{\"@type\":\"ImageObject\",\"inLanguage\":\"de\",\"@id\":\"http:\/\/tauroslovenia.eu\/de\/#\/schema\/logo\/image\/\",\"url\":\"http:\/\/tauroslovenia.eu\/wp-content\/uploads\/2023\/07\/logo-tauroproline-email.png\",\"contentUrl\":\"http:\/\/tauroslovenia.eu\/wp-content\/uploads\/2023\/07\/logo-tauroproline-email.png\",\"width\":157,\"height\":101,\"caption\":\"KA&L SOLUTIONS d.o.o.\"},\"image\":{\"@id\":\"http:\/\/tauroslovenia.eu\/de\/#\/schema\/logo\/image\/\"},\"sameAs\":[\"https:\/\/www.facebook.com\/tauroproline.slovenia\/\",\"https:\/\/www.instagram.com\/tauroproline_slovenia\/\"]}]}<\/script>\n<!-- \/ Yoast SEO plugin. -->","yoast_head_json":{"title":"Tauro Pro Line Pure Nature 5 in 1, feuchtigkeitsspendendes Shampoo f\u00fcr Hunde und Katzen | Tauro Slovenia","robots":{"index":"index","follow":"follow","max-snippet":"max-snippet:-1","max-image-preview":"max-image-preview:large","max-video-preview":"max-video-preview:-1"},"canonical":"http:\/\/tauroslovenia.eu\/de\/izdelek\/tauro-pro-line-pure-nature-5-in-1-feuchtigkeitsspendendes-shampoo-fuer-hunde-und-katzen\/","og_locale":"de_DE","og_type":"article","og_title":"Tauro Pro Line Pure Nature 5 in 1, feuchtigkeitsspendendes Shampoo f\u00fcr Hunde und Katzen | Tauro Slovenia","og_description":"Das Tauro Pro Line Pure Nature 5-in-1-Feuchtigkeitsshampoo f\u00fcr Hunde und Katzen wurde entwickelt, um trockenes oder ausgetrocknetes Fell sanft wiederherzustellen und gleichzeitig das Fell mit Feuchtigkeit zu versorgen.","og_url":"http:\/\/tauroslovenia.eu\/de\/izdelek\/tauro-pro-line-pure-nature-5-in-1-feuchtigkeitsspendendes-shampoo-fuer-hunde-und-katzen\/","og_site_name":"Tauro Slovenia","article_publisher":"https:\/\/www.facebook.com\/tauroproline.slovenia\/","article_modified_time":"2024-10-25T13:16:37+00:00","og_image":[{"width":1500,"height":1500,"url":"http:\/\/tauroslovenia.eu\/wp-content\/uploads\/2023\/07\/TPL63474.jpg","type":"image\/jpeg"}],"twitter_card":"summary_large_image","twitter_misc":{"Gesch\u00e4tzte Lesezeit":"1\u00a0Minute"},"schema":{"@context":"https:\/\/schema.org","@graph":[{"@type":"WebPage","@id":"http:\/\/tauroslovenia.eu\/de\/izdelek\/tauro-pro-line-pure-nature-5-in-1-feuchtigkeitsspendendes-shampoo-fuer-hunde-und-katzen\/","url":"http:\/\/tauroslovenia.eu\/de\/izdelek\/tauro-pro-line-pure-nature-5-in-1-feuchtigkeitsspendendes-shampoo-fuer-hunde-und-katzen\/","name":"Tauro Pro Line Pure Nature 5 in 1, feuchtigkeitsspendendes Shampoo f\u00fcr Hunde und Katzen | Tauro Slovenia","isPartOf":{"@id":"http:\/\/tauroslovenia.eu\/de\/#website"},"primaryImageOfPage":{"@id":"http:\/\/tauroslovenia.eu\/de\/izdelek\/tauro-pro-line-pure-nature-5-in-1-feuchtigkeitsspendendes-shampoo-fuer-hunde-und-katzen\/#primaryimage"},"image":{"@id":"http:\/\/tauroslovenia.eu\/de\/izdelek\/tauro-pro-line-pure-nature-5-in-1-feuchtigkeitsspendendes-shampoo-fuer-hunde-und-katzen\/#primaryimage"},"thumbnailUrl":"http:\/\/tauroslovenia.eu\/wp-content\/uploads\/2023\/07\/TPL63474.jpg","datePublished":"2024-09-15T21:39:56+00:00","dateModified":"2024-10-25T13:16:37+00:00","breadcrumb":{"@id":"http:\/\/tauroslovenia.eu\/de\/izdelek\/tauro-pro-line-pure-nature-5-in-1-feuchtigkeitsspendendes-shampoo-fuer-hunde-und-katzen\/#breadcrumb"},"inLanguage":"de","potentialAction":[{"@type":"ReadAction","target":["http:\/\/tauroslovenia.eu\/de\/izdelek\/tauro-pro-line-pure-nature-5-in-1-feuchtigkeitsspendendes-shampoo-fuer-hunde-und-katzen\/"]}]},{"@type":"ImageObject","inLanguage":"de","@id":"http:\/\/tauroslovenia.eu\/de\/izdelek\/tauro-pro-line-pure-nature-5-in-1-feuchtigkeitsspendendes-shampoo-fuer-hunde-und-katzen\/#primaryimage","url":"http:\/\/tauroslovenia.eu\/wp-content\/uploads\/2023\/07\/TPL63474.jpg","contentUrl":"http:\/\/tauroslovenia.eu\/wp-content\/uploads\/2023\/07\/TPL63474.jpg","width":1500,"height":1500},{"@type":"BreadcrumbList","@id":"http:\/\/tauroslovenia.eu\/de\/izdelek\/tauro-pro-line-pure-nature-5-in-1-feuchtigkeitsspendendes-shampoo-fuer-hunde-und-katzen\/#breadcrumb","itemListElement":[{"@type":"ListItem","position":1,"name":"Domov","item":"http:\/\/tauroslovenia.eu\/de\/"},{"@type":"ListItem","position":2,"name":"Trgovina","item":"http:\/\/tauroslovenia.eu\/trgovina\/"},{"@type":"ListItem","position":3,"name":"Tauro Pro Line Pure Nature 5 in 1, feuchtigkeitsspendendes Shampoo f\u00fcr Hunde und Katzen"}]},{"@type":"WebSite","@id":"http:\/\/tauroslovenia.eu\/de\/#website","url":"http:\/\/tauroslovenia.eu\/de\/","name":"Tauro Slovenia","description":"","publisher":{"@id":"http:\/\/tauroslovenia.eu\/de\/#organization"},"potentialAction":[{"@type":"SearchAction","target":{"@type":"EntryPoint","urlTemplate":"http:\/\/tauroslovenia.eu\/de\/?s={search_term_string}"},"query-input":{"@type":"PropertyValueSpecification","valueRequired":true,"valueName":"search_term_string"}}],"inLanguage":"de"},{"@type":"Organization","@id":"http:\/\/tauroslovenia.eu\/de\/#organization","name":"KA&L SOLUTIONS d.o.o.","url":"http:\/\/tauroslovenia.eu\/de\/","logo":{"@type":"ImageObject","inLanguage":"de","@id":"http:\/\/tauroslovenia.eu\/de\/#\/schema\/logo\/image\/","url":"http:\/\/tauroslovenia.eu\/wp-content\/uploads\/2023\/07\/logo-tauroproline-email.png","contentUrl":"http:\/\/tauroslovenia.eu\/wp-content\/uploads\/2023\/07\/logo-tauroproline-email.png","width":157,"height":101,"caption":"KA&L SOLUTIONS d.o.o."},"image":{"@id":"http:\/\/tauroslovenia.eu\/de\/#\/schema\/logo\/image\/"},"sameAs":["https:\/\/www.facebook.com\/tauroproline.slovenia\/","https:\/\/www.instagram.com\/tauroproline_slovenia\/"]}]}},"brands":[{"id":264,"name":"TAURO","slug":"tauro"}],"_links":{"self":[{"href":"http:\/\/tauroslovenia.eu\/de\/wp-json\/wp\/v2\/product\/57338"}],"collection":[{"href":"http:\/\/tauroslovenia.eu\/de\/wp-json\/wp\/v2\/product"}],"about":[{"href":"http:\/\/tauroslovenia.eu\/de\/wp-json\/wp\/v2\/types\/product"}],"wp:featuredmedia":[{"embeddable":true,"href":"http:\/\/tauroslovenia.eu\/de\/wp-json\/wp\/v2\/media\/57340"}],"wp:attachment":[{"href":"http:\/\/tauroslovenia.eu\/de\/wp-json\/wp\/v2\/media?parent=57338"}],"wp:term":[{"taxonomy":"pwb-brand","embeddable":true,"href":"http:\/\/tauroslovenia.eu\/de\/wp-json\/wp\/v2\/pwb-brand?post=57338"},{"taxonomy":"product_cat","embeddable":true,"href":"http:\/\/tauroslovenia.eu\/de\/wp-json\/wp\/v2\/product_cat?post=57338"},{"taxonomy":"product_tag","embeddable":true,"href":"http:\/\/tauroslovenia.eu\/de\/wp-json\/wp\/v2\/product_tag?post=57338"}],"curies":[{"name":"wp","href":"https:\/\/api.w.org\/{rel}","templated":true}]}}