{"id":57344,"date":"2024-09-15T23:39:56","date_gmt":"2024-09-15T21:39:56","guid":{"rendered":"https:\/\/tauroslovenia.eu\/izdelek\/tauro-pro-line-haustier-nagelschleifer\/"},"modified":"2024-11-13T09:30:21","modified_gmt":"2024-11-13T08:30:21","slug":"tauro-pro-line-haustier-nagelschleifer","status":"publish","type":"product","link":"http:\/\/tauroslovenia.eu\/de\/izdelek\/tauro-pro-line-haustier-nagelschleifer\/","title":{"rendered":"Tauro Pro Line Haustier-Nagelschleifer"},"content":{"rendered":"<p><span>Im Set enthalten ist ein Schleiffr\u00e4ser mit zwei unterschiedlichen Aufs\u00e4tzen (geeignet f\u00fcr EU- und US-Steckdosen) und optionalem Aufsatz.<\/span><\/p>\n<p><strong><span>Ein Kopf &#8211; drei verschiedene Systeme<\/span><\/strong><\/p>\n<p><span>Der leistungsstarke gro\u00dfe Kopf ist f\u00fcr das K\u00fcrzen der N\u00e4gel gro\u00dfer und mittelgro\u00dfer Haustiere ausgelegt und bietet schnellere Ergebnisse.<\/span><\/p>\n<p><strong><span>Diamant-Rad f\u00fcr schnelles Schleifen<\/span><\/strong><\/p>\n<p><span>Der Schleiffr\u00e4ser verf\u00fcgt \u00fcber ein diamantbeschichtetes rotierendes Rad und eine Messingachse f\u00fcr hohe Leistung und schnelle Drehgeschwindigkeit.<\/span> <span>So wird das Schleifen der N\u00e4gel Ihres Haustieres schnell und effizient.<\/span><\/p>\n<p><strong><span>Verschiedene Geschwindigkeitsoptionen<\/span><\/strong><\/p>\n<p><span>Je nach Gr\u00f6\u00dfe Ihres Haustieres und dem Bedarf an Nagelschleifen k\u00f6nnen Sie zwischen zwei Geschwindigkeiten w\u00e4hlen &#8211; mittel oder schnell.<\/span><\/p>\n<p><strong><span>Leiser Betrieb<\/span><\/strong><\/p>\n<p><span>Der Ger\u00e4uschpegel des Schleiffr\u00e4sers liegt unter 60 dB.<\/span> <span>Dies gew\u00e4hrleistet einen leiseren Betrieb, der weniger st\u00f6rend f\u00fcr Haustiere ist \u2013 was das K\u00fcrzen der N\u00e4gel einfacher und weniger stressig f\u00fcr Ihr Haustier macht.<\/span><\/p>\n<p><strong><span>Ergonomisches Design<\/span><\/strong><\/p>\n<p><span>Der Schleifer ist aufgrund seines ergonomischen Designs einfach und bequem in der Hand zu halten und erm\u00f6glicht das Schleifen der N\u00e4gel in verschiedenen Richtungen.<\/span><\/p>\n<p><strong><span>Verschiedene Stecker &#8211; praktisch f\u00fcr unterwegs<\/span><\/strong><\/p>\n<p><span>Das Set enth\u00e4lt zwei verschiedene Stecker f\u00fcr EU- und US-Steckdosen, um das Werkzeug in jedem Land einfach nutzen zu k\u00f6nnen.<\/span><\/p>\n<p><strong><span>Lange Akkulaufzeit nach dem Laden<\/span><\/strong><\/p>\n<p><span>Der Schleiffr\u00e4ser kann bis zu 4 Stunden bei voller Ladung verwendet werden.<\/span><\/p>\n<p><strong><span>Einfache Bedienung<\/span><\/strong><\/p>\n<p><span> Lassen Sie Ihr Haustier das Ger\u00e4t schnuppern und sich daran gew\u00f6hnen, bevor Sie den Schleifer einschalten und es an die Ger\u00e4usche gew\u00f6hnen. <\/span><span>Wenn Ihr Haustier sich daran gew\u00f6hnt hat, dr\u00fccken und entspannen Sie seine Pfoten, um die Krallen freizulegen. <\/span><span> Anschlie\u00dfend schleifen Sie die N\u00e4gel Ihres Haustieres sanft, indem Sie den Schleifwinkel anpassen.<\/span><\/p>\n<p><strong><span>Eigenschaften:<\/span><\/strong><\/p>\n<ul>\n<li><span>Bis zu 4 Stunden bei voller Ladung.<\/span><\/li>\n<li><span>Geschwindigkeit<\/span> &#8211; 7500\/8000 U\/min.<\/li>\n<li><span>LED-Anzeige.<\/span><\/li>\n<li><span>Leistung<\/span> &#8211; 1400 mAH.<\/li>\n<li><span>Benutzungsdauer<\/span> <span>&#8211; bis zu 500 Stunden<\/span><\/li>\n<li><span>Leistung<\/span> &#8211; 5 W.<\/li>\n<li><span>Lithiumbatterie.<\/span><\/li>\n<li><span>Ger\u00e4uschpegel &#8211; weniger als 60 dB.<\/span><\/li>\n<li><span>2 Stecker &#8211; entsprechend den europ\u00e4ischen und amerikanischen Standards.<\/span><\/li>\n<li><span>Ergonomischer Griff.<\/span><\/li>\n<li><span>Farbe &#8211; Wei\u00df.<\/span><\/li>\n<\/ul>\n<p><strong><span>Hergestellt<\/span><\/strong><span> in China gem\u00e4\u00df spezieller Bestellung von Tauro Pro Line.<\/span><\/p>\n","protected":false},"excerpt":{"rendered":"<p>Mit seinem verbesserten Design und noch mehr Leistung wird der Tauro Pro Line Nagelknipser f\u00fcr gro\u00dfe und mittelgro\u00dfe Haustiere zu einem unverzichtbaren Werkzeug f\u00fcr Tierhalter.<\/p>\n","protected":false},"featured_media":57346,"template":"","meta":{"_acf_changed":false},"pwb-brand":[264],"product_cat":[619],"product_tag":[],"class_list":{"0":"post-57344","1":"product","2":"type-product","3":"status-publish","4":"has-post-thumbnail","6":"pwb-brand-tauro","7":"product_cat-zwicker-und-nagelknipser","9":"first","10":"instock","11":"taxable","12":"shipping-taxable","13":"purchasable","14":"product-type-simple"},"acf":[],"yoast_head":"<!-- This site is optimized with the Yoast SEO plugin v23.6 - https:\/\/yoast.com\/wordpress\/plugins\/seo\/ -->\n<title>Tauro Pro Line Haustier-Nagelschleifer | Tauro Slovenia<\/title>\n<meta name=\"robots\" content=\"index, follow, max-snippet:-1, max-image-preview:large, max-video-preview:-1\" \/>\n<link rel=\"canonical\" href=\"http:\/\/tauroslovenia.eu\/de\/izdelek\/tauro-pro-line-haustier-nagelschleifer\/\" \/>\n<meta property=\"og:locale\" content=\"de_DE\" \/>\n<meta property=\"og:type\" content=\"article\" \/>\n<meta property=\"og:title\" content=\"Tauro Pro Line Haustier-Nagelschleifer | Tauro Slovenia\" \/>\n<meta property=\"og:description\" content=\"Mit seinem verbesserten Design und noch mehr Leistung wird der Tauro Pro Line Nagelknipser f\u00fcr gro\u00dfe und mittelgro\u00dfe Haustiere zu einem unverzichtbaren Werkzeug f\u00fcr Tierhalter.\" \/>\n<meta property=\"og:url\" content=\"http:\/\/tauroslovenia.eu\/de\/izdelek\/tauro-pro-line-haustier-nagelschleifer\/\" \/>\n<meta property=\"og:site_name\" content=\"Tauro Slovenia\" \/>\n<meta property=\"article:publisher\" content=\"https:\/\/www.facebook.com\/tauroproline.slovenia\/\" \/>\n<meta property=\"article:modified_time\" content=\"2024-11-13T08:30:21+00:00\" \/>\n<meta property=\"og:image\" content=\"http:\/\/tauroslovenia.eu\/wp-content\/uploads\/2023\/07\/TPL63497.jpg\" \/>\n\t<meta property=\"og:image:width\" content=\"1500\" \/>\n\t<meta property=\"og:image:height\" content=\"1500\" \/>\n\t<meta property=\"og:image:type\" content=\"image\/jpeg\" \/>\n<meta name=\"twitter:card\" content=\"summary_large_image\" \/>\n<meta name=\"twitter:label1\" content=\"Gesch\u00e4tzte Lesezeit\" \/>\n\t<meta name=\"twitter:data1\" content=\"2\u00a0Minuten\" \/>\n<script type=\"application\/ld+json\" class=\"yoast-schema-graph\">{\"@context\":\"https:\/\/schema.org\",\"@graph\":[{\"@type\":\"WebPage\",\"@id\":\"http:\/\/tauroslovenia.eu\/de\/izdelek\/tauro-pro-line-haustier-nagelschleifer\/\",\"url\":\"http:\/\/tauroslovenia.eu\/de\/izdelek\/tauro-pro-line-haustier-nagelschleifer\/\",\"name\":\"Tauro Pro Line Haustier-Nagelschleifer | Tauro Slovenia\",\"isPartOf\":{\"@id\":\"https:\/\/tauroslovenia.eu\/de\/#website\"},\"primaryImageOfPage\":{\"@id\":\"http:\/\/tauroslovenia.eu\/de\/izdelek\/tauro-pro-line-haustier-nagelschleifer\/#primaryimage\"},\"image\":{\"@id\":\"http:\/\/tauroslovenia.eu\/de\/izdelek\/tauro-pro-line-haustier-nagelschleifer\/#primaryimage\"},\"thumbnailUrl\":\"http:\/\/tauroslovenia.eu\/wp-content\/uploads\/2023\/07\/TPL63497.jpg\",\"datePublished\":\"2024-09-15T21:39:56+00:00\",\"dateModified\":\"2024-11-13T08:30:21+00:00\",\"breadcrumb\":{\"@id\":\"http:\/\/tauroslovenia.eu\/de\/izdelek\/tauro-pro-line-haustier-nagelschleifer\/#breadcrumb\"},\"inLanguage\":\"de\",\"potentialAction\":[{\"@type\":\"ReadAction\",\"target\":[\"http:\/\/tauroslovenia.eu\/de\/izdelek\/tauro-pro-line-haustier-nagelschleifer\/\"]}]},{\"@type\":\"ImageObject\",\"inLanguage\":\"de\",\"@id\":\"http:\/\/tauroslovenia.eu\/de\/izdelek\/tauro-pro-line-haustier-nagelschleifer\/#primaryimage\",\"url\":\"http:\/\/tauroslovenia.eu\/wp-content\/uploads\/2023\/07\/TPL63497.jpg\",\"contentUrl\":\"http:\/\/tauroslovenia.eu\/wp-content\/uploads\/2023\/07\/TPL63497.jpg\",\"width\":1500,\"height\":1500},{\"@type\":\"BreadcrumbList\",\"@id\":\"http:\/\/tauroslovenia.eu\/de\/izdelek\/tauro-pro-line-haustier-nagelschleifer\/#breadcrumb\",\"itemListElement\":[{\"@type\":\"ListItem\",\"position\":1,\"name\":\"Domov\",\"item\":\"https:\/\/tauroslovenia.eu\/de\/\"},{\"@type\":\"ListItem\",\"position\":2,\"name\":\"Trgovina\",\"item\":\"https:\/\/tauroslovenia.eu\/trgovina\/\"},{\"@type\":\"ListItem\",\"position\":3,\"name\":\"Tauro Pro Line Haustier-Nagelschleifer\"}]},{\"@type\":\"WebSite\",\"@id\":\"https:\/\/tauroslovenia.eu\/de\/#website\",\"url\":\"https:\/\/tauroslovenia.eu\/de\/\",\"name\":\"Tauro Slovenia\",\"description\":\"\",\"publisher\":{\"@id\":\"https:\/\/tauroslovenia.eu\/de\/#organization\"},\"potentialAction\":[{\"@type\":\"SearchAction\",\"target\":{\"@type\":\"EntryPoint\",\"urlTemplate\":\"https:\/\/tauroslovenia.eu\/de\/?s={search_term_string}\"},\"query-input\":{\"@type\":\"PropertyValueSpecification\",\"valueRequired\":true,\"valueName\":\"search_term_string\"}}],\"inLanguage\":\"de\"},{\"@type\":\"Organization\",\"@id\":\"https:\/\/tauroslovenia.eu\/de\/#organization\",\"name\":\"KA&L SOLUTIONS d.o.o.\",\"url\":\"https:\/\/tauroslovenia.eu\/de\/\",\"logo\":{\"@type\":\"ImageObject\",\"inLanguage\":\"de\",\"@id\":\"https:\/\/tauroslovenia.eu\/de\/#\/schema\/logo\/image\/\",\"url\":\"http:\/\/tauroslovenia.eu\/wp-content\/uploads\/2023\/07\/logo-tauroproline-email.png\",\"contentUrl\":\"http:\/\/tauroslovenia.eu\/wp-content\/uploads\/2023\/07\/logo-tauroproline-email.png\",\"width\":157,\"height\":101,\"caption\":\"KA&L SOLUTIONS d.o.o.\"},\"image\":{\"@id\":\"https:\/\/tauroslovenia.eu\/de\/#\/schema\/logo\/image\/\"},\"sameAs\":[\"https:\/\/www.facebook.com\/tauroproline.slovenia\/\",\"https:\/\/www.instagram.com\/tauroproline_slovenia\/\"]}]}<\/script>\n<!-- \/ Yoast SEO plugin. -->","yoast_head_json":{"title":"Tauro Pro Line Haustier-Nagelschleifer | Tauro Slovenia","robots":{"index":"index","follow":"follow","max-snippet":"max-snippet:-1","max-image-preview":"max-image-preview:large","max-video-preview":"max-video-preview:-1"},"canonical":"http:\/\/tauroslovenia.eu\/de\/izdelek\/tauro-pro-line-haustier-nagelschleifer\/","og_locale":"de_DE","og_type":"article","og_title":"Tauro Pro Line Haustier-Nagelschleifer | Tauro Slovenia","og_description":"Mit seinem verbesserten Design und noch mehr Leistung wird der Tauro Pro Line Nagelknipser f\u00fcr gro\u00dfe und mittelgro\u00dfe Haustiere zu einem unverzichtbaren Werkzeug f\u00fcr Tierhalter.","og_url":"http:\/\/tauroslovenia.eu\/de\/izdelek\/tauro-pro-line-haustier-nagelschleifer\/","og_site_name":"Tauro Slovenia","article_publisher":"https:\/\/www.facebook.com\/tauroproline.slovenia\/","article_modified_time":"2024-11-13T08:30:21+00:00","og_image":[{"width":1500,"height":1500,"url":"http:\/\/tauroslovenia.eu\/wp-content\/uploads\/2023\/07\/TPL63497.jpg","type":"image\/jpeg"}],"twitter_card":"summary_large_image","twitter_misc":{"Gesch\u00e4tzte Lesezeit":"2\u00a0Minuten"},"schema":{"@context":"https:\/\/schema.org","@graph":[{"@type":"WebPage","@id":"http:\/\/tauroslovenia.eu\/de\/izdelek\/tauro-pro-line-haustier-nagelschleifer\/","url":"http:\/\/tauroslovenia.eu\/de\/izdelek\/tauro-pro-line-haustier-nagelschleifer\/","name":"Tauro Pro Line Haustier-Nagelschleifer | Tauro Slovenia","isPartOf":{"@id":"https:\/\/tauroslovenia.eu\/de\/#website"},"primaryImageOfPage":{"@id":"http:\/\/tauroslovenia.eu\/de\/izdelek\/tauro-pro-line-haustier-nagelschleifer\/#primaryimage"},"image":{"@id":"http:\/\/tauroslovenia.eu\/de\/izdelek\/tauro-pro-line-haustier-nagelschleifer\/#primaryimage"},"thumbnailUrl":"http:\/\/tauroslovenia.eu\/wp-content\/uploads\/2023\/07\/TPL63497.jpg","datePublished":"2024-09-15T21:39:56+00:00","dateModified":"2024-11-13T08:30:21+00:00","breadcrumb":{"@id":"http:\/\/tauroslovenia.eu\/de\/izdelek\/tauro-pro-line-haustier-nagelschleifer\/#breadcrumb"},"inLanguage":"de","potentialAction":[{"@type":"ReadAction","target":["http:\/\/tauroslovenia.eu\/de\/izdelek\/tauro-pro-line-haustier-nagelschleifer\/"]}]},{"@type":"ImageObject","inLanguage":"de","@id":"http:\/\/tauroslovenia.eu\/de\/izdelek\/tauro-pro-line-haustier-nagelschleifer\/#primaryimage","url":"http:\/\/tauroslovenia.eu\/wp-content\/uploads\/2023\/07\/TPL63497.jpg","contentUrl":"http:\/\/tauroslovenia.eu\/wp-content\/uploads\/2023\/07\/TPL63497.jpg","width":1500,"height":1500},{"@type":"BreadcrumbList","@id":"http:\/\/tauroslovenia.eu\/de\/izdelek\/tauro-pro-line-haustier-nagelschleifer\/#breadcrumb","itemListElement":[{"@type":"ListItem","position":1,"name":"Domov","item":"https:\/\/tauroslovenia.eu\/de\/"},{"@type":"ListItem","position":2,"name":"Trgovina","item":"https:\/\/tauroslovenia.eu\/trgovina\/"},{"@type":"ListItem","position":3,"name":"Tauro Pro Line Haustier-Nagelschleifer"}]},{"@type":"WebSite","@id":"https:\/\/tauroslovenia.eu\/de\/#website","url":"https:\/\/tauroslovenia.eu\/de\/","name":"Tauro Slovenia","description":"","publisher":{"@id":"https:\/\/tauroslovenia.eu\/de\/#organization"},"potentialAction":[{"@type":"SearchAction","target":{"@type":"EntryPoint","urlTemplate":"https:\/\/tauroslovenia.eu\/de\/?s={search_term_string}"},"query-input":{"@type":"PropertyValueSpecification","valueRequired":true,"valueName":"search_term_string"}}],"inLanguage":"de"},{"@type":"Organization","@id":"https:\/\/tauroslovenia.eu\/de\/#organization","name":"KA&L SOLUTIONS d.o.o.","url":"https:\/\/tauroslovenia.eu\/de\/","logo":{"@type":"ImageObject","inLanguage":"de","@id":"https:\/\/tauroslovenia.eu\/de\/#\/schema\/logo\/image\/","url":"http:\/\/tauroslovenia.eu\/wp-content\/uploads\/2023\/07\/logo-tauroproline-email.png","contentUrl":"http:\/\/tauroslovenia.eu\/wp-content\/uploads\/2023\/07\/logo-tauroproline-email.png","width":157,"height":101,"caption":"KA&L SOLUTIONS d.o.o."},"image":{"@id":"https:\/\/tauroslovenia.eu\/de\/#\/schema\/logo\/image\/"},"sameAs":["https:\/\/www.facebook.com\/tauroproline.slovenia\/","https:\/\/www.instagram.com\/tauroproline_slovenia\/"]}]}},"brands":[{"id":264,"name":"TAURO","slug":"tauro"}],"_links":{"self":[{"href":"http:\/\/tauroslovenia.eu\/de\/wp-json\/wp\/v2\/product\/57344"}],"collection":[{"href":"http:\/\/tauroslovenia.eu\/de\/wp-json\/wp\/v2\/product"}],"about":[{"href":"http:\/\/tauroslovenia.eu\/de\/wp-json\/wp\/v2\/types\/product"}],"wp:featuredmedia":[{"embeddable":true,"href":"http:\/\/tauroslovenia.eu\/de\/wp-json\/wp\/v2\/media\/57346"}],"wp:attachment":[{"href":"http:\/\/tauroslovenia.eu\/de\/wp-json\/wp\/v2\/media?parent=57344"}],"wp:term":[{"taxonomy":"pwb-brand","embeddable":true,"href":"http:\/\/tauroslovenia.eu\/de\/wp-json\/wp\/v2\/pwb-brand?post=57344"},{"taxonomy":"product_cat","embeddable":true,"href":"http:\/\/tauroslovenia.eu\/de\/wp-json\/wp\/v2\/product_cat?post=57344"},{"taxonomy":"product_tag","embeddable":true,"href":"http:\/\/tauroslovenia.eu\/de\/wp-json\/wp\/v2\/product_tag?post=57344"}],"curies":[{"name":"wp","href":"https:\/\/api.w.org\/{rel}","templated":true}]}}