{"id":57377,"date":"2024-09-15T23:39:56","date_gmt":"2024-09-15T21:39:56","guid":{"rendered":"https:\/\/tauroslovenia.eu\/izdelek\/tauro-pro-line-ultra-natural-care-volume-boost-haarmaske-fuer-hunde-und-katzen\/"},"modified":"2024-10-25T14:52:17","modified_gmt":"2024-10-25T12:52:17","slug":"tauro-pro-line-ultra-natural-care-volume-boost-haarmaske-fuer-hunde-und-katzen","status":"publish","type":"product","link":"http:\/\/tauroslovenia.eu\/de\/izdelek\/tauro-pro-line-ultra-natural-care-volume-boost-haarmaske-fuer-hunde-und-katzen\/","title":{"rendered":"TAURO Pro Line Ultra Natural Care Volume Boost Haarmaske f\u00fcr Hunde und Katzen"},"content":{"rendered":"<p>Die Volumenmaske ist mit hochwertigen Zutaten f\u00fcr Hunde und Katzen formuliert, um das Volumen des Fells zu verbessern und zu erh\u00f6hen.<\/p>\n<p>Diese Maske ist der 3. Schritt &#8211; Fixierung &#8211; im dreistufigen System: Das Fell wird gen\u00e4hrt, das Ergebnis wird festgehalten und die Feuchtigkeit des Fells wird erhalten.<\/p>\n<p><strong>Mit Weizenproteinen<\/strong><\/p>\n<p>Die Maske enth\u00e4lt Weizenproteine, die f\u00fcr ihre starken revitalisierenden und feuchtigkeitsspendenden Eigenschaften bekannt sind, ohne das Fell zu beschweren. Weizenproteine sind auch gut f\u00fcr die Haut: Sie k\u00f6nnen helfen, die Haut zu befeuchten und Trockenheit zu reduzieren.<\/p>\n<p><strong>Mit Mandel\u00f6l<\/strong><\/p>\n<p>Das in dem Produkt enthaltene Mandel\u00f6l ist besonders wohltuend: Es macht die Haut weich und n\u00e4hrt sie, reduziert den Haarausfall, verleiht dem Fell einen seidigen Glanz und verbessert die Elastizit\u00e4t des Fells.<\/p>\n<p><strong>F\u00fcr empfindliche Haustiere<\/strong><\/p>\n<p>Dank der sanften Formel ist die Maske ideal f\u00fcr Haustiere mit empfindlicher Haut: Sie ist frei von SLS, Parabenen, Mineral\u00f6len und Silikonen.<\/p>\n<p><strong>Visible Ergebnisse<\/strong><\/p>\n<p>Durch das tiefe Eindringen in die Haarfasern kann die Maske die Elastizit\u00e4t der Haut verbessern und die Zellregeneration f\u00f6rdern. Regelm\u00e4\u00dfige und korrekte Anwendung zeigt deutliche Ergebnisse: Das Fell wird viel weicher und volumin\u00f6ser, es bricht nicht und die Dichte bleibt erhalten.<\/p>\n<p><strong>Von Fachleuten \u00fcberpr\u00fcft<\/strong><\/p>\n<p>Ein professionelles Produkt, das von einem Z\u00fcchter entwickelt und aus hochwertigen Zutaten hergestellt wurde.<\/p>\n<p><strong>Eigenschaften:<\/strong><\/p>\n<ul>\n<li>Inhalt &#8211; 3785 ml.<\/li>\n<li>F\u00fcr Hunde und Katzen.<\/li>\n<li>F\u00fcr alle Felltypen.\n<\/li>\n<\/ul>\n<p><strong>Hergestellt<\/strong> in der Europ\u00e4ischen Union.<\/p>\n","protected":false},"excerpt":{"rendered":"<p>Die volumengebende Maske besteht aus hochwertigen Inhaltsstoffen f\u00fcr Hunde und Katzen, um das Fellvolumen zu verbessern und zu vergr\u00f6\u00dfern.<\/p>\n","protected":false},"featured_media":57379,"template":"","meta":{"_acf_changed":false},"pwb-brand":[264],"product_cat":[593],"product_tag":[],"class_list":{"0":"post-57377","1":"product","2":"type-product","3":"status-publish","4":"has-post-thumbnail","6":"pwb-brand-tauro","7":"product_cat-schampoo","9":"first","10":"instock","11":"taxable","12":"shipping-taxable","13":"purchasable","14":"product-type-simple"},"acf":[],"yoast_head":"<!-- This site is optimized with the Yoast SEO plugin v23.6 - https:\/\/yoast.com\/wordpress\/plugins\/seo\/ -->\n<title>TAURO Pro Line Ultra Natural Care Volume Boost Haarmaske f\u00fcr Hunde und Katzen | Tauro Slovenia<\/title>\n<meta name=\"robots\" content=\"index, follow, max-snippet:-1, max-image-preview:large, max-video-preview:-1\" \/>\n<link rel=\"canonical\" href=\"http:\/\/tauroslovenia.eu\/de\/izdelek\/tauro-pro-line-ultra-natural-care-volume-boost-haarmaske-fuer-hunde-und-katzen\/\" \/>\n<meta property=\"og:locale\" content=\"de_DE\" \/>\n<meta property=\"og:type\" content=\"article\" \/>\n<meta property=\"og:title\" content=\"TAURO Pro Line Ultra Natural Care Volume Boost Haarmaske f\u00fcr Hunde und Katzen | Tauro Slovenia\" \/>\n<meta property=\"og:description\" content=\"Die volumengebende Maske besteht aus hochwertigen Inhaltsstoffen f\u00fcr Hunde und Katzen, um das Fellvolumen zu verbessern und zu vergr\u00f6\u00dfern.\" \/>\n<meta property=\"og:url\" content=\"http:\/\/tauroslovenia.eu\/de\/izdelek\/tauro-pro-line-ultra-natural-care-volume-boost-haarmaske-fuer-hunde-und-katzen\/\" \/>\n<meta property=\"og:site_name\" content=\"Tauro Slovenia\" \/>\n<meta property=\"article:publisher\" content=\"https:\/\/www.facebook.com\/tauroproline.slovenia\/\" \/>\n<meta property=\"article:modified_time\" content=\"2024-10-25T12:52:17+00:00\" \/>\n<meta property=\"og:image\" content=\"https:\/\/tauroslovenia.eu\/wp-content\/uploads\/2023\/07\/TPL63587.jpg\" \/>\n\t<meta property=\"og:image:width\" content=\"836\" \/>\n\t<meta property=\"og:image:height\" content=\"836\" \/>\n\t<meta property=\"og:image:type\" content=\"image\/jpeg\" \/>\n<meta name=\"twitter:card\" content=\"summary_large_image\" \/>\n<meta name=\"twitter:label1\" content=\"Gesch\u00e4tzte Lesezeit\" \/>\n\t<meta name=\"twitter:data1\" content=\"1\u00a0Minute\" \/>\n<script type=\"application\/ld+json\" class=\"yoast-schema-graph\">{\"@context\":\"https:\/\/schema.org\",\"@graph\":[{\"@type\":\"WebPage\",\"@id\":\"http:\/\/tauroslovenia.eu\/de\/izdelek\/tauro-pro-line-ultra-natural-care-volume-boost-haarmaske-fuer-hunde-und-katzen\/\",\"url\":\"http:\/\/tauroslovenia.eu\/de\/izdelek\/tauro-pro-line-ultra-natural-care-volume-boost-haarmaske-fuer-hunde-und-katzen\/\",\"name\":\"TAURO Pro Line Ultra Natural Care Volume Boost Haarmaske f\u00fcr Hunde und Katzen | Tauro Slovenia\",\"isPartOf\":{\"@id\":\"http:\/\/tauroslovenia.eu\/de\/#website\"},\"primaryImageOfPage\":{\"@id\":\"http:\/\/tauroslovenia.eu\/de\/izdelek\/tauro-pro-line-ultra-natural-care-volume-boost-haarmaske-fuer-hunde-und-katzen\/#primaryimage\"},\"image\":{\"@id\":\"http:\/\/tauroslovenia.eu\/de\/izdelek\/tauro-pro-line-ultra-natural-care-volume-boost-haarmaske-fuer-hunde-und-katzen\/#primaryimage\"},\"thumbnailUrl\":\"http:\/\/tauroslovenia.eu\/wp-content\/uploads\/2023\/07\/TPL63587.jpg\",\"datePublished\":\"2024-09-15T21:39:56+00:00\",\"dateModified\":\"2024-10-25T12:52:17+00:00\",\"breadcrumb\":{\"@id\":\"http:\/\/tauroslovenia.eu\/de\/izdelek\/tauro-pro-line-ultra-natural-care-volume-boost-haarmaske-fuer-hunde-und-katzen\/#breadcrumb\"},\"inLanguage\":\"de\",\"potentialAction\":[{\"@type\":\"ReadAction\",\"target\":[\"http:\/\/tauroslovenia.eu\/de\/izdelek\/tauro-pro-line-ultra-natural-care-volume-boost-haarmaske-fuer-hunde-und-katzen\/\"]}]},{\"@type\":\"ImageObject\",\"inLanguage\":\"de\",\"@id\":\"http:\/\/tauroslovenia.eu\/de\/izdelek\/tauro-pro-line-ultra-natural-care-volume-boost-haarmaske-fuer-hunde-und-katzen\/#primaryimage\",\"url\":\"http:\/\/tauroslovenia.eu\/wp-content\/uploads\/2023\/07\/TPL63587.jpg\",\"contentUrl\":\"http:\/\/tauroslovenia.eu\/wp-content\/uploads\/2023\/07\/TPL63587.jpg\",\"width\":836,\"height\":836},{\"@type\":\"BreadcrumbList\",\"@id\":\"http:\/\/tauroslovenia.eu\/de\/izdelek\/tauro-pro-line-ultra-natural-care-volume-boost-haarmaske-fuer-hunde-und-katzen\/#breadcrumb\",\"itemListElement\":[{\"@type\":\"ListItem\",\"position\":1,\"name\":\"Domov\",\"item\":\"http:\/\/tauroslovenia.eu\/de\/\"},{\"@type\":\"ListItem\",\"position\":2,\"name\":\"Trgovina\",\"item\":\"https:\/\/tauroslovenia.eu\/trgovina\/\"},{\"@type\":\"ListItem\",\"position\":3,\"name\":\"TAURO Pro Line Ultra Natural Care Volume Boost Haarmaske f\u00fcr Hunde und Katzen\"}]},{\"@type\":\"WebSite\",\"@id\":\"http:\/\/tauroslovenia.eu\/de\/#website\",\"url\":\"http:\/\/tauroslovenia.eu\/de\/\",\"name\":\"Tauro Slovenia\",\"description\":\"\",\"publisher\":{\"@id\":\"http:\/\/tauroslovenia.eu\/de\/#organization\"},\"potentialAction\":[{\"@type\":\"SearchAction\",\"target\":{\"@type\":\"EntryPoint\",\"urlTemplate\":\"http:\/\/tauroslovenia.eu\/de\/?s={search_term_string}\"},\"query-input\":{\"@type\":\"PropertyValueSpecification\",\"valueRequired\":true,\"valueName\":\"search_term_string\"}}],\"inLanguage\":\"de\"},{\"@type\":\"Organization\",\"@id\":\"http:\/\/tauroslovenia.eu\/de\/#organization\",\"name\":\"KA&L SOLUTIONS d.o.o.\",\"url\":\"http:\/\/tauroslovenia.eu\/de\/\",\"logo\":{\"@type\":\"ImageObject\",\"inLanguage\":\"de\",\"@id\":\"http:\/\/tauroslovenia.eu\/de\/#\/schema\/logo\/image\/\",\"url\":\"http:\/\/tauroslovenia.eu\/wp-content\/uploads\/2023\/07\/logo-tauroproline-email.png\",\"contentUrl\":\"http:\/\/tauroslovenia.eu\/wp-content\/uploads\/2023\/07\/logo-tauroproline-email.png\",\"width\":157,\"height\":101,\"caption\":\"KA&L SOLUTIONS d.o.o.\"},\"image\":{\"@id\":\"http:\/\/tauroslovenia.eu\/de\/#\/schema\/logo\/image\/\"},\"sameAs\":[\"https:\/\/www.facebook.com\/tauroproline.slovenia\/\",\"https:\/\/www.instagram.com\/tauroproline_slovenia\/\"]}]}<\/script>\n<!-- \/ Yoast SEO plugin. -->","yoast_head_json":{"title":"TAURO Pro Line Ultra Natural Care Volume Boost Haarmaske f\u00fcr Hunde und Katzen | Tauro Slovenia","robots":{"index":"index","follow":"follow","max-snippet":"max-snippet:-1","max-image-preview":"max-image-preview:large","max-video-preview":"max-video-preview:-1"},"canonical":"http:\/\/tauroslovenia.eu\/de\/izdelek\/tauro-pro-line-ultra-natural-care-volume-boost-haarmaske-fuer-hunde-und-katzen\/","og_locale":"de_DE","og_type":"article","og_title":"TAURO Pro Line Ultra Natural Care Volume Boost Haarmaske f\u00fcr Hunde und Katzen | Tauro Slovenia","og_description":"Die volumengebende Maske besteht aus hochwertigen Inhaltsstoffen f\u00fcr Hunde und Katzen, um das Fellvolumen zu verbessern und zu vergr\u00f6\u00dfern.","og_url":"http:\/\/tauroslovenia.eu\/de\/izdelek\/tauro-pro-line-ultra-natural-care-volume-boost-haarmaske-fuer-hunde-und-katzen\/","og_site_name":"Tauro Slovenia","article_publisher":"https:\/\/www.facebook.com\/tauroproline.slovenia\/","article_modified_time":"2024-10-25T12:52:17+00:00","og_image":[{"width":836,"height":836,"url":"https:\/\/tauroslovenia.eu\/wp-content\/uploads\/2023\/07\/TPL63587.jpg","type":"image\/jpeg"}],"twitter_card":"summary_large_image","twitter_misc":{"Gesch\u00e4tzte Lesezeit":"1\u00a0Minute"},"schema":{"@context":"https:\/\/schema.org","@graph":[{"@type":"WebPage","@id":"http:\/\/tauroslovenia.eu\/de\/izdelek\/tauro-pro-line-ultra-natural-care-volume-boost-haarmaske-fuer-hunde-und-katzen\/","url":"http:\/\/tauroslovenia.eu\/de\/izdelek\/tauro-pro-line-ultra-natural-care-volume-boost-haarmaske-fuer-hunde-und-katzen\/","name":"TAURO Pro Line Ultra Natural Care Volume Boost Haarmaske f\u00fcr Hunde und Katzen | Tauro Slovenia","isPartOf":{"@id":"http:\/\/tauroslovenia.eu\/de\/#website"},"primaryImageOfPage":{"@id":"http:\/\/tauroslovenia.eu\/de\/izdelek\/tauro-pro-line-ultra-natural-care-volume-boost-haarmaske-fuer-hunde-und-katzen\/#primaryimage"},"image":{"@id":"http:\/\/tauroslovenia.eu\/de\/izdelek\/tauro-pro-line-ultra-natural-care-volume-boost-haarmaske-fuer-hunde-und-katzen\/#primaryimage"},"thumbnailUrl":"http:\/\/tauroslovenia.eu\/wp-content\/uploads\/2023\/07\/TPL63587.jpg","datePublished":"2024-09-15T21:39:56+00:00","dateModified":"2024-10-25T12:52:17+00:00","breadcrumb":{"@id":"http:\/\/tauroslovenia.eu\/de\/izdelek\/tauro-pro-line-ultra-natural-care-volume-boost-haarmaske-fuer-hunde-und-katzen\/#breadcrumb"},"inLanguage":"de","potentialAction":[{"@type":"ReadAction","target":["http:\/\/tauroslovenia.eu\/de\/izdelek\/tauro-pro-line-ultra-natural-care-volume-boost-haarmaske-fuer-hunde-und-katzen\/"]}]},{"@type":"ImageObject","inLanguage":"de","@id":"http:\/\/tauroslovenia.eu\/de\/izdelek\/tauro-pro-line-ultra-natural-care-volume-boost-haarmaske-fuer-hunde-und-katzen\/#primaryimage","url":"http:\/\/tauroslovenia.eu\/wp-content\/uploads\/2023\/07\/TPL63587.jpg","contentUrl":"http:\/\/tauroslovenia.eu\/wp-content\/uploads\/2023\/07\/TPL63587.jpg","width":836,"height":836},{"@type":"BreadcrumbList","@id":"http:\/\/tauroslovenia.eu\/de\/izdelek\/tauro-pro-line-ultra-natural-care-volume-boost-haarmaske-fuer-hunde-und-katzen\/#breadcrumb","itemListElement":[{"@type":"ListItem","position":1,"name":"Domov","item":"http:\/\/tauroslovenia.eu\/de\/"},{"@type":"ListItem","position":2,"name":"Trgovina","item":"https:\/\/tauroslovenia.eu\/trgovina\/"},{"@type":"ListItem","position":3,"name":"TAURO Pro Line Ultra Natural Care Volume Boost Haarmaske f\u00fcr Hunde und Katzen"}]},{"@type":"WebSite","@id":"http:\/\/tauroslovenia.eu\/de\/#website","url":"http:\/\/tauroslovenia.eu\/de\/","name":"Tauro Slovenia","description":"","publisher":{"@id":"http:\/\/tauroslovenia.eu\/de\/#organization"},"potentialAction":[{"@type":"SearchAction","target":{"@type":"EntryPoint","urlTemplate":"http:\/\/tauroslovenia.eu\/de\/?s={search_term_string}"},"query-input":{"@type":"PropertyValueSpecification","valueRequired":true,"valueName":"search_term_string"}}],"inLanguage":"de"},{"@type":"Organization","@id":"http:\/\/tauroslovenia.eu\/de\/#organization","name":"KA&L SOLUTIONS d.o.o.","url":"http:\/\/tauroslovenia.eu\/de\/","logo":{"@type":"ImageObject","inLanguage":"de","@id":"http:\/\/tauroslovenia.eu\/de\/#\/schema\/logo\/image\/","url":"http:\/\/tauroslovenia.eu\/wp-content\/uploads\/2023\/07\/logo-tauroproline-email.png","contentUrl":"http:\/\/tauroslovenia.eu\/wp-content\/uploads\/2023\/07\/logo-tauroproline-email.png","width":157,"height":101,"caption":"KA&L SOLUTIONS d.o.o."},"image":{"@id":"http:\/\/tauroslovenia.eu\/de\/#\/schema\/logo\/image\/"},"sameAs":["https:\/\/www.facebook.com\/tauroproline.slovenia\/","https:\/\/www.instagram.com\/tauroproline_slovenia\/"]}]}},"brands":[{"id":264,"name":"TAURO","slug":"tauro"}],"_links":{"self":[{"href":"http:\/\/tauroslovenia.eu\/de\/wp-json\/wp\/v2\/product\/57377"}],"collection":[{"href":"http:\/\/tauroslovenia.eu\/de\/wp-json\/wp\/v2\/product"}],"about":[{"href":"http:\/\/tauroslovenia.eu\/de\/wp-json\/wp\/v2\/types\/product"}],"wp:featuredmedia":[{"embeddable":true,"href":"http:\/\/tauroslovenia.eu\/de\/wp-json\/wp\/v2\/media\/57379"}],"wp:attachment":[{"href":"http:\/\/tauroslovenia.eu\/de\/wp-json\/wp\/v2\/media?parent=57377"}],"wp:term":[{"taxonomy":"pwb-brand","embeddable":true,"href":"http:\/\/tauroslovenia.eu\/de\/wp-json\/wp\/v2\/pwb-brand?post=57377"},{"taxonomy":"product_cat","embeddable":true,"href":"http:\/\/tauroslovenia.eu\/de\/wp-json\/wp\/v2\/product_cat?post=57377"},{"taxonomy":"product_tag","embeddable":true,"href":"http:\/\/tauroslovenia.eu\/de\/wp-json\/wp\/v2\/product_tag?post=57377"}],"curies":[{"name":"wp","href":"https:\/\/api.w.org\/{rel}","templated":true}]}}