{"id":57386,"date":"2024-09-15T23:39:56","date_gmt":"2024-09-15T21:39:56","guid":{"rendered":"https:\/\/tauroslovenia.eu\/izdelek\/tauro-pro-line-ultra-natural-care-shampoo-zur-tiefenreinigung-der-haut-und-fell-von-hunden-und-katzen-2\/"},"modified":"2024-11-13T09:30:05","modified_gmt":"2024-11-13T08:30:05","slug":"tauro-pro-line-ultra-natural-care-shampoo-zur-tiefenreinigung-der-haut-und-fell-von-hunden-und-katzen-2","status":"publish","type":"product","link":"http:\/\/tauroslovenia.eu\/de\/izdelek\/tauro-pro-line-ultra-natural-care-shampoo-zur-tiefenreinigung-der-haut-und-fell-von-hunden-und-katzen-2\/","title":{"rendered":"TAURO Pro Line Ultra Natural Care Shampoo zur Tiefenreinigung der Haut und Fell von Hunden und Katzen"},"content":{"rendered":"<p>Das Shampoo Ultra Natural Care Deep Clean besteht aus hochwertigen Inhaltsstoffen und Salbeiextrakt f\u00fcr eine tiefenwirksame Reinigung des Fells und der Haut Ihres Haustieres. Das Shampoo ist f\u00fcr alle Felltypen von Hunden und Katzen geeignet.<\/p>\n<p>Die angereicherte Formulierung des Shampoos bewahrt die Lipidbarriere der Haut, verhindert Hautschuppenbildung, verleiht dem Fell Glanz und hat einen sehr angenehmen Duft.<\/p>\n<p>Das Shampoo Ultra Natural Care Deep Clean ist der 1. Schritt \u2013 Reinigung \u2013 im dreistufigen System: Es dient zur Entfernung von Schmutz, \u00fcbersch\u00fcssigem Talg, Staubpartikeln, Verunreinigungen und R\u00fcckst\u00e4nden von Pflegeprodukten auf Haut und Fell.<\/p>\n<p><strong>Tiefenreinigung von Fell und Haut<\/strong><\/p>\n<p>Das Produkt reinigt Haut und Fell tiefenwirksam und effektiv: Es entfernt Schmutz, Staub, abgestorbene Haare und andere angesammelte Verunreinigungen. Regelm\u00e4\u00dfige Reinigung von Haut und Fell kann helfen, allergische Hautreaktionen oder das Risiko von Haarausfall zu verhindern.<\/p>\n<p><strong>Anreichert mit Salbeiextrakt<\/strong><\/p>\n<p>Der Salbeiextrakt im Shampoo reguliert die Talgproduktion und verleiht dem Fell einen gesunden Glanz. Salbei hat antibakterielle und beruhigende Eigenschaften und ist in der Lage, Haut und Fell tiefenwirksam zu reinigen, ohne Irritationen zu verursachen. Es ist sanft zu Ihrem Haustier und hat einen angenehmen Duft.<\/p>\n<p><strong>Mit Panthenol<\/strong><\/p>\n<p>Das Produkt enth\u00e4lt Panthenol, eine Form von Vitamin B5, die h\u00e4ufig in Haut- und Fellpflegeprodukten verwendet wird. Es macht das Fell k\u00e4mmbar, weich und verleiht ihm einen gesunden Glanz.<\/p>\n<p><strong>Enth\u00e4lt Glycerin<\/strong><\/p>\n<p>Glycerin in der Formulierung des Produkts dient als nat\u00fcrlicher Feuchtigkeitsspender: Es dringt tief in Haut und Fell ein, kann die Elastizit\u00e4t des Fells verbessern und Haarausfall reduzieren.<\/p>\n<p><strong>F\u00fcr empfindliche Haustiere<\/strong><\/p>\n<p>Dank der sanften Formel ist das Shampoo ideal f\u00fcr Haustiere mit empfindlicher Haut: Es ist frei von SLS, Parabenen, Mineral\u00f6len und Silikonen formuliert.<\/p>\n<p><strong>Von Experten \u00fcberpr\u00fcft<\/strong><\/p>\n<p>Es handelt sich um ein professionelles Produkt, das von einem Z\u00fcchter entwickelt wurde und aus hochwertigen Inhaltsstoffen besteht.<\/p>\n<p><strong>Eigenschaften:<\/strong><\/p>\n<ul>\n<li>Inhalt &#8211; 400 ml, 1000 ml.<\/li>\n<li>F\u00fcr Hunde und Katzen<\/li>\n<li>F\u00fcr alle Felltypen.\n<\/li>\n<\/ul>\n<p><strong>Hergestellt<\/strong> in der Europ\u00e4ischen Union.<\/p>\n","protected":false},"excerpt":{"rendered":"<p>Das Ultra Natural Care Deep Clean Shampoo enth\u00e4lt hochwertige Inhaltsstoffe und Salbeiextrakt f\u00fcr eine gr\u00fcndliche Reinigung des Fells und der Haut Ihres Haustieres.<\/p>\n","protected":false},"featured_media":57388,"template":"","meta":{"_acf_changed":false},"pwb-brand":[264],"product_cat":[624],"product_tag":[],"class_list":{"0":"post-57386","1":"product","2":"type-product","3":"status-publish","4":"has-post-thumbnail","6":"pwb-brand-tauro","7":"product_cat-schampoo-6","9":"first","10":"instock","11":"taxable","12":"shipping-taxable","13":"purchasable","14":"product-type-simple"},"acf":[],"yoast_head":"<!-- This site is optimized with the Yoast SEO plugin v23.6 - https:\/\/yoast.com\/wordpress\/plugins\/seo\/ -->\n<title>TAURO Pro Line Ultra Natural Care Shampoo zur Tiefenreinigung der Haut und Fell von Hunden und Katzen | Tauro Slovenia<\/title>\n<meta name=\"robots\" content=\"index, follow, max-snippet:-1, max-image-preview:large, max-video-preview:-1\" \/>\n<link rel=\"canonical\" href=\"http:\/\/tauroslovenia.eu\/de\/izdelek\/tauro-pro-line-ultra-natural-care-shampoo-zur-tiefenreinigung-der-haut-und-fell-von-hunden-und-katzen-2\/\" \/>\n<meta property=\"og:locale\" content=\"de_DE\" \/>\n<meta property=\"og:type\" content=\"article\" \/>\n<meta property=\"og:title\" content=\"TAURO Pro Line Ultra Natural Care Shampoo zur Tiefenreinigung der Haut und Fell von Hunden und Katzen | Tauro Slovenia\" \/>\n<meta property=\"og:description\" content=\"Das Ultra Natural Care Deep Clean Shampoo enth\u00e4lt hochwertige Inhaltsstoffe und Salbeiextrakt f\u00fcr eine gr\u00fcndliche Reinigung des Fells und der Haut Ihres Haustieres.\" \/>\n<meta property=\"og:url\" content=\"http:\/\/tauroslovenia.eu\/de\/izdelek\/tauro-pro-line-ultra-natural-care-shampoo-zur-tiefenreinigung-der-haut-und-fell-von-hunden-und-katzen-2\/\" \/>\n<meta property=\"og:site_name\" content=\"Tauro Slovenia\" \/>\n<meta property=\"article:publisher\" content=\"https:\/\/www.facebook.com\/tauroproline.slovenia\/\" \/>\n<meta property=\"article:modified_time\" content=\"2024-11-13T08:30:05+00:00\" \/>\n<meta property=\"og:image\" content=\"http:\/\/tauroslovenia.eu\/wp-content\/uploads\/2023\/07\/TPL63590.jpg\" \/>\n\t<meta property=\"og:image:width\" content=\"1500\" \/>\n\t<meta property=\"og:image:height\" content=\"1500\" \/>\n\t<meta property=\"og:image:type\" content=\"image\/jpeg\" \/>\n<meta name=\"twitter:card\" content=\"summary_large_image\" \/>\n<meta name=\"twitter:label1\" content=\"Gesch\u00e4tzte Lesezeit\" \/>\n\t<meta name=\"twitter:data1\" content=\"2\u00a0Minuten\" \/>\n<script type=\"application\/ld+json\" class=\"yoast-schema-graph\">{\"@context\":\"https:\/\/schema.org\",\"@graph\":[{\"@type\":\"WebPage\",\"@id\":\"http:\/\/tauroslovenia.eu\/de\/izdelek\/tauro-pro-line-ultra-natural-care-shampoo-zur-tiefenreinigung-der-haut-und-fell-von-hunden-und-katzen-2\/\",\"url\":\"http:\/\/tauroslovenia.eu\/de\/izdelek\/tauro-pro-line-ultra-natural-care-shampoo-zur-tiefenreinigung-der-haut-und-fell-von-hunden-und-katzen-2\/\",\"name\":\"TAURO Pro Line Ultra Natural Care Shampoo zur Tiefenreinigung der Haut und Fell von Hunden und Katzen | Tauro Slovenia\",\"isPartOf\":{\"@id\":\"http:\/\/tauroslovenia.eu\/de\/#website\"},\"primaryImageOfPage\":{\"@id\":\"http:\/\/tauroslovenia.eu\/de\/izdelek\/tauro-pro-line-ultra-natural-care-shampoo-zur-tiefenreinigung-der-haut-und-fell-von-hunden-und-katzen-2\/#primaryimage\"},\"image\":{\"@id\":\"http:\/\/tauroslovenia.eu\/de\/izdelek\/tauro-pro-line-ultra-natural-care-shampoo-zur-tiefenreinigung-der-haut-und-fell-von-hunden-und-katzen-2\/#primaryimage\"},\"thumbnailUrl\":\"http:\/\/tauroslovenia.eu\/wp-content\/uploads\/2023\/07\/TPL63590.jpg\",\"datePublished\":\"2024-09-15T21:39:56+00:00\",\"dateModified\":\"2024-11-13T08:30:05+00:00\",\"breadcrumb\":{\"@id\":\"http:\/\/tauroslovenia.eu\/de\/izdelek\/tauro-pro-line-ultra-natural-care-shampoo-zur-tiefenreinigung-der-haut-und-fell-von-hunden-und-katzen-2\/#breadcrumb\"},\"inLanguage\":\"de\",\"potentialAction\":[{\"@type\":\"ReadAction\",\"target\":[\"http:\/\/tauroslovenia.eu\/de\/izdelek\/tauro-pro-line-ultra-natural-care-shampoo-zur-tiefenreinigung-der-haut-und-fell-von-hunden-und-katzen-2\/\"]}]},{\"@type\":\"ImageObject\",\"inLanguage\":\"de\",\"@id\":\"http:\/\/tauroslovenia.eu\/de\/izdelek\/tauro-pro-line-ultra-natural-care-shampoo-zur-tiefenreinigung-der-haut-und-fell-von-hunden-und-katzen-2\/#primaryimage\",\"url\":\"http:\/\/tauroslovenia.eu\/wp-content\/uploads\/2023\/07\/TPL63590.jpg\",\"contentUrl\":\"http:\/\/tauroslovenia.eu\/wp-content\/uploads\/2023\/07\/TPL63590.jpg\",\"width\":1500,\"height\":1500},{\"@type\":\"BreadcrumbList\",\"@id\":\"http:\/\/tauroslovenia.eu\/de\/izdelek\/tauro-pro-line-ultra-natural-care-shampoo-zur-tiefenreinigung-der-haut-und-fell-von-hunden-und-katzen-2\/#breadcrumb\",\"itemListElement\":[{\"@type\":\"ListItem\",\"position\":1,\"name\":\"Domov\",\"item\":\"http:\/\/tauroslovenia.eu\/de\/\"},{\"@type\":\"ListItem\",\"position\":2,\"name\":\"Trgovina\",\"item\":\"http:\/\/tauroslovenia.eu\/trgovina\/\"},{\"@type\":\"ListItem\",\"position\":3,\"name\":\"TAURO Pro Line Ultra Natural Care Shampoo zur Tiefenreinigung der Haut und Fell von Hunden und Katzen\"}]},{\"@type\":\"WebSite\",\"@id\":\"http:\/\/tauroslovenia.eu\/de\/#website\",\"url\":\"http:\/\/tauroslovenia.eu\/de\/\",\"name\":\"Tauro Slovenia\",\"description\":\"\",\"publisher\":{\"@id\":\"http:\/\/tauroslovenia.eu\/de\/#organization\"},\"potentialAction\":[{\"@type\":\"SearchAction\",\"target\":{\"@type\":\"EntryPoint\",\"urlTemplate\":\"http:\/\/tauroslovenia.eu\/de\/?s={search_term_string}\"},\"query-input\":{\"@type\":\"PropertyValueSpecification\",\"valueRequired\":true,\"valueName\":\"search_term_string\"}}],\"inLanguage\":\"de\"},{\"@type\":\"Organization\",\"@id\":\"http:\/\/tauroslovenia.eu\/de\/#organization\",\"name\":\"KA&L SOLUTIONS d.o.o.\",\"url\":\"http:\/\/tauroslovenia.eu\/de\/\",\"logo\":{\"@type\":\"ImageObject\",\"inLanguage\":\"de\",\"@id\":\"http:\/\/tauroslovenia.eu\/de\/#\/schema\/logo\/image\/\",\"url\":\"http:\/\/tauroslovenia.eu\/wp-content\/uploads\/2023\/07\/logo-tauroproline-email.png\",\"contentUrl\":\"http:\/\/tauroslovenia.eu\/wp-content\/uploads\/2023\/07\/logo-tauroproline-email.png\",\"width\":157,\"height\":101,\"caption\":\"KA&L SOLUTIONS d.o.o.\"},\"image\":{\"@id\":\"http:\/\/tauroslovenia.eu\/de\/#\/schema\/logo\/image\/\"},\"sameAs\":[\"https:\/\/www.facebook.com\/tauroproline.slovenia\/\",\"https:\/\/www.instagram.com\/tauroproline_slovenia\/\"]}]}<\/script>\n<!-- \/ Yoast SEO plugin. -->","yoast_head_json":{"title":"TAURO Pro Line Ultra Natural Care Shampoo zur Tiefenreinigung der Haut und Fell von Hunden und Katzen | Tauro Slovenia","robots":{"index":"index","follow":"follow","max-snippet":"max-snippet:-1","max-image-preview":"max-image-preview:large","max-video-preview":"max-video-preview:-1"},"canonical":"http:\/\/tauroslovenia.eu\/de\/izdelek\/tauro-pro-line-ultra-natural-care-shampoo-zur-tiefenreinigung-der-haut-und-fell-von-hunden-und-katzen-2\/","og_locale":"de_DE","og_type":"article","og_title":"TAURO Pro Line Ultra Natural Care Shampoo zur Tiefenreinigung der Haut und Fell von Hunden und Katzen | Tauro Slovenia","og_description":"Das Ultra Natural Care Deep Clean Shampoo enth\u00e4lt hochwertige Inhaltsstoffe und Salbeiextrakt f\u00fcr eine gr\u00fcndliche Reinigung des Fells und der Haut Ihres Haustieres.","og_url":"http:\/\/tauroslovenia.eu\/de\/izdelek\/tauro-pro-line-ultra-natural-care-shampoo-zur-tiefenreinigung-der-haut-und-fell-von-hunden-und-katzen-2\/","og_site_name":"Tauro Slovenia","article_publisher":"https:\/\/www.facebook.com\/tauroproline.slovenia\/","article_modified_time":"2024-11-13T08:30:05+00:00","og_image":[{"width":1500,"height":1500,"url":"http:\/\/tauroslovenia.eu\/wp-content\/uploads\/2023\/07\/TPL63590.jpg","type":"image\/jpeg"}],"twitter_card":"summary_large_image","twitter_misc":{"Gesch\u00e4tzte Lesezeit":"2\u00a0Minuten"},"schema":{"@context":"https:\/\/schema.org","@graph":[{"@type":"WebPage","@id":"http:\/\/tauroslovenia.eu\/de\/izdelek\/tauro-pro-line-ultra-natural-care-shampoo-zur-tiefenreinigung-der-haut-und-fell-von-hunden-und-katzen-2\/","url":"http:\/\/tauroslovenia.eu\/de\/izdelek\/tauro-pro-line-ultra-natural-care-shampoo-zur-tiefenreinigung-der-haut-und-fell-von-hunden-und-katzen-2\/","name":"TAURO Pro Line Ultra Natural Care Shampoo zur Tiefenreinigung der Haut und Fell von Hunden und Katzen | Tauro Slovenia","isPartOf":{"@id":"http:\/\/tauroslovenia.eu\/de\/#website"},"primaryImageOfPage":{"@id":"http:\/\/tauroslovenia.eu\/de\/izdelek\/tauro-pro-line-ultra-natural-care-shampoo-zur-tiefenreinigung-der-haut-und-fell-von-hunden-und-katzen-2\/#primaryimage"},"image":{"@id":"http:\/\/tauroslovenia.eu\/de\/izdelek\/tauro-pro-line-ultra-natural-care-shampoo-zur-tiefenreinigung-der-haut-und-fell-von-hunden-und-katzen-2\/#primaryimage"},"thumbnailUrl":"http:\/\/tauroslovenia.eu\/wp-content\/uploads\/2023\/07\/TPL63590.jpg","datePublished":"2024-09-15T21:39:56+00:00","dateModified":"2024-11-13T08:30:05+00:00","breadcrumb":{"@id":"http:\/\/tauroslovenia.eu\/de\/izdelek\/tauro-pro-line-ultra-natural-care-shampoo-zur-tiefenreinigung-der-haut-und-fell-von-hunden-und-katzen-2\/#breadcrumb"},"inLanguage":"de","potentialAction":[{"@type":"ReadAction","target":["http:\/\/tauroslovenia.eu\/de\/izdelek\/tauro-pro-line-ultra-natural-care-shampoo-zur-tiefenreinigung-der-haut-und-fell-von-hunden-und-katzen-2\/"]}]},{"@type":"ImageObject","inLanguage":"de","@id":"http:\/\/tauroslovenia.eu\/de\/izdelek\/tauro-pro-line-ultra-natural-care-shampoo-zur-tiefenreinigung-der-haut-und-fell-von-hunden-und-katzen-2\/#primaryimage","url":"http:\/\/tauroslovenia.eu\/wp-content\/uploads\/2023\/07\/TPL63590.jpg","contentUrl":"http:\/\/tauroslovenia.eu\/wp-content\/uploads\/2023\/07\/TPL63590.jpg","width":1500,"height":1500},{"@type":"BreadcrumbList","@id":"http:\/\/tauroslovenia.eu\/de\/izdelek\/tauro-pro-line-ultra-natural-care-shampoo-zur-tiefenreinigung-der-haut-und-fell-von-hunden-und-katzen-2\/#breadcrumb","itemListElement":[{"@type":"ListItem","position":1,"name":"Domov","item":"http:\/\/tauroslovenia.eu\/de\/"},{"@type":"ListItem","position":2,"name":"Trgovina","item":"http:\/\/tauroslovenia.eu\/trgovina\/"},{"@type":"ListItem","position":3,"name":"TAURO Pro Line Ultra Natural Care Shampoo zur Tiefenreinigung der Haut und Fell von Hunden und Katzen"}]},{"@type":"WebSite","@id":"http:\/\/tauroslovenia.eu\/de\/#website","url":"http:\/\/tauroslovenia.eu\/de\/","name":"Tauro Slovenia","description":"","publisher":{"@id":"http:\/\/tauroslovenia.eu\/de\/#organization"},"potentialAction":[{"@type":"SearchAction","target":{"@type":"EntryPoint","urlTemplate":"http:\/\/tauroslovenia.eu\/de\/?s={search_term_string}"},"query-input":{"@type":"PropertyValueSpecification","valueRequired":true,"valueName":"search_term_string"}}],"inLanguage":"de"},{"@type":"Organization","@id":"http:\/\/tauroslovenia.eu\/de\/#organization","name":"KA&L SOLUTIONS d.o.o.","url":"http:\/\/tauroslovenia.eu\/de\/","logo":{"@type":"ImageObject","inLanguage":"de","@id":"http:\/\/tauroslovenia.eu\/de\/#\/schema\/logo\/image\/","url":"http:\/\/tauroslovenia.eu\/wp-content\/uploads\/2023\/07\/logo-tauroproline-email.png","contentUrl":"http:\/\/tauroslovenia.eu\/wp-content\/uploads\/2023\/07\/logo-tauroproline-email.png","width":157,"height":101,"caption":"KA&L SOLUTIONS d.o.o."},"image":{"@id":"http:\/\/tauroslovenia.eu\/de\/#\/schema\/logo\/image\/"},"sameAs":["https:\/\/www.facebook.com\/tauroproline.slovenia\/","https:\/\/www.instagram.com\/tauroproline_slovenia\/"]}]}},"brands":[{"id":264,"name":"TAURO","slug":"tauro"}],"_links":{"self":[{"href":"http:\/\/tauroslovenia.eu\/de\/wp-json\/wp\/v2\/product\/57386"}],"collection":[{"href":"http:\/\/tauroslovenia.eu\/de\/wp-json\/wp\/v2\/product"}],"about":[{"href":"http:\/\/tauroslovenia.eu\/de\/wp-json\/wp\/v2\/types\/product"}],"wp:featuredmedia":[{"embeddable":true,"href":"http:\/\/tauroslovenia.eu\/de\/wp-json\/wp\/v2\/media\/57388"}],"wp:attachment":[{"href":"http:\/\/tauroslovenia.eu\/de\/wp-json\/wp\/v2\/media?parent=57386"}],"wp:term":[{"taxonomy":"pwb-brand","embeddable":true,"href":"http:\/\/tauroslovenia.eu\/de\/wp-json\/wp\/v2\/pwb-brand?post=57386"},{"taxonomy":"product_cat","embeddable":true,"href":"http:\/\/tauroslovenia.eu\/de\/wp-json\/wp\/v2\/product_cat?post=57386"},{"taxonomy":"product_tag","embeddable":true,"href":"http:\/\/tauroslovenia.eu\/de\/wp-json\/wp\/v2\/product_tag?post=57386"}],"curies":[{"name":"wp","href":"https:\/\/api.w.org\/{rel}","templated":true}]}}