{"id":57401,"date":"2024-09-15T23:40:01","date_gmt":"2024-09-15T21:40:01","guid":{"rendered":"https:\/\/tauroslovenia.eu\/izdelek\/tauro-pro-line-ultra-natural-care-intensiv-feuchtigkeitsspendende-maske-fuer-haut-und-fell-von-hunden-und-katzen\/"},"modified":"2024-10-25T14:52:12","modified_gmt":"2024-10-25T12:52:12","slug":"tauro-pro-line-ultra-natural-care-intensiv-feuchtigkeitsspendende-maske-fuer-haut-und-fell-von-hunden-und-katzen","status":"publish","type":"product","link":"http:\/\/tauroslovenia.eu\/de\/izdelek\/tauro-pro-line-ultra-natural-care-intensiv-feuchtigkeitsspendende-maske-fuer-haut-und-fell-von-hunden-und-katzen\/","title":{"rendered":"TAURO Pro Line Ultra Natural Care intensiv feuchtigkeitsspendende Maske f\u00fcr Haut und Fell von Hunden und Katzen"},"content":{"rendered":"<p>Die Ultra Natural Care Intense Hydrate Feuchtigkeitsmaske mit hochwertigen Inhaltsstoffen und Mandelextrakt ist zur St\u00e4rkung des Fells, zur Tiefenhydratisierung von Haut und Fell, zur Verleihung von Glanz und zur Betonung der Fellfarbe formuliert.<\/p>\n<p>Die Maske ist f\u00fcr alle Hunde- und Katzenarten geeignet.<\/p>\n<p>Die Ultra Natural Care Intense Hydrate Maske ist der 3. Schritt &#8211; Fixierung &#8211; in einem dreistufigen System: Das Fell wird gen\u00e4hrt, das Ergebnis wird fixiert, und die Feuchtigkeit von Fell und Haut wird bewahrt.<\/p>\n<p><strong>Angereichert mit Mandelextrakt<\/strong><\/p>\n<p>Mandelextrakt hat feuchtigkeitsspendende Eigenschaften, verbessert die Barrierefunktion der Haut, pflegt und regeneriert die Haarstruktur. Au\u00dferdem spendet Mandelextrakt der Haut des Haustieres Feuchtigkeit und verleiht einen angenehmen Duft.<\/p>\n<p><strong>Leichtes K\u00e4mmen<\/strong><\/p>\n<p>Das Produkt enth\u00e4lt Panthenol. Es ist eine Form von Vitamin B5, die h\u00e4ufig als Inhaltsstoff in Haut- und Haarpflegeprodukten verwendet wird. Es macht das Fell leicht k\u00e4mmbar, weich und verleiht ihm einen gesunden Glanz.<\/p>\n<p><strong>Entfernt Verfilzungen<\/strong><\/p>\n<p>Die Maske mit feuchtigkeitsspendenden und regenerierenden Eigenschaften ist ideal zur Entfernung von Verfilzungen.<\/p>\n<p><strong>F\u00fcr empfindliche Haustiere<\/strong><\/p>\n<p>Dank der sanften Formel ist die Maske perfekt f\u00fcr Haustiere mit empfindlicher Haut: Sie ist ohne SLS, Parabene, Mineral\u00f6le und Silikone formuliert.<\/p>\n<p><strong>Von Experten getestet<\/strong><\/p>\n<p>Es handelt sich um ein professionelles Produkt, das von einem Z\u00fcchter entwickelt wurde und aus hochwertigen Inhaltsstoffen besteht.<\/p>\n<p><strong>Eigenschaften:<\/strong><\/p>\n<ul>\n<li>Menge &#8211; 400 ml, 1000 ml.<\/li>\n<li>F\u00fcr Katzen und Hunde.<\/li>\n<li>F\u00fcr alle Fellarten.<\/li>\n<\/ul>\n<p><strong>Hergestellt<\/strong> in der Europ\u00e4ischen Union.<\/p>\n","protected":false},"excerpt":{"rendered":"<p>Ultra Natural Care Intense Hydrate Moisturizing Mask mit hochwertigen Inhaltsstoffen und Mandelextrakt zur Fellst\u00e4rkung, zur tiefen Befeuchtung der Haut und desFells, verleiht ihm Glanz und hebt die Farbe hervor.<\/p>\n","protected":false},"featured_media":57403,"template":"","meta":{"_acf_changed":false},"pwb-brand":[264],"product_cat":[593],"product_tag":[],"class_list":{"0":"post-57401","1":"product","2":"type-product","3":"status-publish","4":"has-post-thumbnail","6":"pwb-brand-tauro","7":"product_cat-schampoo","9":"first","10":"instock","11":"taxable","12":"shipping-taxable","13":"purchasable","14":"product-type-simple"},"acf":[],"yoast_head":"<!-- This site is optimized with the Yoast SEO plugin v23.6 - https:\/\/yoast.com\/wordpress\/plugins\/seo\/ -->\n<title>TAURO Pro Line Ultra Natural Care intensiv feuchtigkeitsspendende Maske f\u00fcr Haut und Fell von Hunden und Katzen | Tauro Slovenia<\/title>\n<meta name=\"robots\" content=\"index, follow, max-snippet:-1, max-image-preview:large, max-video-preview:-1\" \/>\n<link rel=\"canonical\" href=\"http:\/\/tauroslovenia.eu\/de\/izdelek\/tauro-pro-line-ultra-natural-care-intensiv-feuchtigkeitsspendende-maske-fuer-haut-und-fell-von-hunden-und-katzen\/\" \/>\n<meta property=\"og:locale\" content=\"de_DE\" \/>\n<meta property=\"og:type\" content=\"article\" \/>\n<meta property=\"og:title\" content=\"TAURO Pro Line Ultra Natural Care intensiv feuchtigkeitsspendende Maske f\u00fcr Haut und Fell von Hunden und Katzen | Tauro Slovenia\" \/>\n<meta property=\"og:description\" content=\"Ultra Natural Care Intense Hydrate Moisturizing Mask mit hochwertigen Inhaltsstoffen und Mandelextrakt zur Fellst\u00e4rkung, zur tiefen Befeuchtung der Haut und desFells, verleiht ihm Glanz und hebt die Farbe hervor.\" \/>\n<meta property=\"og:url\" content=\"http:\/\/tauroslovenia.eu\/de\/izdelek\/tauro-pro-line-ultra-natural-care-intensiv-feuchtigkeitsspendende-maske-fuer-haut-und-fell-von-hunden-und-katzen\/\" \/>\n<meta property=\"og:site_name\" content=\"Tauro Slovenia\" \/>\n<meta property=\"article:publisher\" content=\"https:\/\/www.facebook.com\/tauroproline.slovenia\/\" \/>\n<meta property=\"article:modified_time\" content=\"2024-10-25T12:52:12+00:00\" \/>\n<meta property=\"og:image\" content=\"http:\/\/tauroslovenia.eu\/wp-content\/uploads\/2023\/07\/TPL63595.jpg\" \/>\n\t<meta property=\"og:image:width\" content=\"1500\" \/>\n\t<meta property=\"og:image:height\" content=\"1500\" \/>\n\t<meta property=\"og:image:type\" content=\"image\/jpeg\" \/>\n<meta name=\"twitter:card\" content=\"summary_large_image\" \/>\n<meta name=\"twitter:label1\" content=\"Gesch\u00e4tzte Lesezeit\" \/>\n\t<meta name=\"twitter:data1\" content=\"1\u00a0Minute\" \/>\n<script type=\"application\/ld+json\" class=\"yoast-schema-graph\">{\"@context\":\"https:\/\/schema.org\",\"@graph\":[{\"@type\":\"WebPage\",\"@id\":\"http:\/\/tauroslovenia.eu\/de\/izdelek\/tauro-pro-line-ultra-natural-care-intensiv-feuchtigkeitsspendende-maske-fuer-haut-und-fell-von-hunden-und-katzen\/\",\"url\":\"http:\/\/tauroslovenia.eu\/de\/izdelek\/tauro-pro-line-ultra-natural-care-intensiv-feuchtigkeitsspendende-maske-fuer-haut-und-fell-von-hunden-und-katzen\/\",\"name\":\"TAURO Pro Line Ultra Natural Care intensiv feuchtigkeitsspendende Maske f\u00fcr Haut und Fell von Hunden und Katzen | Tauro Slovenia\",\"isPartOf\":{\"@id\":\"https:\/\/tauroslovenia.eu\/de\/#website\"},\"primaryImageOfPage\":{\"@id\":\"http:\/\/tauroslovenia.eu\/de\/izdelek\/tauro-pro-line-ultra-natural-care-intensiv-feuchtigkeitsspendende-maske-fuer-haut-und-fell-von-hunden-und-katzen\/#primaryimage\"},\"image\":{\"@id\":\"http:\/\/tauroslovenia.eu\/de\/izdelek\/tauro-pro-line-ultra-natural-care-intensiv-feuchtigkeitsspendende-maske-fuer-haut-und-fell-von-hunden-und-katzen\/#primaryimage\"},\"thumbnailUrl\":\"http:\/\/tauroslovenia.eu\/wp-content\/uploads\/2023\/07\/TPL63595.jpg\",\"datePublished\":\"2024-09-15T21:40:01+00:00\",\"dateModified\":\"2024-10-25T12:52:12+00:00\",\"breadcrumb\":{\"@id\":\"http:\/\/tauroslovenia.eu\/de\/izdelek\/tauro-pro-line-ultra-natural-care-intensiv-feuchtigkeitsspendende-maske-fuer-haut-und-fell-von-hunden-und-katzen\/#breadcrumb\"},\"inLanguage\":\"de\",\"potentialAction\":[{\"@type\":\"ReadAction\",\"target\":[\"http:\/\/tauroslovenia.eu\/de\/izdelek\/tauro-pro-line-ultra-natural-care-intensiv-feuchtigkeitsspendende-maske-fuer-haut-und-fell-von-hunden-und-katzen\/\"]}]},{\"@type\":\"ImageObject\",\"inLanguage\":\"de\",\"@id\":\"http:\/\/tauroslovenia.eu\/de\/izdelek\/tauro-pro-line-ultra-natural-care-intensiv-feuchtigkeitsspendende-maske-fuer-haut-und-fell-von-hunden-und-katzen\/#primaryimage\",\"url\":\"http:\/\/tauroslovenia.eu\/wp-content\/uploads\/2023\/07\/TPL63595.jpg\",\"contentUrl\":\"http:\/\/tauroslovenia.eu\/wp-content\/uploads\/2023\/07\/TPL63595.jpg\",\"width\":1500,\"height\":1500},{\"@type\":\"BreadcrumbList\",\"@id\":\"http:\/\/tauroslovenia.eu\/de\/izdelek\/tauro-pro-line-ultra-natural-care-intensiv-feuchtigkeitsspendende-maske-fuer-haut-und-fell-von-hunden-und-katzen\/#breadcrumb\",\"itemListElement\":[{\"@type\":\"ListItem\",\"position\":1,\"name\":\"Domov\",\"item\":\"https:\/\/tauroslovenia.eu\/de\/\"},{\"@type\":\"ListItem\",\"position\":2,\"name\":\"Trgovina\",\"item\":\"https:\/\/tauroslovenia.eu\/trgovina\/\"},{\"@type\":\"ListItem\",\"position\":3,\"name\":\"TAURO Pro Line Ultra Natural Care intensiv feuchtigkeitsspendende Maske f\u00fcr Haut und Fell von Hunden und Katzen\"}]},{\"@type\":\"WebSite\",\"@id\":\"https:\/\/tauroslovenia.eu\/de\/#website\",\"url\":\"https:\/\/tauroslovenia.eu\/de\/\",\"name\":\"Tauro Slovenia\",\"description\":\"\",\"publisher\":{\"@id\":\"https:\/\/tauroslovenia.eu\/de\/#organization\"},\"potentialAction\":[{\"@type\":\"SearchAction\",\"target\":{\"@type\":\"EntryPoint\",\"urlTemplate\":\"https:\/\/tauroslovenia.eu\/de\/?s={search_term_string}\"},\"query-input\":{\"@type\":\"PropertyValueSpecification\",\"valueRequired\":true,\"valueName\":\"search_term_string\"}}],\"inLanguage\":\"de\"},{\"@type\":\"Organization\",\"@id\":\"https:\/\/tauroslovenia.eu\/de\/#organization\",\"name\":\"KA&L SOLUTIONS d.o.o.\",\"url\":\"https:\/\/tauroslovenia.eu\/de\/\",\"logo\":{\"@type\":\"ImageObject\",\"inLanguage\":\"de\",\"@id\":\"https:\/\/tauroslovenia.eu\/de\/#\/schema\/logo\/image\/\",\"url\":\"http:\/\/tauroslovenia.eu\/wp-content\/uploads\/2023\/07\/logo-tauroproline-email.png\",\"contentUrl\":\"http:\/\/tauroslovenia.eu\/wp-content\/uploads\/2023\/07\/logo-tauroproline-email.png\",\"width\":157,\"height\":101,\"caption\":\"KA&L SOLUTIONS d.o.o.\"},\"image\":{\"@id\":\"https:\/\/tauroslovenia.eu\/de\/#\/schema\/logo\/image\/\"},\"sameAs\":[\"https:\/\/www.facebook.com\/tauroproline.slovenia\/\",\"https:\/\/www.instagram.com\/tauroproline_slovenia\/\"]}]}<\/script>\n<!-- \/ Yoast SEO plugin. -->","yoast_head_json":{"title":"TAURO Pro Line Ultra Natural Care intensiv feuchtigkeitsspendende Maske f\u00fcr Haut und Fell von Hunden und Katzen | Tauro Slovenia","robots":{"index":"index","follow":"follow","max-snippet":"max-snippet:-1","max-image-preview":"max-image-preview:large","max-video-preview":"max-video-preview:-1"},"canonical":"http:\/\/tauroslovenia.eu\/de\/izdelek\/tauro-pro-line-ultra-natural-care-intensiv-feuchtigkeitsspendende-maske-fuer-haut-und-fell-von-hunden-und-katzen\/","og_locale":"de_DE","og_type":"article","og_title":"TAURO Pro Line Ultra Natural Care intensiv feuchtigkeitsspendende Maske f\u00fcr Haut und Fell von Hunden und Katzen | Tauro Slovenia","og_description":"Ultra Natural Care Intense Hydrate Moisturizing Mask mit hochwertigen Inhaltsstoffen und Mandelextrakt zur Fellst\u00e4rkung, zur tiefen Befeuchtung der Haut und desFells, verleiht ihm Glanz und hebt die Farbe hervor.","og_url":"http:\/\/tauroslovenia.eu\/de\/izdelek\/tauro-pro-line-ultra-natural-care-intensiv-feuchtigkeitsspendende-maske-fuer-haut-und-fell-von-hunden-und-katzen\/","og_site_name":"Tauro Slovenia","article_publisher":"https:\/\/www.facebook.com\/tauroproline.slovenia\/","article_modified_time":"2024-10-25T12:52:12+00:00","og_image":[{"width":1500,"height":1500,"url":"http:\/\/tauroslovenia.eu\/wp-content\/uploads\/2023\/07\/TPL63595.jpg","type":"image\/jpeg"}],"twitter_card":"summary_large_image","twitter_misc":{"Gesch\u00e4tzte Lesezeit":"1\u00a0Minute"},"schema":{"@context":"https:\/\/schema.org","@graph":[{"@type":"WebPage","@id":"http:\/\/tauroslovenia.eu\/de\/izdelek\/tauro-pro-line-ultra-natural-care-intensiv-feuchtigkeitsspendende-maske-fuer-haut-und-fell-von-hunden-und-katzen\/","url":"http:\/\/tauroslovenia.eu\/de\/izdelek\/tauro-pro-line-ultra-natural-care-intensiv-feuchtigkeitsspendende-maske-fuer-haut-und-fell-von-hunden-und-katzen\/","name":"TAURO Pro Line Ultra Natural Care intensiv feuchtigkeitsspendende Maske f\u00fcr Haut und Fell von Hunden und Katzen | Tauro Slovenia","isPartOf":{"@id":"https:\/\/tauroslovenia.eu\/de\/#website"},"primaryImageOfPage":{"@id":"http:\/\/tauroslovenia.eu\/de\/izdelek\/tauro-pro-line-ultra-natural-care-intensiv-feuchtigkeitsspendende-maske-fuer-haut-und-fell-von-hunden-und-katzen\/#primaryimage"},"image":{"@id":"http:\/\/tauroslovenia.eu\/de\/izdelek\/tauro-pro-line-ultra-natural-care-intensiv-feuchtigkeitsspendende-maske-fuer-haut-und-fell-von-hunden-und-katzen\/#primaryimage"},"thumbnailUrl":"http:\/\/tauroslovenia.eu\/wp-content\/uploads\/2023\/07\/TPL63595.jpg","datePublished":"2024-09-15T21:40:01+00:00","dateModified":"2024-10-25T12:52:12+00:00","breadcrumb":{"@id":"http:\/\/tauroslovenia.eu\/de\/izdelek\/tauro-pro-line-ultra-natural-care-intensiv-feuchtigkeitsspendende-maske-fuer-haut-und-fell-von-hunden-und-katzen\/#breadcrumb"},"inLanguage":"de","potentialAction":[{"@type":"ReadAction","target":["http:\/\/tauroslovenia.eu\/de\/izdelek\/tauro-pro-line-ultra-natural-care-intensiv-feuchtigkeitsspendende-maske-fuer-haut-und-fell-von-hunden-und-katzen\/"]}]},{"@type":"ImageObject","inLanguage":"de","@id":"http:\/\/tauroslovenia.eu\/de\/izdelek\/tauro-pro-line-ultra-natural-care-intensiv-feuchtigkeitsspendende-maske-fuer-haut-und-fell-von-hunden-und-katzen\/#primaryimage","url":"http:\/\/tauroslovenia.eu\/wp-content\/uploads\/2023\/07\/TPL63595.jpg","contentUrl":"http:\/\/tauroslovenia.eu\/wp-content\/uploads\/2023\/07\/TPL63595.jpg","width":1500,"height":1500},{"@type":"BreadcrumbList","@id":"http:\/\/tauroslovenia.eu\/de\/izdelek\/tauro-pro-line-ultra-natural-care-intensiv-feuchtigkeitsspendende-maske-fuer-haut-und-fell-von-hunden-und-katzen\/#breadcrumb","itemListElement":[{"@type":"ListItem","position":1,"name":"Domov","item":"https:\/\/tauroslovenia.eu\/de\/"},{"@type":"ListItem","position":2,"name":"Trgovina","item":"https:\/\/tauroslovenia.eu\/trgovina\/"},{"@type":"ListItem","position":3,"name":"TAURO Pro Line Ultra Natural Care intensiv feuchtigkeitsspendende Maske f\u00fcr Haut und Fell von Hunden und Katzen"}]},{"@type":"WebSite","@id":"https:\/\/tauroslovenia.eu\/de\/#website","url":"https:\/\/tauroslovenia.eu\/de\/","name":"Tauro Slovenia","description":"","publisher":{"@id":"https:\/\/tauroslovenia.eu\/de\/#organization"},"potentialAction":[{"@type":"SearchAction","target":{"@type":"EntryPoint","urlTemplate":"https:\/\/tauroslovenia.eu\/de\/?s={search_term_string}"},"query-input":{"@type":"PropertyValueSpecification","valueRequired":true,"valueName":"search_term_string"}}],"inLanguage":"de"},{"@type":"Organization","@id":"https:\/\/tauroslovenia.eu\/de\/#organization","name":"KA&L SOLUTIONS d.o.o.","url":"https:\/\/tauroslovenia.eu\/de\/","logo":{"@type":"ImageObject","inLanguage":"de","@id":"https:\/\/tauroslovenia.eu\/de\/#\/schema\/logo\/image\/","url":"http:\/\/tauroslovenia.eu\/wp-content\/uploads\/2023\/07\/logo-tauroproline-email.png","contentUrl":"http:\/\/tauroslovenia.eu\/wp-content\/uploads\/2023\/07\/logo-tauroproline-email.png","width":157,"height":101,"caption":"KA&L SOLUTIONS d.o.o."},"image":{"@id":"https:\/\/tauroslovenia.eu\/de\/#\/schema\/logo\/image\/"},"sameAs":["https:\/\/www.facebook.com\/tauroproline.slovenia\/","https:\/\/www.instagram.com\/tauroproline_slovenia\/"]}]}},"brands":[{"id":264,"name":"TAURO","slug":"tauro"}],"_links":{"self":[{"href":"http:\/\/tauroslovenia.eu\/de\/wp-json\/wp\/v2\/product\/57401"}],"collection":[{"href":"http:\/\/tauroslovenia.eu\/de\/wp-json\/wp\/v2\/product"}],"about":[{"href":"http:\/\/tauroslovenia.eu\/de\/wp-json\/wp\/v2\/types\/product"}],"wp:featuredmedia":[{"embeddable":true,"href":"http:\/\/tauroslovenia.eu\/de\/wp-json\/wp\/v2\/media\/57403"}],"wp:attachment":[{"href":"http:\/\/tauroslovenia.eu\/de\/wp-json\/wp\/v2\/media?parent=57401"}],"wp:term":[{"taxonomy":"pwb-brand","embeddable":true,"href":"http:\/\/tauroslovenia.eu\/de\/wp-json\/wp\/v2\/pwb-brand?post=57401"},{"taxonomy":"product_cat","embeddable":true,"href":"http:\/\/tauroslovenia.eu\/de\/wp-json\/wp\/v2\/product_cat?post=57401"},{"taxonomy":"product_tag","embeddable":true,"href":"http:\/\/tauroslovenia.eu\/de\/wp-json\/wp\/v2\/product_tag?post=57401"}],"curies":[{"name":"wp","href":"https:\/\/api.w.org\/{rel}","templated":true}]}}