{"id":57410,"date":"2024-09-15T23:40:01","date_gmt":"2024-09-15T21:40:01","guid":{"rendered":"https:\/\/tauroslovenia.eu\/izdelek\/tauro-pro-line-ultra-natural-care-sanftes-reinigungsshampoo-fuer-haut-und-fell-von-hunden-und-katzen\/"},"modified":"2024-10-25T14:56:45","modified_gmt":"2024-10-25T12:56:45","slug":"tauro-pro-line-ultra-natural-care-sanftes-reinigungsshampoo-fuer-haut-und-fell-von-hunden-und-katzen","status":"publish","type":"product","link":"http:\/\/tauroslovenia.eu\/de\/izdelek\/tauro-pro-line-ultra-natural-care-sanftes-reinigungsshampoo-fuer-haut-und-fell-von-hunden-und-katzen\/","title":{"rendered":"TAURO Pro Line Ultra Natural Care sanftes Reinigungsshampoo f\u00fcr Haut und Fell von Hunden und Katzen"},"content":{"rendered":"<p>Das Ultra Natural Care Gentle Scrub Shampoo ist mit hochwertigen Inhaltsstoffen formuliert, um die Haut und das Fell Ihres Haustieres gr\u00fcndlich zu reinigen. Geeignet f\u00fcr alle Fellarten von Hunden und Katzen.<\/p>\n<p>Das Ultra Natural Care Gentle Scrub Shampoo ist der 1. Schritt in einem dreistufigen Reinigungssystem: Es wird verwendet, um Schmutz, \u00fcbersch\u00fcssigen Talg, Staubpartikel und R\u00fcckst\u00e4nde von Haut- und Fellpflegeprodukten zu entfernen.<\/p>\n<p><strong>Mit Peeling-Funktion<\/strong><\/p>\n<p>Die im Shampoo enthaltenen Mikro-Peeling-Partikel helfen sanft, aber effektiv dabei, Schmutz von der Haut und dem Fell des Haustieres zu entfernen, sodass die Haut nach der Anwendung sauber, frisch und frei von abgestorbenen Hautzellen ist.<\/p>\n<p><strong>N\u00e4hrend<\/strong><\/p>\n<p>Die n\u00e4hrenden Inhaltsstoffe des Produkts helfen, das Feuchtigkeitsgleichgewicht sowohl im Fell als auch in der Haut des Haustieres wiederherzustellen. Ein angemessenes Feuchtigkeitsgleichgewicht in der Haut tr\u00e4gt zur Erhaltung ihrer Elastizit\u00e4t bei, w\u00e4hrend ein ausgewogenes Feuchtigkeitsniveau im Fell f\u00fcr gesundes und gl\u00e4nzendes Fell sorgt.<\/p>\n<p><strong>Mit Rizinus\u00f6l<\/strong><\/p>\n<p>Rizinus\u00f6l ist f\u00fcr seine n\u00e4hrenden und feuchtigkeitsspendenden Eigenschaften bekannt. Es st\u00e4rkt besonders die Haarwurzeln, verbessert die Elastizit\u00e4t und kann den Haarausfall reduzieren. Rizinus\u00f6l verleiht dem Fell Glanz und befeuchtet die Haut.<\/p>\n<p><strong>Enth\u00e4lt Glycerin<\/strong><\/p>\n<p>Glycerin in der Formulierung dient als nat\u00fcrlicher Feuchtigkeitsspender: Es durchdringt die Haut und das Fell mit Feuchtigkeit, kann die Elastizit\u00e4t des Fells verbessern und den Haarausfall reduzieren.<\/p>\n<p><strong>Mit Jojoba\u00f6l<\/strong><\/p>\n<p>Jojoba\u00f6l spendet trockener, gereizter Haut Feuchtigkeit und lindert R\u00f6tungen. Dieses \u00d6l ist bekannt f\u00fcr seine antioxidativen Eigenschaften, die helfen k\u00f6nnen, die Haut vor sch\u00e4dlichen Umwelteinfl\u00fcssen zu sch\u00fctzen.<\/p>\n<p><strong>Gesundes Fell von der Wurzel an<\/strong><\/p>\n<p>Die Mikro-Peeling-Partikel f\u00f6rdern bei Hautkontakt die Durchblutung der Haarwurzeln und -follikel: Dies stimuliert das Wachstum von gesundem und starkem Fell von den Wurzeln aufw\u00e4rts.<\/p>\n<p><strong>F\u00fcr empfindliche Haustiere<\/strong><\/p>\n<p>Dank der sanften Formel ist das Shampoo ideal f\u00fcr Haustiere mit empfindlicher Haut: Es ist frei von SLS, Parabenen, Mineral\u00f6len und Silikonen formuliert.<\/p>\n<p><strong>Von Experten getestet<\/strong><\/p>\n<p>Es handelt sich um ein professionelles Produkt, das von einem Z\u00fcchter entwickelt wurde und aus hochwertigen Inhaltsstoffen besteht.<\/p>\n<p><strong>Eigenschaften:<\/strong><\/p>\n<ul>\n<li>Menge &#8211; 400 ml, 1000 ml.<\/li>\n<li>F\u00fcr Hunde und Katzen.<\/li>\n<li>F\u00fcr alle Fellarten.<\/li>\n<\/ul>\n<p><strong>Hergestellt<\/strong> in der Europ\u00e4ischen Union.<\/p>\n","protected":false},"excerpt":{"rendered":"<p>Das Ultra Natural Care Gentle Scrub Shampoo enth\u00e4lt hochwertige Inhaltsstoffe f\u00fcr eine makellose Reinigung der Haut und des Fells Ihres Haustieres.<\/p>\n","protected":false},"featured_media":57412,"template":"","meta":{"_acf_changed":false},"pwb-brand":[264],"product_cat":[624],"product_tag":[],"class_list":{"0":"post-57410","1":"product","2":"type-product","3":"status-publish","4":"has-post-thumbnail","6":"pwb-brand-tauro","7":"product_cat-schampoo-6","9":"first","10":"instock","11":"taxable","12":"shipping-taxable","13":"purchasable","14":"product-type-simple"},"acf":[],"yoast_head":"<!-- This site is optimized with the Yoast SEO plugin v23.6 - https:\/\/yoast.com\/wordpress\/plugins\/seo\/ -->\n<title>TAURO Pro Line Ultra Natural Care sanftes Reinigungsshampoo f\u00fcr Haut und Fell von Hunden und Katzen | Tauro Slovenia<\/title>\n<meta name=\"robots\" content=\"index, follow, max-snippet:-1, max-image-preview:large, max-video-preview:-1\" \/>\n<link rel=\"canonical\" href=\"http:\/\/tauroslovenia.eu\/de\/izdelek\/tauro-pro-line-ultra-natural-care-sanftes-reinigungsshampoo-fuer-haut-und-fell-von-hunden-und-katzen\/\" \/>\n<meta property=\"og:locale\" content=\"de_DE\" \/>\n<meta property=\"og:type\" content=\"article\" \/>\n<meta property=\"og:title\" content=\"TAURO Pro Line Ultra Natural Care sanftes Reinigungsshampoo f\u00fcr Haut und Fell von Hunden und Katzen | Tauro Slovenia\" \/>\n<meta property=\"og:description\" content=\"Das Ultra Natural Care Gentle Scrub Shampoo enth\u00e4lt hochwertige Inhaltsstoffe f\u00fcr eine makellose Reinigung der Haut und des Fells Ihres Haustieres.\" \/>\n<meta property=\"og:url\" content=\"http:\/\/tauroslovenia.eu\/de\/izdelek\/tauro-pro-line-ultra-natural-care-sanftes-reinigungsshampoo-fuer-haut-und-fell-von-hunden-und-katzen\/\" \/>\n<meta property=\"og:site_name\" content=\"Tauro Slovenia\" \/>\n<meta property=\"article:publisher\" content=\"https:\/\/www.facebook.com\/tauroproline.slovenia\/\" \/>\n<meta property=\"article:modified_time\" content=\"2024-10-25T12:56:45+00:00\" \/>\n<meta property=\"og:image\" content=\"http:\/\/tauroslovenia.eu\/wp-content\/uploads\/2023\/07\/TPL63598.jpg\" \/>\n\t<meta property=\"og:image:width\" content=\"1500\" \/>\n\t<meta property=\"og:image:height\" content=\"1500\" \/>\n\t<meta property=\"og:image:type\" content=\"image\/jpeg\" \/>\n<meta name=\"twitter:card\" content=\"summary_large_image\" \/>\n<meta name=\"twitter:label1\" content=\"Gesch\u00e4tzte Lesezeit\" \/>\n\t<meta name=\"twitter:data1\" content=\"2\u00a0Minuten\" \/>\n<script type=\"application\/ld+json\" class=\"yoast-schema-graph\">{\"@context\":\"https:\/\/schema.org\",\"@graph\":[{\"@type\":\"WebPage\",\"@id\":\"http:\/\/tauroslovenia.eu\/de\/izdelek\/tauro-pro-line-ultra-natural-care-sanftes-reinigungsshampoo-fuer-haut-und-fell-von-hunden-und-katzen\/\",\"url\":\"http:\/\/tauroslovenia.eu\/de\/izdelek\/tauro-pro-line-ultra-natural-care-sanftes-reinigungsshampoo-fuer-haut-und-fell-von-hunden-und-katzen\/\",\"name\":\"TAURO Pro Line Ultra Natural Care sanftes Reinigungsshampoo f\u00fcr Haut und Fell von Hunden und Katzen | Tauro Slovenia\",\"isPartOf\":{\"@id\":\"http:\/\/tauroslovenia.eu\/de\/#website\"},\"primaryImageOfPage\":{\"@id\":\"http:\/\/tauroslovenia.eu\/de\/izdelek\/tauro-pro-line-ultra-natural-care-sanftes-reinigungsshampoo-fuer-haut-und-fell-von-hunden-und-katzen\/#primaryimage\"},\"image\":{\"@id\":\"http:\/\/tauroslovenia.eu\/de\/izdelek\/tauro-pro-line-ultra-natural-care-sanftes-reinigungsshampoo-fuer-haut-und-fell-von-hunden-und-katzen\/#primaryimage\"},\"thumbnailUrl\":\"http:\/\/tauroslovenia.eu\/wp-content\/uploads\/2023\/07\/TPL63598.jpg\",\"datePublished\":\"2024-09-15T21:40:01+00:00\",\"dateModified\":\"2024-10-25T12:56:45+00:00\",\"breadcrumb\":{\"@id\":\"http:\/\/tauroslovenia.eu\/de\/izdelek\/tauro-pro-line-ultra-natural-care-sanftes-reinigungsshampoo-fuer-haut-und-fell-von-hunden-und-katzen\/#breadcrumb\"},\"inLanguage\":\"de\",\"potentialAction\":[{\"@type\":\"ReadAction\",\"target\":[\"http:\/\/tauroslovenia.eu\/de\/izdelek\/tauro-pro-line-ultra-natural-care-sanftes-reinigungsshampoo-fuer-haut-und-fell-von-hunden-und-katzen\/\"]}]},{\"@type\":\"ImageObject\",\"inLanguage\":\"de\",\"@id\":\"http:\/\/tauroslovenia.eu\/de\/izdelek\/tauro-pro-line-ultra-natural-care-sanftes-reinigungsshampoo-fuer-haut-und-fell-von-hunden-und-katzen\/#primaryimage\",\"url\":\"http:\/\/tauroslovenia.eu\/wp-content\/uploads\/2023\/07\/TPL63598.jpg\",\"contentUrl\":\"http:\/\/tauroslovenia.eu\/wp-content\/uploads\/2023\/07\/TPL63598.jpg\",\"width\":1500,\"height\":1500},{\"@type\":\"BreadcrumbList\",\"@id\":\"http:\/\/tauroslovenia.eu\/de\/izdelek\/tauro-pro-line-ultra-natural-care-sanftes-reinigungsshampoo-fuer-haut-und-fell-von-hunden-und-katzen\/#breadcrumb\",\"itemListElement\":[{\"@type\":\"ListItem\",\"position\":1,\"name\":\"Domov\",\"item\":\"http:\/\/tauroslovenia.eu\/de\/\"},{\"@type\":\"ListItem\",\"position\":2,\"name\":\"Trgovina\",\"item\":\"http:\/\/tauroslovenia.eu\/trgovina\/\"},{\"@type\":\"ListItem\",\"position\":3,\"name\":\"TAURO Pro Line Ultra Natural Care sanftes Reinigungsshampoo f\u00fcr Haut und Fell von Hunden und Katzen\"}]},{\"@type\":\"WebSite\",\"@id\":\"http:\/\/tauroslovenia.eu\/de\/#website\",\"url\":\"http:\/\/tauroslovenia.eu\/de\/\",\"name\":\"Tauro Slovenia\",\"description\":\"\",\"publisher\":{\"@id\":\"http:\/\/tauroslovenia.eu\/de\/#organization\"},\"potentialAction\":[{\"@type\":\"SearchAction\",\"target\":{\"@type\":\"EntryPoint\",\"urlTemplate\":\"http:\/\/tauroslovenia.eu\/de\/?s={search_term_string}\"},\"query-input\":{\"@type\":\"PropertyValueSpecification\",\"valueRequired\":true,\"valueName\":\"search_term_string\"}}],\"inLanguage\":\"de\"},{\"@type\":\"Organization\",\"@id\":\"http:\/\/tauroslovenia.eu\/de\/#organization\",\"name\":\"KA&L SOLUTIONS d.o.o.\",\"url\":\"http:\/\/tauroslovenia.eu\/de\/\",\"logo\":{\"@type\":\"ImageObject\",\"inLanguage\":\"de\",\"@id\":\"http:\/\/tauroslovenia.eu\/de\/#\/schema\/logo\/image\/\",\"url\":\"http:\/\/tauroslovenia.eu\/wp-content\/uploads\/2023\/07\/logo-tauroproline-email.png\",\"contentUrl\":\"http:\/\/tauroslovenia.eu\/wp-content\/uploads\/2023\/07\/logo-tauroproline-email.png\",\"width\":157,\"height\":101,\"caption\":\"KA&L SOLUTIONS d.o.o.\"},\"image\":{\"@id\":\"http:\/\/tauroslovenia.eu\/de\/#\/schema\/logo\/image\/\"},\"sameAs\":[\"https:\/\/www.facebook.com\/tauroproline.slovenia\/\",\"https:\/\/www.instagram.com\/tauroproline_slovenia\/\"]}]}<\/script>\n<!-- \/ Yoast SEO plugin. -->","yoast_head_json":{"title":"TAURO Pro Line Ultra Natural Care sanftes Reinigungsshampoo f\u00fcr Haut und Fell von Hunden und Katzen | Tauro Slovenia","robots":{"index":"index","follow":"follow","max-snippet":"max-snippet:-1","max-image-preview":"max-image-preview:large","max-video-preview":"max-video-preview:-1"},"canonical":"http:\/\/tauroslovenia.eu\/de\/izdelek\/tauro-pro-line-ultra-natural-care-sanftes-reinigungsshampoo-fuer-haut-und-fell-von-hunden-und-katzen\/","og_locale":"de_DE","og_type":"article","og_title":"TAURO Pro Line Ultra Natural Care sanftes Reinigungsshampoo f\u00fcr Haut und Fell von Hunden und Katzen | Tauro Slovenia","og_description":"Das Ultra Natural Care Gentle Scrub Shampoo enth\u00e4lt hochwertige Inhaltsstoffe f\u00fcr eine makellose Reinigung der Haut und des Fells Ihres Haustieres.","og_url":"http:\/\/tauroslovenia.eu\/de\/izdelek\/tauro-pro-line-ultra-natural-care-sanftes-reinigungsshampoo-fuer-haut-und-fell-von-hunden-und-katzen\/","og_site_name":"Tauro Slovenia","article_publisher":"https:\/\/www.facebook.com\/tauroproline.slovenia\/","article_modified_time":"2024-10-25T12:56:45+00:00","og_image":[{"width":1500,"height":1500,"url":"http:\/\/tauroslovenia.eu\/wp-content\/uploads\/2023\/07\/TPL63598.jpg","type":"image\/jpeg"}],"twitter_card":"summary_large_image","twitter_misc":{"Gesch\u00e4tzte Lesezeit":"2\u00a0Minuten"},"schema":{"@context":"https:\/\/schema.org","@graph":[{"@type":"WebPage","@id":"http:\/\/tauroslovenia.eu\/de\/izdelek\/tauro-pro-line-ultra-natural-care-sanftes-reinigungsshampoo-fuer-haut-und-fell-von-hunden-und-katzen\/","url":"http:\/\/tauroslovenia.eu\/de\/izdelek\/tauro-pro-line-ultra-natural-care-sanftes-reinigungsshampoo-fuer-haut-und-fell-von-hunden-und-katzen\/","name":"TAURO Pro Line Ultra Natural Care sanftes Reinigungsshampoo f\u00fcr Haut und Fell von Hunden und Katzen | Tauro Slovenia","isPartOf":{"@id":"http:\/\/tauroslovenia.eu\/de\/#website"},"primaryImageOfPage":{"@id":"http:\/\/tauroslovenia.eu\/de\/izdelek\/tauro-pro-line-ultra-natural-care-sanftes-reinigungsshampoo-fuer-haut-und-fell-von-hunden-und-katzen\/#primaryimage"},"image":{"@id":"http:\/\/tauroslovenia.eu\/de\/izdelek\/tauro-pro-line-ultra-natural-care-sanftes-reinigungsshampoo-fuer-haut-und-fell-von-hunden-und-katzen\/#primaryimage"},"thumbnailUrl":"http:\/\/tauroslovenia.eu\/wp-content\/uploads\/2023\/07\/TPL63598.jpg","datePublished":"2024-09-15T21:40:01+00:00","dateModified":"2024-10-25T12:56:45+00:00","breadcrumb":{"@id":"http:\/\/tauroslovenia.eu\/de\/izdelek\/tauro-pro-line-ultra-natural-care-sanftes-reinigungsshampoo-fuer-haut-und-fell-von-hunden-und-katzen\/#breadcrumb"},"inLanguage":"de","potentialAction":[{"@type":"ReadAction","target":["http:\/\/tauroslovenia.eu\/de\/izdelek\/tauro-pro-line-ultra-natural-care-sanftes-reinigungsshampoo-fuer-haut-und-fell-von-hunden-und-katzen\/"]}]},{"@type":"ImageObject","inLanguage":"de","@id":"http:\/\/tauroslovenia.eu\/de\/izdelek\/tauro-pro-line-ultra-natural-care-sanftes-reinigungsshampoo-fuer-haut-und-fell-von-hunden-und-katzen\/#primaryimage","url":"http:\/\/tauroslovenia.eu\/wp-content\/uploads\/2023\/07\/TPL63598.jpg","contentUrl":"http:\/\/tauroslovenia.eu\/wp-content\/uploads\/2023\/07\/TPL63598.jpg","width":1500,"height":1500},{"@type":"BreadcrumbList","@id":"http:\/\/tauroslovenia.eu\/de\/izdelek\/tauro-pro-line-ultra-natural-care-sanftes-reinigungsshampoo-fuer-haut-und-fell-von-hunden-und-katzen\/#breadcrumb","itemListElement":[{"@type":"ListItem","position":1,"name":"Domov","item":"http:\/\/tauroslovenia.eu\/de\/"},{"@type":"ListItem","position":2,"name":"Trgovina","item":"http:\/\/tauroslovenia.eu\/trgovina\/"},{"@type":"ListItem","position":3,"name":"TAURO Pro Line Ultra Natural Care sanftes Reinigungsshampoo f\u00fcr Haut und Fell von Hunden und Katzen"}]},{"@type":"WebSite","@id":"http:\/\/tauroslovenia.eu\/de\/#website","url":"http:\/\/tauroslovenia.eu\/de\/","name":"Tauro Slovenia","description":"","publisher":{"@id":"http:\/\/tauroslovenia.eu\/de\/#organization"},"potentialAction":[{"@type":"SearchAction","target":{"@type":"EntryPoint","urlTemplate":"http:\/\/tauroslovenia.eu\/de\/?s={search_term_string}"},"query-input":{"@type":"PropertyValueSpecification","valueRequired":true,"valueName":"search_term_string"}}],"inLanguage":"de"},{"@type":"Organization","@id":"http:\/\/tauroslovenia.eu\/de\/#organization","name":"KA&L SOLUTIONS d.o.o.","url":"http:\/\/tauroslovenia.eu\/de\/","logo":{"@type":"ImageObject","inLanguage":"de","@id":"http:\/\/tauroslovenia.eu\/de\/#\/schema\/logo\/image\/","url":"http:\/\/tauroslovenia.eu\/wp-content\/uploads\/2023\/07\/logo-tauroproline-email.png","contentUrl":"http:\/\/tauroslovenia.eu\/wp-content\/uploads\/2023\/07\/logo-tauroproline-email.png","width":157,"height":101,"caption":"KA&L SOLUTIONS d.o.o."},"image":{"@id":"http:\/\/tauroslovenia.eu\/de\/#\/schema\/logo\/image\/"},"sameAs":["https:\/\/www.facebook.com\/tauroproline.slovenia\/","https:\/\/www.instagram.com\/tauroproline_slovenia\/"]}]}},"brands":[{"id":264,"name":"TAURO","slug":"tauro"}],"_links":{"self":[{"href":"http:\/\/tauroslovenia.eu\/de\/wp-json\/wp\/v2\/product\/57410"}],"collection":[{"href":"http:\/\/tauroslovenia.eu\/de\/wp-json\/wp\/v2\/product"}],"about":[{"href":"http:\/\/tauroslovenia.eu\/de\/wp-json\/wp\/v2\/types\/product"}],"wp:featuredmedia":[{"embeddable":true,"href":"http:\/\/tauroslovenia.eu\/de\/wp-json\/wp\/v2\/media\/57412"}],"wp:attachment":[{"href":"http:\/\/tauroslovenia.eu\/de\/wp-json\/wp\/v2\/media?parent=57410"}],"wp:term":[{"taxonomy":"pwb-brand","embeddable":true,"href":"http:\/\/tauroslovenia.eu\/de\/wp-json\/wp\/v2\/pwb-brand?post=57410"},{"taxonomy":"product_cat","embeddable":true,"href":"http:\/\/tauroslovenia.eu\/de\/wp-json\/wp\/v2\/product_cat?post=57410"},{"taxonomy":"product_tag","embeddable":true,"href":"http:\/\/tauroslovenia.eu\/de\/wp-json\/wp\/v2\/product_tag?post=57410"}],"curies":[{"name":"wp","href":"https:\/\/api.w.org\/{rel}","templated":true}]}}