{"id":57419,"date":"2024-09-15T23:40:01","date_gmt":"2024-09-15T21:40:01","guid":{"rendered":"https:\/\/tauroslovenia.eu\/izdelek\/tauro-pro-line-ultra-natural-care-detangling-balsam-ohne-ausspuelen-fuer-hunde-und-katzenhaare\/"},"modified":"2024-10-25T14:52:00","modified_gmt":"2024-10-25T12:52:00","slug":"tauro-pro-line-ultra-natural-care-detangling-balsam-ohne-ausspuelen-fuer-hunde-und-katzenhaare","status":"publish","type":"product","link":"http:\/\/tauroslovenia.eu\/de\/izdelek\/tauro-pro-line-ultra-natural-care-detangling-balsam-ohne-ausspuelen-fuer-hunde-und-katzenhaare\/","title":{"rendered":"TAURO Pro Line Ultra Natural Care Detangling Balsam ohne Aussp\u00fclen f\u00fcr Hunde- und Katzenhaare"},"content":{"rendered":"<p>TAURO PRO LINE Ultra Natural Care Detangling Leave-In ist ein Leave-In-Conditioner, der das K\u00e4mmen erleichtert und f\u00fcr Katzen und Hunde mit der empfindlichsten Haut und dem empfindlichsten Fell geeignet ist.<\/p>\n<p>Dieser Leave-In-Conditioner ist sanft und effektiv und wirkt sowohl als Conditioner f\u00fcr Fell und Haut als auch als Feuchtigkeitsprodukt f\u00fcr einfaches B\u00fcrsten.<\/p>\n<p><strong>F\u00fcr einfaches K\u00e4mmen<\/strong><\/p>\n<p>Der Conditioner hilft schnell, Verfilzungen im Fell zu entfernen, wodurch das K\u00e4mmen einfach und schnell wird. Die gebrauchsfertige Formel ohne Aussp\u00fclen hilft, Knoten, Verwicklungen und statische Aufladung zu beseitigen, w\u00e4hrend sie Feuchtigkeit erh\u00e4lt und wiederherstellt und das Fell glatt und gl\u00e4nzend hinterl\u00e4sst.<\/p>\n<p><strong>Glattes und gepflegtes Fell<\/strong><\/p>\n<p>Hydrolysiertes Keratin in der Formel kann die Struktur des Haares f\u00fcr ein glatteres Aussehen verbessern, w\u00e4hrend es im Laufe der Zeit die nat\u00fcrliche Schutzschicht des Haares von innen wiederherstellt, mit Proteinen auff\u00fcllt und Volumen verleiht.<\/p>\n<p><strong>Enth\u00e4lt Glycerin<\/strong><\/p>\n<p>Glycerin in der Formulierung dient als nat\u00fcrlicher Feuchtigkeitsspender: Es durchdringt Haut und Fell mit Feuchtigkeit, kann die Elastizit\u00e4t des Fells verbessern und den Haarausfall reduzieren.<\/p>\n<p><strong>Mit Panthenol<\/strong><\/p>\n<p>Panthenol ist eine Form von Vitamin B5, die h\u00e4ufig in Haut- und Fellpflegeprodukten verwendet wird. Es macht das Fell k\u00e4mmbar, weich und verleiht ihm einen gesunden Glanz.<\/p>\n<p><strong>Enth\u00e4lt Sonnenblumensamenextrakt<\/strong><\/p>\n<p>Der Extrakt enth\u00e4lt viele Vitamine, Mineralien und Antioxidantien, die dazu beitragen k\u00f6nnen, Haut und Fell gesund und sch\u00f6n zu halten.<\/p>\n<p><strong>Mit antistatischen Eigenschaften<\/strong><\/p>\n<p>Reduziert statische Elektrizit\u00e4t, indem es die elektrische Ladung auf der Oberfl\u00e4che der Haare neutralisiert.<\/p>\n<p><strong>F\u00fcr empfindliche Haustiere<\/strong><\/p>\n<p>Dank seiner sanften Formel ist der Conditioner ideal f\u00fcr Haustiere mit empfindlicher Haut: Er ist frei von SLS, Parabenen, Mineral\u00f6len und Silikonen formuliert.<\/p>\n<p><strong>Von Experten getestet<\/strong><\/p>\n<p>Es handelt sich um ein professionelles Produkt, das von einem Z\u00fcchter entwickelt wurde und aus hochwertigen Inhaltsstoffen besteht.<\/p>\n<p><strong>Praktische Verpackung<\/strong><\/p>\n<p>Praktische Verpackung mit Dosierer f\u00fcr pr\u00e4zise Anwendung.<\/p>\n<p><strong>Eigenschaften:<\/strong><\/p>\n<ul>\n<li>Menge &#8211; 250 ml.<\/li>\n<li>F\u00fcr Hunde und Katzen.<\/li>\n<li>F\u00fcr alle Fellarten.<\/li>\n<\/ul>\n<p><strong>Hergestellt<\/strong> in der Europ\u00e4ischen Union.<\/p>\n","protected":false},"excerpt":{"rendered":"<p>TAURO PRO LINE Ultra Natural Care Detangling Leave-In ist ein Balsam ohne Aussp\u00fclen, der das K\u00e4mmen erleichtert und f\u00fcr Katzen und Hunde auch mit empfindlicher Haut und Fell geeignet ist.<\/p>\n","protected":false},"featured_media":57421,"template":"","meta":{"_acf_changed":false},"pwb-brand":[264],"product_cat":[618],"product_tag":[],"class_list":{"0":"post-57419","1":"product","2":"type-product","3":"status-publish","4":"has-post-thumbnail","6":"pwb-brand-tauro","7":"product_cat-schampoo-4","9":"first","10":"instock","11":"taxable","12":"shipping-taxable","13":"purchasable","14":"product-type-simple"},"acf":[],"yoast_head":"<!-- This site is optimized with the Yoast SEO plugin v23.6 - https:\/\/yoast.com\/wordpress\/plugins\/seo\/ -->\n<title>TAURO Pro Line Ultra Natural Care Detangling Balsam ohne Aussp\u00fclen f\u00fcr Hunde- und Katzenhaare | Tauro Slovenia<\/title>\n<meta name=\"robots\" content=\"index, follow, max-snippet:-1, max-image-preview:large, max-video-preview:-1\" \/>\n<link rel=\"canonical\" href=\"http:\/\/tauroslovenia.eu\/de\/izdelek\/tauro-pro-line-ultra-natural-care-detangling-balsam-ohne-ausspuelen-fuer-hunde-und-katzenhaare\/\" \/>\n<meta property=\"og:locale\" content=\"de_DE\" \/>\n<meta property=\"og:type\" content=\"article\" \/>\n<meta property=\"og:title\" content=\"TAURO Pro Line Ultra Natural Care Detangling Balsam ohne Aussp\u00fclen f\u00fcr Hunde- und Katzenhaare | Tauro Slovenia\" \/>\n<meta property=\"og:description\" content=\"TAURO PRO LINE Ultra Natural Care Detangling Leave-In ist ein Balsam ohne Aussp\u00fclen, der das K\u00e4mmen erleichtert und f\u00fcr Katzen und Hunde auch mit empfindlicher Haut und Fell geeignet ist.\" \/>\n<meta property=\"og:url\" content=\"http:\/\/tauroslovenia.eu\/de\/izdelek\/tauro-pro-line-ultra-natural-care-detangling-balsam-ohne-ausspuelen-fuer-hunde-und-katzenhaare\/\" \/>\n<meta property=\"og:site_name\" content=\"Tauro Slovenia\" \/>\n<meta property=\"article:publisher\" content=\"https:\/\/www.facebook.com\/tauroproline.slovenia\/\" \/>\n<meta property=\"article:modified_time\" content=\"2024-10-25T12:52:00+00:00\" \/>\n<meta property=\"og:image\" content=\"https:\/\/tauroslovenia.eu\/wp-content\/uploads\/2023\/07\/TPL63601.jpg\" \/>\n\t<meta property=\"og:image:width\" content=\"893\" \/>\n\t<meta property=\"og:image:height\" content=\"893\" \/>\n\t<meta property=\"og:image:type\" content=\"image\/jpeg\" \/>\n<meta name=\"twitter:card\" content=\"summary_large_image\" \/>\n<meta name=\"twitter:label1\" content=\"Gesch\u00e4tzte Lesezeit\" \/>\n\t<meta name=\"twitter:data1\" content=\"2\u00a0Minuten\" \/>\n<script type=\"application\/ld+json\" class=\"yoast-schema-graph\">{\"@context\":\"https:\/\/schema.org\",\"@graph\":[{\"@type\":\"WebPage\",\"@id\":\"http:\/\/tauroslovenia.eu\/de\/izdelek\/tauro-pro-line-ultra-natural-care-detangling-balsam-ohne-ausspuelen-fuer-hunde-und-katzenhaare\/\",\"url\":\"http:\/\/tauroslovenia.eu\/de\/izdelek\/tauro-pro-line-ultra-natural-care-detangling-balsam-ohne-ausspuelen-fuer-hunde-und-katzenhaare\/\",\"name\":\"TAURO Pro Line Ultra Natural Care Detangling Balsam ohne Aussp\u00fclen f\u00fcr Hunde- und Katzenhaare | Tauro Slovenia\",\"isPartOf\":{\"@id\":\"http:\/\/tauroslovenia.eu\/de\/#website\"},\"primaryImageOfPage\":{\"@id\":\"http:\/\/tauroslovenia.eu\/de\/izdelek\/tauro-pro-line-ultra-natural-care-detangling-balsam-ohne-ausspuelen-fuer-hunde-und-katzenhaare\/#primaryimage\"},\"image\":{\"@id\":\"http:\/\/tauroslovenia.eu\/de\/izdelek\/tauro-pro-line-ultra-natural-care-detangling-balsam-ohne-ausspuelen-fuer-hunde-und-katzenhaare\/#primaryimage\"},\"thumbnailUrl\":\"http:\/\/tauroslovenia.eu\/wp-content\/uploads\/2023\/07\/TPL63601.jpg\",\"datePublished\":\"2024-09-15T21:40:01+00:00\",\"dateModified\":\"2024-10-25T12:52:00+00:00\",\"breadcrumb\":{\"@id\":\"http:\/\/tauroslovenia.eu\/de\/izdelek\/tauro-pro-line-ultra-natural-care-detangling-balsam-ohne-ausspuelen-fuer-hunde-und-katzenhaare\/#breadcrumb\"},\"inLanguage\":\"de\",\"potentialAction\":[{\"@type\":\"ReadAction\",\"target\":[\"http:\/\/tauroslovenia.eu\/de\/izdelek\/tauro-pro-line-ultra-natural-care-detangling-balsam-ohne-ausspuelen-fuer-hunde-und-katzenhaare\/\"]}]},{\"@type\":\"ImageObject\",\"inLanguage\":\"de\",\"@id\":\"http:\/\/tauroslovenia.eu\/de\/izdelek\/tauro-pro-line-ultra-natural-care-detangling-balsam-ohne-ausspuelen-fuer-hunde-und-katzenhaare\/#primaryimage\",\"url\":\"http:\/\/tauroslovenia.eu\/wp-content\/uploads\/2023\/07\/TPL63601.jpg\",\"contentUrl\":\"http:\/\/tauroslovenia.eu\/wp-content\/uploads\/2023\/07\/TPL63601.jpg\",\"width\":893,\"height\":893},{\"@type\":\"BreadcrumbList\",\"@id\":\"http:\/\/tauroslovenia.eu\/de\/izdelek\/tauro-pro-line-ultra-natural-care-detangling-balsam-ohne-ausspuelen-fuer-hunde-und-katzenhaare\/#breadcrumb\",\"itemListElement\":[{\"@type\":\"ListItem\",\"position\":1,\"name\":\"Domov\",\"item\":\"http:\/\/tauroslovenia.eu\/de\/\"},{\"@type\":\"ListItem\",\"position\":2,\"name\":\"Trgovina\",\"item\":\"http:\/\/tauroslovenia.eu\/trgovina\/\"},{\"@type\":\"ListItem\",\"position\":3,\"name\":\"TAURO Pro Line Ultra Natural Care Detangling Balsam ohne Aussp\u00fclen f\u00fcr Hunde- und Katzenhaare\"}]},{\"@type\":\"WebSite\",\"@id\":\"http:\/\/tauroslovenia.eu\/de\/#website\",\"url\":\"http:\/\/tauroslovenia.eu\/de\/\",\"name\":\"Tauro Slovenia\",\"description\":\"\",\"publisher\":{\"@id\":\"http:\/\/tauroslovenia.eu\/de\/#organization\"},\"potentialAction\":[{\"@type\":\"SearchAction\",\"target\":{\"@type\":\"EntryPoint\",\"urlTemplate\":\"http:\/\/tauroslovenia.eu\/de\/?s={search_term_string}\"},\"query-input\":{\"@type\":\"PropertyValueSpecification\",\"valueRequired\":true,\"valueName\":\"search_term_string\"}}],\"inLanguage\":\"de\"},{\"@type\":\"Organization\",\"@id\":\"http:\/\/tauroslovenia.eu\/de\/#organization\",\"name\":\"KA&L SOLUTIONS d.o.o.\",\"url\":\"http:\/\/tauroslovenia.eu\/de\/\",\"logo\":{\"@type\":\"ImageObject\",\"inLanguage\":\"de\",\"@id\":\"http:\/\/tauroslovenia.eu\/de\/#\/schema\/logo\/image\/\",\"url\":\"http:\/\/tauroslovenia.eu\/wp-content\/uploads\/2023\/07\/logo-tauroproline-email.png\",\"contentUrl\":\"http:\/\/tauroslovenia.eu\/wp-content\/uploads\/2023\/07\/logo-tauroproline-email.png\",\"width\":157,\"height\":101,\"caption\":\"KA&L SOLUTIONS d.o.o.\"},\"image\":{\"@id\":\"http:\/\/tauroslovenia.eu\/de\/#\/schema\/logo\/image\/\"},\"sameAs\":[\"https:\/\/www.facebook.com\/tauroproline.slovenia\/\",\"https:\/\/www.instagram.com\/tauroproline_slovenia\/\"]}]}<\/script>\n<!-- \/ Yoast SEO plugin. -->","yoast_head_json":{"title":"TAURO Pro Line Ultra Natural Care Detangling Balsam ohne Aussp\u00fclen f\u00fcr Hunde- und Katzenhaare | Tauro Slovenia","robots":{"index":"index","follow":"follow","max-snippet":"max-snippet:-1","max-image-preview":"max-image-preview:large","max-video-preview":"max-video-preview:-1"},"canonical":"http:\/\/tauroslovenia.eu\/de\/izdelek\/tauro-pro-line-ultra-natural-care-detangling-balsam-ohne-ausspuelen-fuer-hunde-und-katzenhaare\/","og_locale":"de_DE","og_type":"article","og_title":"TAURO Pro Line Ultra Natural Care Detangling Balsam ohne Aussp\u00fclen f\u00fcr Hunde- und Katzenhaare | Tauro Slovenia","og_description":"TAURO PRO LINE Ultra Natural Care Detangling Leave-In ist ein Balsam ohne Aussp\u00fclen, der das K\u00e4mmen erleichtert und f\u00fcr Katzen und Hunde auch mit empfindlicher Haut und Fell geeignet ist.","og_url":"http:\/\/tauroslovenia.eu\/de\/izdelek\/tauro-pro-line-ultra-natural-care-detangling-balsam-ohne-ausspuelen-fuer-hunde-und-katzenhaare\/","og_site_name":"Tauro Slovenia","article_publisher":"https:\/\/www.facebook.com\/tauroproline.slovenia\/","article_modified_time":"2024-10-25T12:52:00+00:00","og_image":[{"width":893,"height":893,"url":"https:\/\/tauroslovenia.eu\/wp-content\/uploads\/2023\/07\/TPL63601.jpg","type":"image\/jpeg"}],"twitter_card":"summary_large_image","twitter_misc":{"Gesch\u00e4tzte Lesezeit":"2\u00a0Minuten"},"schema":{"@context":"https:\/\/schema.org","@graph":[{"@type":"WebPage","@id":"http:\/\/tauroslovenia.eu\/de\/izdelek\/tauro-pro-line-ultra-natural-care-detangling-balsam-ohne-ausspuelen-fuer-hunde-und-katzenhaare\/","url":"http:\/\/tauroslovenia.eu\/de\/izdelek\/tauro-pro-line-ultra-natural-care-detangling-balsam-ohne-ausspuelen-fuer-hunde-und-katzenhaare\/","name":"TAURO Pro Line Ultra Natural Care Detangling Balsam ohne Aussp\u00fclen f\u00fcr Hunde- und Katzenhaare | Tauro Slovenia","isPartOf":{"@id":"http:\/\/tauroslovenia.eu\/de\/#website"},"primaryImageOfPage":{"@id":"http:\/\/tauroslovenia.eu\/de\/izdelek\/tauro-pro-line-ultra-natural-care-detangling-balsam-ohne-ausspuelen-fuer-hunde-und-katzenhaare\/#primaryimage"},"image":{"@id":"http:\/\/tauroslovenia.eu\/de\/izdelek\/tauro-pro-line-ultra-natural-care-detangling-balsam-ohne-ausspuelen-fuer-hunde-und-katzenhaare\/#primaryimage"},"thumbnailUrl":"http:\/\/tauroslovenia.eu\/wp-content\/uploads\/2023\/07\/TPL63601.jpg","datePublished":"2024-09-15T21:40:01+00:00","dateModified":"2024-10-25T12:52:00+00:00","breadcrumb":{"@id":"http:\/\/tauroslovenia.eu\/de\/izdelek\/tauro-pro-line-ultra-natural-care-detangling-balsam-ohne-ausspuelen-fuer-hunde-und-katzenhaare\/#breadcrumb"},"inLanguage":"de","potentialAction":[{"@type":"ReadAction","target":["http:\/\/tauroslovenia.eu\/de\/izdelek\/tauro-pro-line-ultra-natural-care-detangling-balsam-ohne-ausspuelen-fuer-hunde-und-katzenhaare\/"]}]},{"@type":"ImageObject","inLanguage":"de","@id":"http:\/\/tauroslovenia.eu\/de\/izdelek\/tauro-pro-line-ultra-natural-care-detangling-balsam-ohne-ausspuelen-fuer-hunde-und-katzenhaare\/#primaryimage","url":"http:\/\/tauroslovenia.eu\/wp-content\/uploads\/2023\/07\/TPL63601.jpg","contentUrl":"http:\/\/tauroslovenia.eu\/wp-content\/uploads\/2023\/07\/TPL63601.jpg","width":893,"height":893},{"@type":"BreadcrumbList","@id":"http:\/\/tauroslovenia.eu\/de\/izdelek\/tauro-pro-line-ultra-natural-care-detangling-balsam-ohne-ausspuelen-fuer-hunde-und-katzenhaare\/#breadcrumb","itemListElement":[{"@type":"ListItem","position":1,"name":"Domov","item":"http:\/\/tauroslovenia.eu\/de\/"},{"@type":"ListItem","position":2,"name":"Trgovina","item":"http:\/\/tauroslovenia.eu\/trgovina\/"},{"@type":"ListItem","position":3,"name":"TAURO Pro Line Ultra Natural Care Detangling Balsam ohne Aussp\u00fclen f\u00fcr Hunde- und Katzenhaare"}]},{"@type":"WebSite","@id":"http:\/\/tauroslovenia.eu\/de\/#website","url":"http:\/\/tauroslovenia.eu\/de\/","name":"Tauro Slovenia","description":"","publisher":{"@id":"http:\/\/tauroslovenia.eu\/de\/#organization"},"potentialAction":[{"@type":"SearchAction","target":{"@type":"EntryPoint","urlTemplate":"http:\/\/tauroslovenia.eu\/de\/?s={search_term_string}"},"query-input":{"@type":"PropertyValueSpecification","valueRequired":true,"valueName":"search_term_string"}}],"inLanguage":"de"},{"@type":"Organization","@id":"http:\/\/tauroslovenia.eu\/de\/#organization","name":"KA&L SOLUTIONS d.o.o.","url":"http:\/\/tauroslovenia.eu\/de\/","logo":{"@type":"ImageObject","inLanguage":"de","@id":"http:\/\/tauroslovenia.eu\/de\/#\/schema\/logo\/image\/","url":"http:\/\/tauroslovenia.eu\/wp-content\/uploads\/2023\/07\/logo-tauroproline-email.png","contentUrl":"http:\/\/tauroslovenia.eu\/wp-content\/uploads\/2023\/07\/logo-tauroproline-email.png","width":157,"height":101,"caption":"KA&L SOLUTIONS d.o.o."},"image":{"@id":"http:\/\/tauroslovenia.eu\/de\/#\/schema\/logo\/image\/"},"sameAs":["https:\/\/www.facebook.com\/tauroproline.slovenia\/","https:\/\/www.instagram.com\/tauroproline_slovenia\/"]}]}},"brands":[{"id":264,"name":"TAURO","slug":"tauro"}],"_links":{"self":[{"href":"http:\/\/tauroslovenia.eu\/de\/wp-json\/wp\/v2\/product\/57419"}],"collection":[{"href":"http:\/\/tauroslovenia.eu\/de\/wp-json\/wp\/v2\/product"}],"about":[{"href":"http:\/\/tauroslovenia.eu\/de\/wp-json\/wp\/v2\/types\/product"}],"wp:featuredmedia":[{"embeddable":true,"href":"http:\/\/tauroslovenia.eu\/de\/wp-json\/wp\/v2\/media\/57421"}],"wp:attachment":[{"href":"http:\/\/tauroslovenia.eu\/de\/wp-json\/wp\/v2\/media?parent=57419"}],"wp:term":[{"taxonomy":"pwb-brand","embeddable":true,"href":"http:\/\/tauroslovenia.eu\/de\/wp-json\/wp\/v2\/pwb-brand?post=57419"},{"taxonomy":"product_cat","embeddable":true,"href":"http:\/\/tauroslovenia.eu\/de\/wp-json\/wp\/v2\/product_cat?post=57419"},{"taxonomy":"product_tag","embeddable":true,"href":"http:\/\/tauroslovenia.eu\/de\/wp-json\/wp\/v2\/product_tag?post=57419"}],"curies":[{"name":"wp","href":"https:\/\/api.w.org\/{rel}","templated":true}]}}