{"id":57431,"date":"2024-09-15T23:40:01","date_gmt":"2024-09-15T21:40:01","guid":{"rendered":"https:\/\/tauroslovenia.eu\/izdelek\/tauro-pro-line-ultra-natural-care-repair-nourish-maske-fuer-haut-und-fell-von-hunden-und-katzen-2\/"},"modified":"2024-10-25T14:52:26","modified_gmt":"2024-10-25T12:52:26","slug":"tauro-pro-line-ultra-natural-care-repair-nourish-maske-fuer-haut-und-fell-von-hunden-und-katzen-2","status":"publish","type":"product","link":"http:\/\/tauroslovenia.eu\/de\/izdelek\/tauro-pro-line-ultra-natural-care-repair-nourish-maske-fuer-haut-und-fell-von-hunden-und-katzen-2\/","title":{"rendered":"TAURO Pro Line Ultra Natural Care Repair &#038; Nourish Maske f\u00fcr Haut und Fell von Hunden und Katzen"},"content":{"rendered":"<p>Repair &#038; Nourish Maske zur Regeneration und Pflege von Fell und Haut bei Hunden und Katzen.<\/p>\n<p>Dies ist der 3. Schritt \u2013 Fixierung \u2013 in einem dreistufigen System: Das Fell wird gen\u00e4hrt, das Ergebnis wird fixiert und die Feuchtigkeit von Fell und Haut wird aufrechterhalten.<\/p>\n<p><strong>Mit Sheabutter und Avocado-Extrakt<\/strong><\/p>\n<p>Sheabutter und Avocado-Extrakt n\u00e4hren und befeuchten trockenes, schwaches Haar und k\u00f6nnen dabei helfen, den gesunden Glanz und die Weichheit des Haares zur\u00fcckzubringen.<\/p>\n<p><strong>Enth\u00e4lt Glycerin<\/strong><\/p>\n<p>Glycerin in der Formulierung des Produkts dient als nat\u00fcrlicher Feuchtigkeitsspender: Es versorgt die Haut und das Fell tiefgehend mit Feuchtigkeit, kann die Elastizit\u00e4t des Fells verbessern und Haarausfall reduzieren.<\/p>\n<p><strong>UV-Schutz<\/strong><\/p>\n<p>Das enthaltene hydrolysierte Seidenprotein kann dabei helfen, vor UV-Strahlen zu sch\u00fctzen.<\/p>\n<p><strong>Entwirrende Eigenschaften<\/strong><\/p>\n<p>Die Maske hat feuchtigkeitsspendende und regenerierende Eigenschaften, ideal zur Entfernung von Verfilzungen.<\/p>\n<p><strong>F\u00fcr empfindliche Haustiere<\/strong><\/p>\n<p>Dank der sanften Formel ist die Maske ideal f\u00fcr Haustiere mit empfindlicher Haut: Sie ist ohne SLS, Parabene, Mineral\u00f6le und Silikone formuliert.<\/p>\n<p><strong>Von Experten gepr\u00fcft<\/strong><\/p>\n<p>Ein professionelles Produkt, entwickelt von einem Z\u00fcchter und hergestellt aus hochwertigen Zutaten.<\/p>\n<p><strong>Eigenschaften:<\/strong><\/p>\n<ul>\n<li>Inhalt &#8211; 400 ml, 1000 ml, 3785 ml.<\/li>\n<li>F\u00fcr Hunde und Katzen.<\/li>\n<li>Geeignet f\u00fcr alle Felltypen.<\/li>\n<\/ul>\n<p><strong>Hergestellt<\/strong> in der Europ\u00e4ischen Union.<\/p>\n","protected":false},"excerpt":{"rendered":"<p>Reparatur- und Pflegemaske zur Wiederherstellung und Pflege von Fell und Haut von Hunden und Katzen.<\/p>\n","protected":false},"featured_media":57433,"template":"","meta":{"_acf_changed":false},"pwb-brand":[264],"product_cat":[623],"product_tag":[],"class_list":{"0":"post-57431","1":"product","2":"type-product","3":"status-publish","4":"has-post-thumbnail","6":"pwb-brand-tauro","7":"product_cat-schampoo-5","9":"first","10":"instock","11":"taxable","12":"shipping-taxable","13":"purchasable","14":"product-type-simple"},"acf":[],"yoast_head":"<!-- This site is optimized with the Yoast SEO plugin v23.6 - https:\/\/yoast.com\/wordpress\/plugins\/seo\/ -->\n<title>TAURO Pro Line Ultra Natural Care Repair &amp; Nourish Maske f\u00fcr Haut und Fell von Hunden und Katzen | Tauro Slovenia<\/title>\n<meta name=\"robots\" content=\"index, follow, max-snippet:-1, max-image-preview:large, max-video-preview:-1\" \/>\n<link rel=\"canonical\" href=\"http:\/\/tauroslovenia.eu\/de\/izdelek\/tauro-pro-line-ultra-natural-care-repair-nourish-maske-fuer-haut-und-fell-von-hunden-und-katzen-2\/\" \/>\n<meta property=\"og:locale\" content=\"de_DE\" \/>\n<meta property=\"og:type\" content=\"article\" \/>\n<meta property=\"og:title\" content=\"TAURO Pro Line Ultra Natural Care Repair &amp; Nourish Maske f\u00fcr Haut und Fell von Hunden und Katzen | Tauro Slovenia\" \/>\n<meta property=\"og:description\" content=\"Reparatur- und Pflegemaske zur Wiederherstellung und Pflege von Fell und Haut von Hunden und Katzen.\" \/>\n<meta property=\"og:url\" content=\"http:\/\/tauroslovenia.eu\/de\/izdelek\/tauro-pro-line-ultra-natural-care-repair-nourish-maske-fuer-haut-und-fell-von-hunden-und-katzen-2\/\" \/>\n<meta property=\"og:site_name\" content=\"Tauro Slovenia\" \/>\n<meta property=\"article:publisher\" content=\"https:\/\/www.facebook.com\/tauroproline.slovenia\/\" \/>\n<meta property=\"article:modified_time\" content=\"2024-10-25T12:52:26+00:00\" \/>\n<meta property=\"og:image\" content=\"http:\/\/tauroslovenia.eu\/wp-content\/uploads\/2023\/07\/TPL63605.png\" \/>\n\t<meta property=\"og:image:width\" content=\"836\" \/>\n\t<meta property=\"og:image:height\" content=\"836\" \/>\n\t<meta property=\"og:image:type\" content=\"image\/png\" \/>\n<meta name=\"twitter:card\" content=\"summary_large_image\" \/>\n<meta name=\"twitter:label1\" content=\"Gesch\u00e4tzte Lesezeit\" \/>\n\t<meta name=\"twitter:data1\" content=\"1\u00a0Minute\" \/>\n<script type=\"application\/ld+json\" class=\"yoast-schema-graph\">{\"@context\":\"https:\/\/schema.org\",\"@graph\":[{\"@type\":\"WebPage\",\"@id\":\"http:\/\/tauroslovenia.eu\/de\/izdelek\/tauro-pro-line-ultra-natural-care-repair-nourish-maske-fuer-haut-und-fell-von-hunden-und-katzen-2\/\",\"url\":\"http:\/\/tauroslovenia.eu\/de\/izdelek\/tauro-pro-line-ultra-natural-care-repair-nourish-maske-fuer-haut-und-fell-von-hunden-und-katzen-2\/\",\"name\":\"TAURO Pro Line Ultra Natural Care Repair & Nourish Maske f\u00fcr Haut und Fell von Hunden und Katzen | Tauro Slovenia\",\"isPartOf\":{\"@id\":\"http:\/\/tauroslovenia.eu\/de\/#website\"},\"primaryImageOfPage\":{\"@id\":\"http:\/\/tauroslovenia.eu\/de\/izdelek\/tauro-pro-line-ultra-natural-care-repair-nourish-maske-fuer-haut-und-fell-von-hunden-und-katzen-2\/#primaryimage\"},\"image\":{\"@id\":\"http:\/\/tauroslovenia.eu\/de\/izdelek\/tauro-pro-line-ultra-natural-care-repair-nourish-maske-fuer-haut-und-fell-von-hunden-und-katzen-2\/#primaryimage\"},\"thumbnailUrl\":\"http:\/\/tauroslovenia.eu\/wp-content\/uploads\/2023\/07\/TPL63605.png\",\"datePublished\":\"2024-09-15T21:40:01+00:00\",\"dateModified\":\"2024-10-25T12:52:26+00:00\",\"breadcrumb\":{\"@id\":\"http:\/\/tauroslovenia.eu\/de\/izdelek\/tauro-pro-line-ultra-natural-care-repair-nourish-maske-fuer-haut-und-fell-von-hunden-und-katzen-2\/#breadcrumb\"},\"inLanguage\":\"de\",\"potentialAction\":[{\"@type\":\"ReadAction\",\"target\":[\"http:\/\/tauroslovenia.eu\/de\/izdelek\/tauro-pro-line-ultra-natural-care-repair-nourish-maske-fuer-haut-und-fell-von-hunden-und-katzen-2\/\"]}]},{\"@type\":\"ImageObject\",\"inLanguage\":\"de\",\"@id\":\"http:\/\/tauroslovenia.eu\/de\/izdelek\/tauro-pro-line-ultra-natural-care-repair-nourish-maske-fuer-haut-und-fell-von-hunden-und-katzen-2\/#primaryimage\",\"url\":\"http:\/\/tauroslovenia.eu\/wp-content\/uploads\/2023\/07\/TPL63605.png\",\"contentUrl\":\"http:\/\/tauroslovenia.eu\/wp-content\/uploads\/2023\/07\/TPL63605.png\",\"width\":836,\"height\":836},{\"@type\":\"BreadcrumbList\",\"@id\":\"http:\/\/tauroslovenia.eu\/de\/izdelek\/tauro-pro-line-ultra-natural-care-repair-nourish-maske-fuer-haut-und-fell-von-hunden-und-katzen-2\/#breadcrumb\",\"itemListElement\":[{\"@type\":\"ListItem\",\"position\":1,\"name\":\"Domov\",\"item\":\"http:\/\/tauroslovenia.eu\/de\/\"},{\"@type\":\"ListItem\",\"position\":2,\"name\":\"Trgovina\",\"item\":\"http:\/\/tauroslovenia.eu\/trgovina\/\"},{\"@type\":\"ListItem\",\"position\":3,\"name\":\"TAURO Pro Line Ultra Natural Care Repair &#038; Nourish Maske f\u00fcr Haut und Fell von Hunden und Katzen\"}]},{\"@type\":\"WebSite\",\"@id\":\"http:\/\/tauroslovenia.eu\/de\/#website\",\"url\":\"http:\/\/tauroslovenia.eu\/de\/\",\"name\":\"Tauro Slovenia\",\"description\":\"\",\"publisher\":{\"@id\":\"http:\/\/tauroslovenia.eu\/de\/#organization\"},\"potentialAction\":[{\"@type\":\"SearchAction\",\"target\":{\"@type\":\"EntryPoint\",\"urlTemplate\":\"http:\/\/tauroslovenia.eu\/de\/?s={search_term_string}\"},\"query-input\":{\"@type\":\"PropertyValueSpecification\",\"valueRequired\":true,\"valueName\":\"search_term_string\"}}],\"inLanguage\":\"de\"},{\"@type\":\"Organization\",\"@id\":\"http:\/\/tauroslovenia.eu\/de\/#organization\",\"name\":\"KA&L SOLUTIONS d.o.o.\",\"url\":\"http:\/\/tauroslovenia.eu\/de\/\",\"logo\":{\"@type\":\"ImageObject\",\"inLanguage\":\"de\",\"@id\":\"http:\/\/tauroslovenia.eu\/de\/#\/schema\/logo\/image\/\",\"url\":\"http:\/\/tauroslovenia.eu\/wp-content\/uploads\/2023\/07\/logo-tauroproline-email.png\",\"contentUrl\":\"http:\/\/tauroslovenia.eu\/wp-content\/uploads\/2023\/07\/logo-tauroproline-email.png\",\"width\":157,\"height\":101,\"caption\":\"KA&L SOLUTIONS d.o.o.\"},\"image\":{\"@id\":\"http:\/\/tauroslovenia.eu\/de\/#\/schema\/logo\/image\/\"},\"sameAs\":[\"https:\/\/www.facebook.com\/tauroproline.slovenia\/\",\"https:\/\/www.instagram.com\/tauroproline_slovenia\/\"]}]}<\/script>\n<!-- \/ Yoast SEO plugin. -->","yoast_head_json":{"title":"TAURO Pro Line Ultra Natural Care Repair & Nourish Maske f\u00fcr Haut und Fell von Hunden und Katzen | Tauro Slovenia","robots":{"index":"index","follow":"follow","max-snippet":"max-snippet:-1","max-image-preview":"max-image-preview:large","max-video-preview":"max-video-preview:-1"},"canonical":"http:\/\/tauroslovenia.eu\/de\/izdelek\/tauro-pro-line-ultra-natural-care-repair-nourish-maske-fuer-haut-und-fell-von-hunden-und-katzen-2\/","og_locale":"de_DE","og_type":"article","og_title":"TAURO Pro Line Ultra Natural Care Repair & Nourish Maske f\u00fcr Haut und Fell von Hunden und Katzen | Tauro Slovenia","og_description":"Reparatur- und Pflegemaske zur Wiederherstellung und Pflege von Fell und Haut von Hunden und Katzen.","og_url":"http:\/\/tauroslovenia.eu\/de\/izdelek\/tauro-pro-line-ultra-natural-care-repair-nourish-maske-fuer-haut-und-fell-von-hunden-und-katzen-2\/","og_site_name":"Tauro Slovenia","article_publisher":"https:\/\/www.facebook.com\/tauroproline.slovenia\/","article_modified_time":"2024-10-25T12:52:26+00:00","og_image":[{"width":836,"height":836,"url":"http:\/\/tauroslovenia.eu\/wp-content\/uploads\/2023\/07\/TPL63605.png","type":"image\/png"}],"twitter_card":"summary_large_image","twitter_misc":{"Gesch\u00e4tzte Lesezeit":"1\u00a0Minute"},"schema":{"@context":"https:\/\/schema.org","@graph":[{"@type":"WebPage","@id":"http:\/\/tauroslovenia.eu\/de\/izdelek\/tauro-pro-line-ultra-natural-care-repair-nourish-maske-fuer-haut-und-fell-von-hunden-und-katzen-2\/","url":"http:\/\/tauroslovenia.eu\/de\/izdelek\/tauro-pro-line-ultra-natural-care-repair-nourish-maske-fuer-haut-und-fell-von-hunden-und-katzen-2\/","name":"TAURO Pro Line Ultra Natural Care Repair & Nourish Maske f\u00fcr Haut und Fell von Hunden und Katzen | Tauro Slovenia","isPartOf":{"@id":"http:\/\/tauroslovenia.eu\/de\/#website"},"primaryImageOfPage":{"@id":"http:\/\/tauroslovenia.eu\/de\/izdelek\/tauro-pro-line-ultra-natural-care-repair-nourish-maske-fuer-haut-und-fell-von-hunden-und-katzen-2\/#primaryimage"},"image":{"@id":"http:\/\/tauroslovenia.eu\/de\/izdelek\/tauro-pro-line-ultra-natural-care-repair-nourish-maske-fuer-haut-und-fell-von-hunden-und-katzen-2\/#primaryimage"},"thumbnailUrl":"http:\/\/tauroslovenia.eu\/wp-content\/uploads\/2023\/07\/TPL63605.png","datePublished":"2024-09-15T21:40:01+00:00","dateModified":"2024-10-25T12:52:26+00:00","breadcrumb":{"@id":"http:\/\/tauroslovenia.eu\/de\/izdelek\/tauro-pro-line-ultra-natural-care-repair-nourish-maske-fuer-haut-und-fell-von-hunden-und-katzen-2\/#breadcrumb"},"inLanguage":"de","potentialAction":[{"@type":"ReadAction","target":["http:\/\/tauroslovenia.eu\/de\/izdelek\/tauro-pro-line-ultra-natural-care-repair-nourish-maske-fuer-haut-und-fell-von-hunden-und-katzen-2\/"]}]},{"@type":"ImageObject","inLanguage":"de","@id":"http:\/\/tauroslovenia.eu\/de\/izdelek\/tauro-pro-line-ultra-natural-care-repair-nourish-maske-fuer-haut-und-fell-von-hunden-und-katzen-2\/#primaryimage","url":"http:\/\/tauroslovenia.eu\/wp-content\/uploads\/2023\/07\/TPL63605.png","contentUrl":"http:\/\/tauroslovenia.eu\/wp-content\/uploads\/2023\/07\/TPL63605.png","width":836,"height":836},{"@type":"BreadcrumbList","@id":"http:\/\/tauroslovenia.eu\/de\/izdelek\/tauro-pro-line-ultra-natural-care-repair-nourish-maske-fuer-haut-und-fell-von-hunden-und-katzen-2\/#breadcrumb","itemListElement":[{"@type":"ListItem","position":1,"name":"Domov","item":"http:\/\/tauroslovenia.eu\/de\/"},{"@type":"ListItem","position":2,"name":"Trgovina","item":"http:\/\/tauroslovenia.eu\/trgovina\/"},{"@type":"ListItem","position":3,"name":"TAURO Pro Line Ultra Natural Care Repair &#038; Nourish Maske f\u00fcr Haut und Fell von Hunden und Katzen"}]},{"@type":"WebSite","@id":"http:\/\/tauroslovenia.eu\/de\/#website","url":"http:\/\/tauroslovenia.eu\/de\/","name":"Tauro Slovenia","description":"","publisher":{"@id":"http:\/\/tauroslovenia.eu\/de\/#organization"},"potentialAction":[{"@type":"SearchAction","target":{"@type":"EntryPoint","urlTemplate":"http:\/\/tauroslovenia.eu\/de\/?s={search_term_string}"},"query-input":{"@type":"PropertyValueSpecification","valueRequired":true,"valueName":"search_term_string"}}],"inLanguage":"de"},{"@type":"Organization","@id":"http:\/\/tauroslovenia.eu\/de\/#organization","name":"KA&L SOLUTIONS d.o.o.","url":"http:\/\/tauroslovenia.eu\/de\/","logo":{"@type":"ImageObject","inLanguage":"de","@id":"http:\/\/tauroslovenia.eu\/de\/#\/schema\/logo\/image\/","url":"http:\/\/tauroslovenia.eu\/wp-content\/uploads\/2023\/07\/logo-tauroproline-email.png","contentUrl":"http:\/\/tauroslovenia.eu\/wp-content\/uploads\/2023\/07\/logo-tauroproline-email.png","width":157,"height":101,"caption":"KA&L SOLUTIONS d.o.o."},"image":{"@id":"http:\/\/tauroslovenia.eu\/de\/#\/schema\/logo\/image\/"},"sameAs":["https:\/\/www.facebook.com\/tauroproline.slovenia\/","https:\/\/www.instagram.com\/tauroproline_slovenia\/"]}]}},"brands":[{"id":264,"name":"TAURO","slug":"tauro"}],"_links":{"self":[{"href":"http:\/\/tauroslovenia.eu\/de\/wp-json\/wp\/v2\/product\/57431"}],"collection":[{"href":"http:\/\/tauroslovenia.eu\/de\/wp-json\/wp\/v2\/product"}],"about":[{"href":"http:\/\/tauroslovenia.eu\/de\/wp-json\/wp\/v2\/types\/product"}],"wp:featuredmedia":[{"embeddable":true,"href":"http:\/\/tauroslovenia.eu\/de\/wp-json\/wp\/v2\/media\/57433"}],"wp:attachment":[{"href":"http:\/\/tauroslovenia.eu\/de\/wp-json\/wp\/v2\/media?parent=57431"}],"wp:term":[{"taxonomy":"pwb-brand","embeddable":true,"href":"http:\/\/tauroslovenia.eu\/de\/wp-json\/wp\/v2\/pwb-brand?post=57431"},{"taxonomy":"product_cat","embeddable":true,"href":"http:\/\/tauroslovenia.eu\/de\/wp-json\/wp\/v2\/product_cat?post=57431"},{"taxonomy":"product_tag","embeddable":true,"href":"http:\/\/tauroslovenia.eu\/de\/wp-json\/wp\/v2\/product_tag?post=57431"}],"curies":[{"name":"wp","href":"https:\/\/api.w.org\/{rel}","templated":true}]}}