{"id":57452,"date":"2024-09-15T23:40:06","date_gmt":"2024-09-15T21:40:06","guid":{"rendered":"https:\/\/tauroslovenia.eu\/izdelek\/tauro-pro-line-ultra-natural-care-fuer-weisses-und-helles-fell-aufhellungsshampoo-fuer-hunde-und-katzen-mit-weissem-und-hellem-fell\/"},"modified":"2024-10-25T14:56:27","modified_gmt":"2024-10-25T12:56:27","slug":"tauro-pro-line-ultra-natural-care-fuer-weisses-und-helles-fell-aufhellungsshampoo-fuer-hunde-und-katzen-mit-weissem-und-hellem-fell","status":"publish","type":"product","link":"http:\/\/tauroslovenia.eu\/de\/izdelek\/tauro-pro-line-ultra-natural-care-fuer-weisses-und-helles-fell-aufhellungsshampoo-fuer-hunde-und-katzen-mit-weissem-und-hellem-fell\/","title":{"rendered":"TAURO Pro Line Ultra Natural Care f\u00fcr wei\u00dfes und helles Fell, Aufhellungsshampoo f\u00fcr Hunde und Katzen mit wei\u00dfem und hellem Fell"},"content":{"rendered":"<p>Whitening Shampoo ist ein Pflege-Shampoo, das speziell f\u00fcr Hunde und Katzen mit wei\u00dfem oder hellem Fell entwickelt wurde, um die nat\u00fcrliche wei\u00dfe Farbe des Fells Ihrer Haustiere zu erhalten.<\/p>\n<p>Der Whitening Shampoo ist ein 1-stufiges Reinigungs-Shampoo im dreistufigen System: Es dient zur Entfernung von Schmutz, \u00fcbersch\u00fcssigem Talg, Staubpartikeln, Verunreinigungen und R\u00fcckst\u00e4nden von Haut- und Fellpflegeprodukten.<\/p>\n<p><strong>F\u00fcr wei\u00dfes und helles Fell<\/strong><\/p>\n<p>Das Shampoo ist speziell f\u00fcr Hunde und Katzen mit wei\u00dfem oder hellem Fell entwickelt worden. Es entfernt gr\u00fcndlich und ohne die Haut oder das Fell zu sch\u00e4digen gelbe und braune Flecken und hebt die wei\u00dfe Farbe auf nat\u00fcrliche Weise hervor.<\/p>\n<p><strong>Mit Panthenol<\/strong><\/p>\n<p>Das Produkt enth\u00e4lt Panthenol, eine Form von Vitamin B5, die h\u00e4ufig in Haut- und Haarpflegeprodukten verwendet wird. Es macht das Fell leicht k\u00e4mmbar, weich und verleiht ihm einen gesunden Glanz.<\/p>\n<p><strong>Enth\u00e4lt Glycerin<\/strong><\/p>\n<p>Glycerin in der Formulierung des Produkts dient als nat\u00fcrlicher Feuchtigkeitsspender: Es versorgt Haut und Fell tiefgehend mit Feuchtigkeit, kann die Elastizit\u00e4t des Fells verbessern und Haarausfall reduzieren.<\/p>\n<p><strong>Mit Honigextrakt<\/strong><\/p>\n<p>Honigextrakt pflegt und n\u00e4hrt die Haut und hilft, Trockenheit zu verhindern. Er verleiht dem Fell einen seidigen Glanz, kann Haarausfall reduzieren und die Elastizit\u00e4t verbessern.<\/p>\n<p><strong>F\u00fcr empfindliche Haustiere<\/strong><\/p>\n<p>Aufgrund seiner sanften Formel ist das Shampoo ideal f\u00fcr Haustiere mit empfindlicher Haut: Es ist ohne SLS, Parabene, Mineral\u00f6le und Silikone formuliert.<\/p>\n<p><strong>Von Experten gepr\u00fcft<\/strong><\/p>\n<p>Ein professionelles Produkt, entwickelt von einem Z\u00fcchter und hergestellt aus hochwertigen Zutaten.<\/p>\n<p><strong>pH-Kontrolle<\/strong><\/p>\n<p>Das milde, nat\u00fcrlich formulierte Produkt wirkt effektiv und reizt die Haut des Haustieres nicht, w\u00e4hrend es hilft, das optimale pH-Gleichgewicht der Haut zu erhalten.<\/p>\n<p><strong>Eigenschaften:<\/strong><\/p>\n<ul>\n<li>Inhalt &#8211; 400 ml, 1000 ml, 3785 ml.<\/li>\n<li>F\u00fcr Hunde und Katzen.<\/li>\n<li>Geeignet f\u00fcr wei\u00dfes und helles Fell.<\/li>\n<\/ul>\n<p><strong>Hergestellt<\/strong> in der Europ\u00e4ischen Union.<\/p>\n","protected":false},"excerpt":{"rendered":"<p>Aufhellendes Shampoo f\u00fcr Hunde und Katzen mit wei\u00dfem und hellem Fell.<\/p>\n","protected":false},"featured_media":57454,"template":"","meta":{"_acf_changed":false},"pwb-brand":[264],"product_cat":[624],"product_tag":[],"class_list":{"0":"post-57452","1":"product","2":"type-product","3":"status-publish","4":"has-post-thumbnail","6":"pwb-brand-tauro","7":"product_cat-schampoo-6","9":"first","10":"instock","11":"taxable","12":"shipping-taxable","13":"purchasable","14":"product-type-simple"},"acf":[],"yoast_head":"<!-- This site is optimized with the Yoast SEO plugin v23.6 - https:\/\/yoast.com\/wordpress\/plugins\/seo\/ -->\n<title>TAURO Pro Line Ultra Natural Care f\u00fcr wei\u00dfes und helles Fell, Aufhellungsshampoo f\u00fcr Hunde und Katzen mit wei\u00dfem und hellem Fell | Tauro Slovenia<\/title>\n<meta name=\"robots\" content=\"index, follow, max-snippet:-1, max-image-preview:large, max-video-preview:-1\" \/>\n<link rel=\"canonical\" href=\"http:\/\/tauroslovenia.eu\/de\/izdelek\/tauro-pro-line-ultra-natural-care-fuer-weisses-und-helles-fell-aufhellungsshampoo-fuer-hunde-und-katzen-mit-weissem-und-hellem-fell\/\" \/>\n<meta property=\"og:locale\" content=\"de_DE\" \/>\n<meta property=\"og:type\" content=\"article\" \/>\n<meta property=\"og:title\" content=\"TAURO Pro Line Ultra Natural Care f\u00fcr wei\u00dfes und helles Fell, Aufhellungsshampoo f\u00fcr Hunde und Katzen mit wei\u00dfem und hellem Fell | Tauro Slovenia\" \/>\n<meta property=\"og:description\" content=\"Aufhellendes Shampoo f\u00fcr Hunde und Katzen mit wei\u00dfem und hellem Fell.\" \/>\n<meta property=\"og:url\" content=\"http:\/\/tauroslovenia.eu\/de\/izdelek\/tauro-pro-line-ultra-natural-care-fuer-weisses-und-helles-fell-aufhellungsshampoo-fuer-hunde-und-katzen-mit-weissem-und-hellem-fell\/\" \/>\n<meta property=\"og:site_name\" content=\"Tauro Slovenia\" \/>\n<meta property=\"article:publisher\" content=\"https:\/\/www.facebook.com\/tauroproline.slovenia\/\" \/>\n<meta property=\"article:modified_time\" content=\"2024-10-25T12:56:27+00:00\" \/>\n<meta property=\"og:image\" content=\"http:\/\/tauroslovenia.eu\/wp-content\/uploads\/2023\/07\/TPL63612.png\" \/>\n\t<meta property=\"og:image:width\" content=\"836\" \/>\n\t<meta property=\"og:image:height\" content=\"836\" \/>\n\t<meta property=\"og:image:type\" content=\"image\/png\" \/>\n<meta name=\"twitter:card\" content=\"summary_large_image\" \/>\n<meta name=\"twitter:label1\" content=\"Gesch\u00e4tzte Lesezeit\" \/>\n\t<meta name=\"twitter:data1\" content=\"2\u00a0Minuten\" \/>\n<script type=\"application\/ld+json\" class=\"yoast-schema-graph\">{\"@context\":\"https:\/\/schema.org\",\"@graph\":[{\"@type\":\"WebPage\",\"@id\":\"http:\/\/tauroslovenia.eu\/de\/izdelek\/tauro-pro-line-ultra-natural-care-fuer-weisses-und-helles-fell-aufhellungsshampoo-fuer-hunde-und-katzen-mit-weissem-und-hellem-fell\/\",\"url\":\"http:\/\/tauroslovenia.eu\/de\/izdelek\/tauro-pro-line-ultra-natural-care-fuer-weisses-und-helles-fell-aufhellungsshampoo-fuer-hunde-und-katzen-mit-weissem-und-hellem-fell\/\",\"name\":\"TAURO Pro Line Ultra Natural Care f\u00fcr wei\u00dfes und helles Fell, Aufhellungsshampoo f\u00fcr Hunde und Katzen mit wei\u00dfem und hellem Fell | Tauro Slovenia\",\"isPartOf\":{\"@id\":\"http:\/\/tauroslovenia.eu\/de\/#website\"},\"primaryImageOfPage\":{\"@id\":\"http:\/\/tauroslovenia.eu\/de\/izdelek\/tauro-pro-line-ultra-natural-care-fuer-weisses-und-helles-fell-aufhellungsshampoo-fuer-hunde-und-katzen-mit-weissem-und-hellem-fell\/#primaryimage\"},\"image\":{\"@id\":\"http:\/\/tauroslovenia.eu\/de\/izdelek\/tauro-pro-line-ultra-natural-care-fuer-weisses-und-helles-fell-aufhellungsshampoo-fuer-hunde-und-katzen-mit-weissem-und-hellem-fell\/#primaryimage\"},\"thumbnailUrl\":\"http:\/\/tauroslovenia.eu\/wp-content\/uploads\/2023\/07\/TPL63612.png\",\"datePublished\":\"2024-09-15T21:40:06+00:00\",\"dateModified\":\"2024-10-25T12:56:27+00:00\",\"breadcrumb\":{\"@id\":\"http:\/\/tauroslovenia.eu\/de\/izdelek\/tauro-pro-line-ultra-natural-care-fuer-weisses-und-helles-fell-aufhellungsshampoo-fuer-hunde-und-katzen-mit-weissem-und-hellem-fell\/#breadcrumb\"},\"inLanguage\":\"de\",\"potentialAction\":[{\"@type\":\"ReadAction\",\"target\":[\"http:\/\/tauroslovenia.eu\/de\/izdelek\/tauro-pro-line-ultra-natural-care-fuer-weisses-und-helles-fell-aufhellungsshampoo-fuer-hunde-und-katzen-mit-weissem-und-hellem-fell\/\"]}]},{\"@type\":\"ImageObject\",\"inLanguage\":\"de\",\"@id\":\"http:\/\/tauroslovenia.eu\/de\/izdelek\/tauro-pro-line-ultra-natural-care-fuer-weisses-und-helles-fell-aufhellungsshampoo-fuer-hunde-und-katzen-mit-weissem-und-hellem-fell\/#primaryimage\",\"url\":\"http:\/\/tauroslovenia.eu\/wp-content\/uploads\/2023\/07\/TPL63612.png\",\"contentUrl\":\"http:\/\/tauroslovenia.eu\/wp-content\/uploads\/2023\/07\/TPL63612.png\",\"width\":836,\"height\":836},{\"@type\":\"BreadcrumbList\",\"@id\":\"http:\/\/tauroslovenia.eu\/de\/izdelek\/tauro-pro-line-ultra-natural-care-fuer-weisses-und-helles-fell-aufhellungsshampoo-fuer-hunde-und-katzen-mit-weissem-und-hellem-fell\/#breadcrumb\",\"itemListElement\":[{\"@type\":\"ListItem\",\"position\":1,\"name\":\"Domov\",\"item\":\"http:\/\/tauroslovenia.eu\/de\/\"},{\"@type\":\"ListItem\",\"position\":2,\"name\":\"Trgovina\",\"item\":\"https:\/\/tauroslovenia.eu\/trgovina\/\"},{\"@type\":\"ListItem\",\"position\":3,\"name\":\"TAURO Pro Line Ultra Natural Care f\u00fcr wei\u00dfes und helles Fell, Aufhellungsshampoo f\u00fcr Hunde und Katzen mit wei\u00dfem und hellem Fell\"}]},{\"@type\":\"WebSite\",\"@id\":\"http:\/\/tauroslovenia.eu\/de\/#website\",\"url\":\"http:\/\/tauroslovenia.eu\/de\/\",\"name\":\"Tauro Slovenia\",\"description\":\"\",\"publisher\":{\"@id\":\"http:\/\/tauroslovenia.eu\/de\/#organization\"},\"potentialAction\":[{\"@type\":\"SearchAction\",\"target\":{\"@type\":\"EntryPoint\",\"urlTemplate\":\"http:\/\/tauroslovenia.eu\/de\/?s={search_term_string}\"},\"query-input\":{\"@type\":\"PropertyValueSpecification\",\"valueRequired\":true,\"valueName\":\"search_term_string\"}}],\"inLanguage\":\"de\"},{\"@type\":\"Organization\",\"@id\":\"http:\/\/tauroslovenia.eu\/de\/#organization\",\"name\":\"KA&L SOLUTIONS d.o.o.\",\"url\":\"http:\/\/tauroslovenia.eu\/de\/\",\"logo\":{\"@type\":\"ImageObject\",\"inLanguage\":\"de\",\"@id\":\"http:\/\/tauroslovenia.eu\/de\/#\/schema\/logo\/image\/\",\"url\":\"http:\/\/tauroslovenia.eu\/wp-content\/uploads\/2023\/07\/logo-tauroproline-email.png\",\"contentUrl\":\"http:\/\/tauroslovenia.eu\/wp-content\/uploads\/2023\/07\/logo-tauroproline-email.png\",\"width\":157,\"height\":101,\"caption\":\"KA&L SOLUTIONS d.o.o.\"},\"image\":{\"@id\":\"http:\/\/tauroslovenia.eu\/de\/#\/schema\/logo\/image\/\"},\"sameAs\":[\"https:\/\/www.facebook.com\/tauroproline.slovenia\/\",\"https:\/\/www.instagram.com\/tauroproline_slovenia\/\"]}]}<\/script>\n<!-- \/ Yoast SEO plugin. -->","yoast_head_json":{"title":"TAURO Pro Line Ultra Natural Care f\u00fcr wei\u00dfes und helles Fell, Aufhellungsshampoo f\u00fcr Hunde und Katzen mit wei\u00dfem und hellem Fell | Tauro Slovenia","robots":{"index":"index","follow":"follow","max-snippet":"max-snippet:-1","max-image-preview":"max-image-preview:large","max-video-preview":"max-video-preview:-1"},"canonical":"http:\/\/tauroslovenia.eu\/de\/izdelek\/tauro-pro-line-ultra-natural-care-fuer-weisses-und-helles-fell-aufhellungsshampoo-fuer-hunde-und-katzen-mit-weissem-und-hellem-fell\/","og_locale":"de_DE","og_type":"article","og_title":"TAURO Pro Line Ultra Natural Care f\u00fcr wei\u00dfes und helles Fell, Aufhellungsshampoo f\u00fcr Hunde und Katzen mit wei\u00dfem und hellem Fell | Tauro Slovenia","og_description":"Aufhellendes Shampoo f\u00fcr Hunde und Katzen mit wei\u00dfem und hellem Fell.","og_url":"http:\/\/tauroslovenia.eu\/de\/izdelek\/tauro-pro-line-ultra-natural-care-fuer-weisses-und-helles-fell-aufhellungsshampoo-fuer-hunde-und-katzen-mit-weissem-und-hellem-fell\/","og_site_name":"Tauro Slovenia","article_publisher":"https:\/\/www.facebook.com\/tauroproline.slovenia\/","article_modified_time":"2024-10-25T12:56:27+00:00","og_image":[{"width":836,"height":836,"url":"http:\/\/tauroslovenia.eu\/wp-content\/uploads\/2023\/07\/TPL63612.png","type":"image\/png"}],"twitter_card":"summary_large_image","twitter_misc":{"Gesch\u00e4tzte Lesezeit":"2\u00a0Minuten"},"schema":{"@context":"https:\/\/schema.org","@graph":[{"@type":"WebPage","@id":"http:\/\/tauroslovenia.eu\/de\/izdelek\/tauro-pro-line-ultra-natural-care-fuer-weisses-und-helles-fell-aufhellungsshampoo-fuer-hunde-und-katzen-mit-weissem-und-hellem-fell\/","url":"http:\/\/tauroslovenia.eu\/de\/izdelek\/tauro-pro-line-ultra-natural-care-fuer-weisses-und-helles-fell-aufhellungsshampoo-fuer-hunde-und-katzen-mit-weissem-und-hellem-fell\/","name":"TAURO Pro Line Ultra Natural Care f\u00fcr wei\u00dfes und helles Fell, Aufhellungsshampoo f\u00fcr Hunde und Katzen mit wei\u00dfem und hellem Fell | Tauro Slovenia","isPartOf":{"@id":"http:\/\/tauroslovenia.eu\/de\/#website"},"primaryImageOfPage":{"@id":"http:\/\/tauroslovenia.eu\/de\/izdelek\/tauro-pro-line-ultra-natural-care-fuer-weisses-und-helles-fell-aufhellungsshampoo-fuer-hunde-und-katzen-mit-weissem-und-hellem-fell\/#primaryimage"},"image":{"@id":"http:\/\/tauroslovenia.eu\/de\/izdelek\/tauro-pro-line-ultra-natural-care-fuer-weisses-und-helles-fell-aufhellungsshampoo-fuer-hunde-und-katzen-mit-weissem-und-hellem-fell\/#primaryimage"},"thumbnailUrl":"http:\/\/tauroslovenia.eu\/wp-content\/uploads\/2023\/07\/TPL63612.png","datePublished":"2024-09-15T21:40:06+00:00","dateModified":"2024-10-25T12:56:27+00:00","breadcrumb":{"@id":"http:\/\/tauroslovenia.eu\/de\/izdelek\/tauro-pro-line-ultra-natural-care-fuer-weisses-und-helles-fell-aufhellungsshampoo-fuer-hunde-und-katzen-mit-weissem-und-hellem-fell\/#breadcrumb"},"inLanguage":"de","potentialAction":[{"@type":"ReadAction","target":["http:\/\/tauroslovenia.eu\/de\/izdelek\/tauro-pro-line-ultra-natural-care-fuer-weisses-und-helles-fell-aufhellungsshampoo-fuer-hunde-und-katzen-mit-weissem-und-hellem-fell\/"]}]},{"@type":"ImageObject","inLanguage":"de","@id":"http:\/\/tauroslovenia.eu\/de\/izdelek\/tauro-pro-line-ultra-natural-care-fuer-weisses-und-helles-fell-aufhellungsshampoo-fuer-hunde-und-katzen-mit-weissem-und-hellem-fell\/#primaryimage","url":"http:\/\/tauroslovenia.eu\/wp-content\/uploads\/2023\/07\/TPL63612.png","contentUrl":"http:\/\/tauroslovenia.eu\/wp-content\/uploads\/2023\/07\/TPL63612.png","width":836,"height":836},{"@type":"BreadcrumbList","@id":"http:\/\/tauroslovenia.eu\/de\/izdelek\/tauro-pro-line-ultra-natural-care-fuer-weisses-und-helles-fell-aufhellungsshampoo-fuer-hunde-und-katzen-mit-weissem-und-hellem-fell\/#breadcrumb","itemListElement":[{"@type":"ListItem","position":1,"name":"Domov","item":"http:\/\/tauroslovenia.eu\/de\/"},{"@type":"ListItem","position":2,"name":"Trgovina","item":"https:\/\/tauroslovenia.eu\/trgovina\/"},{"@type":"ListItem","position":3,"name":"TAURO Pro Line Ultra Natural Care f\u00fcr wei\u00dfes und helles Fell, Aufhellungsshampoo f\u00fcr Hunde und Katzen mit wei\u00dfem und hellem Fell"}]},{"@type":"WebSite","@id":"http:\/\/tauroslovenia.eu\/de\/#website","url":"http:\/\/tauroslovenia.eu\/de\/","name":"Tauro Slovenia","description":"","publisher":{"@id":"http:\/\/tauroslovenia.eu\/de\/#organization"},"potentialAction":[{"@type":"SearchAction","target":{"@type":"EntryPoint","urlTemplate":"http:\/\/tauroslovenia.eu\/de\/?s={search_term_string}"},"query-input":{"@type":"PropertyValueSpecification","valueRequired":true,"valueName":"search_term_string"}}],"inLanguage":"de"},{"@type":"Organization","@id":"http:\/\/tauroslovenia.eu\/de\/#organization","name":"KA&L SOLUTIONS d.o.o.","url":"http:\/\/tauroslovenia.eu\/de\/","logo":{"@type":"ImageObject","inLanguage":"de","@id":"http:\/\/tauroslovenia.eu\/de\/#\/schema\/logo\/image\/","url":"http:\/\/tauroslovenia.eu\/wp-content\/uploads\/2023\/07\/logo-tauroproline-email.png","contentUrl":"http:\/\/tauroslovenia.eu\/wp-content\/uploads\/2023\/07\/logo-tauroproline-email.png","width":157,"height":101,"caption":"KA&L SOLUTIONS d.o.o."},"image":{"@id":"http:\/\/tauroslovenia.eu\/de\/#\/schema\/logo\/image\/"},"sameAs":["https:\/\/www.facebook.com\/tauroproline.slovenia\/","https:\/\/www.instagram.com\/tauroproline_slovenia\/"]}]}},"brands":[{"id":264,"name":"TAURO","slug":"tauro"}],"_links":{"self":[{"href":"http:\/\/tauroslovenia.eu\/de\/wp-json\/wp\/v2\/product\/57452"}],"collection":[{"href":"http:\/\/tauroslovenia.eu\/de\/wp-json\/wp\/v2\/product"}],"about":[{"href":"http:\/\/tauroslovenia.eu\/de\/wp-json\/wp\/v2\/types\/product"}],"wp:featuredmedia":[{"embeddable":true,"href":"http:\/\/tauroslovenia.eu\/de\/wp-json\/wp\/v2\/media\/57454"}],"wp:attachment":[{"href":"http:\/\/tauroslovenia.eu\/de\/wp-json\/wp\/v2\/media?parent=57452"}],"wp:term":[{"taxonomy":"pwb-brand","embeddable":true,"href":"http:\/\/tauroslovenia.eu\/de\/wp-json\/wp\/v2\/pwb-brand?post=57452"},{"taxonomy":"product_cat","embeddable":true,"href":"http:\/\/tauroslovenia.eu\/de\/wp-json\/wp\/v2\/product_cat?post=57452"},{"taxonomy":"product_tag","embeddable":true,"href":"http:\/\/tauroslovenia.eu\/de\/wp-json\/wp\/v2\/product_tag?post=57452"}],"curies":[{"name":"wp","href":"https:\/\/api.w.org\/{rel}","templated":true}]}}