{"id":57479,"date":"2024-09-15T23:40:06","date_gmt":"2024-09-15T21:40:06","guid":{"rendered":"https:\/\/tauroslovenia.eu\/izdelek\/tauro-pro-line-ultra-natural-care-fuer-weisses-und-helles-fell-intensive-feuchtigkeitsmaske-fuer-hunde-und-katzen-mit-weissem-hellem-fell-und-haut\/"},"modified":"2024-10-25T15:18:38","modified_gmt":"2024-10-25T13:18:38","slug":"tauro-pro-line-ultra-natural-care-fuer-weisses-und-helles-fell-intensive-feuchtigkeitsmaske-fuer-hunde-und-katzen-mit-weissem-hellem-fell-und-haut","status":"publish","type":"product","link":"http:\/\/tauroslovenia.eu\/de\/izdelek\/tauro-pro-line-ultra-natural-care-fuer-weisses-und-helles-fell-intensive-feuchtigkeitsmaske-fuer-hunde-und-katzen-mit-weissem-hellem-fell-und-haut\/","title":{"rendered":"TAURO Pro Line Ultra Natural Care f\u00fcr wei\u00dfes und helles Fell, intensive Feuchtigkeitsmaske f\u00fcr Hunde und Katzen mit wei\u00dfem, hellem Fell und Haut"},"content":{"rendered":"<p>Die Ultra Natural Care Intense Hydrate Moisturizing Mask mit hochwertigen Inhaltsstoffen und Mandel-Extrakt ist zur St\u00e4rkung des Fells, zur intensiven Feuchtigkeitsversorgung von Haut und Fell, zur Verleihung von Glanz und zur Hervorhebung der Farbe vorgesehen. Die Maske ist f\u00fcr Hunde und Katzen mit wei\u00dfem oder hellem Fell geeignet.<\/p>\n<p>Die Ultra Natural Care Intense Hydrate Mask ist der 3. Schritt &#8211; Fixierung &#8211; im dreistufigen System: Das Fell wird gen\u00e4hrt, das Ergebnis fixiert und die Feuchtigkeit von Fell und Haut wird erhalten.<\/p>\n<p><strong>Mit Mandel-Extrakt angereichert<\/strong><\/p>\n<p>Mandel-Extrakt hat feuchtigkeitsspendende Eigenschaften, verbessert die Barrierefunktion der Haut, pflegt und regeneriert die Fellstruktur. Dar\u00fcber hinaus spendet der Mandel-Extrakt der Haut des Haustieres Feuchtigkeit und hat einen angenehmen Duft.<\/p>\n<p><strong>Leichtes K\u00e4mmen<\/strong><\/p>\n<p>Das Produkt enth\u00e4lt Panthenol. Es ist eine Form von Vitamin B5, das h\u00e4ufig in Haut- und Fellpflegeprodukten verwendet wird. Es macht das Fell leicht k\u00e4mmbar, weich und verleiht ihm einen gesunden Glanz.<\/p>\n<p><strong>Verhindert Verknotungen<\/strong><\/p>\n<p>Die Maske mit feuchtigkeitsspendenden und regenerierenden Eigenschaften ist ideal zur Vermeidung von Verwicklungen.<\/p>\n<p><strong>Enth\u00e4lt Glycerin<\/strong><\/p>\n<p>Glycerin in der Formulierung des Produkts dient als nat\u00fcrlicher Feuchtigkeitsspender: Es spendet der Haut und dem Fell tiefenwirksame Feuchtigkeit, kann die Elastizit\u00e4t des Fells verbessern und Haarausfall reduzieren.<\/p>\n<p><strong>F\u00fcr wei\u00dfes und helles Fell<\/strong><\/p>\n<p>Die Maske ist speziell f\u00fcr Hunde und Katzen mit wei\u00dfem oder hellem Fell entwickelt. Sie entfernt gr\u00fcndlich und ohne Sch\u00e4digung von Haut und Fell gelbe Flecken und hebt die wei\u00dfe Farbe auf nat\u00fcrliche Weise hervor. Das sanft formulierte Produkt wirkt effektiv und reizt die Haut des Haustieres nicht, w\u00e4hrend es gleichzeitig hilft, das optimale pH-Gleichgewicht der Haut aufrechtzuerhalten.<\/p>\n<p><strong>F\u00fcr empfindliche Haustiere<\/strong><\/p>\n<p>Dank der sanften Formel ist die Maske ideal f\u00fcr Haustiere mit empfindlicher Haut: Sie ist frei von SLS, Parabenen, Mineral\u00f6len und Silikonen.<\/p>\n<p><strong>Von Experten gepr\u00fcft<\/strong><\/p>\n<p>Es handelt sich um ein professionelles Produkt, das von einem Z\u00fcchter entwickelt und aus hochwertigen Zutaten hergestellt wurde.<\/p>\n<p><strong>Eigenschaften:<\/strong><\/p>\n<ul>\n<li>Inhalt &#8211; 400 ml, 1000 ml.<\/li>\n<li>F\u00fcr Katzen und Hunde.<\/li>\n<li>F\u00fcr wei\u00dfes und helles Fell.<\/li>\n<\/ul>\n<p><strong>Hergestellt<\/strong> in der Europ\u00e4ischen Union.<\/p>\n","protected":false},"excerpt":{"rendered":"<p>Ultra Natural Care Intense Hydrate Moisturizing Mask mit hochwertigen Inhaltsstoffen und Mandelextrakt, entwickelt, um das Fell zu st\u00e4rken, Haut und Fell tief mit Feuchtigkeit zu versorgen, ihm Glanz zu verleihen und die Farbe zu betonen.<\/p>\n","protected":false},"featured_media":57481,"template":"","meta":{"_acf_changed":false},"pwb-brand":[264],"product_cat":[593],"product_tag":[],"class_list":{"0":"post-57479","1":"product","2":"type-product","3":"status-publish","4":"has-post-thumbnail","6":"pwb-brand-tauro","7":"product_cat-schampoo","9":"first","10":"instock","11":"taxable","12":"shipping-taxable","13":"purchasable","14":"product-type-simple"},"acf":[],"yoast_head":"<!-- This site is optimized with the Yoast SEO plugin v23.6 - https:\/\/yoast.com\/wordpress\/plugins\/seo\/ -->\n<title>TAURO Pro Line Ultra Natural Care f\u00fcr wei\u00dfes und helles Fell, intensive Feuchtigkeitsmaske f\u00fcr Hunde und Katzen mit wei\u00dfem, hellem Fell und Haut | Tauro Slovenia<\/title>\n<meta name=\"robots\" content=\"index, follow, max-snippet:-1, max-image-preview:large, max-video-preview:-1\" \/>\n<link rel=\"canonical\" href=\"http:\/\/tauroslovenia.eu\/de\/izdelek\/tauro-pro-line-ultra-natural-care-fuer-weisses-und-helles-fell-intensive-feuchtigkeitsmaske-fuer-hunde-und-katzen-mit-weissem-hellem-fell-und-haut\/\" \/>\n<meta property=\"og:locale\" content=\"de_DE\" \/>\n<meta property=\"og:type\" content=\"article\" \/>\n<meta property=\"og:title\" content=\"TAURO Pro Line Ultra Natural Care f\u00fcr wei\u00dfes und helles Fell, intensive Feuchtigkeitsmaske f\u00fcr Hunde und Katzen mit wei\u00dfem, hellem Fell und Haut | Tauro Slovenia\" \/>\n<meta property=\"og:description\" content=\"Ultra Natural Care Intense Hydrate Moisturizing Mask mit hochwertigen Inhaltsstoffen und Mandelextrakt, entwickelt, um das Fell zu st\u00e4rken, Haut und Fell tief mit Feuchtigkeit zu versorgen, ihm Glanz zu verleihen und die Farbe zu betonen.\" \/>\n<meta property=\"og:url\" content=\"http:\/\/tauroslovenia.eu\/de\/izdelek\/tauro-pro-line-ultra-natural-care-fuer-weisses-und-helles-fell-intensive-feuchtigkeitsmaske-fuer-hunde-und-katzen-mit-weissem-hellem-fell-und-haut\/\" \/>\n<meta property=\"og:site_name\" content=\"Tauro Slovenia\" \/>\n<meta property=\"article:publisher\" content=\"https:\/\/www.facebook.com\/tauroproline.slovenia\/\" \/>\n<meta property=\"article:modified_time\" content=\"2024-10-25T13:18:38+00:00\" \/>\n<meta property=\"og:image\" content=\"http:\/\/tauroslovenia.eu\/wp-content\/uploads\/2023\/07\/TPL63621.jpg\" \/>\n\t<meta property=\"og:image:width\" content=\"1500\" \/>\n\t<meta property=\"og:image:height\" content=\"1500\" \/>\n\t<meta property=\"og:image:type\" content=\"image\/jpeg\" \/>\n<meta name=\"twitter:card\" content=\"summary_large_image\" \/>\n<meta name=\"twitter:label1\" content=\"Gesch\u00e4tzte Lesezeit\" \/>\n\t<meta name=\"twitter:data1\" content=\"2\u00a0Minuten\" \/>\n<script type=\"application\/ld+json\" class=\"yoast-schema-graph\">{\"@context\":\"https:\/\/schema.org\",\"@graph\":[{\"@type\":\"WebPage\",\"@id\":\"http:\/\/tauroslovenia.eu\/de\/izdelek\/tauro-pro-line-ultra-natural-care-fuer-weisses-und-helles-fell-intensive-feuchtigkeitsmaske-fuer-hunde-und-katzen-mit-weissem-hellem-fell-und-haut\/\",\"url\":\"http:\/\/tauroslovenia.eu\/de\/izdelek\/tauro-pro-line-ultra-natural-care-fuer-weisses-und-helles-fell-intensive-feuchtigkeitsmaske-fuer-hunde-und-katzen-mit-weissem-hellem-fell-und-haut\/\",\"name\":\"TAURO Pro Line Ultra Natural Care f\u00fcr wei\u00dfes und helles Fell, intensive Feuchtigkeitsmaske f\u00fcr Hunde und Katzen mit wei\u00dfem, hellem Fell und Haut | Tauro Slovenia\",\"isPartOf\":{\"@id\":\"http:\/\/tauroslovenia.eu\/de\/#website\"},\"primaryImageOfPage\":{\"@id\":\"http:\/\/tauroslovenia.eu\/de\/izdelek\/tauro-pro-line-ultra-natural-care-fuer-weisses-und-helles-fell-intensive-feuchtigkeitsmaske-fuer-hunde-und-katzen-mit-weissem-hellem-fell-und-haut\/#primaryimage\"},\"image\":{\"@id\":\"http:\/\/tauroslovenia.eu\/de\/izdelek\/tauro-pro-line-ultra-natural-care-fuer-weisses-und-helles-fell-intensive-feuchtigkeitsmaske-fuer-hunde-und-katzen-mit-weissem-hellem-fell-und-haut\/#primaryimage\"},\"thumbnailUrl\":\"http:\/\/tauroslovenia.eu\/wp-content\/uploads\/2023\/07\/TPL63621.jpg\",\"datePublished\":\"2024-09-15T21:40:06+00:00\",\"dateModified\":\"2024-10-25T13:18:38+00:00\",\"breadcrumb\":{\"@id\":\"http:\/\/tauroslovenia.eu\/de\/izdelek\/tauro-pro-line-ultra-natural-care-fuer-weisses-und-helles-fell-intensive-feuchtigkeitsmaske-fuer-hunde-und-katzen-mit-weissem-hellem-fell-und-haut\/#breadcrumb\"},\"inLanguage\":\"de\",\"potentialAction\":[{\"@type\":\"ReadAction\",\"target\":[\"http:\/\/tauroslovenia.eu\/de\/izdelek\/tauro-pro-line-ultra-natural-care-fuer-weisses-und-helles-fell-intensive-feuchtigkeitsmaske-fuer-hunde-und-katzen-mit-weissem-hellem-fell-und-haut\/\"]}]},{\"@type\":\"ImageObject\",\"inLanguage\":\"de\",\"@id\":\"http:\/\/tauroslovenia.eu\/de\/izdelek\/tauro-pro-line-ultra-natural-care-fuer-weisses-und-helles-fell-intensive-feuchtigkeitsmaske-fuer-hunde-und-katzen-mit-weissem-hellem-fell-und-haut\/#primaryimage\",\"url\":\"http:\/\/tauroslovenia.eu\/wp-content\/uploads\/2023\/07\/TPL63621.jpg\",\"contentUrl\":\"http:\/\/tauroslovenia.eu\/wp-content\/uploads\/2023\/07\/TPL63621.jpg\",\"width\":1500,\"height\":1500},{\"@type\":\"BreadcrumbList\",\"@id\":\"http:\/\/tauroslovenia.eu\/de\/izdelek\/tauro-pro-line-ultra-natural-care-fuer-weisses-und-helles-fell-intensive-feuchtigkeitsmaske-fuer-hunde-und-katzen-mit-weissem-hellem-fell-und-haut\/#breadcrumb\",\"itemListElement\":[{\"@type\":\"ListItem\",\"position\":1,\"name\":\"Domov\",\"item\":\"http:\/\/tauroslovenia.eu\/de\/\"},{\"@type\":\"ListItem\",\"position\":2,\"name\":\"Trgovina\",\"item\":\"http:\/\/tauroslovenia.eu\/trgovina\/\"},{\"@type\":\"ListItem\",\"position\":3,\"name\":\"TAURO Pro Line Ultra Natural Care f\u00fcr wei\u00dfes und helles Fell, intensive Feuchtigkeitsmaske f\u00fcr Hunde und Katzen mit wei\u00dfem, hellem Fell und Haut\"}]},{\"@type\":\"WebSite\",\"@id\":\"http:\/\/tauroslovenia.eu\/de\/#website\",\"url\":\"http:\/\/tauroslovenia.eu\/de\/\",\"name\":\"Tauro Slovenia\",\"description\":\"\",\"publisher\":{\"@id\":\"http:\/\/tauroslovenia.eu\/de\/#organization\"},\"potentialAction\":[{\"@type\":\"SearchAction\",\"target\":{\"@type\":\"EntryPoint\",\"urlTemplate\":\"http:\/\/tauroslovenia.eu\/de\/?s={search_term_string}\"},\"query-input\":{\"@type\":\"PropertyValueSpecification\",\"valueRequired\":true,\"valueName\":\"search_term_string\"}}],\"inLanguage\":\"de\"},{\"@type\":\"Organization\",\"@id\":\"http:\/\/tauroslovenia.eu\/de\/#organization\",\"name\":\"KA&L SOLUTIONS d.o.o.\",\"url\":\"http:\/\/tauroslovenia.eu\/de\/\",\"logo\":{\"@type\":\"ImageObject\",\"inLanguage\":\"de\",\"@id\":\"http:\/\/tauroslovenia.eu\/de\/#\/schema\/logo\/image\/\",\"url\":\"http:\/\/tauroslovenia.eu\/wp-content\/uploads\/2023\/07\/logo-tauroproline-email.png\",\"contentUrl\":\"http:\/\/tauroslovenia.eu\/wp-content\/uploads\/2023\/07\/logo-tauroproline-email.png\",\"width\":157,\"height\":101,\"caption\":\"KA&L SOLUTIONS d.o.o.\"},\"image\":{\"@id\":\"http:\/\/tauroslovenia.eu\/de\/#\/schema\/logo\/image\/\"},\"sameAs\":[\"https:\/\/www.facebook.com\/tauroproline.slovenia\/\",\"https:\/\/www.instagram.com\/tauroproline_slovenia\/\"]}]}<\/script>\n<!-- \/ Yoast SEO plugin. -->","yoast_head_json":{"title":"TAURO Pro Line Ultra Natural Care f\u00fcr wei\u00dfes und helles Fell, intensive Feuchtigkeitsmaske f\u00fcr Hunde und Katzen mit wei\u00dfem, hellem Fell und Haut | Tauro Slovenia","robots":{"index":"index","follow":"follow","max-snippet":"max-snippet:-1","max-image-preview":"max-image-preview:large","max-video-preview":"max-video-preview:-1"},"canonical":"http:\/\/tauroslovenia.eu\/de\/izdelek\/tauro-pro-line-ultra-natural-care-fuer-weisses-und-helles-fell-intensive-feuchtigkeitsmaske-fuer-hunde-und-katzen-mit-weissem-hellem-fell-und-haut\/","og_locale":"de_DE","og_type":"article","og_title":"TAURO Pro Line Ultra Natural Care f\u00fcr wei\u00dfes und helles Fell, intensive Feuchtigkeitsmaske f\u00fcr Hunde und Katzen mit wei\u00dfem, hellem Fell und Haut | Tauro Slovenia","og_description":"Ultra Natural Care Intense Hydrate Moisturizing Mask mit hochwertigen Inhaltsstoffen und Mandelextrakt, entwickelt, um das Fell zu st\u00e4rken, Haut und Fell tief mit Feuchtigkeit zu versorgen, ihm Glanz zu verleihen und die Farbe zu betonen.","og_url":"http:\/\/tauroslovenia.eu\/de\/izdelek\/tauro-pro-line-ultra-natural-care-fuer-weisses-und-helles-fell-intensive-feuchtigkeitsmaske-fuer-hunde-und-katzen-mit-weissem-hellem-fell-und-haut\/","og_site_name":"Tauro Slovenia","article_publisher":"https:\/\/www.facebook.com\/tauroproline.slovenia\/","article_modified_time":"2024-10-25T13:18:38+00:00","og_image":[{"width":1500,"height":1500,"url":"http:\/\/tauroslovenia.eu\/wp-content\/uploads\/2023\/07\/TPL63621.jpg","type":"image\/jpeg"}],"twitter_card":"summary_large_image","twitter_misc":{"Gesch\u00e4tzte Lesezeit":"2\u00a0Minuten"},"schema":{"@context":"https:\/\/schema.org","@graph":[{"@type":"WebPage","@id":"http:\/\/tauroslovenia.eu\/de\/izdelek\/tauro-pro-line-ultra-natural-care-fuer-weisses-und-helles-fell-intensive-feuchtigkeitsmaske-fuer-hunde-und-katzen-mit-weissem-hellem-fell-und-haut\/","url":"http:\/\/tauroslovenia.eu\/de\/izdelek\/tauro-pro-line-ultra-natural-care-fuer-weisses-und-helles-fell-intensive-feuchtigkeitsmaske-fuer-hunde-und-katzen-mit-weissem-hellem-fell-und-haut\/","name":"TAURO Pro Line Ultra Natural Care f\u00fcr wei\u00dfes und helles Fell, intensive Feuchtigkeitsmaske f\u00fcr Hunde und Katzen mit wei\u00dfem, hellem Fell und Haut | Tauro Slovenia","isPartOf":{"@id":"http:\/\/tauroslovenia.eu\/de\/#website"},"primaryImageOfPage":{"@id":"http:\/\/tauroslovenia.eu\/de\/izdelek\/tauro-pro-line-ultra-natural-care-fuer-weisses-und-helles-fell-intensive-feuchtigkeitsmaske-fuer-hunde-und-katzen-mit-weissem-hellem-fell-und-haut\/#primaryimage"},"image":{"@id":"http:\/\/tauroslovenia.eu\/de\/izdelek\/tauro-pro-line-ultra-natural-care-fuer-weisses-und-helles-fell-intensive-feuchtigkeitsmaske-fuer-hunde-und-katzen-mit-weissem-hellem-fell-und-haut\/#primaryimage"},"thumbnailUrl":"http:\/\/tauroslovenia.eu\/wp-content\/uploads\/2023\/07\/TPL63621.jpg","datePublished":"2024-09-15T21:40:06+00:00","dateModified":"2024-10-25T13:18:38+00:00","breadcrumb":{"@id":"http:\/\/tauroslovenia.eu\/de\/izdelek\/tauro-pro-line-ultra-natural-care-fuer-weisses-und-helles-fell-intensive-feuchtigkeitsmaske-fuer-hunde-und-katzen-mit-weissem-hellem-fell-und-haut\/#breadcrumb"},"inLanguage":"de","potentialAction":[{"@type":"ReadAction","target":["http:\/\/tauroslovenia.eu\/de\/izdelek\/tauro-pro-line-ultra-natural-care-fuer-weisses-und-helles-fell-intensive-feuchtigkeitsmaske-fuer-hunde-und-katzen-mit-weissem-hellem-fell-und-haut\/"]}]},{"@type":"ImageObject","inLanguage":"de","@id":"http:\/\/tauroslovenia.eu\/de\/izdelek\/tauro-pro-line-ultra-natural-care-fuer-weisses-und-helles-fell-intensive-feuchtigkeitsmaske-fuer-hunde-und-katzen-mit-weissem-hellem-fell-und-haut\/#primaryimage","url":"http:\/\/tauroslovenia.eu\/wp-content\/uploads\/2023\/07\/TPL63621.jpg","contentUrl":"http:\/\/tauroslovenia.eu\/wp-content\/uploads\/2023\/07\/TPL63621.jpg","width":1500,"height":1500},{"@type":"BreadcrumbList","@id":"http:\/\/tauroslovenia.eu\/de\/izdelek\/tauro-pro-line-ultra-natural-care-fuer-weisses-und-helles-fell-intensive-feuchtigkeitsmaske-fuer-hunde-und-katzen-mit-weissem-hellem-fell-und-haut\/#breadcrumb","itemListElement":[{"@type":"ListItem","position":1,"name":"Domov","item":"http:\/\/tauroslovenia.eu\/de\/"},{"@type":"ListItem","position":2,"name":"Trgovina","item":"http:\/\/tauroslovenia.eu\/trgovina\/"},{"@type":"ListItem","position":3,"name":"TAURO Pro Line Ultra Natural Care f\u00fcr wei\u00dfes und helles Fell, intensive Feuchtigkeitsmaske f\u00fcr Hunde und Katzen mit wei\u00dfem, hellem Fell und Haut"}]},{"@type":"WebSite","@id":"http:\/\/tauroslovenia.eu\/de\/#website","url":"http:\/\/tauroslovenia.eu\/de\/","name":"Tauro Slovenia","description":"","publisher":{"@id":"http:\/\/tauroslovenia.eu\/de\/#organization"},"potentialAction":[{"@type":"SearchAction","target":{"@type":"EntryPoint","urlTemplate":"http:\/\/tauroslovenia.eu\/de\/?s={search_term_string}"},"query-input":{"@type":"PropertyValueSpecification","valueRequired":true,"valueName":"search_term_string"}}],"inLanguage":"de"},{"@type":"Organization","@id":"http:\/\/tauroslovenia.eu\/de\/#organization","name":"KA&L SOLUTIONS d.o.o.","url":"http:\/\/tauroslovenia.eu\/de\/","logo":{"@type":"ImageObject","inLanguage":"de","@id":"http:\/\/tauroslovenia.eu\/de\/#\/schema\/logo\/image\/","url":"http:\/\/tauroslovenia.eu\/wp-content\/uploads\/2023\/07\/logo-tauroproline-email.png","contentUrl":"http:\/\/tauroslovenia.eu\/wp-content\/uploads\/2023\/07\/logo-tauroproline-email.png","width":157,"height":101,"caption":"KA&L SOLUTIONS d.o.o."},"image":{"@id":"http:\/\/tauroslovenia.eu\/de\/#\/schema\/logo\/image\/"},"sameAs":["https:\/\/www.facebook.com\/tauroproline.slovenia\/","https:\/\/www.instagram.com\/tauroproline_slovenia\/"]}]}},"brands":[{"id":264,"name":"TAURO","slug":"tauro"}],"_links":{"self":[{"href":"http:\/\/tauroslovenia.eu\/de\/wp-json\/wp\/v2\/product\/57479"}],"collection":[{"href":"http:\/\/tauroslovenia.eu\/de\/wp-json\/wp\/v2\/product"}],"about":[{"href":"http:\/\/tauroslovenia.eu\/de\/wp-json\/wp\/v2\/types\/product"}],"wp:featuredmedia":[{"embeddable":true,"href":"http:\/\/tauroslovenia.eu\/de\/wp-json\/wp\/v2\/media\/57481"}],"wp:attachment":[{"href":"http:\/\/tauroslovenia.eu\/de\/wp-json\/wp\/v2\/media?parent=57479"}],"wp:term":[{"taxonomy":"pwb-brand","embeddable":true,"href":"http:\/\/tauroslovenia.eu\/de\/wp-json\/wp\/v2\/pwb-brand?post=57479"},{"taxonomy":"product_cat","embeddable":true,"href":"http:\/\/tauroslovenia.eu\/de\/wp-json\/wp\/v2\/product_cat?post=57479"},{"taxonomy":"product_tag","embeddable":true,"href":"http:\/\/tauroslovenia.eu\/de\/wp-json\/wp\/v2\/product_tag?post=57479"}],"curies":[{"name":"wp","href":"https:\/\/api.w.org\/{rel}","templated":true}]}}