{"id":57488,"date":"2024-09-15T23:40:06","date_gmt":"2024-09-15T21:40:06","guid":{"rendered":"https:\/\/tauroslovenia.eu\/izdelek\/professionelle-schermaschine-tauro-pro-line-fuer-haustiere\/"},"modified":"2024-11-04T11:30:04","modified_gmt":"2024-11-04T10:30:04","slug":"professionelle-schermaschine-tauro-pro-line-fuer-haustiere","status":"publish","type":"product","link":"http:\/\/tauroslovenia.eu\/de\/izdelek\/professionelle-schermaschine-tauro-pro-line-fuer-haustiere\/","title":{"rendered":"Professionelle Schermaschine Tauro Pro Line f\u00fcr Haustiere"},"content":{"rendered":"<p>Weitere Informationen \u00fcber das gesamte Angebot finden Sie <em>&#8222;<\/em>Tauro Pro Line&#8220;, Geschichte und unsere Tipps <a href=\"https:\/\/www.kika.lt\/files\/uploaded\/TPL\/Tauro_Pro_Line_product_catalogue.pdf\">HIER.<\/a><\/p>\n<p><strong>Tauro Pro Line 909 Fellschneider<\/strong><\/p>\n<p>Drahtloser Fellschneider f\u00fcr die perfekte Pflege des Haustierfells. Ideal f\u00fcr die Pflege zu Hause sowie f\u00fcr den professionellen Einsatz in Tierarztpraxen, Pflege-Salons, Pflege-Akademien und Zuchst\u00e4tten.<\/p>\n<p>Der sehr komfortable drahtlose Fellschneider wird auch die anspruchsvollsten Nutzer zufriedenstellen.<\/p>\n<p><strong>Das Set enth\u00e4lt alle notwendigen Zubeh\u00f6rteile:<\/strong><\/p>\n<ul>\n<li>doppelseitige F\u00fchrungsk\u00e4mme (3 &#8211; 6 mm und 9 &#8211; 12 mm), die das Schneiden von Haaren unterschiedlicher L\u00e4ngen erm\u00f6glichen<\/li>\n<li>Schneideblatt<\/li>\n<li>Reinigungsb\u00fcrste<\/li>\n<li>\u00d6lflasche<\/li>\n<li>Ladeger\u00e4t<\/li>\n<\/ul>\n<p><strong>Informations-LED-Display:<\/strong><\/p>\n<ul>\n<li>Auf der Vorderseite des Fellschneiders befindet sich ein LED-Display, das Informationen \u00fcber die Arbeitsbelastung des Schneiders anzeigt<\/li>\n<li>Es zeigt den Ladezustand der Batterie und die verbleibende Batterielebensdauer an<\/li>\n<li>Es gibt eine Anzeigeleuchte, die Sie informiert, wann der Haarschneider wieder ge\u00f6lt werden muss.<\/li>\n<\/ul>\n<p><strong>Einfache und praktische Frisur-Einstellungen:<\/strong><br \/>Der Fellschneider verf\u00fcgt \u00fcber vier L\u00e4ngeneinstellungen: 1,0, 1,3, 1,6 und 1,9 mm. Das Schneiden wird noch vielseitiger und komfortabler durch die Verwendung der verschiedenen F\u00fchrungsk\u00e4mme.<\/p>\n<p><strong>Praktisch und schnell<\/strong><strong>wechselbare F\u00fchrungsschutzvorrichtungen<\/strong><\/p>\n<p>Die Fellschneider sind sehr pflegeleicht und anpassungsf\u00e4hig; die F\u00fchrungsschutzvorrichtungen k\u00f6nnen in nur wenigen Handgriffen gewechselt werden.<\/p>\n<p>Falls Sie den Schneidkopf wechseln m\u00fcssen, finden Sie den richtigen <a href=\"https:\/\/www.kika.lt\/lt\/katalogas\/tauro-pro-line-kirpimo-masineles-keiciama-galvute\/?item=11611\">hier<\/a>.<\/p>\n<p><strong>Ergonomischer Griff, der nicht warm wird<\/strong><\/p>\n<p>Dank des ergonomischen Designs ist der Fellschneider \u00e4u\u00dferst angenehm in der Handhabung; das Handgelenk wird beim Schneiden Ihres Haustiers nicht erm\u00fcden. Dar\u00fcber hinaus ist der Fellschneider nicht nur leicht \u2013 sein Griff wird nicht warm, sodass Sie das Tier ohne Unterbrechungen schneiden und viel Zeit sparen k\u00f6nnen.<\/p>\n<p><strong>Einfache und klare Bedienung mit drei Tasten:<\/strong><\/p>\n<ul>\n<li>Ein-\/Ausschalter<\/li>\n<li>Geschwindigkeitsregler<\/li>\n<li>Einstellgriff und Verriegelung.<\/li>\n<\/ul>\n<p>Diese Tasten helfen Ihnen bei der bequemen und sicheren Nutzung des Fellschneiders. Der Schneidevorgang wird angenehm f\u00fcr Sie und Ihr Haustier sein.<\/p>\n<p><strong>K\u00fchlfunktion<\/strong><\/p>\n<p>Der Fellschneider verf\u00fcgt \u00fcber eine spezielle K\u00fchlfunktion. W\u00e4hrend des Schneidens k\u00fchlt der Schneider das Haustier angenehm, sodass es kein Unbehagen oder Irritationen versp\u00fcrt, sondern nur eine angenehme K\u00fchle. Dadurch wird die Pflege sowohl f\u00fcr den Friseur als auch f\u00fcr das Tier erleichtert.<\/p>\n<p><strong>Verstellbare Geschwindigkeit erm\u00f6glicht beste Ergebnisse:<\/strong><\/p>\n<ul>\n<li>Die Drehzahl ist verstellbar (6000 &#8211; 6500 Umdrehungen pro Minute).<\/li>\n<li>Mit der Einstellung h\u00f6herer Drehzahlen k\u00f6nnen bessere Schneidergebnisse erzielt werden.<\/li>\n<\/ul>\n<p>Es dauert 3 Stunden, um diesen Fellschneider vollst\u00e4ndig aufzuladen. Mit einer vollst\u00e4ndig aufgeladenen Batterie k\u00f6nnen Sie etwa 4 Stunden arbeiten. Mit diesem Fellschneider k\u00f6nnen Sie sich gen\u00fcgend Zeit nehmen, um das Fell Ihres Haustiers hervorragend zu schneiden.<\/p>\n<p><strong>Eigenschaften:<\/strong><\/p>\n<ul>\n<li>Eingangsleistung: AC 100 V &#8211; 240 V, 50 &#8211; 60 Hz.<\/l \n<br \/>\n","protected":false},"excerpt":{"rendered":"<p>Akku-Fellschneider zum perfekten Trimmen vom Tierfell. Perfekt f\u00fcr die Fellpflege zu Hause sowie f\u00fcr den professionellen Einsatz in Tierkliniken, Fellpflegesalons, Fellpflegeakademien und Zuchst\u00e4tten.<\/p>\n","protected":false},"featured_media":57490,"template":"","meta":{"_acf_changed":false},"pwb-brand":[264],"product_cat":[619],"product_tag":[],"class_list":{"0":"post-57488","1":"product","2":"type-product","3":"status-publish","4":"has-post-thumbnail","6":"pwb-brand-tauro","7":"product_cat-zwicker-und-nagelknipser","9":"first","10":"instock","11":"taxable","12":"shipping-taxable","13":"purchasable","14":"product-type-simple"},"acf":[],"yoast_head":"<!-- This site is optimized with the Yoast SEO plugin v23.6 - https:\/\/yoast.com\/wordpress\/plugins\/seo\/ -->\n<title>Professionelle Schermaschine Tauro Pro Line f\u00fcr Haustiere | Tauro Slovenia<\/title>\n<meta name=\"robots\" content=\"index, follow, max-snippet:-1, max-image-preview:large, max-video-preview:-1\" \/>\n<link rel=\"canonical\" href=\"http:\/\/tauroslovenia.eu\/de\/izdelek\/professionelle-schermaschine-tauro-pro-line-fuer-haustiere\/\" \/>\n<meta property=\"og:locale\" content=\"de_DE\" \/>\n<meta property=\"og:type\" content=\"article\" \/>\n<meta property=\"og:title\" content=\"Professionelle Schermaschine Tauro Pro Line f\u00fcr Haustiere | Tauro Slovenia\" \/>\n<meta property=\"og:description\" content=\"Akku-Fellschneider zum perfekten Trimmen vom Tierfell. Perfekt f\u00fcr die Fellpflege zu Hause sowie f\u00fcr den professionellen Einsatz in Tierkliniken, Fellpflegesalons, Fellpflegeakademien und Zuchst\u00e4tten.\" \/>\n<meta property=\"og:url\" content=\"http:\/\/tauroslovenia.eu\/de\/izdelek\/professionelle-schermaschine-tauro-pro-line-fuer-haustiere\/\" \/>\n<meta property=\"og:site_name\" content=\"Tauro Slovenia\" \/>\n<meta property=\"article:publisher\" content=\"https:\/\/www.facebook.com\/tauroproline.slovenia\/\" \/>\n<meta property=\"article:modified_time\" content=\"2024-11-04T10:30:04+00:00\" \/>\n<meta property=\"og:image\" content=\"http:\/\/tauroslovenia.eu\/wp-content\/uploads\/2023\/07\/TPL909.jpg\" \/>\n\t<meta property=\"og:image:width\" content=\"2000\" \/>\n\t<meta property=\"og:image:height\" content=\"2000\" \/>\n\t<meta property=\"og:image:type\" content=\"image\/jpeg\" \/>\n<meta name=\"twitter:card\" content=\"summary_large_image\" \/>\n<meta name=\"twitter:label1\" content=\"Gesch\u00e4tzte Lesezeit\" \/>\n\t<meta name=\"twitter:data1\" content=\"2\u00a0Minuten\" \/>\n<script type=\"application\/ld+json\" class=\"yoast-schema-graph\">{\"@context\":\"https:\/\/schema.org\",\"@graph\":[{\"@type\":\"WebPage\",\"@id\":\"http:\/\/tauroslovenia.eu\/de\/izdelek\/professionelle-schermaschine-tauro-pro-line-fuer-haustiere\/\",\"url\":\"http:\/\/tauroslovenia.eu\/de\/izdelek\/professionelle-schermaschine-tauro-pro-line-fuer-haustiere\/\",\"name\":\"Professionelle Schermaschine Tauro Pro Line f\u00fcr Haustiere | Tauro Slovenia\",\"isPartOf\":{\"@id\":\"https:\/\/tauroslovenia.eu\/de\/#website\"},\"primaryImageOfPage\":{\"@id\":\"http:\/\/tauroslovenia.eu\/de\/izdelek\/professionelle-schermaschine-tauro-pro-line-fuer-haustiere\/#primaryimage\"},\"image\":{\"@id\":\"http:\/\/tauroslovenia.eu\/de\/izdelek\/professionelle-schermaschine-tauro-pro-line-fuer-haustiere\/#primaryimage\"},\"thumbnailUrl\":\"http:\/\/tauroslovenia.eu\/wp-content\/uploads\/2023\/07\/TPL909.jpg\",\"datePublished\":\"2024-09-15T21:40:06+00:00\",\"dateModified\":\"2024-11-04T10:30:04+00:00\",\"breadcrumb\":{\"@id\":\"http:\/\/tauroslovenia.eu\/de\/izdelek\/professionelle-schermaschine-tauro-pro-line-fuer-haustiere\/#breadcrumb\"},\"inLanguage\":\"de\",\"potentialAction\":[{\"@type\":\"ReadAction\",\"target\":[\"http:\/\/tauroslovenia.eu\/de\/izdelek\/professionelle-schermaschine-tauro-pro-line-fuer-haustiere\/\"]}]},{\"@type\":\"ImageObject\",\"inLanguage\":\"de\",\"@id\":\"http:\/\/tauroslovenia.eu\/de\/izdelek\/professionelle-schermaschine-tauro-pro-line-fuer-haustiere\/#primaryimage\",\"url\":\"http:\/\/tauroslovenia.eu\/wp-content\/uploads\/2023\/07\/TPL909.jpg\",\"contentUrl\":\"http:\/\/tauroslovenia.eu\/wp-content\/uploads\/2023\/07\/TPL909.jpg\",\"width\":2000,\"height\":2000},{\"@type\":\"BreadcrumbList\",\"@id\":\"http:\/\/tauroslovenia.eu\/de\/izdelek\/professionelle-schermaschine-tauro-pro-line-fuer-haustiere\/#breadcrumb\",\"itemListElement\":[{\"@type\":\"ListItem\",\"position\":1,\"name\":\"Domov\",\"item\":\"https:\/\/tauroslovenia.eu\/de\/\"},{\"@type\":\"ListItem\",\"position\":2,\"name\":\"Trgovina\",\"item\":\"https:\/\/tauroslovenia.eu\/trgovina\/\"},{\"@type\":\"ListItem\",\"position\":3,\"name\":\"Professionelle Schermaschine Tauro Pro Line f\u00fcr Haustiere\"}]},{\"@type\":\"WebSite\",\"@id\":\"https:\/\/tauroslovenia.eu\/de\/#website\",\"url\":\"https:\/\/tauroslovenia.eu\/de\/\",\"name\":\"Tauro Slovenia\",\"description\":\"\",\"publisher\":{\"@id\":\"https:\/\/tauroslovenia.eu\/de\/#organization\"},\"potentialAction\":[{\"@type\":\"SearchAction\",\"target\":{\"@type\":\"EntryPoint\",\"urlTemplate\":\"https:\/\/tauroslovenia.eu\/de\/?s={search_term_string}\"},\"query-input\":{\"@type\":\"PropertyValueSpecification\",\"valueRequired\":true,\"valueName\":\"search_term_string\"}}],\"inLanguage\":\"de\"},{\"@type\":\"Organization\",\"@id\":\"https:\/\/tauroslovenia.eu\/de\/#organization\",\"name\":\"KA&L SOLUTIONS d.o.o.\",\"url\":\"https:\/\/tauroslovenia.eu\/de\/\",\"logo\":{\"@type\":\"ImageObject\",\"inLanguage\":\"de\",\"@id\":\"https:\/\/tauroslovenia.eu\/de\/#\/schema\/logo\/image\/\",\"url\":\"http:\/\/tauroslovenia.eu\/wp-content\/uploads\/2023\/07\/logo-tauroproline-email.png\",\"contentUrl\":\"http:\/\/tauroslovenia.eu\/wp-content\/uploads\/2023\/07\/logo-tauroproline-email.png\",\"width\":157,\"height\":101,\"caption\":\"KA&L SOLUTIONS d.o.o.\"},\"image\":{\"@id\":\"https:\/\/tauroslovenia.eu\/de\/#\/schema\/logo\/image\/\"},\"sameAs\":[\"https:\/\/www.facebook.com\/tauroproline.slovenia\/\",\"https:\/\/www.instagram.com\/tauroproline_slovenia\/\"]}]}<\/script>\n<!-- \/ Yoast SEO plugin. -->","yoast_head_json":{"title":"Professionelle Schermaschine Tauro Pro Line f\u00fcr Haustiere | Tauro Slovenia","robots":{"index":"index","follow":"follow","max-snippet":"max-snippet:-1","max-image-preview":"max-image-preview:large","max-video-preview":"max-video-preview:-1"},"canonical":"http:\/\/tauroslovenia.eu\/de\/izdelek\/professionelle-schermaschine-tauro-pro-line-fuer-haustiere\/","og_locale":"de_DE","og_type":"article","og_title":"Professionelle Schermaschine Tauro Pro Line f\u00fcr Haustiere | Tauro Slovenia","og_description":"Akku-Fellschneider zum perfekten Trimmen vom Tierfell. Perfekt f\u00fcr die Fellpflege zu Hause sowie f\u00fcr den professionellen Einsatz in Tierkliniken, Fellpflegesalons, Fellpflegeakademien und Zuchst\u00e4tten.","og_url":"http:\/\/tauroslovenia.eu\/de\/izdelek\/professionelle-schermaschine-tauro-pro-line-fuer-haustiere\/","og_site_name":"Tauro Slovenia","article_publisher":"https:\/\/www.facebook.com\/tauroproline.slovenia\/","article_modified_time":"2024-11-04T10:30:04+00:00","og_image":[{"width":2000,"height":2000,"url":"http:\/\/tauroslovenia.eu\/wp-content\/uploads\/2023\/07\/TPL909.jpg","type":"image\/jpeg"}],"twitter_card":"summary_large_image","twitter_misc":{"Gesch\u00e4tzte Lesezeit":"2\u00a0Minuten"},"schema":{"@context":"https:\/\/schema.org","@graph":[{"@type":"WebPage","@id":"http:\/\/tauroslovenia.eu\/de\/izdelek\/professionelle-schermaschine-tauro-pro-line-fuer-haustiere\/","url":"http:\/\/tauroslovenia.eu\/de\/izdelek\/professionelle-schermaschine-tauro-pro-line-fuer-haustiere\/","name":"Professionelle Schermaschine Tauro Pro Line f\u00fcr Haustiere | Tauro Slovenia","isPartOf":{"@id":"https:\/\/tauroslovenia.eu\/de\/#website"},"primaryImageOfPage":{"@id":"http:\/\/tauroslovenia.eu\/de\/izdelek\/professionelle-schermaschine-tauro-pro-line-fuer-haustiere\/#primaryimage"},"image":{"@id":"http:\/\/tauroslovenia.eu\/de\/izdelek\/professionelle-schermaschine-tauro-pro-line-fuer-haustiere\/#primaryimage"},"thumbnailUrl":"http:\/\/tauroslovenia.eu\/wp-content\/uploads\/2023\/07\/TPL909.jpg","datePublished":"2024-09-15T21:40:06+00:00","dateModified":"2024-11-04T10:30:04+00:00","breadcrumb":{"@id":"http:\/\/tauroslovenia.eu\/de\/izdelek\/professionelle-schermaschine-tauro-pro-line-fuer-haustiere\/#breadcrumb"},"inLanguage":"de","potentialAction":[{"@type":"ReadAction","target":["http:\/\/tauroslovenia.eu\/de\/izdelek\/professionelle-schermaschine-tauro-pro-line-fuer-haustiere\/"]}]},{"@type":"ImageObject","inLanguage":"de","@id":"http:\/\/tauroslovenia.eu\/de\/izdelek\/professionelle-schermaschine-tauro-pro-line-fuer-haustiere\/#primaryimage","url":"http:\/\/tauroslovenia.eu\/wp-content\/uploads\/2023\/07\/TPL909.jpg","contentUrl":"http:\/\/tauroslovenia.eu\/wp-content\/uploads\/2023\/07\/TPL909.jpg","width":2000,"height":2000},{"@type":"BreadcrumbList","@id":"http:\/\/tauroslovenia.eu\/de\/izdelek\/professionelle-schermaschine-tauro-pro-line-fuer-haustiere\/#breadcrumb","itemListElement":[{"@type":"ListItem","position":1,"name":"Domov","item":"https:\/\/tauroslovenia.eu\/de\/"},{"@type":"ListItem","position":2,"name":"Trgovina","item":"https:\/\/tauroslovenia.eu\/trgovina\/"},{"@type":"ListItem","position":3,"name":"Professionelle Schermaschine Tauro Pro Line f\u00fcr Haustiere"}]},{"@type":"WebSite","@id":"https:\/\/tauroslovenia.eu\/de\/#website","url":"https:\/\/tauroslovenia.eu\/de\/","name":"Tauro Slovenia","description":"","publisher":{"@id":"https:\/\/tauroslovenia.eu\/de\/#organization"},"potentialAction":[{"@type":"SearchAction","target":{"@type":"EntryPoint","urlTemplate":"https:\/\/tauroslovenia.eu\/de\/?s={search_term_string}"},"query-input":{"@type":"PropertyValueSpecification","valueRequired":true,"valueName":"search_term_string"}}],"inLanguage":"de"},{"@type":"Organization","@id":"https:\/\/tauroslovenia.eu\/de\/#organization","name":"KA&L SOLUTIONS d.o.o.","url":"https:\/\/tauroslovenia.eu\/de\/","logo":{"@type":"ImageObject","inLanguage":"de","@id":"https:\/\/tauroslovenia.eu\/de\/#\/schema\/logo\/image\/","url":"http:\/\/tauroslovenia.eu\/wp-content\/uploads\/2023\/07\/logo-tauroproline-email.png","contentUrl":"http:\/\/tauroslovenia.eu\/wp-content\/uploads\/2023\/07\/logo-tauroproline-email.png","width":157,"height":101,"caption":"KA&L SOLUTIONS d.o.o."},"image":{"@id":"https:\/\/tauroslovenia.eu\/de\/#\/schema\/logo\/image\/"},"sameAs":["https:\/\/www.facebook.com\/tauroproline.slovenia\/","https:\/\/www.instagram.com\/tauroproline_slovenia\/"]}]}},"brands":[{"id":264,"name":"TAURO","slug":"tauro"}],"_links":{"self":[{"href":"http:\/\/tauroslovenia.eu\/de\/wp-json\/wp\/v2\/product\/57488"}],"collection":[{"href":"http:\/\/tauroslovenia.eu\/de\/wp-json\/wp\/v2\/product"}],"about":[{"href":"http:\/\/tauroslovenia.eu\/de\/wp-json\/wp\/v2\/types\/product"}],"wp:featuredmedia":[{"embeddable":true,"href":"http:\/\/tauroslovenia.eu\/de\/wp-json\/wp\/v2\/media\/57490"}],"wp:attachment":[{"href":"http:\/\/tauroslovenia.eu\/de\/wp-json\/wp\/v2\/media?parent=57488"}],"wp:term":[{"taxonomy":"pwb-brand","embeddable":true,"href":"http:\/\/tauroslovenia.eu\/de\/wp-json\/wp\/v2\/pwb-brand?post=57488"},{"taxonomy":"product_cat","embeddable":true,"href":"http:\/\/tauroslovenia.eu\/de\/wp-json\/wp\/v2\/product_cat?post=57488"},{"taxonomy":"product_tag","embeddable":true,"href":"http:\/\/tauroslovenia.eu\/de\/wp-json\/wp\/v2\/product_tag?post=57488"}],"curies":[{"name":"wp","href":"https:\/\/api.w.org\/{rel}","templated":true}]}}