{"id":57503,"date":"2024-09-15T23:40:06","date_gmt":"2024-09-15T21:40:06","guid":{"rendered":"https:\/\/tauroslovenia.eu\/izdelek\/buerste-tauro-pro-line-holz-rechteckig-zaehne-11-mm-mint-s-68-x-148-cm\/"},"modified":"2024-10-25T15:17:16","modified_gmt":"2024-10-25T13:17:16","slug":"buerste-tauro-pro-line-holz-rechteckig-zaehne-11-mm-mint-s-68-x-148-cm","status":"publish","type":"product","link":"http:\/\/tauroslovenia.eu\/de\/izdelek\/buerste-tauro-pro-line-holz-rechteckig-zaehne-11-mm-mint-s-68-x-148-cm\/","title":{"rendered":"B\u00fcrste TAURO Pro Line, Holz, rechteckig, Z\u00e4hne 11 mm, mint, S, 6,8 x 14,8 cm"},"content":{"rendered":"<p>Sie k\u00f6nnen das Produkt in 360\u00b0 hier ansehen <span><span class=\"fa mceNonEditable\">a<\/span><\/span> <a href=\"https:\/\/www.kika.lt\/files\/uploaded\/\u0161epe\u010di\u0173%20gif\/TPLB63545.gif\" target=\"_blank\" rel=\"noopener\"><img decoding=\"async\" src=\"https:\/\/www.kika.lt\/files\/uploaded\/\u0161epe\u010di\u0173 gif\/360laips ikona (5).png\" alt=\"\" width=\"55\" height=\"55\" \/><\/a><\/p>\n<p>Die professionelle Holzb\u00fcrste Tauro Pro Line wurde entwickelt, um Katzen und Hunde effektiv zu pflegen.<\/p>\n<p><strong>Weiches Kissen <\/strong><\/p>\n<p>Dieses B\u00fcrstenkissen ist weich und elastisch und passt sich sanft den K\u00f6rperkonturen des Tieres an, ohne die Haut zu reizen.<\/p>\n<p><strong>Ergonomischer Griff <\/strong><\/p>\n<p>Der B\u00fcrstengriff liegt bequem in der Hand und rutscht nicht, sodass Ihr Handgelenk beim B\u00fcrsten Ihres Haustiers nicht belastet wird.<\/p>\n<p><strong>F\u00fcr weiches Fell <\/strong><\/p>\n<p>Die Borsten der B\u00fcrste sind langlebig und sehr weich, mit einem gebogenen Winkel, der verhindert, dass die Haut des Tieres zerkratzt wird, und das geb\u00fcrstete Fell weich und flauschig macht.<\/p>\n<p><strong>Antistatisch<\/strong><\/p>\n<p>Eine spezielle antistatische Beschichtung verhindert die Ansammlung von elektrischer Ladung im Fell, was das B\u00fcrsten erleichtert und das Fell glatt und gl\u00e4nzend macht.<\/p>\n<p><strong>F\u00fcr den universellen Gebrauch <\/strong><\/p>\n<p>Die Tauro Pro Line B\u00fcrste kann sowohl von professionellen Tierpflegern als auch von Tierbesitzern verwendet werden, die das Fell und die Haut ihrer Haustiere respektieren.<\/p>\n<p><strong>Eigenschaften: <\/strong><\/p>\n<ul>\n<li>Gr\u00f6\u00dfe S.<\/li>\n<li>Abmessungen: 6,8 x 14,8 cm.<\/li>\n<li>Gr\u00f6\u00dfe der Z\u00e4hne &#8211; 11 mm.<\/li>\n<li>Farbe: Mint.<\/li>\n<li>Farbe des Kissens: Grau.<\/li>\n<\/ul>\n<p><strong>Hersteller: <\/strong>Tauro Pro Line.<\/p>\n","protected":false},"excerpt":{"rendered":"<p>Die professionelle Holzb\u00fcrste Tauro Pro Line ist f\u00fcr die effektive Fellpflege von Katzen und Hunden konzipiert.<\/p>\n","protected":false},"featured_media":57505,"template":"","meta":{"_acf_changed":false},"pwb-brand":[264],"product_cat":[603],"product_tag":[],"class_list":{"0":"post-57503","1":"product","2":"type-product","3":"status-publish","4":"has-post-thumbnail","6":"pwb-brand-tauro","7":"product_cat-buerste","9":"first","10":"instock","11":"taxable","12":"shipping-taxable","13":"purchasable","14":"product-type-simple"},"acf":[],"yoast_head":"<!-- This site is optimized with the Yoast SEO plugin v23.6 - https:\/\/yoast.com\/wordpress\/plugins\/seo\/ -->\n<title>B\u00fcrste TAURO Pro Line, Holz, rechteckig, Z\u00e4hne 11 mm, mint, S, 6,8 x 14,8 cm | Tauro Slovenia<\/title>\n<meta name=\"robots\" content=\"index, follow, max-snippet:-1, max-image-preview:large, max-video-preview:-1\" \/>\n<link rel=\"canonical\" href=\"http:\/\/tauroslovenia.eu\/de\/izdelek\/buerste-tauro-pro-line-holz-rechteckig-zaehne-11-mm-mint-s-68-x-148-cm\/\" \/>\n<meta property=\"og:locale\" content=\"de_DE\" \/>\n<meta property=\"og:type\" content=\"article\" \/>\n<meta property=\"og:title\" content=\"B\u00fcrste TAURO Pro Line, Holz, rechteckig, Z\u00e4hne 11 mm, mint, S, 6,8 x 14,8 cm | Tauro Slovenia\" \/>\n<meta property=\"og:description\" content=\"Die professionelle Holzb\u00fcrste Tauro Pro Line ist f\u00fcr die effektive Fellpflege von Katzen und Hunden konzipiert.\" \/>\n<meta property=\"og:url\" content=\"http:\/\/tauroslovenia.eu\/de\/izdelek\/buerste-tauro-pro-line-holz-rechteckig-zaehne-11-mm-mint-s-68-x-148-cm\/\" \/>\n<meta property=\"og:site_name\" content=\"Tauro Slovenia\" \/>\n<meta property=\"article:publisher\" content=\"https:\/\/www.facebook.com\/tauroproline.slovenia\/\" \/>\n<meta property=\"article:modified_time\" content=\"2024-10-25T13:17:16+00:00\" \/>\n<meta property=\"og:image\" content=\"http:\/\/tauroslovenia.eu\/wp-content\/uploads\/2023\/07\/TPLB63545-scaled.jpg\" \/>\n\t<meta property=\"og:image:width\" content=\"2560\" \/>\n\t<meta property=\"og:image:height\" content=\"2560\" \/>\n\t<meta property=\"og:image:type\" content=\"image\/jpeg\" \/>\n<meta name=\"twitter:card\" content=\"summary_large_image\" \/>\n<meta name=\"twitter:label1\" content=\"Gesch\u00e4tzte Lesezeit\" \/>\n\t<meta name=\"twitter:data1\" content=\"1\u00a0Minute\" \/>\n<script type=\"application\/ld+json\" class=\"yoast-schema-graph\">{\"@context\":\"https:\/\/schema.org\",\"@graph\":[{\"@type\":\"WebPage\",\"@id\":\"http:\/\/tauroslovenia.eu\/de\/izdelek\/buerste-tauro-pro-line-holz-rechteckig-zaehne-11-mm-mint-s-68-x-148-cm\/\",\"url\":\"http:\/\/tauroslovenia.eu\/de\/izdelek\/buerste-tauro-pro-line-holz-rechteckig-zaehne-11-mm-mint-s-68-x-148-cm\/\",\"name\":\"B\u00fcrste TAURO Pro Line, Holz, rechteckig, Z\u00e4hne 11 mm, mint, S, 6,8 x 14,8 cm | Tauro Slovenia\",\"isPartOf\":{\"@id\":\"http:\/\/tauroslovenia.eu\/de\/#website\"},\"primaryImageOfPage\":{\"@id\":\"http:\/\/tauroslovenia.eu\/de\/izdelek\/buerste-tauro-pro-line-holz-rechteckig-zaehne-11-mm-mint-s-68-x-148-cm\/#primaryimage\"},\"image\":{\"@id\":\"http:\/\/tauroslovenia.eu\/de\/izdelek\/buerste-tauro-pro-line-holz-rechteckig-zaehne-11-mm-mint-s-68-x-148-cm\/#primaryimage\"},\"thumbnailUrl\":\"http:\/\/tauroslovenia.eu\/wp-content\/uploads\/2023\/07\/TPLB63545-scaled.jpg\",\"datePublished\":\"2024-09-15T21:40:06+00:00\",\"dateModified\":\"2024-10-25T13:17:16+00:00\",\"breadcrumb\":{\"@id\":\"http:\/\/tauroslovenia.eu\/de\/izdelek\/buerste-tauro-pro-line-holz-rechteckig-zaehne-11-mm-mint-s-68-x-148-cm\/#breadcrumb\"},\"inLanguage\":\"de\",\"potentialAction\":[{\"@type\":\"ReadAction\",\"target\":[\"http:\/\/tauroslovenia.eu\/de\/izdelek\/buerste-tauro-pro-line-holz-rechteckig-zaehne-11-mm-mint-s-68-x-148-cm\/\"]}]},{\"@type\":\"ImageObject\",\"inLanguage\":\"de\",\"@id\":\"http:\/\/tauroslovenia.eu\/de\/izdelek\/buerste-tauro-pro-line-holz-rechteckig-zaehne-11-mm-mint-s-68-x-148-cm\/#primaryimage\",\"url\":\"http:\/\/tauroslovenia.eu\/wp-content\/uploads\/2023\/07\/TPLB63545-scaled.jpg\",\"contentUrl\":\"http:\/\/tauroslovenia.eu\/wp-content\/uploads\/2023\/07\/TPLB63545-scaled.jpg\",\"width\":2560,\"height\":2560},{\"@type\":\"BreadcrumbList\",\"@id\":\"http:\/\/tauroslovenia.eu\/de\/izdelek\/buerste-tauro-pro-line-holz-rechteckig-zaehne-11-mm-mint-s-68-x-148-cm\/#breadcrumb\",\"itemListElement\":[{\"@type\":\"ListItem\",\"position\":1,\"name\":\"Domov\",\"item\":\"http:\/\/tauroslovenia.eu\/de\/\"},{\"@type\":\"ListItem\",\"position\":2,\"name\":\"Trgovina\",\"item\":\"https:\/\/tauroslovenia.eu\/trgovina\/\"},{\"@type\":\"ListItem\",\"position\":3,\"name\":\"B\u00fcrste TAURO Pro Line, Holz, rechteckig, Z\u00e4hne 11 mm, mint, S, 6,8 x 14,8 cm\"}]},{\"@type\":\"WebSite\",\"@id\":\"http:\/\/tauroslovenia.eu\/de\/#website\",\"url\":\"http:\/\/tauroslovenia.eu\/de\/\",\"name\":\"Tauro Slovenia\",\"description\":\"\",\"publisher\":{\"@id\":\"http:\/\/tauroslovenia.eu\/de\/#organization\"},\"potentialAction\":[{\"@type\":\"SearchAction\",\"target\":{\"@type\":\"EntryPoint\",\"urlTemplate\":\"http:\/\/tauroslovenia.eu\/de\/?s={search_term_string}\"},\"query-input\":{\"@type\":\"PropertyValueSpecification\",\"valueRequired\":true,\"valueName\":\"search_term_string\"}}],\"inLanguage\":\"de\"},{\"@type\":\"Organization\",\"@id\":\"http:\/\/tauroslovenia.eu\/de\/#organization\",\"name\":\"KA&L SOLUTIONS d.o.o.\",\"url\":\"http:\/\/tauroslovenia.eu\/de\/\",\"logo\":{\"@type\":\"ImageObject\",\"inLanguage\":\"de\",\"@id\":\"http:\/\/tauroslovenia.eu\/de\/#\/schema\/logo\/image\/\",\"url\":\"http:\/\/tauroslovenia.eu\/wp-content\/uploads\/2023\/07\/logo-tauroproline-email.png\",\"contentUrl\":\"http:\/\/tauroslovenia.eu\/wp-content\/uploads\/2023\/07\/logo-tauroproline-email.png\",\"width\":157,\"height\":101,\"caption\":\"KA&L SOLUTIONS d.o.o.\"},\"image\":{\"@id\":\"http:\/\/tauroslovenia.eu\/de\/#\/schema\/logo\/image\/\"},\"sameAs\":[\"https:\/\/www.facebook.com\/tauroproline.slovenia\/\",\"https:\/\/www.instagram.com\/tauroproline_slovenia\/\"]}]}<\/script>\n<!-- \/ Yoast SEO plugin. -->","yoast_head_json":{"title":"B\u00fcrste TAURO Pro Line, Holz, rechteckig, Z\u00e4hne 11 mm, mint, S, 6,8 x 14,8 cm | Tauro Slovenia","robots":{"index":"index","follow":"follow","max-snippet":"max-snippet:-1","max-image-preview":"max-image-preview:large","max-video-preview":"max-video-preview:-1"},"canonical":"http:\/\/tauroslovenia.eu\/de\/izdelek\/buerste-tauro-pro-line-holz-rechteckig-zaehne-11-mm-mint-s-68-x-148-cm\/","og_locale":"de_DE","og_type":"article","og_title":"B\u00fcrste TAURO Pro Line, Holz, rechteckig, Z\u00e4hne 11 mm, mint, S, 6,8 x 14,8 cm | Tauro Slovenia","og_description":"Die professionelle Holzb\u00fcrste Tauro Pro Line ist f\u00fcr die effektive Fellpflege von Katzen und Hunden konzipiert.","og_url":"http:\/\/tauroslovenia.eu\/de\/izdelek\/buerste-tauro-pro-line-holz-rechteckig-zaehne-11-mm-mint-s-68-x-148-cm\/","og_site_name":"Tauro Slovenia","article_publisher":"https:\/\/www.facebook.com\/tauroproline.slovenia\/","article_modified_time":"2024-10-25T13:17:16+00:00","og_image":[{"width":2560,"height":2560,"url":"http:\/\/tauroslovenia.eu\/wp-content\/uploads\/2023\/07\/TPLB63545-scaled.jpg","type":"image\/jpeg"}],"twitter_card":"summary_large_image","twitter_misc":{"Gesch\u00e4tzte Lesezeit":"1\u00a0Minute"},"schema":{"@context":"https:\/\/schema.org","@graph":[{"@type":"WebPage","@id":"http:\/\/tauroslovenia.eu\/de\/izdelek\/buerste-tauro-pro-line-holz-rechteckig-zaehne-11-mm-mint-s-68-x-148-cm\/","url":"http:\/\/tauroslovenia.eu\/de\/izdelek\/buerste-tauro-pro-line-holz-rechteckig-zaehne-11-mm-mint-s-68-x-148-cm\/","name":"B\u00fcrste TAURO Pro Line, Holz, rechteckig, Z\u00e4hne 11 mm, mint, S, 6,8 x 14,8 cm | Tauro Slovenia","isPartOf":{"@id":"http:\/\/tauroslovenia.eu\/de\/#website"},"primaryImageOfPage":{"@id":"http:\/\/tauroslovenia.eu\/de\/izdelek\/buerste-tauro-pro-line-holz-rechteckig-zaehne-11-mm-mint-s-68-x-148-cm\/#primaryimage"},"image":{"@id":"http:\/\/tauroslovenia.eu\/de\/izdelek\/buerste-tauro-pro-line-holz-rechteckig-zaehne-11-mm-mint-s-68-x-148-cm\/#primaryimage"},"thumbnailUrl":"http:\/\/tauroslovenia.eu\/wp-content\/uploads\/2023\/07\/TPLB63545-scaled.jpg","datePublished":"2024-09-15T21:40:06+00:00","dateModified":"2024-10-25T13:17:16+00:00","breadcrumb":{"@id":"http:\/\/tauroslovenia.eu\/de\/izdelek\/buerste-tauro-pro-line-holz-rechteckig-zaehne-11-mm-mint-s-68-x-148-cm\/#breadcrumb"},"inLanguage":"de","potentialAction":[{"@type":"ReadAction","target":["http:\/\/tauroslovenia.eu\/de\/izdelek\/buerste-tauro-pro-line-holz-rechteckig-zaehne-11-mm-mint-s-68-x-148-cm\/"]}]},{"@type":"ImageObject","inLanguage":"de","@id":"http:\/\/tauroslovenia.eu\/de\/izdelek\/buerste-tauro-pro-line-holz-rechteckig-zaehne-11-mm-mint-s-68-x-148-cm\/#primaryimage","url":"http:\/\/tauroslovenia.eu\/wp-content\/uploads\/2023\/07\/TPLB63545-scaled.jpg","contentUrl":"http:\/\/tauroslovenia.eu\/wp-content\/uploads\/2023\/07\/TPLB63545-scaled.jpg","width":2560,"height":2560},{"@type":"BreadcrumbList","@id":"http:\/\/tauroslovenia.eu\/de\/izdelek\/buerste-tauro-pro-line-holz-rechteckig-zaehne-11-mm-mint-s-68-x-148-cm\/#breadcrumb","itemListElement":[{"@type":"ListItem","position":1,"name":"Domov","item":"http:\/\/tauroslovenia.eu\/de\/"},{"@type":"ListItem","position":2,"name":"Trgovina","item":"https:\/\/tauroslovenia.eu\/trgovina\/"},{"@type":"ListItem","position":3,"name":"B\u00fcrste TAURO Pro Line, Holz, rechteckig, Z\u00e4hne 11 mm, mint, S, 6,8 x 14,8 cm"}]},{"@type":"WebSite","@id":"http:\/\/tauroslovenia.eu\/de\/#website","url":"http:\/\/tauroslovenia.eu\/de\/","name":"Tauro Slovenia","description":"","publisher":{"@id":"http:\/\/tauroslovenia.eu\/de\/#organization"},"potentialAction":[{"@type":"SearchAction","target":{"@type":"EntryPoint","urlTemplate":"http:\/\/tauroslovenia.eu\/de\/?s={search_term_string}"},"query-input":{"@type":"PropertyValueSpecification","valueRequired":true,"valueName":"search_term_string"}}],"inLanguage":"de"},{"@type":"Organization","@id":"http:\/\/tauroslovenia.eu\/de\/#organization","name":"KA&L SOLUTIONS d.o.o.","url":"http:\/\/tauroslovenia.eu\/de\/","logo":{"@type":"ImageObject","inLanguage":"de","@id":"http:\/\/tauroslovenia.eu\/de\/#\/schema\/logo\/image\/","url":"http:\/\/tauroslovenia.eu\/wp-content\/uploads\/2023\/07\/logo-tauroproline-email.png","contentUrl":"http:\/\/tauroslovenia.eu\/wp-content\/uploads\/2023\/07\/logo-tauroproline-email.png","width":157,"height":101,"caption":"KA&L SOLUTIONS d.o.o."},"image":{"@id":"http:\/\/tauroslovenia.eu\/de\/#\/schema\/logo\/image\/"},"sameAs":["https:\/\/www.facebook.com\/tauroproline.slovenia\/","https:\/\/www.instagram.com\/tauroproline_slovenia\/"]}]}},"brands":[{"id":264,"name":"TAURO","slug":"tauro"}],"_links":{"self":[{"href":"http:\/\/tauroslovenia.eu\/de\/wp-json\/wp\/v2\/product\/57503"}],"collection":[{"href":"http:\/\/tauroslovenia.eu\/de\/wp-json\/wp\/v2\/product"}],"about":[{"href":"http:\/\/tauroslovenia.eu\/de\/wp-json\/wp\/v2\/types\/product"}],"wp:featuredmedia":[{"embeddable":true,"href":"http:\/\/tauroslovenia.eu\/de\/wp-json\/wp\/v2\/media\/57505"}],"wp:attachment":[{"href":"http:\/\/tauroslovenia.eu\/de\/wp-json\/wp\/v2\/media?parent=57503"}],"wp:term":[{"taxonomy":"pwb-brand","embeddable":true,"href":"http:\/\/tauroslovenia.eu\/de\/wp-json\/wp\/v2\/pwb-brand?post=57503"},{"taxonomy":"product_cat","embeddable":true,"href":"http:\/\/tauroslovenia.eu\/de\/wp-json\/wp\/v2\/product_cat?post=57503"},{"taxonomy":"product_tag","embeddable":true,"href":"http:\/\/tauroslovenia.eu\/de\/wp-json\/wp\/v2\/product_tag?post=57503"}],"curies":[{"name":"wp","href":"https:\/\/api.w.org\/{rel}","templated":true}]}}