{"id":57527,"date":"2024-09-15T23:40:12","date_gmt":"2024-09-15T21:40:12","guid":{"rendered":"https:\/\/tauroslovenia.eu\/izdelek\/tauro-pro-line-massagebuerste-holz-225-x-65-x-1-cm\/"},"modified":"2024-10-25T15:15:59","modified_gmt":"2024-10-25T13:15:59","slug":"tauro-pro-line-massagebuerste-holz-225-x-65-x-1-cm","status":"publish","type":"product","link":"http:\/\/tauroslovenia.eu\/de\/izdelek\/tauro-pro-line-massagebuerste-holz-225-x-65-x-1-cm\/","title":{"rendered":"TAURO Pro Line Massageb\u00fcrste, Holz, 22,5 x 6,5 x 1 cm"},"content":{"rendered":"<p>Sie k\u00f6nnen das Produkt in 360\u00b0 hier ansehen <span><span class=\"fa mceNonEditable\">a<\/span><\/span> <a href=\"https:\/\/www.kika.lt\/files\/uploaded\/\u0161epe\u010di\u0173%20gif\/TPLY63242.gif\" target=\"_blank\" rel=\"noopener\"><img decoding=\"async\" src=\"https:\/\/www.kika.lt\/files\/uploaded\/\u0161epe\u010di\u0173 gif\/360laips ikona (5).png\" alt=\"\" width=\"55\" height=\"55\" \/><\/a><\/p>\n<p>Tauro Pro Line Massageb\u00fcrste zur Fellpflege von langhaarigen Hunden.<\/p>\n<p><strong>Besondere Technologie<\/strong><\/p>\n<p>Jeder Zahnstift der B\u00fcrste ist mit einer speziellen Technologie in das Kissen eingelassen, die verhindert, dass er in das Kissen einsinkt, und sorgt daf\u00fcr, dass er beim B\u00fcrsten des Fells fest an seinem Platz bleibt.<\/p>\n<p><strong>Hohe Qualit\u00e4t<\/strong><\/p>\n<p>Die Borsten der B\u00fcrste sind sehr lang, jede Borste trennt sanft verfilztes Fell, ohne es zu brechen.<\/p>\n<p><strong>Massagefunktion<\/strong><\/p>\n<p>Die Enden der Z\u00e4hne sind so bearbeitet, dass sie die Haut des Haustiers nicht verletzen, und im Falle eines Kontakts wird das Haustier sanft massiert.<\/p>\n<p><strong>Antistatisch<\/strong><\/p>\n<p>Eine spezielle antistatische Beschichtung verhindert die Ansammlung von elektrischer Ladung im Fell, was das B\u00fcrsten erleichtert und das Fell glatt und gl\u00e4nzend macht.<\/p>\n<p><strong>Leicht und bequem<\/strong><\/p>\n<p>Die Tauro Pro Line B\u00fcrste ist leicht und angenehm zu greifen, sodass das Handgelenk beim B\u00fcrsten des Haustiers nicht belastet wird.<\/p>\n<p><strong>Eigenschaften:<\/strong><\/p>\n<ul>\n<li>Abmessungen: 22,5&#215;6,5&#215;1 cm.<\/li>\n<li>Stiftgr\u00f6\u00dfe: 22 mm.<\/li>\n<li>Farbe: dunkles Holz.<\/li>\n<li>Kissenfarbe: schwarz.<\/li>\n<\/ul>\n<p><strong>Hersteller:<\/strong> Tauro Pro Line.<\/p>\n","protected":false},"excerpt":{"rendered":"<p>Tauro Pro Line Massageb\u00fcrste zur Fellpflege langhaariger Hunde.<\/p>\n","protected":false},"featured_media":57529,"template":"","meta":{"_acf_changed":false},"pwb-brand":[264],"product_cat":[603],"product_tag":[],"class_list":{"0":"post-57527","1":"product","2":"type-product","3":"status-publish","4":"has-post-thumbnail","6":"pwb-brand-tauro","7":"product_cat-buerste","9":"first","10":"instock","11":"taxable","12":"shipping-taxable","13":"purchasable","14":"product-type-simple"},"acf":[],"yoast_head":"<!-- This site is optimized with the Yoast SEO plugin v23.6 - https:\/\/yoast.com\/wordpress\/plugins\/seo\/ -->\n<title>TAURO Pro Line Massageb\u00fcrste, Holz, 22,5 x 6,5 x 1 cm | Tauro Slovenia<\/title>\n<meta name=\"robots\" content=\"index, follow, max-snippet:-1, max-image-preview:large, max-video-preview:-1\" \/>\n<link rel=\"canonical\" href=\"http:\/\/tauroslovenia.eu\/de\/izdelek\/tauro-pro-line-massagebuerste-holz-225-x-65-x-1-cm\/\" \/>\n<meta property=\"og:locale\" content=\"de_DE\" \/>\n<meta property=\"og:type\" content=\"article\" \/>\n<meta property=\"og:title\" content=\"TAURO Pro Line Massageb\u00fcrste, Holz, 22,5 x 6,5 x 1 cm | Tauro Slovenia\" \/>\n<meta property=\"og:description\" content=\"Tauro Pro Line Massageb\u00fcrste zur Fellpflege langhaariger Hunde.\" \/>\n<meta property=\"og:url\" content=\"http:\/\/tauroslovenia.eu\/de\/izdelek\/tauro-pro-line-massagebuerste-holz-225-x-65-x-1-cm\/\" \/>\n<meta property=\"og:site_name\" content=\"Tauro Slovenia\" \/>\n<meta property=\"article:publisher\" content=\"https:\/\/www.facebook.com\/tauroproline.slovenia\/\" \/>\n<meta property=\"article:modified_time\" content=\"2024-10-25T13:15:59+00:00\" \/>\n<meta property=\"og:image\" content=\"http:\/\/tauroslovenia.eu\/wp-content\/uploads\/2023\/07\/TPLY63242-scaled.jpg\" \/>\n\t<meta property=\"og:image:width\" content=\"2560\" \/>\n\t<meta property=\"og:image:height\" content=\"2560\" \/>\n\t<meta property=\"og:image:type\" content=\"image\/jpeg\" \/>\n<meta name=\"twitter:card\" content=\"summary_large_image\" \/>\n<meta name=\"twitter:label1\" content=\"Gesch\u00e4tzte Lesezeit\" \/>\n\t<meta name=\"twitter:data1\" content=\"1\u00a0Minute\" \/>\n<script type=\"application\/ld+json\" class=\"yoast-schema-graph\">{\"@context\":\"https:\/\/schema.org\",\"@graph\":[{\"@type\":\"WebPage\",\"@id\":\"http:\/\/tauroslovenia.eu\/de\/izdelek\/tauro-pro-line-massagebuerste-holz-225-x-65-x-1-cm\/\",\"url\":\"http:\/\/tauroslovenia.eu\/de\/izdelek\/tauro-pro-line-massagebuerste-holz-225-x-65-x-1-cm\/\",\"name\":\"TAURO Pro Line Massageb\u00fcrste, Holz, 22,5 x 6,5 x 1 cm | Tauro Slovenia\",\"isPartOf\":{\"@id\":\"http:\/\/tauroslovenia.eu\/de\/#website\"},\"primaryImageOfPage\":{\"@id\":\"http:\/\/tauroslovenia.eu\/de\/izdelek\/tauro-pro-line-massagebuerste-holz-225-x-65-x-1-cm\/#primaryimage\"},\"image\":{\"@id\":\"http:\/\/tauroslovenia.eu\/de\/izdelek\/tauro-pro-line-massagebuerste-holz-225-x-65-x-1-cm\/#primaryimage\"},\"thumbnailUrl\":\"http:\/\/tauroslovenia.eu\/wp-content\/uploads\/2023\/07\/TPLY63242-scaled.jpg\",\"datePublished\":\"2024-09-15T21:40:12+00:00\",\"dateModified\":\"2024-10-25T13:15:59+00:00\",\"breadcrumb\":{\"@id\":\"http:\/\/tauroslovenia.eu\/de\/izdelek\/tauro-pro-line-massagebuerste-holz-225-x-65-x-1-cm\/#breadcrumb\"},\"inLanguage\":\"de\",\"potentialAction\":[{\"@type\":\"ReadAction\",\"target\":[\"http:\/\/tauroslovenia.eu\/de\/izdelek\/tauro-pro-line-massagebuerste-holz-225-x-65-x-1-cm\/\"]}]},{\"@type\":\"ImageObject\",\"inLanguage\":\"de\",\"@id\":\"http:\/\/tauroslovenia.eu\/de\/izdelek\/tauro-pro-line-massagebuerste-holz-225-x-65-x-1-cm\/#primaryimage\",\"url\":\"http:\/\/tauroslovenia.eu\/wp-content\/uploads\/2023\/07\/TPLY63242-scaled.jpg\",\"contentUrl\":\"http:\/\/tauroslovenia.eu\/wp-content\/uploads\/2023\/07\/TPLY63242-scaled.jpg\",\"width\":2560,\"height\":2560},{\"@type\":\"BreadcrumbList\",\"@id\":\"http:\/\/tauroslovenia.eu\/de\/izdelek\/tauro-pro-line-massagebuerste-holz-225-x-65-x-1-cm\/#breadcrumb\",\"itemListElement\":[{\"@type\":\"ListItem\",\"position\":1,\"name\":\"Domov\",\"item\":\"http:\/\/tauroslovenia.eu\/de\/\"},{\"@type\":\"ListItem\",\"position\":2,\"name\":\"Trgovina\",\"item\":\"https:\/\/tauroslovenia.eu\/trgovina\/\"},{\"@type\":\"ListItem\",\"position\":3,\"name\":\"TAURO Pro Line Massageb\u00fcrste, Holz, 22,5 x 6,5 x 1 cm\"}]},{\"@type\":\"WebSite\",\"@id\":\"http:\/\/tauroslovenia.eu\/de\/#website\",\"url\":\"http:\/\/tauroslovenia.eu\/de\/\",\"name\":\"Tauro Slovenia\",\"description\":\"\",\"publisher\":{\"@id\":\"http:\/\/tauroslovenia.eu\/de\/#organization\"},\"potentialAction\":[{\"@type\":\"SearchAction\",\"target\":{\"@type\":\"EntryPoint\",\"urlTemplate\":\"http:\/\/tauroslovenia.eu\/de\/?s={search_term_string}\"},\"query-input\":{\"@type\":\"PropertyValueSpecification\",\"valueRequired\":true,\"valueName\":\"search_term_string\"}}],\"inLanguage\":\"de\"},{\"@type\":\"Organization\",\"@id\":\"http:\/\/tauroslovenia.eu\/de\/#organization\",\"name\":\"KA&L SOLUTIONS d.o.o.\",\"url\":\"http:\/\/tauroslovenia.eu\/de\/\",\"logo\":{\"@type\":\"ImageObject\",\"inLanguage\":\"de\",\"@id\":\"http:\/\/tauroslovenia.eu\/de\/#\/schema\/logo\/image\/\",\"url\":\"http:\/\/tauroslovenia.eu\/wp-content\/uploads\/2023\/07\/logo-tauroproline-email.png\",\"contentUrl\":\"http:\/\/tauroslovenia.eu\/wp-content\/uploads\/2023\/07\/logo-tauroproline-email.png\",\"width\":157,\"height\":101,\"caption\":\"KA&L SOLUTIONS d.o.o.\"},\"image\":{\"@id\":\"http:\/\/tauroslovenia.eu\/de\/#\/schema\/logo\/image\/\"},\"sameAs\":[\"https:\/\/www.facebook.com\/tauroproline.slovenia\/\",\"https:\/\/www.instagram.com\/tauroproline_slovenia\/\"]}]}<\/script>\n<!-- \/ Yoast SEO plugin. -->","yoast_head_json":{"title":"TAURO Pro Line Massageb\u00fcrste, Holz, 22,5 x 6,5 x 1 cm | Tauro Slovenia","robots":{"index":"index","follow":"follow","max-snippet":"max-snippet:-1","max-image-preview":"max-image-preview:large","max-video-preview":"max-video-preview:-1"},"canonical":"http:\/\/tauroslovenia.eu\/de\/izdelek\/tauro-pro-line-massagebuerste-holz-225-x-65-x-1-cm\/","og_locale":"de_DE","og_type":"article","og_title":"TAURO Pro Line Massageb\u00fcrste, Holz, 22,5 x 6,5 x 1 cm | Tauro Slovenia","og_description":"Tauro Pro Line Massageb\u00fcrste zur Fellpflege langhaariger Hunde.","og_url":"http:\/\/tauroslovenia.eu\/de\/izdelek\/tauro-pro-line-massagebuerste-holz-225-x-65-x-1-cm\/","og_site_name":"Tauro Slovenia","article_publisher":"https:\/\/www.facebook.com\/tauroproline.slovenia\/","article_modified_time":"2024-10-25T13:15:59+00:00","og_image":[{"width":2560,"height":2560,"url":"http:\/\/tauroslovenia.eu\/wp-content\/uploads\/2023\/07\/TPLY63242-scaled.jpg","type":"image\/jpeg"}],"twitter_card":"summary_large_image","twitter_misc":{"Gesch\u00e4tzte Lesezeit":"1\u00a0Minute"},"schema":{"@context":"https:\/\/schema.org","@graph":[{"@type":"WebPage","@id":"http:\/\/tauroslovenia.eu\/de\/izdelek\/tauro-pro-line-massagebuerste-holz-225-x-65-x-1-cm\/","url":"http:\/\/tauroslovenia.eu\/de\/izdelek\/tauro-pro-line-massagebuerste-holz-225-x-65-x-1-cm\/","name":"TAURO Pro Line Massageb\u00fcrste, Holz, 22,5 x 6,5 x 1 cm | Tauro Slovenia","isPartOf":{"@id":"http:\/\/tauroslovenia.eu\/de\/#website"},"primaryImageOfPage":{"@id":"http:\/\/tauroslovenia.eu\/de\/izdelek\/tauro-pro-line-massagebuerste-holz-225-x-65-x-1-cm\/#primaryimage"},"image":{"@id":"http:\/\/tauroslovenia.eu\/de\/izdelek\/tauro-pro-line-massagebuerste-holz-225-x-65-x-1-cm\/#primaryimage"},"thumbnailUrl":"http:\/\/tauroslovenia.eu\/wp-content\/uploads\/2023\/07\/TPLY63242-scaled.jpg","datePublished":"2024-09-15T21:40:12+00:00","dateModified":"2024-10-25T13:15:59+00:00","breadcrumb":{"@id":"http:\/\/tauroslovenia.eu\/de\/izdelek\/tauro-pro-line-massagebuerste-holz-225-x-65-x-1-cm\/#breadcrumb"},"inLanguage":"de","potentialAction":[{"@type":"ReadAction","target":["http:\/\/tauroslovenia.eu\/de\/izdelek\/tauro-pro-line-massagebuerste-holz-225-x-65-x-1-cm\/"]}]},{"@type":"ImageObject","inLanguage":"de","@id":"http:\/\/tauroslovenia.eu\/de\/izdelek\/tauro-pro-line-massagebuerste-holz-225-x-65-x-1-cm\/#primaryimage","url":"http:\/\/tauroslovenia.eu\/wp-content\/uploads\/2023\/07\/TPLY63242-scaled.jpg","contentUrl":"http:\/\/tauroslovenia.eu\/wp-content\/uploads\/2023\/07\/TPLY63242-scaled.jpg","width":2560,"height":2560},{"@type":"BreadcrumbList","@id":"http:\/\/tauroslovenia.eu\/de\/izdelek\/tauro-pro-line-massagebuerste-holz-225-x-65-x-1-cm\/#breadcrumb","itemListElement":[{"@type":"ListItem","position":1,"name":"Domov","item":"http:\/\/tauroslovenia.eu\/de\/"},{"@type":"ListItem","position":2,"name":"Trgovina","item":"https:\/\/tauroslovenia.eu\/trgovina\/"},{"@type":"ListItem","position":3,"name":"TAURO Pro Line Massageb\u00fcrste, Holz, 22,5 x 6,5 x 1 cm"}]},{"@type":"WebSite","@id":"http:\/\/tauroslovenia.eu\/de\/#website","url":"http:\/\/tauroslovenia.eu\/de\/","name":"Tauro Slovenia","description":"","publisher":{"@id":"http:\/\/tauroslovenia.eu\/de\/#organization"},"potentialAction":[{"@type":"SearchAction","target":{"@type":"EntryPoint","urlTemplate":"http:\/\/tauroslovenia.eu\/de\/?s={search_term_string}"},"query-input":{"@type":"PropertyValueSpecification","valueRequired":true,"valueName":"search_term_string"}}],"inLanguage":"de"},{"@type":"Organization","@id":"http:\/\/tauroslovenia.eu\/de\/#organization","name":"KA&L SOLUTIONS d.o.o.","url":"http:\/\/tauroslovenia.eu\/de\/","logo":{"@type":"ImageObject","inLanguage":"de","@id":"http:\/\/tauroslovenia.eu\/de\/#\/schema\/logo\/image\/","url":"http:\/\/tauroslovenia.eu\/wp-content\/uploads\/2023\/07\/logo-tauroproline-email.png","contentUrl":"http:\/\/tauroslovenia.eu\/wp-content\/uploads\/2023\/07\/logo-tauroproline-email.png","width":157,"height":101,"caption":"KA&L SOLUTIONS d.o.o."},"image":{"@id":"http:\/\/tauroslovenia.eu\/de\/#\/schema\/logo\/image\/"},"sameAs":["https:\/\/www.facebook.com\/tauroproline.slovenia\/","https:\/\/www.instagram.com\/tauroproline_slovenia\/"]}]}},"brands":[{"id":264,"name":"TAURO","slug":"tauro"}],"_links":{"self":[{"href":"http:\/\/tauroslovenia.eu\/de\/wp-json\/wp\/v2\/product\/57527"}],"collection":[{"href":"http:\/\/tauroslovenia.eu\/de\/wp-json\/wp\/v2\/product"}],"about":[{"href":"http:\/\/tauroslovenia.eu\/de\/wp-json\/wp\/v2\/types\/product"}],"wp:featuredmedia":[{"embeddable":true,"href":"http:\/\/tauroslovenia.eu\/de\/wp-json\/wp\/v2\/media\/57529"}],"wp:attachment":[{"href":"http:\/\/tauroslovenia.eu\/de\/wp-json\/wp\/v2\/media?parent=57527"}],"wp:term":[{"taxonomy":"pwb-brand","embeddable":true,"href":"http:\/\/tauroslovenia.eu\/de\/wp-json\/wp\/v2\/pwb-brand?post=57527"},{"taxonomy":"product_cat","embeddable":true,"href":"http:\/\/tauroslovenia.eu\/de\/wp-json\/wp\/v2\/product_cat?post=57527"},{"taxonomy":"product_tag","embeddable":true,"href":"http:\/\/tauroslovenia.eu\/de\/wp-json\/wp\/v2\/product_tag?post=57527"}],"curies":[{"name":"wp","href":"https:\/\/api.w.org\/{rel}","templated":true}]}}