{"id":57536,"date":"2024-09-15T23:40:12","date_gmt":"2024-09-15T21:40:12","guid":{"rendered":"https:\/\/tauroslovenia.eu\/izdelek\/puderpinsel-tauro-pro-line-holz-mit-naturwollborsten-45-x-55-cm\/"},"modified":"2024-10-25T15:13:34","modified_gmt":"2024-10-25T13:13:34","slug":"puderpinsel-tauro-pro-line-holz-mit-naturwollborsten-45-x-55-cm","status":"publish","type":"product","link":"http:\/\/tauroslovenia.eu\/de\/izdelek\/puderpinsel-tauro-pro-line-holz-mit-naturwollborsten-45-x-55-cm\/","title":{"rendered":"Puderpinsel TAURO Pro Line, Holz, mit Naturwollborsten, 4,5 x 5,5 cm"},"content":{"rendered":"<p>Sie k\u00f6nnen das Produkt in 360\u00b0 hier ansehen <span><span class=\"fa mceNonEditable\">a<\/span><\/span> <a href=\"https:\/\/www.kika.lt\/files\/uploaded\/\u0161epe\u010di\u0173%20gif\/TPLY63246.gif\" target=\"_blank\" rel=\"noopener\"><img decoding=\"async\" src=\"https:\/\/www.kika.lt\/files\/uploaded\/\u0161epe\u010di\u0173 gif\/360laips ikona (5).png\" alt=\"\" width=\"55\" height=\"55\" \/><\/a><\/p>\n<p>Die Tauro Pro Line B\u00fcrste mit Naturborsten ist die perfekte Wahl f\u00fcr Haustierbesitzer, die das Fell und die Haut ihrer Tiere respektieren, sowie f\u00fcr professionelle Pfleger, die ihre Arbeit makellos ausf\u00fchren.<\/p>\n<p><strong>Nat\u00fcrliche Borsten<\/strong><\/p>\n<p>Synthetische Borsten verursachen oft Allergien und Hautreizungen, doch die Borsten der Tauro Pro Line B\u00fcrste bestehen aus nat\u00fcrlichen Wollfasern. Dadurch wird das Risiko von Allergien und Hautreizungen verringert.<\/p>\n<p><strong>Vielseitig<\/strong><\/p>\n<p>Die B\u00fcrste kann f\u00fcr verschiedene Zwecke verwendet werden: Sie k\u00f6nnen damit leicht das Fell Ihres Haustiers reinigen, besonders nach der Pflege, wenn Sie das Gesicht Ihres vierbeinigen Freundes s\u00e4ubern m\u00fcssen. Sie ist auch ideal zum Auftragen von Puder auf das Fell oder die Pfoten Ihres Haustieres.<\/p>\n<p><strong>Praktisch in der Anwendung<\/strong><\/p>\n<p>Die Tauro Pro Line B\u00fcrste ist kompakt, leicht und einfach zu greifen, sodass Sie Ihr Handgelenk beim B\u00fcrsten Ihres Haustiers nicht \u00fcberlasten.<\/p>\n<p><strong>Eigenschaften:<\/strong><\/p>\n<ul>\n<li>Abmessungen: 4,5 x 5,5 cm.<\/li>\n<li>Farbe: dunkles Holz.<\/li>\n<li>Mit Borsten aus nat\u00fcrlicher Wolle.<\/li>\n<\/ul>\n<p><strong>Hersteller:<\/strong> Tauro Pro Line.<\/p>\n","protected":false},"excerpt":{"rendered":"<p>Die Tauro Pro Line-B\u00fcrste mit Naturborsten ist eine ausgezeichnete Wahl f\u00fcr Besitzer, die das Fell und Haut ihrer Haustiere respektieren, und f\u00fcr professionelle Tierpfleger, die ihre Arbeit einwandfrei erledigen.<\/p>\n","protected":false},"featured_media":57538,"template":"","meta":{"_acf_changed":false},"pwb-brand":[264],"product_cat":[622],"product_tag":[],"class_list":{"0":"post-57536","1":"product","2":"type-product","3":"status-publish","4":"has-post-thumbnail","6":"pwb-brand-tauro","7":"product_cat-buerste-de","9":"first","10":"instock","11":"taxable","12":"shipping-taxable","13":"purchasable","14":"product-type-simple"},"acf":[],"yoast_head":"<!-- This site is optimized with the Yoast SEO plugin v23.6 - https:\/\/yoast.com\/wordpress\/plugins\/seo\/ -->\n<title>Puderpinsel TAURO Pro Line, Holz, mit Naturwollborsten, 4,5 x 5,5 cm | Tauro Slovenia<\/title>\n<meta name=\"robots\" content=\"index, follow, max-snippet:-1, max-image-preview:large, max-video-preview:-1\" \/>\n<link rel=\"canonical\" href=\"http:\/\/tauroslovenia.eu\/de\/izdelek\/puderpinsel-tauro-pro-line-holz-mit-naturwollborsten-45-x-55-cm\/\" \/>\n<meta property=\"og:locale\" content=\"de_DE\" \/>\n<meta property=\"og:type\" content=\"article\" \/>\n<meta property=\"og:title\" content=\"Puderpinsel TAURO Pro Line, Holz, mit Naturwollborsten, 4,5 x 5,5 cm | Tauro Slovenia\" \/>\n<meta property=\"og:description\" content=\"Die Tauro Pro Line-B\u00fcrste mit Naturborsten ist eine ausgezeichnete Wahl f\u00fcr Besitzer, die das Fell und Haut ihrer Haustiere respektieren, und f\u00fcr professionelle Tierpfleger, die ihre Arbeit einwandfrei erledigen.\" \/>\n<meta property=\"og:url\" content=\"http:\/\/tauroslovenia.eu\/de\/izdelek\/puderpinsel-tauro-pro-line-holz-mit-naturwollborsten-45-x-55-cm\/\" \/>\n<meta property=\"og:site_name\" content=\"Tauro Slovenia\" \/>\n<meta property=\"article:publisher\" content=\"https:\/\/www.facebook.com\/tauroproline.slovenia\/\" \/>\n<meta property=\"article:modified_time\" content=\"2024-10-25T13:13:34+00:00\" \/>\n<meta property=\"og:image\" content=\"http:\/\/tauroslovenia.eu\/wp-content\/uploads\/2023\/07\/TPLY63246.jpg\" \/>\n\t<meta property=\"og:image:width\" content=\"3232\" \/>\n\t<meta property=\"og:image:height\" content=\"3232\" \/>\n\t<meta property=\"og:image:type\" content=\"image\/png\" \/>\n<meta name=\"twitter:card\" content=\"summary_large_image\" \/>\n<meta name=\"twitter:label1\" content=\"Gesch\u00e4tzte Lesezeit\" \/>\n\t<meta name=\"twitter:data1\" content=\"1\u00a0Minute\" \/>\n<script type=\"application\/ld+json\" class=\"yoast-schema-graph\">{\"@context\":\"https:\/\/schema.org\",\"@graph\":[{\"@type\":\"WebPage\",\"@id\":\"http:\/\/tauroslovenia.eu\/de\/izdelek\/puderpinsel-tauro-pro-line-holz-mit-naturwollborsten-45-x-55-cm\/\",\"url\":\"http:\/\/tauroslovenia.eu\/de\/izdelek\/puderpinsel-tauro-pro-line-holz-mit-naturwollborsten-45-x-55-cm\/\",\"name\":\"Puderpinsel TAURO Pro Line, Holz, mit Naturwollborsten, 4,5 x 5,5 cm | Tauro Slovenia\",\"isPartOf\":{\"@id\":\"http:\/\/tauroslovenia.eu\/de\/#website\"},\"primaryImageOfPage\":{\"@id\":\"http:\/\/tauroslovenia.eu\/de\/izdelek\/puderpinsel-tauro-pro-line-holz-mit-naturwollborsten-45-x-55-cm\/#primaryimage\"},\"image\":{\"@id\":\"http:\/\/tauroslovenia.eu\/de\/izdelek\/puderpinsel-tauro-pro-line-holz-mit-naturwollborsten-45-x-55-cm\/#primaryimage\"},\"thumbnailUrl\":\"http:\/\/tauroslovenia.eu\/wp-content\/uploads\/2023\/07\/TPLY63246.jpg\",\"datePublished\":\"2024-09-15T21:40:12+00:00\",\"dateModified\":\"2024-10-25T13:13:34+00:00\",\"breadcrumb\":{\"@id\":\"http:\/\/tauroslovenia.eu\/de\/izdelek\/puderpinsel-tauro-pro-line-holz-mit-naturwollborsten-45-x-55-cm\/#breadcrumb\"},\"inLanguage\":\"de\",\"potentialAction\":[{\"@type\":\"ReadAction\",\"target\":[\"http:\/\/tauroslovenia.eu\/de\/izdelek\/puderpinsel-tauro-pro-line-holz-mit-naturwollborsten-45-x-55-cm\/\"]}]},{\"@type\":\"ImageObject\",\"inLanguage\":\"de\",\"@id\":\"http:\/\/tauroslovenia.eu\/de\/izdelek\/puderpinsel-tauro-pro-line-holz-mit-naturwollborsten-45-x-55-cm\/#primaryimage\",\"url\":\"http:\/\/tauroslovenia.eu\/wp-content\/uploads\/2023\/07\/TPLY63246.jpg\",\"contentUrl\":\"http:\/\/tauroslovenia.eu\/wp-content\/uploads\/2023\/07\/TPLY63246.jpg\",\"width\":3232,\"height\":3232},{\"@type\":\"BreadcrumbList\",\"@id\":\"http:\/\/tauroslovenia.eu\/de\/izdelek\/puderpinsel-tauro-pro-line-holz-mit-naturwollborsten-45-x-55-cm\/#breadcrumb\",\"itemListElement\":[{\"@type\":\"ListItem\",\"position\":1,\"name\":\"Domov\",\"item\":\"http:\/\/tauroslovenia.eu\/de\/\"},{\"@type\":\"ListItem\",\"position\":2,\"name\":\"Trgovina\",\"item\":\"http:\/\/tauroslovenia.eu\/trgovina\/\"},{\"@type\":\"ListItem\",\"position\":3,\"name\":\"Puderpinsel TAURO Pro Line, Holz, mit Naturwollborsten, 4,5 x 5,5 cm\"}]},{\"@type\":\"WebSite\",\"@id\":\"http:\/\/tauroslovenia.eu\/de\/#website\",\"url\":\"http:\/\/tauroslovenia.eu\/de\/\",\"name\":\"Tauro Slovenia\",\"description\":\"\",\"publisher\":{\"@id\":\"http:\/\/tauroslovenia.eu\/de\/#organization\"},\"potentialAction\":[{\"@type\":\"SearchAction\",\"target\":{\"@type\":\"EntryPoint\",\"urlTemplate\":\"http:\/\/tauroslovenia.eu\/de\/?s={search_term_string}\"},\"query-input\":{\"@type\":\"PropertyValueSpecification\",\"valueRequired\":true,\"valueName\":\"search_term_string\"}}],\"inLanguage\":\"de\"},{\"@type\":\"Organization\",\"@id\":\"http:\/\/tauroslovenia.eu\/de\/#organization\",\"name\":\"KA&L SOLUTIONS d.o.o.\",\"url\":\"http:\/\/tauroslovenia.eu\/de\/\",\"logo\":{\"@type\":\"ImageObject\",\"inLanguage\":\"de\",\"@id\":\"http:\/\/tauroslovenia.eu\/de\/#\/schema\/logo\/image\/\",\"url\":\"http:\/\/tauroslovenia.eu\/wp-content\/uploads\/2023\/07\/logo-tauroproline-email.png\",\"contentUrl\":\"http:\/\/tauroslovenia.eu\/wp-content\/uploads\/2023\/07\/logo-tauroproline-email.png\",\"width\":157,\"height\":101,\"caption\":\"KA&L SOLUTIONS d.o.o.\"},\"image\":{\"@id\":\"http:\/\/tauroslovenia.eu\/de\/#\/schema\/logo\/image\/\"},\"sameAs\":[\"https:\/\/www.facebook.com\/tauroproline.slovenia\/\",\"https:\/\/www.instagram.com\/tauroproline_slovenia\/\"]}]}<\/script>\n<!-- \/ Yoast SEO plugin. -->","yoast_head_json":{"title":"Puderpinsel TAURO Pro Line, Holz, mit Naturwollborsten, 4,5 x 5,5 cm | Tauro Slovenia","robots":{"index":"index","follow":"follow","max-snippet":"max-snippet:-1","max-image-preview":"max-image-preview:large","max-video-preview":"max-video-preview:-1"},"canonical":"http:\/\/tauroslovenia.eu\/de\/izdelek\/puderpinsel-tauro-pro-line-holz-mit-naturwollborsten-45-x-55-cm\/","og_locale":"de_DE","og_type":"article","og_title":"Puderpinsel TAURO Pro Line, Holz, mit Naturwollborsten, 4,5 x 5,5 cm | Tauro Slovenia","og_description":"Die Tauro Pro Line-B\u00fcrste mit Naturborsten ist eine ausgezeichnete Wahl f\u00fcr Besitzer, die das Fell und Haut ihrer Haustiere respektieren, und f\u00fcr professionelle Tierpfleger, die ihre Arbeit einwandfrei erledigen.","og_url":"http:\/\/tauroslovenia.eu\/de\/izdelek\/puderpinsel-tauro-pro-line-holz-mit-naturwollborsten-45-x-55-cm\/","og_site_name":"Tauro Slovenia","article_publisher":"https:\/\/www.facebook.com\/tauroproline.slovenia\/","article_modified_time":"2024-10-25T13:13:34+00:00","og_image":[{"width":3232,"height":3232,"url":"http:\/\/tauroslovenia.eu\/wp-content\/uploads\/2023\/07\/TPLY63246.jpg","type":"image\/png"}],"twitter_card":"summary_large_image","twitter_misc":{"Gesch\u00e4tzte Lesezeit":"1\u00a0Minute"},"schema":{"@context":"https:\/\/schema.org","@graph":[{"@type":"WebPage","@id":"http:\/\/tauroslovenia.eu\/de\/izdelek\/puderpinsel-tauro-pro-line-holz-mit-naturwollborsten-45-x-55-cm\/","url":"http:\/\/tauroslovenia.eu\/de\/izdelek\/puderpinsel-tauro-pro-line-holz-mit-naturwollborsten-45-x-55-cm\/","name":"Puderpinsel TAURO Pro Line, Holz, mit Naturwollborsten, 4,5 x 5,5 cm | Tauro Slovenia","isPartOf":{"@id":"http:\/\/tauroslovenia.eu\/de\/#website"},"primaryImageOfPage":{"@id":"http:\/\/tauroslovenia.eu\/de\/izdelek\/puderpinsel-tauro-pro-line-holz-mit-naturwollborsten-45-x-55-cm\/#primaryimage"},"image":{"@id":"http:\/\/tauroslovenia.eu\/de\/izdelek\/puderpinsel-tauro-pro-line-holz-mit-naturwollborsten-45-x-55-cm\/#primaryimage"},"thumbnailUrl":"http:\/\/tauroslovenia.eu\/wp-content\/uploads\/2023\/07\/TPLY63246.jpg","datePublished":"2024-09-15T21:40:12+00:00","dateModified":"2024-10-25T13:13:34+00:00","breadcrumb":{"@id":"http:\/\/tauroslovenia.eu\/de\/izdelek\/puderpinsel-tauro-pro-line-holz-mit-naturwollborsten-45-x-55-cm\/#breadcrumb"},"inLanguage":"de","potentialAction":[{"@type":"ReadAction","target":["http:\/\/tauroslovenia.eu\/de\/izdelek\/puderpinsel-tauro-pro-line-holz-mit-naturwollborsten-45-x-55-cm\/"]}]},{"@type":"ImageObject","inLanguage":"de","@id":"http:\/\/tauroslovenia.eu\/de\/izdelek\/puderpinsel-tauro-pro-line-holz-mit-naturwollborsten-45-x-55-cm\/#primaryimage","url":"http:\/\/tauroslovenia.eu\/wp-content\/uploads\/2023\/07\/TPLY63246.jpg","contentUrl":"http:\/\/tauroslovenia.eu\/wp-content\/uploads\/2023\/07\/TPLY63246.jpg","width":3232,"height":3232},{"@type":"BreadcrumbList","@id":"http:\/\/tauroslovenia.eu\/de\/izdelek\/puderpinsel-tauro-pro-line-holz-mit-naturwollborsten-45-x-55-cm\/#breadcrumb","itemListElement":[{"@type":"ListItem","position":1,"name":"Domov","item":"http:\/\/tauroslovenia.eu\/de\/"},{"@type":"ListItem","position":2,"name":"Trgovina","item":"http:\/\/tauroslovenia.eu\/trgovina\/"},{"@type":"ListItem","position":3,"name":"Puderpinsel TAURO Pro Line, Holz, mit Naturwollborsten, 4,5 x 5,5 cm"}]},{"@type":"WebSite","@id":"http:\/\/tauroslovenia.eu\/de\/#website","url":"http:\/\/tauroslovenia.eu\/de\/","name":"Tauro Slovenia","description":"","publisher":{"@id":"http:\/\/tauroslovenia.eu\/de\/#organization"},"potentialAction":[{"@type":"SearchAction","target":{"@type":"EntryPoint","urlTemplate":"http:\/\/tauroslovenia.eu\/de\/?s={search_term_string}"},"query-input":{"@type":"PropertyValueSpecification","valueRequired":true,"valueName":"search_term_string"}}],"inLanguage":"de"},{"@type":"Organization","@id":"http:\/\/tauroslovenia.eu\/de\/#organization","name":"KA&L SOLUTIONS d.o.o.","url":"http:\/\/tauroslovenia.eu\/de\/","logo":{"@type":"ImageObject","inLanguage":"de","@id":"http:\/\/tauroslovenia.eu\/de\/#\/schema\/logo\/image\/","url":"http:\/\/tauroslovenia.eu\/wp-content\/uploads\/2023\/07\/logo-tauroproline-email.png","contentUrl":"http:\/\/tauroslovenia.eu\/wp-content\/uploads\/2023\/07\/logo-tauroproline-email.png","width":157,"height":101,"caption":"KA&L SOLUTIONS d.o.o."},"image":{"@id":"http:\/\/tauroslovenia.eu\/de\/#\/schema\/logo\/image\/"},"sameAs":["https:\/\/www.facebook.com\/tauroproline.slovenia\/","https:\/\/www.instagram.com\/tauroproline_slovenia\/"]}]}},"brands":[{"id":264,"name":"TAURO","slug":"tauro"}],"_links":{"self":[{"href":"http:\/\/tauroslovenia.eu\/de\/wp-json\/wp\/v2\/product\/57536"}],"collection":[{"href":"http:\/\/tauroslovenia.eu\/de\/wp-json\/wp\/v2\/product"}],"about":[{"href":"http:\/\/tauroslovenia.eu\/de\/wp-json\/wp\/v2\/types\/product"}],"wp:featuredmedia":[{"embeddable":true,"href":"http:\/\/tauroslovenia.eu\/de\/wp-json\/wp\/v2\/media\/57538"}],"wp:attachment":[{"href":"http:\/\/tauroslovenia.eu\/de\/wp-json\/wp\/v2\/media?parent=57536"}],"wp:term":[{"taxonomy":"pwb-brand","embeddable":true,"href":"http:\/\/tauroslovenia.eu\/de\/wp-json\/wp\/v2\/pwb-brand?post=57536"},{"taxonomy":"product_cat","embeddable":true,"href":"http:\/\/tauroslovenia.eu\/de\/wp-json\/wp\/v2\/product_cat?post=57536"},{"taxonomy":"product_tag","embeddable":true,"href":"http:\/\/tauroslovenia.eu\/de\/wp-json\/wp\/v2\/product_tag?post=57536"}],"curies":[{"name":"wp","href":"https:\/\/api.w.org\/{rel}","templated":true}]}}