{"id":57587,"date":"2024-09-15T23:40:16","date_gmt":"2024-09-15T21:40:16","guid":{"rendered":"https:\/\/tauroslovenia.eu\/izdelek\/tpl-pure-nature-zahnpasta-mit-weisser-tonerde-kaolin-zeolith-und-gruentee-extrakt-fuer-hunde-und-katzen-100-ml\/"},"modified":"2024-10-25T14:58:50","modified_gmt":"2024-10-25T12:58:50","slug":"tpl-pure-nature-zahnpasta-mit-weisser-tonerde-kaolin-zeolith-und-gruentee-extrakt-fuer-hunde-und-katzen-100-ml","status":"publish","type":"product","link":"http:\/\/tauroslovenia.eu\/de\/izdelek\/tpl-pure-nature-zahnpasta-mit-weisser-tonerde-kaolin-zeolith-und-gruentee-extrakt-fuer-hunde-und-katzen-100-ml\/","title":{"rendered":"TPL Pure Nature Zahnpasta mit wei\u00dfer Tonerde (Kaolin), Zeolith und Gr\u00fcntee-Extrakt f\u00fcr Hunde und Katzen, 100 ml"},"content":{"rendered":"<p><span>Weitere Informationen \u00fcber das gesamte Angebot finden Sie <\/span><em>&#8222;<\/em><span>Tauro Pro Line&#8220;, Geschichte und unsere Tipps <\/span><a href=\"https:\/\/www.kika.lt\/files\/uploaded\/TPL\/Tauro_Pro_Line_product_catalogue.pdf\">HIER.<\/a><\/p>\n<p>Die Tauro Pro Line Pure Nature Zahnpasta 2-in-1 mit wei\u00dfem Ton (Kaolin) und gr\u00fcnem Tee ist darauf ausgelegt, die perfekte Mund- und Zahnhygiene Ihres Haustieres aufrechtzuerhalten. <\/p>\n<p><strong>F\u00fcr die Pflege von Mund und Z\u00e4hnen von Haustieren<\/strong><\/p>\n<p>Die Zahnpasta hilft, die Mund- und Zahngesundheit bei Hunden und Katzen zu erhalten. Die Zahnpasta und ihre Inhaltsstoffe reinigen bei regelm\u00e4\u00dfiger Anwendung sanft die Z\u00e4hne und verhindern die Bildung von Zahnbelag.<\/p>\n<p><strong>Mit wei\u00dfem Ton<\/strong><\/p>\n<p>Der wei\u00dfe Ton (Kaolin) in dieser Zahnpasta reinigt, bleicht und sch\u00fctzt die Z\u00e4hne und das Zahnfleisch vor der Bildung von Zahnbelag. Kaolin ist ein v\u00f6llig nat\u00fcrliches und effektives Zahnreinigungsmittel, das v\u00f6llig sicher in der Anwendung ist.<\/p>\n<p><strong>Angereichert mit gr\u00fcnem Tee-Extrakt<\/strong><\/p>\n<p>Gr\u00fcner Tee hat antibakterielle Eigenschaften, und die regelm\u00e4\u00dfige Anwendung der Zahnpasta reduziert das Bakterienwachstum und beruhigt das Zahnfleisch.<\/p>\n<p><strong>Reduziert schlechten Atem<\/strong><\/p>\n<p>Die Zahnpasta kann helfen, schlechten Atem zu reduzieren und sorgt f\u00fcr ein frisches Gef\u00fchl.<\/p>\n<p><span><strong>Anwendungsanweisung:<\/strong><\/span> <span>Beim ersten Z\u00e4hneputzen tragen Sie eine kleine Menge Zahnpasta auf Ihren Finger auf und lassen Sie Ihren Hund oder Ihre Katze daran lecken. <\/span><span>Heben Sie vorsichtig die Lippen Ihres Hundes oder Ihrer Katze an und tragen Sie die Paste auf das Zahnfleisch und die Z\u00e4hne auf. <\/span><span>Wenn sich Ihr Haustier an diesen Vorgang gew\u00f6hnt hat, dr\u00fccken Sie eine kleine Menge Paste auf die Zahnb\u00fcrste oder die Spitze der B\u00fcrste und wiederholen Sie die oben beschriebenen Schritte. <\/span><span>Versuchen Sie, bei Ihrem Hund oder Ihrer Katze eine positive Assoziation mit dem Z\u00e4hneputzen zu wecken. <\/span>Putzen Sie die Z\u00e4hne t\u00e4glich f\u00fcr beste Ergebnisse.<\/p>\n<p><span><strong> <\/strong><\/span><\/p>\n<p><span><strong>WARNHINWEIS:<\/strong><\/span> <span>Von Kindern fernhalten. <\/span><span>F\u00fcr Haustiere. <\/span><span>Das Produkt ist zum Verzehr geeignet. <\/span>Bewahren Sie das Produkt in der Originalverpackung bei 5-25 \u00b0C auf.<\/p>\n<p><strong>Eigenschaften:<\/strong><\/p>\n<ul>\n<li>Geeignet f\u00fcr Hunde und Katzen.<\/li>\n<li>Inhalt &#8211; 100 ml.<\/li>\n<\/ul>\n<p><strong>Hergestellt<\/strong> in der Europ\u00e4ischen Union.<\/p>\n","protected":false},"excerpt":{"rendered":"<p>Die Tauro Pro Line Pure Nature Zahnpasta 2 in 1 mit wei\u00dfer Tonerde (Kaolin) und gr\u00fcnem Tee sorgt f\u00fcr eine perfekte Mund- und Zahnhygiene Ihres Haustiers.<\/p>\n","protected":false},"featured_media":57589,"template":"","meta":{"_acf_changed":false},"pwb-brand":[264],"product_cat":[606],"product_tag":[],"class_list":{"0":"post-57587","1":"product","2":"type-product","3":"status-publish","4":"has-post-thumbnail","6":"pwb-brand-tauro","7":"product_cat-zahnpflege","9":"first","10":"instock","11":"taxable","12":"shipping-taxable","13":"purchasable","14":"product-type-simple"},"acf":[],"yoast_head":"<!-- This site is optimized with the Yoast SEO plugin v23.6 - https:\/\/yoast.com\/wordpress\/plugins\/seo\/ -->\n<title>TPL Pure Nature Zahnpasta mit wei\u00dfer Tonerde (Kaolin), Zeolith und Gr\u00fcntee-Extrakt f\u00fcr Hunde und Katzen, 100 ml | Tauro Slovenia<\/title>\n<meta name=\"robots\" content=\"index, follow, max-snippet:-1, max-image-preview:large, max-video-preview:-1\" \/>\n<link rel=\"canonical\" href=\"http:\/\/tauroslovenia.eu\/de\/izdelek\/tpl-pure-nature-zahnpasta-mit-weisser-tonerde-kaolin-zeolith-und-gruentee-extrakt-fuer-hunde-und-katzen-100-ml\/\" \/>\n<meta property=\"og:locale\" content=\"de_DE\" \/>\n<meta property=\"og:type\" content=\"article\" \/>\n<meta property=\"og:title\" content=\"TPL Pure Nature Zahnpasta mit wei\u00dfer Tonerde (Kaolin), Zeolith und Gr\u00fcntee-Extrakt f\u00fcr Hunde und Katzen, 100 ml | Tauro Slovenia\" \/>\n<meta property=\"og:description\" content=\"Die Tauro Pro Line Pure Nature Zahnpasta 2 in 1 mit wei\u00dfer Tonerde (Kaolin) und gr\u00fcnem Tee sorgt f\u00fcr eine perfekte Mund- und Zahnhygiene Ihres Haustiers.\" \/>\n<meta property=\"og:url\" content=\"http:\/\/tauroslovenia.eu\/de\/izdelek\/tpl-pure-nature-zahnpasta-mit-weisser-tonerde-kaolin-zeolith-und-gruentee-extrakt-fuer-hunde-und-katzen-100-ml\/\" \/>\n<meta property=\"og:site_name\" content=\"Tauro Slovenia\" \/>\n<meta property=\"article:publisher\" content=\"https:\/\/www.facebook.com\/tauroproline.slovenia\/\" \/>\n<meta property=\"article:modified_time\" content=\"2024-10-25T12:58:50+00:00\" \/>\n<meta property=\"og:image\" content=\"https:\/\/tauroslovenia.eu\/wp-content\/uploads\/2023\/07\/TPLPN63382-scaled.jpg\" \/>\n\t<meta property=\"og:image:width\" content=\"2560\" \/>\n\t<meta property=\"og:image:height\" content=\"2560\" \/>\n\t<meta property=\"og:image:type\" content=\"image\/jpeg\" \/>\n<meta name=\"twitter:card\" content=\"summary_large_image\" \/>\n<meta name=\"twitter:label1\" content=\"Gesch\u00e4tzte Lesezeit\" \/>\n\t<meta name=\"twitter:data1\" content=\"2\u00a0Minuten\" \/>\n<script type=\"application\/ld+json\" class=\"yoast-schema-graph\">{\"@context\":\"https:\/\/schema.org\",\"@graph\":[{\"@type\":\"WebPage\",\"@id\":\"http:\/\/tauroslovenia.eu\/de\/izdelek\/tpl-pure-nature-zahnpasta-mit-weisser-tonerde-kaolin-zeolith-und-gruentee-extrakt-fuer-hunde-und-katzen-100-ml\/\",\"url\":\"http:\/\/tauroslovenia.eu\/de\/izdelek\/tpl-pure-nature-zahnpasta-mit-weisser-tonerde-kaolin-zeolith-und-gruentee-extrakt-fuer-hunde-und-katzen-100-ml\/\",\"name\":\"TPL Pure Nature Zahnpasta mit wei\u00dfer Tonerde (Kaolin), Zeolith und Gr\u00fcntee-Extrakt f\u00fcr Hunde und Katzen, 100 ml | Tauro Slovenia\",\"isPartOf\":{\"@id\":\"https:\/\/tauroslovenia.eu\/de\/#website\"},\"primaryImageOfPage\":{\"@id\":\"http:\/\/tauroslovenia.eu\/de\/izdelek\/tpl-pure-nature-zahnpasta-mit-weisser-tonerde-kaolin-zeolith-und-gruentee-extrakt-fuer-hunde-und-katzen-100-ml\/#primaryimage\"},\"image\":{\"@id\":\"http:\/\/tauroslovenia.eu\/de\/izdelek\/tpl-pure-nature-zahnpasta-mit-weisser-tonerde-kaolin-zeolith-und-gruentee-extrakt-fuer-hunde-und-katzen-100-ml\/#primaryimage\"},\"thumbnailUrl\":\"http:\/\/tauroslovenia.eu\/wp-content\/uploads\/2023\/07\/TPLPN63382-scaled.jpg\",\"datePublished\":\"2024-09-15T21:40:16+00:00\",\"dateModified\":\"2024-10-25T12:58:50+00:00\",\"breadcrumb\":{\"@id\":\"http:\/\/tauroslovenia.eu\/de\/izdelek\/tpl-pure-nature-zahnpasta-mit-weisser-tonerde-kaolin-zeolith-und-gruentee-extrakt-fuer-hunde-und-katzen-100-ml\/#breadcrumb\"},\"inLanguage\":\"de\",\"potentialAction\":[{\"@type\":\"ReadAction\",\"target\":[\"http:\/\/tauroslovenia.eu\/de\/izdelek\/tpl-pure-nature-zahnpasta-mit-weisser-tonerde-kaolin-zeolith-und-gruentee-extrakt-fuer-hunde-und-katzen-100-ml\/\"]}]},{\"@type\":\"ImageObject\",\"inLanguage\":\"de\",\"@id\":\"http:\/\/tauroslovenia.eu\/de\/izdelek\/tpl-pure-nature-zahnpasta-mit-weisser-tonerde-kaolin-zeolith-und-gruentee-extrakt-fuer-hunde-und-katzen-100-ml\/#primaryimage\",\"url\":\"http:\/\/tauroslovenia.eu\/wp-content\/uploads\/2023\/07\/TPLPN63382-scaled.jpg\",\"contentUrl\":\"http:\/\/tauroslovenia.eu\/wp-content\/uploads\/2023\/07\/TPLPN63382-scaled.jpg\",\"width\":2560,\"height\":2560},{\"@type\":\"BreadcrumbList\",\"@id\":\"http:\/\/tauroslovenia.eu\/de\/izdelek\/tpl-pure-nature-zahnpasta-mit-weisser-tonerde-kaolin-zeolith-und-gruentee-extrakt-fuer-hunde-und-katzen-100-ml\/#breadcrumb\",\"itemListElement\":[{\"@type\":\"ListItem\",\"position\":1,\"name\":\"Domov\",\"item\":\"https:\/\/tauroslovenia.eu\/de\/\"},{\"@type\":\"ListItem\",\"position\":2,\"name\":\"Trgovina\",\"item\":\"https:\/\/tauroslovenia.eu\/trgovina\/\"},{\"@type\":\"ListItem\",\"position\":3,\"name\":\"TPL Pure Nature Zahnpasta mit wei\u00dfer Tonerde (Kaolin), Zeolith und Gr\u00fcntee-Extrakt f\u00fcr Hunde und Katzen, 100 ml\"}]},{\"@type\":\"WebSite\",\"@id\":\"https:\/\/tauroslovenia.eu\/de\/#website\",\"url\":\"https:\/\/tauroslovenia.eu\/de\/\",\"name\":\"Tauro Slovenia\",\"description\":\"\",\"publisher\":{\"@id\":\"https:\/\/tauroslovenia.eu\/de\/#organization\"},\"potentialAction\":[{\"@type\":\"SearchAction\",\"target\":{\"@type\":\"EntryPoint\",\"urlTemplate\":\"https:\/\/tauroslovenia.eu\/de\/?s={search_term_string}\"},\"query-input\":{\"@type\":\"PropertyValueSpecification\",\"valueRequired\":true,\"valueName\":\"search_term_string\"}}],\"inLanguage\":\"de\"},{\"@type\":\"Organization\",\"@id\":\"https:\/\/tauroslovenia.eu\/de\/#organization\",\"name\":\"KA&L SOLUTIONS d.o.o.\",\"url\":\"https:\/\/tauroslovenia.eu\/de\/\",\"logo\":{\"@type\":\"ImageObject\",\"inLanguage\":\"de\",\"@id\":\"https:\/\/tauroslovenia.eu\/de\/#\/schema\/logo\/image\/\",\"url\":\"http:\/\/tauroslovenia.eu\/wp-content\/uploads\/2023\/07\/logo-tauroproline-email.png\",\"contentUrl\":\"http:\/\/tauroslovenia.eu\/wp-content\/uploads\/2023\/07\/logo-tauroproline-email.png\",\"width\":157,\"height\":101,\"caption\":\"KA&L SOLUTIONS d.o.o.\"},\"image\":{\"@id\":\"https:\/\/tauroslovenia.eu\/de\/#\/schema\/logo\/image\/\"},\"sameAs\":[\"https:\/\/www.facebook.com\/tauroproline.slovenia\/\",\"https:\/\/www.instagram.com\/tauroproline_slovenia\/\"]}]}<\/script>\n<!-- \/ Yoast SEO plugin. -->","yoast_head_json":{"title":"TPL Pure Nature Zahnpasta mit wei\u00dfer Tonerde (Kaolin), Zeolith und Gr\u00fcntee-Extrakt f\u00fcr Hunde und Katzen, 100 ml | Tauro Slovenia","robots":{"index":"index","follow":"follow","max-snippet":"max-snippet:-1","max-image-preview":"max-image-preview:large","max-video-preview":"max-video-preview:-1"},"canonical":"http:\/\/tauroslovenia.eu\/de\/izdelek\/tpl-pure-nature-zahnpasta-mit-weisser-tonerde-kaolin-zeolith-und-gruentee-extrakt-fuer-hunde-und-katzen-100-ml\/","og_locale":"de_DE","og_type":"article","og_title":"TPL Pure Nature Zahnpasta mit wei\u00dfer Tonerde (Kaolin), Zeolith und Gr\u00fcntee-Extrakt f\u00fcr Hunde und Katzen, 100 ml | Tauro Slovenia","og_description":"Die Tauro Pro Line Pure Nature Zahnpasta 2 in 1 mit wei\u00dfer Tonerde (Kaolin) und gr\u00fcnem Tee sorgt f\u00fcr eine perfekte Mund- und Zahnhygiene Ihres Haustiers.","og_url":"http:\/\/tauroslovenia.eu\/de\/izdelek\/tpl-pure-nature-zahnpasta-mit-weisser-tonerde-kaolin-zeolith-und-gruentee-extrakt-fuer-hunde-und-katzen-100-ml\/","og_site_name":"Tauro Slovenia","article_publisher":"https:\/\/www.facebook.com\/tauroproline.slovenia\/","article_modified_time":"2024-10-25T12:58:50+00:00","og_image":[{"width":2560,"height":2560,"url":"https:\/\/tauroslovenia.eu\/wp-content\/uploads\/2023\/07\/TPLPN63382-scaled.jpg","type":"image\/jpeg"}],"twitter_card":"summary_large_image","twitter_misc":{"Gesch\u00e4tzte Lesezeit":"2\u00a0Minuten"},"schema":{"@context":"https:\/\/schema.org","@graph":[{"@type":"WebPage","@id":"http:\/\/tauroslovenia.eu\/de\/izdelek\/tpl-pure-nature-zahnpasta-mit-weisser-tonerde-kaolin-zeolith-und-gruentee-extrakt-fuer-hunde-und-katzen-100-ml\/","url":"http:\/\/tauroslovenia.eu\/de\/izdelek\/tpl-pure-nature-zahnpasta-mit-weisser-tonerde-kaolin-zeolith-und-gruentee-extrakt-fuer-hunde-und-katzen-100-ml\/","name":"TPL Pure Nature Zahnpasta mit wei\u00dfer Tonerde (Kaolin), Zeolith und Gr\u00fcntee-Extrakt f\u00fcr Hunde und Katzen, 100 ml | Tauro Slovenia","isPartOf":{"@id":"https:\/\/tauroslovenia.eu\/de\/#website"},"primaryImageOfPage":{"@id":"http:\/\/tauroslovenia.eu\/de\/izdelek\/tpl-pure-nature-zahnpasta-mit-weisser-tonerde-kaolin-zeolith-und-gruentee-extrakt-fuer-hunde-und-katzen-100-ml\/#primaryimage"},"image":{"@id":"http:\/\/tauroslovenia.eu\/de\/izdelek\/tpl-pure-nature-zahnpasta-mit-weisser-tonerde-kaolin-zeolith-und-gruentee-extrakt-fuer-hunde-und-katzen-100-ml\/#primaryimage"},"thumbnailUrl":"http:\/\/tauroslovenia.eu\/wp-content\/uploads\/2023\/07\/TPLPN63382-scaled.jpg","datePublished":"2024-09-15T21:40:16+00:00","dateModified":"2024-10-25T12:58:50+00:00","breadcrumb":{"@id":"http:\/\/tauroslovenia.eu\/de\/izdelek\/tpl-pure-nature-zahnpasta-mit-weisser-tonerde-kaolin-zeolith-und-gruentee-extrakt-fuer-hunde-und-katzen-100-ml\/#breadcrumb"},"inLanguage":"de","potentialAction":[{"@type":"ReadAction","target":["http:\/\/tauroslovenia.eu\/de\/izdelek\/tpl-pure-nature-zahnpasta-mit-weisser-tonerde-kaolin-zeolith-und-gruentee-extrakt-fuer-hunde-und-katzen-100-ml\/"]}]},{"@type":"ImageObject","inLanguage":"de","@id":"http:\/\/tauroslovenia.eu\/de\/izdelek\/tpl-pure-nature-zahnpasta-mit-weisser-tonerde-kaolin-zeolith-und-gruentee-extrakt-fuer-hunde-und-katzen-100-ml\/#primaryimage","url":"http:\/\/tauroslovenia.eu\/wp-content\/uploads\/2023\/07\/TPLPN63382-scaled.jpg","contentUrl":"http:\/\/tauroslovenia.eu\/wp-content\/uploads\/2023\/07\/TPLPN63382-scaled.jpg","width":2560,"height":2560},{"@type":"BreadcrumbList","@id":"http:\/\/tauroslovenia.eu\/de\/izdelek\/tpl-pure-nature-zahnpasta-mit-weisser-tonerde-kaolin-zeolith-und-gruentee-extrakt-fuer-hunde-und-katzen-100-ml\/#breadcrumb","itemListElement":[{"@type":"ListItem","position":1,"name":"Domov","item":"https:\/\/tauroslovenia.eu\/de\/"},{"@type":"ListItem","position":2,"name":"Trgovina","item":"https:\/\/tauroslovenia.eu\/trgovina\/"},{"@type":"ListItem","position":3,"name":"TPL Pure Nature Zahnpasta mit wei\u00dfer Tonerde (Kaolin), Zeolith und Gr\u00fcntee-Extrakt f\u00fcr Hunde und Katzen, 100 ml"}]},{"@type":"WebSite","@id":"https:\/\/tauroslovenia.eu\/de\/#website","url":"https:\/\/tauroslovenia.eu\/de\/","name":"Tauro Slovenia","description":"","publisher":{"@id":"https:\/\/tauroslovenia.eu\/de\/#organization"},"potentialAction":[{"@type":"SearchAction","target":{"@type":"EntryPoint","urlTemplate":"https:\/\/tauroslovenia.eu\/de\/?s={search_term_string}"},"query-input":{"@type":"PropertyValueSpecification","valueRequired":true,"valueName":"search_term_string"}}],"inLanguage":"de"},{"@type":"Organization","@id":"https:\/\/tauroslovenia.eu\/de\/#organization","name":"KA&L SOLUTIONS d.o.o.","url":"https:\/\/tauroslovenia.eu\/de\/","logo":{"@type":"ImageObject","inLanguage":"de","@id":"https:\/\/tauroslovenia.eu\/de\/#\/schema\/logo\/image\/","url":"http:\/\/tauroslovenia.eu\/wp-content\/uploads\/2023\/07\/logo-tauroproline-email.png","contentUrl":"http:\/\/tauroslovenia.eu\/wp-content\/uploads\/2023\/07\/logo-tauroproline-email.png","width":157,"height":101,"caption":"KA&L SOLUTIONS d.o.o."},"image":{"@id":"https:\/\/tauroslovenia.eu\/de\/#\/schema\/logo\/image\/"},"sameAs":["https:\/\/www.facebook.com\/tauroproline.slovenia\/","https:\/\/www.instagram.com\/tauroproline_slovenia\/"]}]}},"brands":[{"id":264,"name":"TAURO","slug":"tauro"}],"_links":{"self":[{"href":"http:\/\/tauroslovenia.eu\/de\/wp-json\/wp\/v2\/product\/57587"}],"collection":[{"href":"http:\/\/tauroslovenia.eu\/de\/wp-json\/wp\/v2\/product"}],"about":[{"href":"http:\/\/tauroslovenia.eu\/de\/wp-json\/wp\/v2\/types\/product"}],"wp:featuredmedia":[{"embeddable":true,"href":"http:\/\/tauroslovenia.eu\/de\/wp-json\/wp\/v2\/media\/57589"}],"wp:attachment":[{"href":"http:\/\/tauroslovenia.eu\/de\/wp-json\/wp\/v2\/media?parent=57587"}],"wp:term":[{"taxonomy":"pwb-brand","embeddable":true,"href":"http:\/\/tauroslovenia.eu\/de\/wp-json\/wp\/v2\/pwb-brand?post=57587"},{"taxonomy":"product_cat","embeddable":true,"href":"http:\/\/tauroslovenia.eu\/de\/wp-json\/wp\/v2\/product_cat?post=57587"},{"taxonomy":"product_tag","embeddable":true,"href":"http:\/\/tauroslovenia.eu\/de\/wp-json\/wp\/v2\/product_tag?post=57587"}],"curies":[{"name":"wp","href":"https:\/\/api.w.org\/{rel}","templated":true}]}}