{"id":56116,"date":"2024-09-15T23:40:12","date_gmt":"2024-09-15T21:40:12","guid":{"rendered":"https:\/\/tauroslovenia.eu\/izdelek\/nail-clippers-tauro-pro-line-large-16-5-x-4-5-x-1-5-cm\/"},"modified":"2024-10-25T15:14:13","modified_gmt":"2024-10-25T13:14:13","slug":"nail-clippers-tauro-pro-line-large-16-5-x-4-5-x-1-5-cm","status":"publish","type":"product","link":"http:\/\/tauroslovenia.eu\/en\/product\/nail-clippers-tauro-pro-line-large-16-5-x-4-5-x-1-5-cm\/","title":{"rendered":"Nail clippers TAURO Pro Line, large, 16.5 x 4.5 x 1.5 cm"},"content":{"rendered":"<p>You can view the product in 360\u00b0 here <span><span class=\"fa mceNonEditable\">a<\/span><\/span> <a href=\"https:\/\/www.kika.lt\/files\/uploaded\/\u0161epe\u010di\u0173%20gif\/TPLY63245.gif\" target=\"_blank\" rel=\"noopener\"><img decoding=\"async\" src=\"https:\/\/www.kika.lt\/files\/uploaded\/\u0161epe\u010di\u0173 gif\/360laips ikona (5).png\" alt=\"\" width=\"55\" height=\"55\" \/><\/a><\/p>\n<p>It is the duty of every owner to take care of their pet&#8217;s hygiene, and with the Tauro Pro Line Nail Scissors you can do it professionally and easily.<\/p>\n<p><strong>Robust <\/strong><\/p>\n<p>The scissor blades are made of iron, which makes them extremely strong and of high quality. Clipping thicker nails does not require worrying that the scissor blades may become distorted or otherwise damaged.<\/p>\n<p><strong>Precise and sharp <\/strong><\/p>\n<p>Thanks to carefully molded blades, the scissors cut extremely accurately and are made to ensure maximum sharpness.<\/p>\n<p><strong>Convenient to use <\/strong><\/p>\n<p>The comfortable, ergonomic handle ensures that the scissors won&#8217;t slip out of your hands, even when your pet is moving.<\/p>\n<p><strong>With safety lock <\/strong><\/p>\n<p>The scissors have a special lock to be safely moved or otherwise exported from one place to another.<\/p>\n<p><strong>Properties: <\/strong><\/p>\n<ul>\n<li>Dimensions: 16.5&#215;4.5&#215;1.5 cm.<\/li>\n<li>Colour: dark wood.<\/li>\n<li>For medium to large pets.<\/li>\n<\/ul>\n<p><strong>Manufacturer: <\/strong>Tauro Pro Line.<\/p>\n","protected":false},"excerpt":{"rendered":"<p>It is the duty of every owner to take care of their pet&amp;#039;s hygiene, and with the Tauro Pro Line Nail Scissors you can do it professionally and easily.<\/p>\n","protected":false},"featured_media":47757,"template":"","meta":{"_acf_changed":false},"pwb-brand":[264],"product_cat":[583],"product_tag":[],"class_list":{"0":"post-56116","1":"product","2":"type-product","3":"status-publish","4":"has-post-thumbnail","6":"pwb-brand-tauro","7":"product_cat-scissors","9":"first","10":"instock","11":"taxable","12":"shipping-taxable","13":"purchasable","14":"product-type-simple"},"acf":[],"yoast_head":"<!-- This site is optimized with the Yoast SEO plugin v23.6 - https:\/\/yoast.com\/wordpress\/plugins\/seo\/ -->\n<title>Nail clippers TAURO Pro Line, large, 16.5 x 4.5 x 1.5 cm | Tauro Slovenia<\/title>\n<meta name=\"robots\" content=\"index, follow, max-snippet:-1, max-image-preview:large, max-video-preview:-1\" \/>\n<link rel=\"canonical\" href=\"http:\/\/tauroslovenia.eu\/en\/product\/nail-clippers-tauro-pro-line-large-16-5-x-4-5-x-1-5-cm\/\" \/>\n<meta property=\"og:locale\" content=\"en_US\" \/>\n<meta property=\"og:type\" content=\"article\" \/>\n<meta property=\"og:title\" content=\"Nail clippers TAURO Pro Line, large, 16.5 x 4.5 x 1.5 cm | Tauro Slovenia\" \/>\n<meta property=\"og:description\" content=\"It is the duty of every owner to take care of their pet&#039;s hygiene, and with the Tauro Pro Line Nail Scissors you can do it professionally and easily.\" \/>\n<meta property=\"og:url\" content=\"http:\/\/tauroslovenia.eu\/en\/product\/nail-clippers-tauro-pro-line-large-16-5-x-4-5-x-1-5-cm\/\" \/>\n<meta property=\"og:site_name\" content=\"Tauro Slovenia\" \/>\n<meta property=\"article:publisher\" content=\"https:\/\/www.facebook.com\/tauroproline.slovenia\/\" \/>\n<meta property=\"article:modified_time\" content=\"2024-10-25T13:14:13+00:00\" \/>\n<meta property=\"og:image\" content=\"https:\/\/tauroslovenia.eu\/wp-content\/uploads\/2023\/07\/TPLY63245-scaled.jpg\" \/>\n\t<meta property=\"og:image:width\" content=\"2560\" \/>\n\t<meta property=\"og:image:height\" content=\"2560\" \/>\n\t<meta property=\"og:image:type\" content=\"image\/jpeg\" \/>\n<meta name=\"twitter:card\" content=\"summary_large_image\" \/>\n<meta name=\"twitter:label1\" content=\"Est. reading time\" \/>\n\t<meta name=\"twitter:data1\" content=\"1 minute\" \/>\n<script type=\"application\/ld+json\" class=\"yoast-schema-graph\">{\"@context\":\"https:\/\/schema.org\",\"@graph\":[{\"@type\":\"WebPage\",\"@id\":\"http:\/\/tauroslovenia.eu\/en\/product\/nail-clippers-tauro-pro-line-large-16-5-x-4-5-x-1-5-cm\/\",\"url\":\"http:\/\/tauroslovenia.eu\/en\/product\/nail-clippers-tauro-pro-line-large-16-5-x-4-5-x-1-5-cm\/\",\"name\":\"Nail clippers TAURO Pro Line, large, 16.5 x 4.5 x 1.5 cm | Tauro Slovenia\",\"isPartOf\":{\"@id\":\"https:\/\/tauroslovenia.eu\/en\/#website\"},\"primaryImageOfPage\":{\"@id\":\"http:\/\/tauroslovenia.eu\/en\/product\/nail-clippers-tauro-pro-line-large-16-5-x-4-5-x-1-5-cm\/#primaryimage\"},\"image\":{\"@id\":\"http:\/\/tauroslovenia.eu\/en\/product\/nail-clippers-tauro-pro-line-large-16-5-x-4-5-x-1-5-cm\/#primaryimage\"},\"thumbnailUrl\":\"http:\/\/tauroslovenia.eu\/wp-content\/uploads\/2023\/07\/TPLY63245-scaled.jpg\",\"datePublished\":\"2024-09-15T21:40:12+00:00\",\"dateModified\":\"2024-10-25T13:14:13+00:00\",\"breadcrumb\":{\"@id\":\"http:\/\/tauroslovenia.eu\/en\/product\/nail-clippers-tauro-pro-line-large-16-5-x-4-5-x-1-5-cm\/#breadcrumb\"},\"inLanguage\":\"en-US\",\"potentialAction\":[{\"@type\":\"ReadAction\",\"target\":[\"http:\/\/tauroslovenia.eu\/en\/product\/nail-clippers-tauro-pro-line-large-16-5-x-4-5-x-1-5-cm\/\"]}]},{\"@type\":\"ImageObject\",\"inLanguage\":\"en-US\",\"@id\":\"http:\/\/tauroslovenia.eu\/en\/product\/nail-clippers-tauro-pro-line-large-16-5-x-4-5-x-1-5-cm\/#primaryimage\",\"url\":\"http:\/\/tauroslovenia.eu\/wp-content\/uploads\/2023\/07\/TPLY63245-scaled.jpg\",\"contentUrl\":\"http:\/\/tauroslovenia.eu\/wp-content\/uploads\/2023\/07\/TPLY63245-scaled.jpg\",\"width\":2560,\"height\":2560,\"caption\":\"Nail clippers TAURO Pro Line\"},{\"@type\":\"BreadcrumbList\",\"@id\":\"http:\/\/tauroslovenia.eu\/en\/product\/nail-clippers-tauro-pro-line-large-16-5-x-4-5-x-1-5-cm\/#breadcrumb\",\"itemListElement\":[{\"@type\":\"ListItem\",\"position\":1,\"name\":\"Domov\",\"item\":\"https:\/\/tauroslovenia.eu\/en\/\"},{\"@type\":\"ListItem\",\"position\":2,\"name\":\"Shop\",\"item\":\"http:\/\/tauroslovenia.eu\/en\/shop\/\"},{\"@type\":\"ListItem\",\"position\":3,\"name\":\"Nail clippers TAURO Pro Line, large, 16.5 x 4.5 x 1.5 cm\"}]},{\"@type\":\"WebSite\",\"@id\":\"https:\/\/tauroslovenia.eu\/en\/#website\",\"url\":\"https:\/\/tauroslovenia.eu\/en\/\",\"name\":\"Tauro Slovenia\",\"description\":\"\",\"publisher\":{\"@id\":\"https:\/\/tauroslovenia.eu\/en\/#organization\"},\"potentialAction\":[{\"@type\":\"SearchAction\",\"target\":{\"@type\":\"EntryPoint\",\"urlTemplate\":\"https:\/\/tauroslovenia.eu\/en\/?s={search_term_string}\"},\"query-input\":{\"@type\":\"PropertyValueSpecification\",\"valueRequired\":true,\"valueName\":\"search_term_string\"}}],\"inLanguage\":\"en-US\"},{\"@type\":\"Organization\",\"@id\":\"https:\/\/tauroslovenia.eu\/en\/#organization\",\"name\":\"KA&L SOLUTIONS d.o.o.\",\"url\":\"https:\/\/tauroslovenia.eu\/en\/\",\"logo\":{\"@type\":\"ImageObject\",\"inLanguage\":\"en-US\",\"@id\":\"https:\/\/tauroslovenia.eu\/en\/#\/schema\/logo\/image\/\",\"url\":\"http:\/\/tauroslovenia.eu\/wp-content\/uploads\/2023\/07\/logo-tauroproline-email.png\",\"contentUrl\":\"http:\/\/tauroslovenia.eu\/wp-content\/uploads\/2023\/07\/logo-tauroproline-email.png\",\"width\":157,\"height\":101,\"caption\":\"KA&L SOLUTIONS d.o.o.\"},\"image\":{\"@id\":\"https:\/\/tauroslovenia.eu\/en\/#\/schema\/logo\/image\/\"},\"sameAs\":[\"https:\/\/www.facebook.com\/tauroproline.slovenia\/\",\"https:\/\/www.instagram.com\/tauroproline_slovenia\/\"]}]}<\/script>\n<!-- \/ Yoast SEO plugin. -->","yoast_head_json":{"title":"Nail clippers TAURO Pro Line, large, 16.5 x 4.5 x 1.5 cm | Tauro Slovenia","robots":{"index":"index","follow":"follow","max-snippet":"max-snippet:-1","max-image-preview":"max-image-preview:large","max-video-preview":"max-video-preview:-1"},"canonical":"http:\/\/tauroslovenia.eu\/en\/product\/nail-clippers-tauro-pro-line-large-16-5-x-4-5-x-1-5-cm\/","og_locale":"en_US","og_type":"article","og_title":"Nail clippers TAURO Pro Line, large, 16.5 x 4.5 x 1.5 cm | Tauro Slovenia","og_description":"It is the duty of every owner to take care of their pet&amp;#039;s hygiene, and with the Tauro Pro Line Nail Scissors you can do it professionally and easily.","og_url":"http:\/\/tauroslovenia.eu\/en\/product\/nail-clippers-tauro-pro-line-large-16-5-x-4-5-x-1-5-cm\/","og_site_name":"Tauro Slovenia","article_publisher":"https:\/\/www.facebook.com\/tauroproline.slovenia\/","article_modified_time":"2024-10-25T13:14:13+00:00","og_image":[{"width":2560,"height":2560,"url":"https:\/\/tauroslovenia.eu\/wp-content\/uploads\/2023\/07\/TPLY63245-scaled.jpg","type":"image\/jpeg"}],"twitter_card":"summary_large_image","twitter_misc":{"Est. reading time":"1 minute"},"schema":{"@context":"https:\/\/schema.org","@graph":[{"@type":"WebPage","@id":"http:\/\/tauroslovenia.eu\/en\/product\/nail-clippers-tauro-pro-line-large-16-5-x-4-5-x-1-5-cm\/","url":"http:\/\/tauroslovenia.eu\/en\/product\/nail-clippers-tauro-pro-line-large-16-5-x-4-5-x-1-5-cm\/","name":"Nail clippers TAURO Pro Line, large, 16.5 x 4.5 x 1.5 cm | Tauro Slovenia","isPartOf":{"@id":"https:\/\/tauroslovenia.eu\/en\/#website"},"primaryImageOfPage":{"@id":"http:\/\/tauroslovenia.eu\/en\/product\/nail-clippers-tauro-pro-line-large-16-5-x-4-5-x-1-5-cm\/#primaryimage"},"image":{"@id":"http:\/\/tauroslovenia.eu\/en\/product\/nail-clippers-tauro-pro-line-large-16-5-x-4-5-x-1-5-cm\/#primaryimage"},"thumbnailUrl":"http:\/\/tauroslovenia.eu\/wp-content\/uploads\/2023\/07\/TPLY63245-scaled.jpg","datePublished":"2024-09-15T21:40:12+00:00","dateModified":"2024-10-25T13:14:13+00:00","breadcrumb":{"@id":"http:\/\/tauroslovenia.eu\/en\/product\/nail-clippers-tauro-pro-line-large-16-5-x-4-5-x-1-5-cm\/#breadcrumb"},"inLanguage":"en-US","potentialAction":[{"@type":"ReadAction","target":["http:\/\/tauroslovenia.eu\/en\/product\/nail-clippers-tauro-pro-line-large-16-5-x-4-5-x-1-5-cm\/"]}]},{"@type":"ImageObject","inLanguage":"en-US","@id":"http:\/\/tauroslovenia.eu\/en\/product\/nail-clippers-tauro-pro-line-large-16-5-x-4-5-x-1-5-cm\/#primaryimage","url":"http:\/\/tauroslovenia.eu\/wp-content\/uploads\/2023\/07\/TPLY63245-scaled.jpg","contentUrl":"http:\/\/tauroslovenia.eu\/wp-content\/uploads\/2023\/07\/TPLY63245-scaled.jpg","width":2560,"height":2560,"caption":"Nail clippers TAURO Pro Line"},{"@type":"BreadcrumbList","@id":"http:\/\/tauroslovenia.eu\/en\/product\/nail-clippers-tauro-pro-line-large-16-5-x-4-5-x-1-5-cm\/#breadcrumb","itemListElement":[{"@type":"ListItem","position":1,"name":"Domov","item":"https:\/\/tauroslovenia.eu\/en\/"},{"@type":"ListItem","position":2,"name":"Shop","item":"http:\/\/tauroslovenia.eu\/en\/shop\/"},{"@type":"ListItem","position":3,"name":"Nail clippers TAURO Pro Line, large, 16.5 x 4.5 x 1.5 cm"}]},{"@type":"WebSite","@id":"https:\/\/tauroslovenia.eu\/en\/#website","url":"https:\/\/tauroslovenia.eu\/en\/","name":"Tauro Slovenia","description":"","publisher":{"@id":"https:\/\/tauroslovenia.eu\/en\/#organization"},"potentialAction":[{"@type":"SearchAction","target":{"@type":"EntryPoint","urlTemplate":"https:\/\/tauroslovenia.eu\/en\/?s={search_term_string}"},"query-input":{"@type":"PropertyValueSpecification","valueRequired":true,"valueName":"search_term_string"}}],"inLanguage":"en-US"},{"@type":"Organization","@id":"https:\/\/tauroslovenia.eu\/en\/#organization","name":"KA&L SOLUTIONS d.o.o.","url":"https:\/\/tauroslovenia.eu\/en\/","logo":{"@type":"ImageObject","inLanguage":"en-US","@id":"https:\/\/tauroslovenia.eu\/en\/#\/schema\/logo\/image\/","url":"http:\/\/tauroslovenia.eu\/wp-content\/uploads\/2023\/07\/logo-tauroproline-email.png","contentUrl":"http:\/\/tauroslovenia.eu\/wp-content\/uploads\/2023\/07\/logo-tauroproline-email.png","width":157,"height":101,"caption":"KA&L SOLUTIONS d.o.o."},"image":{"@id":"https:\/\/tauroslovenia.eu\/en\/#\/schema\/logo\/image\/"},"sameAs":["https:\/\/www.facebook.com\/tauroproline.slovenia\/","https:\/\/www.instagram.com\/tauroproline_slovenia\/"]}]}},"brands":[{"id":264,"name":"TAURO","slug":"tauro"}],"_links":{"self":[{"href":"http:\/\/tauroslovenia.eu\/en\/wp-json\/wp\/v2\/product\/56116"}],"collection":[{"href":"http:\/\/tauroslovenia.eu\/en\/wp-json\/wp\/v2\/product"}],"about":[{"href":"http:\/\/tauroslovenia.eu\/en\/wp-json\/wp\/v2\/types\/product"}],"wp:featuredmedia":[{"embeddable":true,"href":"http:\/\/tauroslovenia.eu\/en\/wp-json\/wp\/v2\/media\/47757"}],"wp:attachment":[{"href":"http:\/\/tauroslovenia.eu\/en\/wp-json\/wp\/v2\/media?parent=56116"}],"wp:term":[{"taxonomy":"pwb-brand","embeddable":true,"href":"http:\/\/tauroslovenia.eu\/en\/wp-json\/wp\/v2\/pwb-brand?post=56116"},{"taxonomy":"product_cat","embeddable":true,"href":"http:\/\/tauroslovenia.eu\/en\/wp-json\/wp\/v2\/product_cat?post=56116"},{"taxonomy":"product_tag","embeddable":true,"href":"http:\/\/tauroslovenia.eu\/en\/wp-json\/wp\/v2\/product_tag?post=56116"}],"curies":[{"name":"wp","href":"https:\/\/api.w.org\/{rel}","templated":true}]}}