{"id":56120,"date":"2024-09-15T23:40:12","date_gmt":"2024-09-15T21:40:12","guid":{"rendered":"https:\/\/tauroslovenia.eu\/izdelek\/brush-for-pets-with-long-coat-tauro-pro-line-25-mm-teeth-wooden-27-x-10-x-2-cm\/"},"modified":"2024-10-25T15:15:52","modified_gmt":"2024-10-25T13:15:52","slug":"brush-for-pets-with-long-coat-tauro-pro-line-25-mm-teeth-wooden-27-x-10-x-2-cm","status":"publish","type":"product","link":"http:\/\/tauroslovenia.eu\/en\/product\/brush-for-pets-with-long-coat-tauro-pro-line-25-mm-teeth-wooden-27-x-10-x-2-cm\/","title":{"rendered":"Brush for pets with long coat TAURO Pro Line, 25 mm teeth, wooden, 27 x 10 x 2 cm"},"content":{"rendered":"<p>You can view the product in 360\u00b0 here <span><span class=\"fa mceNonEditable\">a<\/span><\/span> <a href=\"https:\/\/www.kika.lt\/files\/uploaded\/\u0161epe\u010di\u0173%20gif\/TPLY63247.gif\" target=\"_blank\" rel=\"noopener\"><img decoding=\"async\" src=\"https:\/\/www.kika.lt\/files\/uploaded\/\u0161epe\u010di\u0173 gif\/360laips ikona (5).png\" alt=\"\" width=\"55\" height=\"55\" \/><\/a><\/p>\n<p>The high-quality Tauro Pro Line brush is designed for dogs with long or very dense coats.<\/p>\n<p><strong>Special technology <\/strong><\/p>\n<p>The coat of short-haired dogs requires special care, which can be facilitated by this Tauro Pro Line brush. Designed specifically for dogs with long and dense coats, the brush has stronger teeth to prevent them from falling out, bending and losing their shape during combing.<\/p>\n<p><strong>Carefully crafted teeth <\/strong><\/p>\n<p>Each tooth in the brush is specially machined to avoid scratching the pet&#8217;s skin when combing the pet&#8217;s fur.<\/p>\n<p><strong>Antistatic <\/strong><\/p>\n<p>The special anti-static coating prevents the hair from building up electric charge, which makes combing the coat even easier and leaves it smooth and shiny.<\/p>\n<p><strong>For perfect coat care <\/strong><\/p>\n<p>This brush not only combs the pet&#8217;s fur, but also fluffs it up, easily removes the splattering dead hair and tangles in the fur.<\/p>\n<p><strong>Properties: <\/strong><\/p>\n<ul>\n<li>Dimensions: 27x10x2 cm.<\/li>\n<li>Tooth size &#8211; 20 mm.<\/li>\n<li>Colour: dark wood.<\/li>\n<li>Pad colour: grey.<\/li>\n<\/ul>\n<p><strong>Manufacturer: <\/strong>Tauro Pro Line.<\/p>\n","protected":false},"excerpt":{"rendered":"<p>The high-quality Tauro Pro Line brush is designed for dogs with long or very dense coats.<\/p>\n","protected":false},"featured_media":47761,"template":"","meta":{"_acf_changed":false},"pwb-brand":[264],"product_cat":[561],"product_tag":[],"class_list":{"0":"post-56120","1":"product","2":"type-product","3":"status-publish","4":"has-post-thumbnail","6":"pwb-brand-tauro","7":"product_cat-brush","9":"first","10":"instock","11":"taxable","12":"shipping-taxable","13":"purchasable","14":"product-type-simple"},"acf":[],"yoast_head":"<!-- This site is optimized with the Yoast SEO plugin v23.6 - https:\/\/yoast.com\/wordpress\/plugins\/seo\/ -->\n<title>Brush for pets with long coat TAURO Pro Line, 25 mm teeth, wooden, 27 x 10 x 2 cm | Tauro Slovenia<\/title>\n<meta name=\"robots\" content=\"index, follow, max-snippet:-1, max-image-preview:large, max-video-preview:-1\" \/>\n<link rel=\"canonical\" href=\"http:\/\/tauroslovenia.eu\/en\/product\/brush-for-pets-with-long-coat-tauro-pro-line-25-mm-teeth-wooden-27-x-10-x-2-cm\/\" \/>\n<meta property=\"og:locale\" content=\"en_US\" \/>\n<meta property=\"og:type\" content=\"article\" \/>\n<meta property=\"og:title\" content=\"Brush for pets with long coat TAURO Pro Line, 25 mm teeth, wooden, 27 x 10 x 2 cm | Tauro Slovenia\" \/>\n<meta property=\"og:description\" content=\"The high-quality Tauro Pro Line brush is designed for dogs with long or very dense coats.\" \/>\n<meta property=\"og:url\" content=\"http:\/\/tauroslovenia.eu\/en\/product\/brush-for-pets-with-long-coat-tauro-pro-line-25-mm-teeth-wooden-27-x-10-x-2-cm\/\" \/>\n<meta property=\"og:site_name\" content=\"Tauro Slovenia\" \/>\n<meta property=\"article:publisher\" content=\"https:\/\/www.facebook.com\/tauroproline.slovenia\/\" \/>\n<meta property=\"article:modified_time\" content=\"2024-10-25T13:15:52+00:00\" \/>\n<meta property=\"og:image\" content=\"http:\/\/tauroslovenia.eu\/wp-content\/uploads\/2023\/07\/TPLY63247-1024x1024.jpg\" \/>\n\t<meta property=\"og:image:width\" content=\"1024\" \/>\n\t<meta property=\"og:image:height\" content=\"1024\" \/>\n\t<meta property=\"og:image:type\" content=\"image\/png\" \/>\n<meta name=\"twitter:card\" content=\"summary_large_image\" \/>\n<meta name=\"twitter:label1\" content=\"Est. reading time\" \/>\n\t<meta name=\"twitter:data1\" content=\"1 minute\" \/>\n<script type=\"application\/ld+json\" class=\"yoast-schema-graph\">{\"@context\":\"https:\/\/schema.org\",\"@graph\":[{\"@type\":\"WebPage\",\"@id\":\"http:\/\/tauroslovenia.eu\/en\/product\/brush-for-pets-with-long-coat-tauro-pro-line-25-mm-teeth-wooden-27-x-10-x-2-cm\/\",\"url\":\"http:\/\/tauroslovenia.eu\/en\/product\/brush-for-pets-with-long-coat-tauro-pro-line-25-mm-teeth-wooden-27-x-10-x-2-cm\/\",\"name\":\"Brush for pets with long coat TAURO Pro Line, 25 mm teeth, wooden, 27 x 10 x 2 cm | Tauro Slovenia\",\"isPartOf\":{\"@id\":\"http:\/\/tauroslovenia.eu\/en\/#website\"},\"primaryImageOfPage\":{\"@id\":\"http:\/\/tauroslovenia.eu\/en\/product\/brush-for-pets-with-long-coat-tauro-pro-line-25-mm-teeth-wooden-27-x-10-x-2-cm\/#primaryimage\"},\"image\":{\"@id\":\"http:\/\/tauroslovenia.eu\/en\/product\/brush-for-pets-with-long-coat-tauro-pro-line-25-mm-teeth-wooden-27-x-10-x-2-cm\/#primaryimage\"},\"thumbnailUrl\":\"http:\/\/tauroslovenia.eu\/wp-content\/uploads\/2023\/07\/TPLY63247.jpg\",\"datePublished\":\"2024-09-15T21:40:12+00:00\",\"dateModified\":\"2024-10-25T13:15:52+00:00\",\"breadcrumb\":{\"@id\":\"http:\/\/tauroslovenia.eu\/en\/product\/brush-for-pets-with-long-coat-tauro-pro-line-25-mm-teeth-wooden-27-x-10-x-2-cm\/#breadcrumb\"},\"inLanguage\":\"en-US\",\"potentialAction\":[{\"@type\":\"ReadAction\",\"target\":[\"http:\/\/tauroslovenia.eu\/en\/product\/brush-for-pets-with-long-coat-tauro-pro-line-25-mm-teeth-wooden-27-x-10-x-2-cm\/\"]}]},{\"@type\":\"ImageObject\",\"inLanguage\":\"en-US\",\"@id\":\"http:\/\/tauroslovenia.eu\/en\/product\/brush-for-pets-with-long-coat-tauro-pro-line-25-mm-teeth-wooden-27-x-10-x-2-cm\/#primaryimage\",\"url\":\"http:\/\/tauroslovenia.eu\/wp-content\/uploads\/2023\/07\/TPLY63247.jpg\",\"contentUrl\":\"http:\/\/tauroslovenia.eu\/wp-content\/uploads\/2023\/07\/TPLY63247.jpg\",\"width\":4000,\"height\":4000,\"caption\":\"Brush for pets with long coat TAURO Pro Line\"},{\"@type\":\"BreadcrumbList\",\"@id\":\"http:\/\/tauroslovenia.eu\/en\/product\/brush-for-pets-with-long-coat-tauro-pro-line-25-mm-teeth-wooden-27-x-10-x-2-cm\/#breadcrumb\",\"itemListElement\":[{\"@type\":\"ListItem\",\"position\":1,\"name\":\"Domov\",\"item\":\"http:\/\/tauroslovenia.eu\/en\/\"},{\"@type\":\"ListItem\",\"position\":2,\"name\":\"Shop\",\"item\":\"https:\/\/tauroslovenia.eu\/en\/shop\/\"},{\"@type\":\"ListItem\",\"position\":3,\"name\":\"Brush for pets with long coat TAURO Pro Line, 25 mm teeth, wooden, 27 x 10 x 2 cm\"}]},{\"@type\":\"WebSite\",\"@id\":\"http:\/\/tauroslovenia.eu\/en\/#website\",\"url\":\"http:\/\/tauroslovenia.eu\/en\/\",\"name\":\"Tauro Slovenia\",\"description\":\"\",\"publisher\":{\"@id\":\"http:\/\/tauroslovenia.eu\/en\/#organization\"},\"potentialAction\":[{\"@type\":\"SearchAction\",\"target\":{\"@type\":\"EntryPoint\",\"urlTemplate\":\"http:\/\/tauroslovenia.eu\/en\/?s={search_term_string}\"},\"query-input\":{\"@type\":\"PropertyValueSpecification\",\"valueRequired\":true,\"valueName\":\"search_term_string\"}}],\"inLanguage\":\"en-US\"},{\"@type\":\"Organization\",\"@id\":\"http:\/\/tauroslovenia.eu\/en\/#organization\",\"name\":\"KA&L SOLUTIONS d.o.o.\",\"url\":\"http:\/\/tauroslovenia.eu\/en\/\",\"logo\":{\"@type\":\"ImageObject\",\"inLanguage\":\"en-US\",\"@id\":\"http:\/\/tauroslovenia.eu\/en\/#\/schema\/logo\/image\/\",\"url\":\"http:\/\/tauroslovenia.eu\/wp-content\/uploads\/2023\/07\/logo-tauroproline-email.png\",\"contentUrl\":\"http:\/\/tauroslovenia.eu\/wp-content\/uploads\/2023\/07\/logo-tauroproline-email.png\",\"width\":157,\"height\":101,\"caption\":\"KA&L SOLUTIONS d.o.o.\"},\"image\":{\"@id\":\"http:\/\/tauroslovenia.eu\/en\/#\/schema\/logo\/image\/\"},\"sameAs\":[\"https:\/\/www.facebook.com\/tauroproline.slovenia\/\",\"https:\/\/www.instagram.com\/tauroproline_slovenia\/\"]}]}<\/script>\n<!-- \/ Yoast SEO plugin. -->","yoast_head_json":{"title":"Brush for pets with long coat TAURO Pro Line, 25 mm teeth, wooden, 27 x 10 x 2 cm | Tauro Slovenia","robots":{"index":"index","follow":"follow","max-snippet":"max-snippet:-1","max-image-preview":"max-image-preview:large","max-video-preview":"max-video-preview:-1"},"canonical":"http:\/\/tauroslovenia.eu\/en\/product\/brush-for-pets-with-long-coat-tauro-pro-line-25-mm-teeth-wooden-27-x-10-x-2-cm\/","og_locale":"en_US","og_type":"article","og_title":"Brush for pets with long coat TAURO Pro Line, 25 mm teeth, wooden, 27 x 10 x 2 cm | Tauro Slovenia","og_description":"The high-quality Tauro Pro Line brush is designed for dogs with long or very dense coats.","og_url":"http:\/\/tauroslovenia.eu\/en\/product\/brush-for-pets-with-long-coat-tauro-pro-line-25-mm-teeth-wooden-27-x-10-x-2-cm\/","og_site_name":"Tauro Slovenia","article_publisher":"https:\/\/www.facebook.com\/tauroproline.slovenia\/","article_modified_time":"2024-10-25T13:15:52+00:00","og_image":[{"width":1024,"height":1024,"url":"http:\/\/tauroslovenia.eu\/wp-content\/uploads\/2023\/07\/TPLY63247-1024x1024.jpg","type":"image\/png"}],"twitter_card":"summary_large_image","twitter_misc":{"Est. reading time":"1 minute"},"schema":{"@context":"https:\/\/schema.org","@graph":[{"@type":"WebPage","@id":"http:\/\/tauroslovenia.eu\/en\/product\/brush-for-pets-with-long-coat-tauro-pro-line-25-mm-teeth-wooden-27-x-10-x-2-cm\/","url":"http:\/\/tauroslovenia.eu\/en\/product\/brush-for-pets-with-long-coat-tauro-pro-line-25-mm-teeth-wooden-27-x-10-x-2-cm\/","name":"Brush for pets with long coat TAURO Pro Line, 25 mm teeth, wooden, 27 x 10 x 2 cm | Tauro Slovenia","isPartOf":{"@id":"http:\/\/tauroslovenia.eu\/en\/#website"},"primaryImageOfPage":{"@id":"http:\/\/tauroslovenia.eu\/en\/product\/brush-for-pets-with-long-coat-tauro-pro-line-25-mm-teeth-wooden-27-x-10-x-2-cm\/#primaryimage"},"image":{"@id":"http:\/\/tauroslovenia.eu\/en\/product\/brush-for-pets-with-long-coat-tauro-pro-line-25-mm-teeth-wooden-27-x-10-x-2-cm\/#primaryimage"},"thumbnailUrl":"http:\/\/tauroslovenia.eu\/wp-content\/uploads\/2023\/07\/TPLY63247.jpg","datePublished":"2024-09-15T21:40:12+00:00","dateModified":"2024-10-25T13:15:52+00:00","breadcrumb":{"@id":"http:\/\/tauroslovenia.eu\/en\/product\/brush-for-pets-with-long-coat-tauro-pro-line-25-mm-teeth-wooden-27-x-10-x-2-cm\/#breadcrumb"},"inLanguage":"en-US","potentialAction":[{"@type":"ReadAction","target":["http:\/\/tauroslovenia.eu\/en\/product\/brush-for-pets-with-long-coat-tauro-pro-line-25-mm-teeth-wooden-27-x-10-x-2-cm\/"]}]},{"@type":"ImageObject","inLanguage":"en-US","@id":"http:\/\/tauroslovenia.eu\/en\/product\/brush-for-pets-with-long-coat-tauro-pro-line-25-mm-teeth-wooden-27-x-10-x-2-cm\/#primaryimage","url":"http:\/\/tauroslovenia.eu\/wp-content\/uploads\/2023\/07\/TPLY63247.jpg","contentUrl":"http:\/\/tauroslovenia.eu\/wp-content\/uploads\/2023\/07\/TPLY63247.jpg","width":4000,"height":4000,"caption":"Brush for pets with long coat TAURO Pro Line"},{"@type":"BreadcrumbList","@id":"http:\/\/tauroslovenia.eu\/en\/product\/brush-for-pets-with-long-coat-tauro-pro-line-25-mm-teeth-wooden-27-x-10-x-2-cm\/#breadcrumb","itemListElement":[{"@type":"ListItem","position":1,"name":"Domov","item":"http:\/\/tauroslovenia.eu\/en\/"},{"@type":"ListItem","position":2,"name":"Shop","item":"https:\/\/tauroslovenia.eu\/en\/shop\/"},{"@type":"ListItem","position":3,"name":"Brush for pets with long coat TAURO Pro Line, 25 mm teeth, wooden, 27 x 10 x 2 cm"}]},{"@type":"WebSite","@id":"http:\/\/tauroslovenia.eu\/en\/#website","url":"http:\/\/tauroslovenia.eu\/en\/","name":"Tauro Slovenia","description":"","publisher":{"@id":"http:\/\/tauroslovenia.eu\/en\/#organization"},"potentialAction":[{"@type":"SearchAction","target":{"@type":"EntryPoint","urlTemplate":"http:\/\/tauroslovenia.eu\/en\/?s={search_term_string}"},"query-input":{"@type":"PropertyValueSpecification","valueRequired":true,"valueName":"search_term_string"}}],"inLanguage":"en-US"},{"@type":"Organization","@id":"http:\/\/tauroslovenia.eu\/en\/#organization","name":"KA&L SOLUTIONS d.o.o.","url":"http:\/\/tauroslovenia.eu\/en\/","logo":{"@type":"ImageObject","inLanguage":"en-US","@id":"http:\/\/tauroslovenia.eu\/en\/#\/schema\/logo\/image\/","url":"http:\/\/tauroslovenia.eu\/wp-content\/uploads\/2023\/07\/logo-tauroproline-email.png","contentUrl":"http:\/\/tauroslovenia.eu\/wp-content\/uploads\/2023\/07\/logo-tauroproline-email.png","width":157,"height":101,"caption":"KA&L SOLUTIONS d.o.o."},"image":{"@id":"http:\/\/tauroslovenia.eu\/en\/#\/schema\/logo\/image\/"},"sameAs":["https:\/\/www.facebook.com\/tauroproline.slovenia\/","https:\/\/www.instagram.com\/tauroproline_slovenia\/"]}]}},"brands":[{"id":264,"name":"TAURO","slug":"tauro"}],"_links":{"self":[{"href":"http:\/\/tauroslovenia.eu\/en\/wp-json\/wp\/v2\/product\/56120"}],"collection":[{"href":"http:\/\/tauroslovenia.eu\/en\/wp-json\/wp\/v2\/product"}],"about":[{"href":"http:\/\/tauroslovenia.eu\/en\/wp-json\/wp\/v2\/types\/product"}],"wp:featuredmedia":[{"embeddable":true,"href":"http:\/\/tauroslovenia.eu\/en\/wp-json\/wp\/v2\/media\/47761"}],"wp:attachment":[{"href":"http:\/\/tauroslovenia.eu\/en\/wp-json\/wp\/v2\/media?parent=56120"}],"wp:term":[{"taxonomy":"pwb-brand","embeddable":true,"href":"http:\/\/tauroslovenia.eu\/en\/wp-json\/wp\/v2\/pwb-brand?post=56120"},{"taxonomy":"product_cat","embeddable":true,"href":"http:\/\/tauroslovenia.eu\/en\/wp-json\/wp\/v2\/product_cat?post=56120"},{"taxonomy":"product_tag","embeddable":true,"href":"http:\/\/tauroslovenia.eu\/en\/wp-json\/wp\/v2\/product_tag?post=56120"}],"curies":[{"name":"wp","href":"https:\/\/api.w.org\/{rel}","templated":true}]}}